{"id":59485,"date":"2024-06-12T07:02:47","date_gmt":"2024-06-12T07:02:47","guid":{"rendered":"https:\/\/euler.euclid.int\/relaciones-comunitarias\/"},"modified":"2024-06-12T07:02:47","modified_gmt":"2024-06-12T07:02:47","slug":"relaciones-comunitarias","status":"publish","type":"page","link":"https:\/\/euler.euclid.int\/es\/relaciones-comunitarias\/","title":{"rendered":"Relaciones Comunitarias"},"content":{"rendered":"<ul>\n<li>EULER reconoce su responsabilidad de contribuir a la comunidad, espec\u00edficamente al bienestar econ\u00f3mico y social de Curazao. EULER se ha comprometido a otorgar becas a residentes de Curazao y a desarrollar (y contratar) una fuerza laboral local. <\/li>\n<li>Una vez contratada esta fuerza laboral, se les alentar\u00e1 a apoyar los esfuerzos de desarrollo comunitario y a participar activamente con la comunidad.<\/li>\n<li>La informaci\u00f3n sobre EULER, no solo como instituci\u00f3n transnacional sino tambi\u00e9n como abanderada de Curazao y de los actores econ\u00f3micos locales, se difundir\u00e1 a la comunidad a trav\u00e9s de diversos medios p\u00fablicos y canales apropiados.<\/li>\n<li>EULER est\u00e1 comprometida a desarrollar y mantener una imagen y reputaci\u00f3n positivas, incluso a trav\u00e9s de este proceso de acreditaci\u00f3n\/garant\u00eda de calidad.<\/li>\n<li>En la medida de lo posible, incluso desde una perspectiva presupuestaria, EULER programar\u00e1 contribuciones comunitarias con el objetivo de abarcar servicios e iniciativas destinadas a ayudar a individuos, organizaciones o comunidades externas a la instituci\u00f3n. Se prev\u00e9 que EULER participar\u00e1 en proyectos locales de investigaci\u00f3n o desarrollo y ofrecer\u00e1 programas breves de educaci\u00f3n comunitaria en l\u00ednea sin costo, adem\u00e1s de las becas completas ya anunciadas para funcionarios p\u00fablicos seleccionados de Curazao. <\/li>\n<\/ul>\n<ol>\n<li>Declaraci\u00f3n Institucional y Pol\u00edticas sobre Relaciones Comunitarias: EULER valora profundamente la relaci\u00f3n simbi\u00f3tica entre nuestra comunidad acad\u00e9mica y el \u00e1rea local. Reconociendo los beneficios mutuos derivados de una asociaci\u00f3n s\u00f3lida y solidaria, nos comprometemos a fomentar un compromiso significativo con organizaciones locales, empresas y residentes. Nuestras iniciativas abarcan desde proyectos de servicio comunitario y programas de desarrollo econ\u00f3mico local hasta actividades de divulgaci\u00f3n educativa que tienen como objetivo enriquecer tanto las experiencias de aprendizaje de nuestros estudiantes como el bienestar de nuestra comunidad circundante. A trav\u00e9s de la colaboraci\u00f3n y el di\u00e1logo abierto, nos esforzamos por ser un catalizador para el cambio positivo, contribuyendo a la vitalidad social, econ\u00f3mica y cultural de nuestra \u00e1rea, reforzando as\u00ed un sentido de prop\u00f3sito compartido y respeto mutuo entre la universidad y nuestros socios comunitarios.   <\/li>\n<li>Interacciones con la Comunidad:\n<ul>\n<li>Becas especiales para funcionarios p\u00fablicos de Curazao.<\/li>\n<li>Becas especiales para residentes permanentes de Curazao.<\/li>\n<li>Intenci\u00f3n activa de formar a residentes permanentes de Curazao para convertirse en miembros del cuerpo docente de EULER.<\/li>\n<li>Intenci\u00f3n de apoyar eventos espec\u00edficos en Curazao.<\/li>\n<\/ul>\n<\/li>\n<li>La Reputaci\u00f3n Institucional es cr\u00edtica para cualquier instituci\u00f3n de educaci\u00f3n superior. EULER est\u00e1 comprometida a mantener el m\u00e1s alto nivel de reputaci\u00f3n institucional mediante:\n<ul>\n<li>Mantener un equipo de liderazgo (y cuerpo docente) altamente confiable y cre\u00edble.<\/li>\n<li>Lograr la acreditaci\u00f3n AAC (y otras etiquetas de acreditaci\u00f3n seg\u00fan sea financieramente viable).<\/li>\n<li>Publicar art\u00edculos acad\u00e9micos y de investigaci\u00f3n de alta calidad bajo el nombre y logotipo de EULER.<\/li>\n<li>Desarrollar una red de alumnos altamente capaces.<\/li>\n<\/ul>\n<\/li>\n<\/ol>\n","protected":false},"excerpt":{"rendered":"<p>EULER reconoce su responsabilidad de contribuir a la comunidad, espec\u00edficamente al bienestar econ\u00f3mico y social de Curazao. EULER se ha comprometido a otorgar becas a residentes de Curazao y a desarrollar (y contratar) una fuerza laboral local. Una vez contratada esta fuerza laboral, se les alentar\u00e1 a apoyar los esfuerzos de desarrollo comunitario y a [&hellip;]<\/p>\n","protected":false},"author":1,"featured_media":0,"parent":0,"menu_order":0,"comment_status":"closed","ping_status":"closed","template":"","meta":{"footnotes":""},"class_list":["post-59485","page","type-page","status-publish","hentry"],"yoast_head":"<!-- This site is optimized with the Yoast SEO plugin v27.3 - https:\/\/yoast.com\/product\/yoast-seo-wordpress\/ -->\n<title>Relaciones Comunitarias - EFMU: The Euler-Franeker Memorial University and Institute<\/title>\n<meta name=\"robots\" content=\"index, follow, max-snippet:-1, max-image-preview:large, max-video-preview:-1\" \/>\n<link rel=\"canonical\" href=\"https:\/\/euler.euclid.int\/relaciones-comunitarias\/\" \/>\n<meta property=\"og:locale\" content=\"es_ES\" \/>\n<meta property=\"og:type\" content=\"article\" \/>\n<meta property=\"og:title\" content=\"Relaciones Comunitarias - EFMU: The Euler-Franeker Memorial University and Institute\" \/>\n<meta property=\"og:description\" content=\"EULER reconoce su responsabilidad de contribuir a la comunidad, espec\u00edficamente al bienestar econ\u00f3mico y social de Curazao. EULER se ha comprometido a otorgar becas a residentes de Curazao y a desarrollar (y contratar) una fuerza laboral local. Una vez contratada esta fuerza laboral, se les alentar\u00e1 a apoyar los esfuerzos de desarrollo comunitario y a [&hellip;]\" \/>\n<meta property=\"og:url\" content=\"https:\/\/euler.euclid.int\/relaciones-comunitarias\/\" \/>\n<meta property=\"og:site_name\" content=\"EFMU: The Euler-Franeker Memorial University and Institute\" \/>\n<meta name=\"twitter:card\" content=\"summary_large_image\" \/>\n<meta name=\"twitter:label1\" content=\"Tiempo de lectura\" \/>\n\t<meta name=\"twitter:data1\" content=\"2 minutos\" \/>\n<script type=\"application\/ld+json\" class=\"yoast-schema-graph\">{\"@context\":\"https:\\\/\\\/schema.org\",\"@graph\":[{\"@type\":\"WebPage\",\"@id\":\"https:\\\/\\\/euler.euclid.int\\\/relaciones-comunitarias\\\/\",\"url\":\"https:\\\/\\\/euler.euclid.int\\\/relaciones-comunitarias\\\/\",\"name\":\"Relaciones Comunitarias - EFMU: The Euler-Franeker Memorial University and Institute\",\"isPartOf\":{\"@id\":\"https:\\\/\\\/euler.euclid.int\\\/#website\"},\"datePublished\":\"2024-06-12T07:02:47+00:00\",\"breadcrumb\":{\"@id\":\"https:\\\/\\\/euler.euclid.int\\\/relaciones-comunitarias\\\/#breadcrumb\"},\"inLanguage\":\"es\",\"potentialAction\":[{\"@type\":\"ReadAction\",\"target\":[\"https:\\\/\\\/euler.euclid.int\\\/relaciones-comunitarias\\\/\"]}]},{\"@type\":\"BreadcrumbList\",\"@id\":\"https:\\\/\\\/euler.euclid.int\\\/relaciones-comunitarias\\\/#breadcrumb\",\"itemListElement\":[{\"@type\":\"ListItem\",\"position\":1,\"name\":\"Home\",\"item\":\"https:\\\/\\\/euler.euclid.int\\\/\"},{\"@type\":\"ListItem\",\"position\":2,\"name\":\"Relaciones Comunitarias\"}]},{\"@type\":\"WebSite\",\"@id\":\"https:\\\/\\\/euler.euclid.int\\\/#website\",\"url\":\"https:\\\/\\\/euler.euclid.int\\\/\",\"name\":\"EFMU: The Euler-Franeker Memorial University and Institute\",\"description\":\"Academic and Research Excellence inspired by the Legacy of L. Euler and the University of Franeker\",\"potentialAction\":[{\"@type\":\"SearchAction\",\"target\":{\"@type\":\"EntryPoint\",\"urlTemplate\":\"https:\\\/\\\/euler.euclid.int\\\/?s={search_term_string}\"},\"query-input\":{\"@type\":\"PropertyValueSpecification\",\"valueRequired\":true,\"valueName\":\"search_term_string\"}}],\"inLanguage\":\"es\"}]}<\/script>\n<!-- \/ Yoast SEO plugin. -->","yoast_head_json":{"title":"Relaciones Comunitarias - EFMU: The Euler-Franeker Memorial University and Institute","robots":{"index":"index","follow":"follow","max-snippet":"max-snippet:-1","max-image-preview":"max-image-preview:large","max-video-preview":"max-video-preview:-1"},"canonical":"https:\/\/euler.euclid.int\/relaciones-comunitarias\/","og_locale":"es_ES","og_type":"article","og_title":"Relaciones Comunitarias - EFMU: The Euler-Franeker Memorial University and Institute","og_description":"EULER reconoce su responsabilidad de contribuir a la comunidad, espec\u00edficamente al bienestar econ\u00f3mico y social de Curazao. EULER se ha comprometido a otorgar becas a residentes de Curazao y a desarrollar (y contratar) una fuerza laboral local. Una vez contratada esta fuerza laboral, se les alentar\u00e1 a apoyar los esfuerzos de desarrollo comunitario y a [&hellip;]","og_url":"https:\/\/euler.euclid.int\/relaciones-comunitarias\/","og_site_name":"EFMU: The Euler-Franeker Memorial University and Institute","twitter_card":"summary_large_image","twitter_misc":{"Tiempo de lectura":"2 minutos"},"schema":{"@context":"https:\/\/schema.org","@graph":[{"@type":"WebPage","@id":"https:\/\/euler.euclid.int\/relaciones-comunitarias\/","url":"https:\/\/euler.euclid.int\/relaciones-comunitarias\/","name":"Relaciones Comunitarias - EFMU: The Euler-Franeker Memorial University and Institute","isPartOf":{"@id":"https:\/\/euler.euclid.int\/#website"},"datePublished":"2024-06-12T07:02:47+00:00","breadcrumb":{"@id":"https:\/\/euler.euclid.int\/relaciones-comunitarias\/#breadcrumb"},"inLanguage":"es","potentialAction":[{"@type":"ReadAction","target":["https:\/\/euler.euclid.int\/relaciones-comunitarias\/"]}]},{"@type":"BreadcrumbList","@id":"https:\/\/euler.euclid.int\/relaciones-comunitarias\/#breadcrumb","itemListElement":[{"@type":"ListItem","position":1,"name":"Home","item":"https:\/\/euler.euclid.int\/"},{"@type":"ListItem","position":2,"name":"Relaciones Comunitarias"}]},{"@type":"WebSite","@id":"https:\/\/euler.euclid.int\/#website","url":"https:\/\/euler.euclid.int\/","name":"EFMU: The Euler-Franeker Memorial University and Institute","description":"Academic and Research Excellence inspired by the Legacy of L. Euler and the University of Franeker","potentialAction":[{"@type":"SearchAction","target":{"@type":"EntryPoint","urlTemplate":"https:\/\/euler.euclid.int\/?s={search_term_string}"},"query-input":{"@type":"PropertyValueSpecification","valueRequired":true,"valueName":"search_term_string"}}],"inLanguage":"es"}]}},"_links":{"self":[{"href":"https:\/\/euler.euclid.int\/es\/wp-json\/wp\/v2\/pages\/59485","targetHints":{"allow":["GET"]}}],"collection":[{"href":"https:\/\/euler.euclid.int\/es\/wp-json\/wp\/v2\/pages"}],"about":[{"href":"https:\/\/euler.euclid.int\/es\/wp-json\/wp\/v2\/types\/page"}],"author":[{"embeddable":true,"href":"https:\/\/euler.euclid.int\/es\/wp-json\/wp\/v2\/users\/1"}],"replies":[{"embeddable":true,"href":"https:\/\/euler.euclid.int\/es\/wp-json\/wp\/v2\/comments?post=59485"}],"version-history":[{"count":0,"href":"https:\/\/euler.euclid.int\/es\/wp-json\/wp\/v2\/pages\/59485\/revisions"}],"wp:attachment":[{"href":"https:\/\/euler.euclid.int\/es\/wp-json\/wp\/v2\/media?parent=59485"}],"curies":[{"name":"wp","href":"https:\/\/api.w.org\/{rel}","templated":true}]}}