{"id":59590,"date":"2022-12-30T23:22:10","date_gmt":"2022-12-30T23:22:10","guid":{"rendered":"https:\/\/euler.euclid.int\/noticias-articulos\/"},"modified":"2022-12-30T23:22:10","modified_gmt":"2022-12-30T23:22:10","slug":"noticias-articulos","status":"publish","type":"page","link":"https:\/\/euler.euclid.int\/es\/noticias-articulos\/","title":{"rendered":"Noticias + Art\u00edculos"},"content":{"rendered":"\t\t<div data-elementor-type=\"wp-page\" data-elementor-id=\"59590\" class=\"elementor elementor-59590 elementor-54080\" data-elementor-post-type=\"page\">\n\t\t\t\t\t\t<section data-particle_enable=\"false\" data-particle-mobile-disabled=\"false\" class=\"elementor-section elementor-top-section elementor-element elementor-element-86055e8 elementor-section-boxed elementor-section-height-default elementor-section-height-default\" data-id=\"86055e8\" data-element_type=\"section\" data-e-type=\"section\">\n\t\t\t\t\t\t<div class=\"elementor-container elementor-column-gap-default\">\n\t\t\t\t\t<div class=\"elementor-column elementor-col-100 elementor-top-column elementor-element elementor-element-255770f\" data-id=\"255770f\" data-element_type=\"column\" data-e-type=\"column\">\n\t\t\t<div class=\"elementor-widget-wrap elementor-element-populated\">\n\t\t\t\t\t\t<div class=\"elementor-element elementor-element-2065416 elementor-grid-1 elementor-grid-tablet-2 elementor-grid-mobile-1 elementor-posts--thumbnail-top elementor-posts--show-avatar elementor-card-shadow-yes elementor-posts__hover-gradient elementor-widget elementor-widget-posts\" data-id=\"2065416\" data-element_type=\"widget\" data-e-type=\"widget\" data-settings=\"{&quot;cards_columns&quot;:&quot;1&quot;,&quot;cards_columns_tablet&quot;:&quot;2&quot;,&quot;cards_columns_mobile&quot;:&quot;1&quot;,&quot;cards_row_gap&quot;:{&quot;unit&quot;:&quot;px&quot;,&quot;size&quot;:35,&quot;sizes&quot;:[]},&quot;cards_row_gap_tablet&quot;:{&quot;unit&quot;:&quot;px&quot;,&quot;size&quot;:&quot;&quot;,&quot;sizes&quot;:[]},&quot;cards_row_gap_mobile&quot;:{&quot;unit&quot;:&quot;px&quot;,&quot;size&quot;:&quot;&quot;,&quot;sizes&quot;:[]}}\" data-widget_type=\"posts.cards\">\n\t\t\t\t<div class=\"elementor-widget-container\">\n\t\t\t\t\t\t\t<div class=\"elementor-posts-container elementor-posts elementor-posts--skin-cards elementor-grid\" role=\"list\">\n\t\t\t\t<article class=\"elementor-post elementor-grid-item post-59344 post type-post status-publish format-standard has-post-thumbnail hentry category-noticias category-sin-categoria\" role=\"listitem\">\n\t\t\t<div class=\"elementor-post__card\">\n\t\t\t\t<a class=\"elementor-post__thumbnail__link\" href=\"https:\/\/euler.euclid.int\/es\/es-siempre-obligatoria-una-tesis-en-un-programa-de-maestria\/\" tabindex=\"-1\" ><div class=\"elementor-post__thumbnail\"><img fetchpriority=\"high\" decoding=\"async\" width=\"1600\" height=\"1067\" src=\"https:\/\/euler.euclid.int\/wp-content\/uploads\/2025\/04\/WhatsApp-Image-2023-12-01-at-22.44.14_9cdbbe6f.jpg\" class=\"attachment-full size-full wp-image-59260\" alt=\"\" srcset=\"https:\/\/euler.euclid.int\/wp-content\/uploads\/2025\/04\/WhatsApp-Image-2023-12-01-at-22.44.14_9cdbbe6f.jpg 1600w, https:\/\/euler.euclid.int\/wp-content\/uploads\/2025\/04\/WhatsApp-Image-2023-12-01-at-22.44.14_9cdbbe6f-300x200.jpg 300w, https:\/\/euler.euclid.int\/wp-content\/uploads\/2025\/04\/WhatsApp-Image-2023-12-01-at-22.44.14_9cdbbe6f-1024x683.jpg 1024w, https:\/\/euler.euclid.int\/wp-content\/uploads\/2025\/04\/WhatsApp-Image-2023-12-01-at-22.44.14_9cdbbe6f-768x512.jpg 768w, https:\/\/euler.euclid.int\/wp-content\/uploads\/2025\/04\/WhatsApp-Image-2023-12-01-at-22.44.14_9cdbbe6f-1536x1024.jpg 1536w\" sizes=\"(max-width: 1600px) 100vw, 1600px\" \/><\/div><\/a>\n\t\t\t\t<div class=\"elementor-post__badge\">Noticias<\/div>\n\t\t\t\t<div class=\"elementor-post__avatar\">\n\t\t\t<img alt='EULER University Institute' src='https:\/\/euler.euclid.int\/wp-content\/uploads\/2020\/01\/cropped-euler-square-logo-200-128x128.jpg' srcset='https:\/\/euler.euclid.int\/wp-content\/uploads\/2020\/01\/cropped-euler-square-logo-200.jpg 2x' class='avatar avatar-128 photo' height='128' width='128' \/>\t\t<\/div>\n\t\t\t\t<div class=\"elementor-post__text\">\n\t\t\t\t<h3 class=\"elementor-post__title\">\n\t\t\t<a href=\"https:\/\/euler.euclid.int\/es\/es-siempre-obligatoria-una-tesis-en-un-programa-de-maestria\/\" >\n\t\t\t\t\u00bfEs siempre obligatoria la tesis en un programa de m\u00e1ster?\t\t\t<\/a>\n\t\t<\/h3>\n\t\t\t\t<div class=\"elementor-post__excerpt\">\n\t\t\t<p>El requisito de una tesis en los programas de maestr\u00eda en universidades a nivel mundial var\u00eda ampliamente seg\u00fan la instituci\u00f3n, el tipo de programa y<\/p>\n\t\t<\/div>\n\t\t\t\t<\/div>\n\t\t\t\t\t<\/div>\n\t\t<\/article>\n\t\t\t\t<article class=\"elementor-post elementor-grid-item post-59353 post type-post status-publish format-standard hentry category-sin-categoria\" role=\"listitem\">\n\t\t\t<div class=\"elementor-post__card\">\n\t\t\t\t<div class=\"elementor-post__text\">\n\t\t\t\t<h3 class=\"elementor-post__title\">\n\t\t\t<a href=\"https:\/\/euler.euclid.int\/es\/politica-publica-sobre-no-discriminacion-e-inclusion\/\" >\n\t\t\t\tPol\u00edtica p\u00fablica sobre no discriminaci\u00f3n e inclusi\u00f3n\t\t\t<\/a>\n\t\t<\/h3>\n\t\t\t\t<div class=\"elementor-post__excerpt\">\n\t\t\t<p>1. Introducci\u00f3nLa Universidad EULER se compromete a proporcionar un entorno inclusivo, equitativo y respetuoso para todas las personas asociadas a la instituci\u00f3n, incluyendo el liderazgo,<\/p>\n\t\t<\/div>\n\t\t\t\t<\/div>\n\t\t\t\t\t<\/div>\n\t\t<\/article>\n\t\t\t\t<article class=\"elementor-post elementor-grid-item post-59335 post type-post status-publish format-standard has-post-thumbnail hentry category-blog-es category-ia-inteligencia-artificial category-noticias\" role=\"listitem\">\n\t\t\t<div class=\"elementor-post__card\">\n\t\t\t\t<a class=\"elementor-post__thumbnail__link\" href=\"https:\/\/euler.euclid.int\/es\/como-esta-afectando-la-ia-el-trabajo-de-los-profesores-universitarios-en-terminos-de-evaluacion-y-calificacion-de-trabajos-academicos\/\" tabindex=\"-1\" ><div class=\"elementor-post__thumbnail\"><img decoding=\"async\" width=\"1328\" height=\"860\" src=\"https:\/\/euler.euclid.int\/wp-content\/uploads\/2024\/05\/how-is-ai-affecting-the-work-of-university-professors-in-terms-of-assessing-and-grading-academic-papers-image.jpeg\" class=\"attachment-full size-full wp-image-59224\" alt=\"\" srcset=\"https:\/\/euler.euclid.int\/wp-content\/uploads\/2024\/05\/how-is-ai-affecting-the-work-of-university-professors-in-terms-of-assessing-and-grading-academic-papers-image.jpeg 1328w, https:\/\/euler.euclid.int\/wp-content\/uploads\/2024\/05\/how-is-ai-affecting-the-work-of-university-professors-in-terms-of-assessing-and-grading-academic-papers-image-300x194.jpeg 300w, https:\/\/euler.euclid.int\/wp-content\/uploads\/2024\/05\/how-is-ai-affecting-the-work-of-university-professors-in-terms-of-assessing-and-grading-academic-papers-image-1024x663.jpeg 1024w, https:\/\/euler.euclid.int\/wp-content\/uploads\/2024\/05\/how-is-ai-affecting-the-work-of-university-professors-in-terms-of-assessing-and-grading-academic-papers-image-768x497.jpeg 768w\" sizes=\"(max-width: 1328px) 100vw, 1328px\" \/><\/div><\/a>\n\t\t\t\t<div class=\"elementor-post__badge\">Blog<\/div>\n\t\t\t\t<div class=\"elementor-post__avatar\">\n\t\t\t<img alt='EULER University Institute' src='https:\/\/euler.euclid.int\/wp-content\/uploads\/2020\/01\/cropped-euler-square-logo-200-128x128.jpg' srcset='https:\/\/euler.euclid.int\/wp-content\/uploads\/2020\/01\/cropped-euler-square-logo-200.jpg 2x' class='avatar avatar-128 photo' height='128' width='128' \/>\t\t<\/div>\n\t\t\t\t<div class=\"elementor-post__text\">\n\t\t\t\t<h3 class=\"elementor-post__title\">\n\t\t\t<a href=\"https:\/\/euler.euclid.int\/es\/como-esta-afectando-la-ia-el-trabajo-de-los-profesores-universitarios-en-terminos-de-evaluacion-y-calificacion-de-trabajos-academicos\/\" >\n\t\t\t\t\u00bfC\u00f3mo est\u00e1 afectando la IA el trabajo de los profesores universitarios en t\u00e9rminos de evaluaci\u00f3n y calificaci\u00f3n de trabajos acad\u00e9micos?\t\t\t<\/a>\n\t\t<\/h3>\n\t\t\t\t<div class=\"elementor-post__excerpt\">\n\t\t\t<p>Introducci\u00f3n La Inteligencia Artificial (IA) ha revolucionado diversos aspectos de nuestras vidas, y el \u00e1mbito acad\u00e9mico no es una excepci\u00f3n. Desde la simplificaci\u00f3n de tareas<\/p>\n\t\t<\/div>\n\t\t\t\t<\/div>\n\t\t\t\t\t<\/div>\n\t\t<\/article>\n\t\t\t\t<article class=\"elementor-post elementor-grid-item post-59647 post type-post status-publish format-standard has-post-thumbnail hentry category-blog-es category-investigacion category-noticias category-politicas tag-campus-green-es tag-sostenibilidad\" role=\"listitem\">\n\t\t\t<div class=\"elementor-post__card\">\n\t\t\t\t<a class=\"elementor-post__thumbnail__link\" href=\"https:\/\/euler.euclid.int\/es\/ecologizacion-del-campus-practicas-sostenibles-y-colaboraciones-en-investigacion\/\" tabindex=\"-1\" ><div class=\"elementor-post__thumbnail\"><img decoding=\"async\" width=\"798\" height=\"1200\" src=\"https:\/\/euler.euclid.int\/wp-content\/uploads\/2024\/02\/tree-architecture-mansion-house-window-building-55193-pxhere.com_.jpg\" class=\"attachment-full size-full wp-image-59215\" alt=\"\" srcset=\"https:\/\/euler.euclid.int\/wp-content\/uploads\/2024\/02\/tree-architecture-mansion-house-window-building-55193-pxhere.com_.jpg 798w, https:\/\/euler.euclid.int\/wp-content\/uploads\/2024\/02\/tree-architecture-mansion-house-window-building-55193-pxhere.com_-200x300.jpg 200w, https:\/\/euler.euclid.int\/wp-content\/uploads\/2024\/02\/tree-architecture-mansion-house-window-building-55193-pxhere.com_-681x1024.jpg 681w, https:\/\/euler.euclid.int\/wp-content\/uploads\/2024\/02\/tree-architecture-mansion-house-window-building-55193-pxhere.com_-768x1155.jpg 768w\" sizes=\"(max-width: 798px) 100vw, 798px\" \/><\/div><\/a>\n\t\t\t\t<div class=\"elementor-post__badge\">Blog<\/div>\n\t\t\t\t<div class=\"elementor-post__avatar\">\n\t\t\t<img alt='EULER University Institute' src='https:\/\/euler.euclid.int\/wp-content\/uploads\/2020\/01\/cropped-euler-square-logo-200-128x128.jpg' srcset='https:\/\/euler.euclid.int\/wp-content\/uploads\/2020\/01\/cropped-euler-square-logo-200.jpg 2x' class='avatar avatar-128 photo' height='128' width='128' \/>\t\t<\/div>\n\t\t\t\t<div class=\"elementor-post__text\">\n\t\t\t\t<h3 class=\"elementor-post__title\">\n\t\t\t<a href=\"https:\/\/euler.euclid.int\/es\/ecologizacion-del-campus-practicas-sostenibles-y-colaboraciones-en-investigacion\/\" >\n\t\t\t\tEcologizaci\u00f3n del Campus: Pr\u00e1cticas Sostenibles y Colaboraciones en Investigaci\u00f3n\t\t\t<\/a>\n\t\t<\/h3>\n\t\t\t\t<div class=\"elementor-post__excerpt\">\n\t\t\t<p>Introducci\u00f3n: Por qu\u00e9 las Pr\u00e1cticas Sostenibles son Importantes en el Campus En el mundo en r\u00e1pida evoluci\u00f3n actual, la necesidad de pr\u00e1cticas sostenibles se ha<\/p>\n\t\t<\/div>\n\t\t\t\t<\/div>\n\t\t\t\t\t<\/div>\n\t\t<\/article>\n\t\t\t\t<article class=\"elementor-post elementor-grid-item post-59566 post type-post status-publish format-standard has-post-thumbnail hentry category-articulo category-blog-es category-noticias tag-ingenieria tag-legos-es tag-universidad\" role=\"listitem\">\n\t\t\t<div class=\"elementor-post__card\">\n\t\t\t\t<a class=\"elementor-post__thumbnail__link\" href=\"https:\/\/euler.euclid.int\/es\/el-uso-de-legos-como-medio-para-formar-a-futuros-ingenieros\/\" tabindex=\"-1\" ><div class=\"elementor-post__thumbnail\"><img loading=\"lazy\" decoding=\"async\" width=\"1920\" height=\"1440\" src=\"https:\/\/euler.euclid.int\/wp-content\/uploads\/2023\/08\/construction-vehicle-toy-theme-park-miniature-sculpture-1020419-pxhere.com_.jpg\" class=\"attachment-full size-full wp-image-58504\" alt=\"\" srcset=\"https:\/\/euler.euclid.int\/wp-content\/uploads\/2023\/08\/construction-vehicle-toy-theme-park-miniature-sculpture-1020419-pxhere.com_.jpg 1920w, https:\/\/euler.euclid.int\/wp-content\/uploads\/2023\/08\/construction-vehicle-toy-theme-park-miniature-sculpture-1020419-pxhere.com_-300x225.jpg 300w, https:\/\/euler.euclid.int\/wp-content\/uploads\/2023\/08\/construction-vehicle-toy-theme-park-miniature-sculpture-1020419-pxhere.com_-1024x768.jpg 1024w, https:\/\/euler.euclid.int\/wp-content\/uploads\/2023\/08\/construction-vehicle-toy-theme-park-miniature-sculpture-1020419-pxhere.com_-768x576.jpg 768w, https:\/\/euler.euclid.int\/wp-content\/uploads\/2023\/08\/construction-vehicle-toy-theme-park-miniature-sculpture-1020419-pxhere.com_-1536x1152.jpg 1536w\" sizes=\"(max-width: 1920px) 100vw, 1920px\" \/><\/div><\/a>\n\t\t\t\t<div class=\"elementor-post__badge\">Art\u00edculo<\/div>\n\t\t\t\t<div class=\"elementor-post__avatar\">\n\t\t\t<img alt='EULER University Institute' src='https:\/\/euler.euclid.int\/wp-content\/uploads\/2020\/01\/cropped-euler-square-logo-200-128x128.jpg' srcset='https:\/\/euler.euclid.int\/wp-content\/uploads\/2020\/01\/cropped-euler-square-logo-200.jpg 2x' class='avatar avatar-128 photo' height='128' width='128' \/>\t\t<\/div>\n\t\t\t\t<div class=\"elementor-post__text\">\n\t\t\t\t<h3 class=\"elementor-post__title\">\n\t\t\t<a href=\"https:\/\/euler.euclid.int\/es\/el-uso-de-legos-como-medio-para-formar-a-futuros-ingenieros\/\" >\n\t\t\t\tEl uso de Legos como medio para formar a futuros ingenieros\t\t\t<\/a>\n\t\t<\/h3>\n\t\t\t\t<div class=\"elementor-post__excerpt\">\n\t\t\t[ai_post_generator_toc] Bienvenidos a nuestra gu\u00eda exhaustiva sobre el uso de Legos como medio para formar a futuros ingenieros. En este art\u00edculo, exploraremos los numerosos beneficios<\/p>\n\t\t<\/div>\n\t\t\t\t<\/div>\n\t\t\t\t\t<\/div>\n\t\t<\/article>\n\t\t\t\t<article class=\"elementor-post elementor-grid-item post-59575 post type-post status-publish format-standard has-post-thumbnail hentry category-articulo category-blog-es category-noticias\" role=\"listitem\">\n\t\t\t<div class=\"elementor-post__card\">\n\t\t\t\t<a class=\"elementor-post__thumbnail__link\" href=\"https:\/\/euler.euclid.int\/es\/universidades-en-los-paises-bajos-siglos-de-liderazgo-global\/\" tabindex=\"-1\" ><div class=\"elementor-post__thumbnail\"><img loading=\"lazy\" decoding=\"async\" width=\"4032\" height=\"3024\" src=\"https:\/\/euler.euclid.int\/wp-content\/uploads\/2023\/08\/Campus_Den_Haag_Universiteit_Leiden_01.jpg\" class=\"attachment-full size-full wp-image-58495\" alt=\"\" srcset=\"https:\/\/euler.euclid.int\/wp-content\/uploads\/2023\/08\/Campus_Den_Haag_Universiteit_Leiden_01.jpg 4032w, https:\/\/euler.euclid.int\/wp-content\/uploads\/2023\/08\/Campus_Den_Haag_Universiteit_Leiden_01-300x225.jpg 300w, https:\/\/euler.euclid.int\/wp-content\/uploads\/2023\/08\/Campus_Den_Haag_Universiteit_Leiden_01-1024x768.jpg 1024w, https:\/\/euler.euclid.int\/wp-content\/uploads\/2023\/08\/Campus_Den_Haag_Universiteit_Leiden_01-768x576.jpg 768w, https:\/\/euler.euclid.int\/wp-content\/uploads\/2023\/08\/Campus_Den_Haag_Universiteit_Leiden_01-1536x1152.jpg 1536w, https:\/\/euler.euclid.int\/wp-content\/uploads\/2023\/08\/Campus_Den_Haag_Universiteit_Leiden_01-2048x1536.jpg 2048w\" sizes=\"(max-width: 4032px) 100vw, 4032px\" \/><\/div><\/a>\n\t\t\t\t<div class=\"elementor-post__badge\">Art\u00edculo<\/div>\n\t\t\t\t<div class=\"elementor-post__avatar\">\n\t\t\t<img alt='EULER University Institute' src='https:\/\/euler.euclid.int\/wp-content\/uploads\/2020\/01\/cropped-euler-square-logo-200-128x128.jpg' srcset='https:\/\/euler.euclid.int\/wp-content\/uploads\/2020\/01\/cropped-euler-square-logo-200.jpg 2x' class='avatar avatar-128 photo' height='128' width='128' \/>\t\t<\/div>\n\t\t\t\t<div class=\"elementor-post__text\">\n\t\t\t\t<h3 class=\"elementor-post__title\">\n\t\t\t<a href=\"https:\/\/euler.euclid.int\/es\/universidades-en-los-paises-bajos-siglos-de-liderazgo-global\/\" >\n\t\t\t\tUniversidades en los Pa\u00edses Bajos: Siglos de liderazgo global\t\t\t<\/a>\n\t\t<\/h3>\n\t\t\t\t<div class=\"elementor-post__excerpt\">\n\t\t\t[ai_post_generator_toc] Introducci\u00f3n Universidades en los Pa\u00edses Bajos: Siglos de liderazgo global Los Pa\u00edses Bajos, con su rica historia y vibrante cultura, han sido durante mucho<\/p>\n\t\t<\/div>\n\t\t\t\t<\/div>\n\t\t\t\t\t<\/div>\n\t\t<\/article>\n\t\t\t\t<\/div>\n\t\t\n\t\t\t\t\t\t<\/div>\n\t\t\t\t<\/div>\n\t\t\t\t\t<\/div>\n\t\t<\/div>\n\t\t\t\t\t<\/div>\n\t\t<\/section>\n\t\t\t\t<\/div>\n\t\t","protected":false},"excerpt":{"rendered":"","protected":false},"author":1,"featured_media":0,"parent":0,"menu_order":0,"comment_status":"closed","ping_status":"closed","template":"","meta":{"footnotes":""},"class_list":["post-59590","page","type-page","status-publish","hentry"],"yoast_head":"<!-- This site is optimized with the Yoast SEO plugin v27.3 - https:\/\/yoast.com\/product\/yoast-seo-wordpress\/ -->\n<title>Noticias + Art\u00edculos - EFMU: The Euler-Franeker Memorial University and Institute<\/title>\n<meta name=\"robots\" content=\"index, follow, max-snippet:-1, max-image-preview:large, max-video-preview:-1\" \/>\n<link rel=\"canonical\" href=\"https:\/\/euler.euclid.int\/noticias-articulos\/\" \/>\n<meta property=\"og:locale\" content=\"es_ES\" \/>\n<meta property=\"og:type\" content=\"article\" \/>\n<meta property=\"og:title\" content=\"Noticias + Art\u00edculos - EFMU: The Euler-Franeker Memorial University and Institute\" \/>\n<meta property=\"og:url\" content=\"https:\/\/euler.euclid.int\/noticias-articulos\/\" \/>\n<meta property=\"og:site_name\" content=\"EFMU: The Euler-Franeker Memorial University and Institute\" \/>\n<meta name=\"twitter:card\" content=\"summary_large_image\" \/>\n<script type=\"application\/ld+json\" class=\"yoast-schema-graph\">{\"@context\":\"https:\\\/\\\/schema.org\",\"@graph\":[{\"@type\":\"WebPage\",\"@id\":\"https:\\\/\\\/euler.euclid.int\\\/noticias-articulos\\\/\",\"url\":\"https:\\\/\\\/euler.euclid.int\\\/noticias-articulos\\\/\",\"name\":\"Noticias + Art\u00edculos - EFMU: The Euler-Franeker Memorial University and Institute\",\"isPartOf\":{\"@id\":\"https:\\\/\\\/euler.euclid.int\\\/#website\"},\"datePublished\":\"2022-12-30T23:22:10+00:00\",\"breadcrumb\":{\"@id\":\"https:\\\/\\\/euler.euclid.int\\\/noticias-articulos\\\/#breadcrumb\"},\"inLanguage\":\"es\",\"potentialAction\":[{\"@type\":\"ReadAction\",\"target\":[\"https:\\\/\\\/euler.euclid.int\\\/noticias-articulos\\\/\"]}]},{\"@type\":\"BreadcrumbList\",\"@id\":\"https:\\\/\\\/euler.euclid.int\\\/noticias-articulos\\\/#breadcrumb\",\"itemListElement\":[{\"@type\":\"ListItem\",\"position\":1,\"name\":\"Home\",\"item\":\"https:\\\/\\\/euler.euclid.int\\\/\"},{\"@type\":\"ListItem\",\"position\":2,\"name\":\"Noticias + Art\u00edculos\"}]},{\"@type\":\"WebSite\",\"@id\":\"https:\\\/\\\/euler.euclid.int\\\/#website\",\"url\":\"https:\\\/\\\/euler.euclid.int\\\/\",\"name\":\"EFMU: The Euler-Franeker Memorial University and Institute\",\"description\":\"Academic and Research Excellence inspired by the Legacy of L. Euler and the University of Franeker\",\"potentialAction\":[{\"@type\":\"SearchAction\",\"target\":{\"@type\":\"EntryPoint\",\"urlTemplate\":\"https:\\\/\\\/euler.euclid.int\\\/?s={search_term_string}\"},\"query-input\":{\"@type\":\"PropertyValueSpecification\",\"valueRequired\":true,\"valueName\":\"search_term_string\"}}],\"inLanguage\":\"es\"}]}<\/script>\n<!-- \/ Yoast SEO plugin. -->","yoast_head_json":{"title":"Noticias + Art\u00edculos - EFMU: The Euler-Franeker Memorial University and Institute","robots":{"index":"index","follow":"follow","max-snippet":"max-snippet:-1","max-image-preview":"max-image-preview:large","max-video-preview":"max-video-preview:-1"},"canonical":"https:\/\/euler.euclid.int\/noticias-articulos\/","og_locale":"es_ES","og_type":"article","og_title":"Noticias + Art\u00edculos - EFMU: The Euler-Franeker Memorial University and Institute","og_url":"https:\/\/euler.euclid.int\/noticias-articulos\/","og_site_name":"EFMU: The Euler-Franeker Memorial University and Institute","twitter_card":"summary_large_image","schema":{"@context":"https:\/\/schema.org","@graph":[{"@type":"WebPage","@id":"https:\/\/euler.euclid.int\/noticias-articulos\/","url":"https:\/\/euler.euclid.int\/noticias-articulos\/","name":"Noticias + Art\u00edculos - EFMU: The Euler-Franeker Memorial University and Institute","isPartOf":{"@id":"https:\/\/euler.euclid.int\/#website"},"datePublished":"2022-12-30T23:22:10+00:00","breadcrumb":{"@id":"https:\/\/euler.euclid.int\/noticias-articulos\/#breadcrumb"},"inLanguage":"es","potentialAction":[{"@type":"ReadAction","target":["https:\/\/euler.euclid.int\/noticias-articulos\/"]}]},{"@type":"BreadcrumbList","@id":"https:\/\/euler.euclid.int\/noticias-articulos\/#breadcrumb","itemListElement":[{"@type":"ListItem","position":1,"name":"Home","item":"https:\/\/euler.euclid.int\/"},{"@type":"ListItem","position":2,"name":"Noticias + Art\u00edculos"}]},{"@type":"WebSite","@id":"https:\/\/euler.euclid.int\/#website","url":"https:\/\/euler.euclid.int\/","name":"EFMU: The Euler-Franeker Memorial University and Institute","description":"Academic and Research Excellence inspired by the Legacy of L. Euler and the University of Franeker","potentialAction":[{"@type":"SearchAction","target":{"@type":"EntryPoint","urlTemplate":"https:\/\/euler.euclid.int\/?s={search_term_string}"},"query-input":{"@type":"PropertyValueSpecification","valueRequired":true,"valueName":"search_term_string"}}],"inLanguage":"es"}]}},"_links":{"self":[{"href":"https:\/\/euler.euclid.int\/es\/wp-json\/wp\/v2\/pages\/59590","targetHints":{"allow":["GET"]}}],"collection":[{"href":"https:\/\/euler.euclid.int\/es\/wp-json\/wp\/v2\/pages"}],"about":[{"href":"https:\/\/euler.euclid.int\/es\/wp-json\/wp\/v2\/types\/page"}],"author":[{"embeddable":true,"href":"https:\/\/euler.euclid.int\/es\/wp-json\/wp\/v2\/users\/1"}],"replies":[{"embeddable":true,"href":"https:\/\/euler.euclid.int\/es\/wp-json\/wp\/v2\/comments?post=59590"}],"version-history":[{"count":0,"href":"https:\/\/euler.euclid.int\/es\/wp-json\/wp\/v2\/pages\/59590\/revisions"}],"wp:attachment":[{"href":"https:\/\/euler.euclid.int\/es\/wp-json\/wp\/v2\/media?parent=59590"}],"curies":[{"name":"wp","href":"https:\/\/api.w.org\/{rel}","templated":true}]}}