{"id":59662,"date":"2023-11-14T20:22:00","date_gmt":"2023-11-14T20:22:00","guid":{"rendered":"https:\/\/euler.euclid.int\/cronologia\/"},"modified":"2023-11-14T20:22:00","modified_gmt":"2023-11-14T20:22:00","slug":"cronologia","status":"publish","type":"page","link":"https:\/\/euler.euclid.int\/es\/cronologia\/","title":{"rendered":"Cronolog\u00eda"},"content":{"rendered":"\t\t<div data-elementor-type=\"wp-page\" data-elementor-id=\"59662\" class=\"elementor elementor-59662 elementor-56009\" data-elementor-post-type=\"page\">\n\t\t\t\t\t\t<section data-particle_enable=\"false\" data-particle-mobile-disabled=\"false\" class=\"elementor-section elementor-top-section elementor-element elementor-element-9f57af4 elementor-section-boxed elementor-section-height-default elementor-section-height-default\" data-id=\"9f57af4\" data-element_type=\"section\" data-e-type=\"section\">\n\t\t\t\t\t\t<div class=\"elementor-container elementor-column-gap-default\">\n\t\t\t\t\t<div class=\"elementor-column elementor-col-100 elementor-top-column elementor-element elementor-element-26703a5\" data-id=\"26703a5\" data-element_type=\"column\" data-e-type=\"column\">\n\t\t\t<div class=\"elementor-widget-wrap elementor-element-populated\">\n\t\t\t\t\t\t<div class=\"elementor-element elementor-element-bd649a4 elementor-widget elementor-widget-timeline-widget-addon\" data-id=\"bd649a4\" data-element_type=\"widget\" data-e-type=\"widget\" data-widget_type=\"timeline-widget-addon.default\">\n\t\t\t\t<div class=\"elementor-widget-container\">\n\t\t\t\t\t<!-- ========= Timeline Widget Pro For Elementor 1.10 ========= -->\r\n<div id=\"twae-wrapper-bd649a4\" data-style=\"style-1\" data-enable-popup=\"no\" data-space=\"60\" data-line-filling=\"\" class=\"twae-vertical twae-wrapper twae-both-sided style-1 twae-bg-simple\">   \r\n    <div class=\"twae-start\"><\/div>    \r\n    <div id=\"twae-line-bd649a4\" data-style=\"style-1\" data-line_id=\"twae-line-bd649a4\" class=\"twae-line twae-timeline \" ><div id=\"twae-148c664\" class=\"twae-story elementor-repeater-item-148c664 twae-repeater-item twae-story-right twae-story-icon    \"><div class=\"twae-labels \" data-aos=\"fade\"><div class=\"twae-label-big\">1585<\/div><\/div><div class=\"twae-icon\"><i aria-hidden=\"true\" class=\"far fa-clock\"><\/i><\/div><div class=\"twae-arrow\" ><\/div><div class=\"twae-content\"  data-aos=\"fade\"><div class=\"twae-title\">University of Franeker established<\/div><div class=\"twae-media full\"><img fetchpriority=\"high\" decoding=\"async\" width=\"680\" height=\"513\" src=\"https:\/\/euler.euclid.int\/wp-content\/uploads\/2023\/11\/School-Franeker.jpg\" class=\"attachment-full size-full\" alt=\"\" srcset=\"https:\/\/euler.euclid.int\/wp-content\/uploads\/2023\/11\/School-Franeker.jpg 680w, https:\/\/euler.euclid.int\/wp-content\/uploads\/2023\/11\/School-Franeker-300x226.jpg 300w\" sizes=\"(max-width: 680px) 100vw, 680px\" \/><\/div><div class=\"twae-description\"><p>It was the second oldest university in the Netherlands, founded shortly after the University of Leiden<\/p><\/div><\/div><\/div><div id=\"twae-4a13f64\" class=\"twae-story elementor-repeater-item-4a13f64 twae-repeater-item twae-story-left twae-story-icon    \"><div class=\"twae-labels \" data-aos=\"fade\"><div class=\"twae-label-big\">1629-1630<\/div><\/div><div class=\"twae-icon\"><i aria-hidden=\"true\" class=\"far fa-clock\"><\/i><\/div><div class=\"twae-arrow\" ><\/div><div class=\"twae-content\"  data-aos=\"fade\"><div class=\"twae-title\">Ren\u00e9 Descartes at Franeker<\/div><div class=\"twae-media full\"><img decoding=\"async\" src=\"https:\/\/upload.wikimedia.org\/wikipedia\/commons\/thumb\/7\/73\/Frans_Hals_-_Portret_van_Ren%C3%A9_Descartes.jpg\/330px-Frans_Hals_-_Portret_van_Ren%C3%A9_Descartes.jpg\"><\/img><\/div><div class=\"twae-description\"><p>Ren\u00e9 Descartes (1596 \u2013 1650) was a French philosopher, scientist, and mathematician widely considered a seminal figure in the emergence of modern philosophy and science.\u00a0<\/p><\/div><\/div><\/div><div id=\"twae-8648709\" class=\"twae-story elementor-repeater-item-8648709 twae-repeater-item twae-story-right twae-story-icon    \"><div class=\"twae-labels \" data-aos=\"fade\"><div class=\"twae-label-big\">1634<\/div><\/div><div class=\"twae-icon\"><i aria-hidden=\"true\" class=\"far fa-clock\"><\/i><\/div><div class=\"twae-arrow\" ><\/div><div class=\"twae-content\"  data-aos=\"fade\"><div class=\"twae-title\">Cura\u00e7ao, Netherlands<\/div><div class=\"twae-media full\"><img decoding=\"async\" width=\"2000\" height=\"2870\" src=\"https:\/\/euler.euclid.int\/wp-content\/uploads\/2020\/01\/2000px-Coat_of_arms_of_Cura\u00e7ao.svg1_.png\" class=\"attachment-full size-full\" alt=\"\" srcset=\"https:\/\/euler.euclid.int\/wp-content\/uploads\/2020\/01\/2000px-Coat_of_arms_of_Cura\u00e7ao.svg1_.png 2000w, https:\/\/euler.euclid.int\/wp-content\/uploads\/2020\/01\/2000px-Coat_of_arms_of_Cura\u00e7ao.svg1_-209x300.png 209w, https:\/\/euler.euclid.int\/wp-content\/uploads\/2020\/01\/2000px-Coat_of_arms_of_Cura\u00e7ao.svg1_-714x1024.png 714w, https:\/\/euler.euclid.int\/wp-content\/uploads\/2020\/01\/2000px-Coat_of_arms_of_Cura\u00e7ao.svg1_-768x1102.png 768w, https:\/\/euler.euclid.int\/wp-content\/uploads\/2020\/01\/2000px-Coat_of_arms_of_Cura\u00e7ao.svg1_-1070x1536.png 1070w, https:\/\/euler.euclid.int\/wp-content\/uploads\/2020\/01\/2000px-Coat_of_arms_of_Cura\u00e7ao.svg1_-1427x2048.png 1427w\" sizes=\"(max-width: 2000px) 100vw, 2000px\" \/><\/div><div class=\"twae-description\"><p>In 1634, during the Eighty Years' War of independence between the Republic of the Netherlands and Spain, the Dutch West India Company under Admiral Johann van Walbeeck makes Curacao part of the Netherlands.<\/p><\/div><\/div><\/div><div id=\"twae-275b037\" class=\"twae-story elementor-repeater-item-275b037 twae-repeater-item twae-story-left twae-story-icon    \"><div class=\"twae-labels \" data-aos=\"fade\"><div class=\"twae-label-big\">1707<\/div><\/div><div class=\"twae-icon\"><i aria-hidden=\"true\" class=\"far fa-clock\"><\/i><\/div><div class=\"twae-arrow\" ><\/div><div class=\"twae-content\"  data-aos=\"fade\"><div class=\"twae-title\">Birth of Leonhard Euler<\/div><div class=\"twae-media full\"><img decoding=\"async\" width=\"1407\" height=\"822\" src=\"https:\/\/euler.euclid.int\/wp-content\/uploads\/2023\/11\/euler-stamps.png\" class=\"attachment-full size-full\" alt=\"\" srcset=\"https:\/\/euler.euclid.int\/wp-content\/uploads\/2023\/11\/euler-stamps.png 1407w, https:\/\/euler.euclid.int\/wp-content\/uploads\/2023\/11\/euler-stamps-300x175.png 300w, https:\/\/euler.euclid.int\/wp-content\/uploads\/2023\/11\/euler-stamps-1024x598.png 1024w, https:\/\/euler.euclid.int\/wp-content\/uploads\/2023\/11\/euler-stamps-768x449.png 768w\" sizes=\"(max-width: 1407px) 100vw, 1407px\" \/><\/div><div class=\"twae-description\"><p>Leonhard Euler (15 April 1707 \u2013 18 September 1783) was a Swiss mathematician, physicist, astronomer, geographer, logician, and engineer.<\/p><\/div><\/div><\/div><div id=\"twae-fad8f0c\" class=\"twae-story elementor-repeater-item-fad8f0c twae-repeater-item twae-story-right twae-story-icon    \"><div class=\"twae-labels \" data-aos=\"fade\"><div class=\"twae-label-big\">1734<\/div><\/div><div class=\"twae-icon\"><i aria-hidden=\"true\" class=\"far fa-clock\"><\/i><\/div><div class=\"twae-arrow\" ><\/div><div class=\"twae-content\"  data-aos=\"fade\"><div class=\"twae-title\">Birth of Johann Euler<\/div><div class=\"twae-media full\"><img decoding=\"async\" width=\"1407\" height=\"822\" src=\"https:\/\/euler.euclid.int\/wp-content\/uploads\/2023\/11\/euler-stamps.png\" class=\"attachment-full size-full\" alt=\"\" srcset=\"https:\/\/euler.euclid.int\/wp-content\/uploads\/2023\/11\/euler-stamps.png 1407w, https:\/\/euler.euclid.int\/wp-content\/uploads\/2023\/11\/euler-stamps-300x175.png 300w, https:\/\/euler.euclid.int\/wp-content\/uploads\/2023\/11\/euler-stamps-1024x598.png 1024w, https:\/\/euler.euclid.int\/wp-content\/uploads\/2023\/11\/euler-stamps-768x449.png 768w\" sizes=\"(max-width: 1407px) 100vw, 1407px\" \/><\/div><div class=\"twae-description\"><p>Johann Albrecht Euler (27 November 1734 \u2013 17 September 1800) was a Swiss-Russian astronomer and mathematician. He was the first child born to the great Swiss mathematician Leonhard Euler (1707\u20131783), who had emigrated to Saint-Petersburg.<\/p><\/div><\/div><\/div><div id=\"twae-c9cd41b\" class=\"twae-story elementor-repeater-item-c9cd41b twae-repeater-item twae-story-left twae-story-icon    \"><div class=\"twae-labels \" data-aos=\"fade\"><div class=\"twae-label-big\">1811<\/div><\/div><div class=\"twae-icon\"><i aria-hidden=\"true\" class=\"far fa-clock\"><\/i><\/div><div class=\"twae-arrow\" ><\/div><div class=\"twae-content\"  data-aos=\"fade\"><div class=\"twae-title\">Franeker University Disbanded by Napoleon<\/div><div class=\"twae-media full\"><img decoding=\"async\" src=\"https:\/\/upload.wikimedia.org\/wikipedia\/commons\/thumb\/8\/8f\/Universiteit_van_Franeker.jpg\/330px-Universiteit_van_Franeker.jpg\"><\/img><\/div><div class=\"twae-description\"><p>The university was disbanded by Napoleon in 1811, along with the Universities of Harderwijk and Utrecht. After the end of the French r\u00e9gime, the university was not restored. Instead, an Athenaeum was founded, which did not have the right to issue doctoral degrees. In 1843, the Athenaeum itself was disbanded because of a lack of students.<\/p><\/div><\/div><\/div><div id=\"twae-cae99fa\" class=\"twae-story elementor-repeater-item-cae99fa twae-repeater-item twae-story-right twae-story-icon    \"><div class=\"twae-labels \" data-aos=\"fade\"><div class=\"twae-label-big\">2008<\/div><\/div><div class=\"twae-icon\"><i aria-hidden=\"true\" class=\"far fa-clock\"><\/i><\/div><div class=\"twae-arrow\" ><\/div><div class=\"twae-content\"  data-aos=\"fade\"><div class=\"twae-title\">Eurostate Institute lays foundation for Euler<\/div><div class=\"twae-media full\"><img loading=\"lazy\" decoding=\"async\" width=\"975\" height=\"960\" src=\"https:\/\/euler.euclid.int\/wp-content\/uploads\/2023\/01\/SEAL-EUCLIDINT.png\" class=\"attachment-full size-full\" alt=\"\" srcset=\"https:\/\/euler.euclid.int\/wp-content\/uploads\/2023\/01\/SEAL-EUCLIDINT.png 975w, https:\/\/euler.euclid.int\/wp-content\/uploads\/2023\/01\/SEAL-EUCLIDINT-300x295.png 300w, https:\/\/euler.euclid.int\/wp-content\/uploads\/2023\/01\/SEAL-EUCLIDINT-768x756.png 768w\" sizes=\"(max-width: 975px) 100vw, 975px\" \/><\/div><div class=\"twae-description\"><p>EUCLID intergovernmental charter enters into force with Eurostate University Institute established (will be renamed to Euler University Institute in 2017).<\/p><\/div><\/div><\/div><div id=\"twae-698be16\" class=\"twae-story elementor-repeater-item-698be16 twae-repeater-item twae-story-left twae-story-icon    \"><div class=\"twae-labels \" data-aos=\"fade\"><div class=\"twae-label-big\">2010<\/div><\/div><div class=\"twae-icon\"><i aria-hidden=\"true\" class=\"far fa-clock\"><\/i><\/div><div class=\"twae-arrow\" ><\/div><div class=\"twae-content\"  data-aos=\"fade\"><div class=\"twae-title\">Netherlands as a Unitary State<\/div><div class=\"twae-media full\"><img loading=\"lazy\" decoding=\"async\" width=\"1600\" height=\"1067\" src=\"https:\/\/euler.euclid.int\/wp-content\/uploads\/2020\/01\/Willem-Alexander-hand-constitution-investiture-ceremony-Dutch-Amsterdam-April-30-20131.jpg\" class=\"attachment-full size-full\" alt=\"\" srcset=\"https:\/\/euler.euclid.int\/wp-content\/uploads\/2020\/01\/Willem-Alexander-hand-constitution-investiture-ceremony-Dutch-Amsterdam-April-30-20131.jpg 1600w, https:\/\/euler.euclid.int\/wp-content\/uploads\/2020\/01\/Willem-Alexander-hand-constitution-investiture-ceremony-Dutch-Amsterdam-April-30-20131-300x200.jpg 300w, https:\/\/euler.euclid.int\/wp-content\/uploads\/2020\/01\/Willem-Alexander-hand-constitution-investiture-ceremony-Dutch-Amsterdam-April-30-20131-1024x683.jpg 1024w, https:\/\/euler.euclid.int\/wp-content\/uploads\/2020\/01\/Willem-Alexander-hand-constitution-investiture-ceremony-Dutch-Amsterdam-April-30-20131-768x512.jpg 768w, https:\/\/euler.euclid.int\/wp-content\/uploads\/2020\/01\/Willem-Alexander-hand-constitution-investiture-ceremony-Dutch-Amsterdam-April-30-20131-1536x1024.jpg 1536w\" sizes=\"(max-width: 1600px) 100vw, 1600px\" \/><\/div><div class=\"twae-description\"><p>The dissolution of the Netherlands Antilles came into effect on 10 October 2010. Cura\u00e7ao became a country within the Kingdom of the Netherlands, with the kingdom retaining responsibility for defense and foreign policy.<\/p><\/div><\/div><\/div><div id=\"twae-e6e43be\" class=\"twae-story elementor-repeater-item-e6e43be twae-repeater-item twae-story-right twae-story-icon    \"><div class=\"twae-labels \" data-aos=\"fade\"><div class=\"twae-label-big\">2023<\/div><\/div><div class=\"twae-icon\"><i aria-hidden=\"true\" class=\"far fa-clock\"><\/i><\/div><div class=\"twae-arrow\" ><\/div><div class=\"twae-content\"  data-aos=\"fade\"><div class=\"twae-title\">EFMU Charter<\/div><div class=\"twae-media full\"><img loading=\"lazy\" decoding=\"async\" width=\"2000\" height=\"2000\" src=\"https:\/\/euler.euclid.int\/wp-content\/uploads\/2020\/01\/euler-square-logo-2000.png\" class=\"attachment-full size-full\" alt=\"\" srcset=\"https:\/\/euler.euclid.int\/wp-content\/uploads\/2020\/01\/euler-square-logo-2000.png 2000w, https:\/\/euler.euclid.int\/wp-content\/uploads\/2020\/01\/elementor\/thumbs\/euler-square-logo-2000-ojn3ht8yw08t656k3yxxcey7yuugx20q3lli9401bs.png 300w, https:\/\/euler.euclid.int\/wp-content\/uploads\/2020\/01\/euler-square-logo-2000-1024x1024.png 1024w, https:\/\/euler.euclid.int\/wp-content\/uploads\/2020\/01\/euler-square-logo-2000-150x150.png 150w, https:\/\/euler.euclid.int\/wp-content\/uploads\/2020\/01\/euler-square-logo-2000-768x768.png 768w, https:\/\/euler.euclid.int\/wp-content\/uploads\/2020\/01\/euler-square-logo-2000-1536x1536.png 1536w, https:\/\/euler.euclid.int\/wp-content\/uploads\/2020\/01\/euler-square-logo-2000-90x90.png 90w\" sizes=\"(max-width: 2000px) 100vw, 2000px\" \/><\/div><div class=\"twae-description\"><p>Ministry of Education approves EFMU Foundation petition to revive Franeker University's name to charter the Euler-Franeker Memorial University.<\/p><\/div><\/div><\/div><\/div>\r\n<div class=\"twae-end\"><\/div>   \r\n<\/div><style type=\"text\/css\"><\/style>\t\t\t\t<\/div>\n\t\t\t\t<\/div>\n\t\t\t\t\t<\/div>\n\t\t<\/div>\n\t\t\t\t\t<\/div>\n\t\t<\/section>\n\t\t\t\t<\/div>\n\t\t","protected":false},"excerpt":{"rendered":"<p>1585 Se establece la Universidad de Franeker Fue la segunda universidad m\u00e1s antigua de los Pa\u00edses Bajos, fundada poco despu\u00e9s de la Universidad de Leiden 1629-1630 Ren\u00e9 Descartes en Franeker Ren\u00e9 Descartes (1596 \u2013 1650) fue un fil\u00f3sofo, cient\u00edfico y matem\u00e1tico franc\u00e9s ampliamente considerado como una figura seminal en el surgimiento de la filosof\u00eda y [&hellip;]<\/p>\n","protected":false},"author":1,"featured_media":0,"parent":0,"menu_order":0,"comment_status":"closed","ping_status":"closed","template":"","meta":{"footnotes":""},"class_list":["post-59662","page","type-page","status-publish","hentry"],"yoast_head":"<!-- This site is optimized with the Yoast SEO plugin v27.3 - https:\/\/yoast.com\/product\/yoast-seo-wordpress\/ -->\n<title>Cronolog\u00eda - EFMU: The Euler-Franeker Memorial University and Institute<\/title>\n<meta name=\"robots\" content=\"index, follow, max-snippet:-1, max-image-preview:large, max-video-preview:-1\" \/>\n<link rel=\"canonical\" href=\"https:\/\/euler.euclid.int\/cronologia\/\" \/>\n<meta property=\"og:locale\" content=\"es_ES\" \/>\n<meta property=\"og:type\" content=\"article\" \/>\n<meta property=\"og:title\" content=\"Cronolog\u00eda - EFMU: The Euler-Franeker Memorial University and Institute\" \/>\n<meta property=\"og:description\" content=\"1585 Se establece la Universidad de Franeker Fue la segunda universidad m\u00e1s antigua de los Pa\u00edses Bajos, fundada poco despu\u00e9s de la Universidad de Leiden 1629-1630 Ren\u00e9 Descartes en Franeker Ren\u00e9 Descartes (1596 \u2013 1650) fue un fil\u00f3sofo, cient\u00edfico y matem\u00e1tico franc\u00e9s ampliamente considerado como una figura seminal en el surgimiento de la filosof\u00eda y [&hellip;]\" \/>\n<meta property=\"og:url\" content=\"https:\/\/euler.euclid.int\/cronologia\/\" \/>\n<meta property=\"og:site_name\" content=\"EFMU: The Euler-Franeker Memorial University and Institute\" \/>\n<meta property=\"og:image\" content=\"https:\/\/euler.euclid.int\/wp-content\/uploads\/2023\/11\/School-Franeker.jpg\" \/>\n<meta name=\"twitter:card\" content=\"summary_large_image\" \/>\n<meta name=\"twitter:label1\" content=\"Tiempo de lectura\" \/>\n\t<meta name=\"twitter:data1\" content=\"2 minutos\" \/>\n<script type=\"application\/ld+json\" class=\"yoast-schema-graph\">{\"@context\":\"https:\\\/\\\/schema.org\",\"@graph\":[{\"@type\":\"WebPage\",\"@id\":\"https:\\\/\\\/euler.euclid.int\\\/cronologia\\\/\",\"url\":\"https:\\\/\\\/euler.euclid.int\\\/cronologia\\\/\",\"name\":\"Cronolog\u00eda - EFMU: The Euler-Franeker Memorial University and Institute\",\"isPartOf\":{\"@id\":\"https:\\\/\\\/euler.euclid.int\\\/#website\"},\"primaryImageOfPage\":{\"@id\":\"https:\\\/\\\/euler.euclid.int\\\/cronologia\\\/#primaryimage\"},\"image\":{\"@id\":\"https:\\\/\\\/euler.euclid.int\\\/cronologia\\\/#primaryimage\"},\"thumbnailUrl\":\"https:\\\/\\\/euler.euclid.int\\\/wp-content\\\/uploads\\\/2023\\\/11\\\/School-Franeker.jpg\",\"datePublished\":\"2023-11-14T20:22:00+00:00\",\"breadcrumb\":{\"@id\":\"https:\\\/\\\/euler.euclid.int\\\/cronologia\\\/#breadcrumb\"},\"inLanguage\":\"es\",\"potentialAction\":[{\"@type\":\"ReadAction\",\"target\":[\"https:\\\/\\\/euler.euclid.int\\\/cronologia\\\/\"]}]},{\"@type\":\"ImageObject\",\"inLanguage\":\"es\",\"@id\":\"https:\\\/\\\/euler.euclid.int\\\/cronologia\\\/#primaryimage\",\"url\":\"https:\\\/\\\/euler.euclid.int\\\/wp-content\\\/uploads\\\/2023\\\/11\\\/School-Franeker.jpg\",\"contentUrl\":\"https:\\\/\\\/euler.euclid.int\\\/wp-content\\\/uploads\\\/2023\\\/11\\\/School-Franeker.jpg\"},{\"@type\":\"BreadcrumbList\",\"@id\":\"https:\\\/\\\/euler.euclid.int\\\/cronologia\\\/#breadcrumb\",\"itemListElement\":[{\"@type\":\"ListItem\",\"position\":1,\"name\":\"Home\",\"item\":\"https:\\\/\\\/euler.euclid.int\\\/\"},{\"@type\":\"ListItem\",\"position\":2,\"name\":\"Cronolog\u00eda\"}]},{\"@type\":\"WebSite\",\"@id\":\"https:\\\/\\\/euler.euclid.int\\\/#website\",\"url\":\"https:\\\/\\\/euler.euclid.int\\\/\",\"name\":\"EFMU: The Euler-Franeker Memorial University and Institute\",\"description\":\"Academic and Research Excellence inspired by the Legacy of L. Euler and the University of Franeker\",\"potentialAction\":[{\"@type\":\"SearchAction\",\"target\":{\"@type\":\"EntryPoint\",\"urlTemplate\":\"https:\\\/\\\/euler.euclid.int\\\/?s={search_term_string}\"},\"query-input\":{\"@type\":\"PropertyValueSpecification\",\"valueRequired\":true,\"valueName\":\"search_term_string\"}}],\"inLanguage\":\"es\"}]}<\/script>\n<!-- \/ Yoast SEO plugin. -->","yoast_head_json":{"title":"Cronolog\u00eda - EFMU: The Euler-Franeker Memorial University and Institute","robots":{"index":"index","follow":"follow","max-snippet":"max-snippet:-1","max-image-preview":"max-image-preview:large","max-video-preview":"max-video-preview:-1"},"canonical":"https:\/\/euler.euclid.int\/cronologia\/","og_locale":"es_ES","og_type":"article","og_title":"Cronolog\u00eda - EFMU: The Euler-Franeker Memorial University and Institute","og_description":"1585 Se establece la Universidad de Franeker Fue la segunda universidad m\u00e1s antigua de los Pa\u00edses Bajos, fundada poco despu\u00e9s de la Universidad de Leiden 1629-1630 Ren\u00e9 Descartes en Franeker Ren\u00e9 Descartes (1596 \u2013 1650) fue un fil\u00f3sofo, cient\u00edfico y matem\u00e1tico franc\u00e9s ampliamente considerado como una figura seminal en el surgimiento de la filosof\u00eda y [&hellip;]","og_url":"https:\/\/euler.euclid.int\/cronologia\/","og_site_name":"EFMU: The Euler-Franeker Memorial University and Institute","og_image":[{"url":"https:\/\/euler.euclid.int\/wp-content\/uploads\/2023\/11\/School-Franeker.jpg","type":"","width":"","height":""}],"twitter_card":"summary_large_image","twitter_misc":{"Tiempo de lectura":"2 minutos"},"schema":{"@context":"https:\/\/schema.org","@graph":[{"@type":"WebPage","@id":"https:\/\/euler.euclid.int\/cronologia\/","url":"https:\/\/euler.euclid.int\/cronologia\/","name":"Cronolog\u00eda - EFMU: The Euler-Franeker Memorial University and Institute","isPartOf":{"@id":"https:\/\/euler.euclid.int\/#website"},"primaryImageOfPage":{"@id":"https:\/\/euler.euclid.int\/cronologia\/#primaryimage"},"image":{"@id":"https:\/\/euler.euclid.int\/cronologia\/#primaryimage"},"thumbnailUrl":"https:\/\/euler.euclid.int\/wp-content\/uploads\/2023\/11\/School-Franeker.jpg","datePublished":"2023-11-14T20:22:00+00:00","breadcrumb":{"@id":"https:\/\/euler.euclid.int\/cronologia\/#breadcrumb"},"inLanguage":"es","potentialAction":[{"@type":"ReadAction","target":["https:\/\/euler.euclid.int\/cronologia\/"]}]},{"@type":"ImageObject","inLanguage":"es","@id":"https:\/\/euler.euclid.int\/cronologia\/#primaryimage","url":"https:\/\/euler.euclid.int\/wp-content\/uploads\/2023\/11\/School-Franeker.jpg","contentUrl":"https:\/\/euler.euclid.int\/wp-content\/uploads\/2023\/11\/School-Franeker.jpg"},{"@type":"BreadcrumbList","@id":"https:\/\/euler.euclid.int\/cronologia\/#breadcrumb","itemListElement":[{"@type":"ListItem","position":1,"name":"Home","item":"https:\/\/euler.euclid.int\/"},{"@type":"ListItem","position":2,"name":"Cronolog\u00eda"}]},{"@type":"WebSite","@id":"https:\/\/euler.euclid.int\/#website","url":"https:\/\/euler.euclid.int\/","name":"EFMU: The Euler-Franeker Memorial University and Institute","description":"Academic and Research Excellence inspired by the Legacy of L. Euler and the University of Franeker","potentialAction":[{"@type":"SearchAction","target":{"@type":"EntryPoint","urlTemplate":"https:\/\/euler.euclid.int\/?s={search_term_string}"},"query-input":{"@type":"PropertyValueSpecification","valueRequired":true,"valueName":"search_term_string"}}],"inLanguage":"es"}]}},"_links":{"self":[{"href":"https:\/\/euler.euclid.int\/es\/wp-json\/wp\/v2\/pages\/59662","targetHints":{"allow":["GET"]}}],"collection":[{"href":"https:\/\/euler.euclid.int\/es\/wp-json\/wp\/v2\/pages"}],"about":[{"href":"https:\/\/euler.euclid.int\/es\/wp-json\/wp\/v2\/types\/page"}],"author":[{"embeddable":true,"href":"https:\/\/euler.euclid.int\/es\/wp-json\/wp\/v2\/users\/1"}],"replies":[{"embeddable":true,"href":"https:\/\/euler.euclid.int\/es\/wp-json\/wp\/v2\/comments?post=59662"}],"version-history":[{"count":0,"href":"https:\/\/euler.euclid.int\/es\/wp-json\/wp\/v2\/pages\/59662\/revisions"}],"wp:attachment":[{"href":"https:\/\/euler.euclid.int\/es\/wp-json\/wp\/v2\/media?parent=59662"}],"curies":[{"name":"wp","href":"https:\/\/api.w.org\/{rel}","templated":true}]}}