{"id":59671,"date":"2023-08-25T00:04:28","date_gmt":"2023-08-25T00:04:28","guid":{"rendered":"https:\/\/euler.euclid.int\/a-z\/"},"modified":"2023-08-25T00:04:28","modified_gmt":"2023-08-25T00:04:28","slug":"a-z","status":"publish","type":"page","link":"https:\/\/euler.euclid.int\/es\/a-z\/","title":{"rendered":"A-Z"},"content":{"rendered":"\t\t<div data-elementor-type=\"wp-page\" data-elementor-id=\"59671\" class=\"elementor elementor-59671 elementor-55049\" data-elementor-post-type=\"page\">\n\t\t\t\t\t\t<section data-particle_enable=\"false\" data-particle-mobile-disabled=\"false\" class=\"elementor-section elementor-top-section elementor-element elementor-element-6dfff8a elementor-section-boxed elementor-section-height-default elementor-section-height-default\" data-id=\"6dfff8a\" data-element_type=\"section\" data-e-type=\"section\">\n\t\t\t\t\t\t<div class=\"elementor-container elementor-column-gap-default\">\n\t\t\t\t\t<div class=\"elementor-column elementor-col-100 elementor-top-column elementor-element elementor-element-9bb333f\" data-id=\"9bb333f\" data-element_type=\"column\" data-e-type=\"column\">\n\t\t\t<div class=\"elementor-widget-wrap\">\n\t\t\t\t\t\t\t<\/div>\n\t\t<\/div>\n\t\t\t\t\t<\/div>\n\t\t<\/section>\n\t\t\t\t<section data-particle_enable=\"false\" data-particle-mobile-disabled=\"false\" class=\"elementor-section elementor-top-section elementor-element elementor-element-484bb7f elementor-section-boxed elementor-section-height-default elementor-section-height-default\" data-id=\"484bb7f\" data-element_type=\"section\" data-e-type=\"section\">\n\t\t\t\t\t\t<div class=\"elementor-container elementor-column-gap-default\">\n\t\t\t\t\t<div class=\"elementor-column elementor-col-100 elementor-top-column elementor-element elementor-element-f299b3e\" data-id=\"f299b3e\" data-element_type=\"column\" data-e-type=\"column\">\n\t\t\t<div class=\"elementor-widget-wrap elementor-element-populated\">\n\t\t\t\t\t\t<div class=\"elementor-element elementor-element-41dc9c5 elementor-widget elementor-widget-wp-widget-pages\" data-id=\"41dc9c5\" data-element_type=\"widget\" data-e-type=\"widget\" data-widget_type=\"wp-widget-pages.default\">\n\t\t\t\t<div class=\"elementor-widget-container\">\n\t\t\t\t\t<h5>P\u00e1ginas<\/h5><nav aria-label=\"P\u00e1ginas\">\n\t\t\t<ul>\n\t\t\t\t<li class=\"page_item page-item-61285\"><a href=\"https:\/\/euler.euclid.int\/es\/por-que-elegir-euler\/\">\u00bfPor qu\u00e9 elegir EULER?<\/a><\/li>\n<li class=\"page_item page-item-59671\"><a href=\"https:\/\/euler.euclid.int\/es\/a-z\/\">A-Z<\/a><\/li>\n<li class=\"page_item page-item-59767\"><a href=\"https:\/\/euler.euclid.int\/es\/acerca-de-johann-euler\/\">Acerca de Johann Euler<\/a><\/li>\n<li class=\"page_item page-item-59833\"><a href=\"https:\/\/euler.euclid.int\/es\/acerca-de-la-formula-de-euler\/\">Acerca de la f\u00f3rmula de Euler<\/a><\/li>\n<li class=\"page_item page-item-59755\"><a href=\"https:\/\/euler.euclid.int\/es\/acerca-de-la-identidad-de-euler\/\">Acerca de la identidad de Euler<\/a><\/li>\n<li class=\"page_item page-item-60265\"><a href=\"https:\/\/euler.euclid.int\/es\/acerca-de-la-universidad-de-franeker\/\">Acerca de la Universidad de Franeker<\/a><\/li>\n<li class=\"page_item page-item-59980\"><a href=\"https:\/\/euler.euclid.int\/es\/acerca-de-la-universidad-euler-efmu-y-el-instituto\/\">Acerca de la Universidad EULER (EFMU) y el Instituto<\/a><\/li>\n<li class=\"page_item page-item-59827\"><a href=\"https:\/\/euler.euclid.int\/es\/acerca-de-leonhard-euler\/\">Acerca de Leonhard Euler<\/a><\/li>\n<li class=\"page_item page-item-59887\"><a href=\"https:\/\/euler.euclid.int\/es\/acreditacion\/\">Acreditaci\u00f3n<\/a><\/li>\n<li class=\"page_item page-item-60682\"><a href=\"https:\/\/euler.euclid.int\/es\/aviso-legal\/\">Aviso legal<\/a><\/li>\n<li class=\"page_item page-item-59956\"><a href=\"https:\/\/euler.euclid.int\/es\/certificados-de-posgrado\/\">Certificados de Posgrado<\/a><\/li>\n<li class=\"page_item page-item-60487\"><a href=\"https:\/\/euler.euclid.int\/es\/contacto-2\/\">Contacto<\/a><\/li>\n<li class=\"page_item page-item-59584\"><a href=\"https:\/\/euler.euclid.int\/es\/contacto\/\">Contacto<\/a><\/li>\n<li class=\"page_item page-item-59743\"><a href=\"https:\/\/euler.euclid.int\/es\/correspondencia-de-euler-con-bernoulli\/\">Correspondencia de Euler con Bernoulli<\/a><\/li>\n<li class=\"page_item page-item-59662\"><a href=\"https:\/\/euler.euclid.int\/es\/cronologia\/\">Cronolog\u00eda<\/a><\/li>\n<li class=\"page_item page-item-60661\"><a href=\"https:\/\/euler.euclid.int\/es\/descargo-de-responsabilidad-del-rgpd\/\">Descargo de responsabilidad del RGPD<\/a><\/li>\n<li class=\"page_item page-item-59899\"><a href=\"https:\/\/euler.euclid.int\/es\/doctorados-ph-d\/\">Doctorados \/ Ph.D.<\/a><\/li>\n<li class=\"page_item page-item-59917\"><a href=\"https:\/\/euler.euclid.int\/es\/el-metodo-academico-euler\/\">El M\u00e9todo Acad\u00e9mico EULER<\/a><\/li>\n<li class=\"page_item page-item-59686\"><a href=\"https:\/\/euler.euclid.int\/es\/empleo\/\">Empleo<\/a><\/li>\n<li class=\"page_item page-item-59695\"><a href=\"https:\/\/euler.euclid.int\/es\/enlaces\/\">Enlaces<\/a><\/li>\n<li class=\"page_item page-item-59809\"><a href=\"https:\/\/euler.euclid.int\/es\/enlaces-y-socios\/\">Enlaces y socios<\/a><\/li>\n<li class=\"page_item page-item-59650\"><a href=\"https:\/\/euler.euclid.int\/es\/estructura-facultades\/\">Estructura (Facultades)<\/a><\/li>\n<li class=\"page_item page-item-60379\"><a href=\"https:\/\/euler.euclid.int\/es\/euler-la-universidad-conmemorativa-euler-franeker\/\">EULER: La Universidad Conmemorativa Euler-Franeker<\/a><\/li>\n<li class=\"page_item page-item-60235\"><a href=\"https:\/\/euler.euclid.int\/es\/facultad\/\">Facultad<\/a><\/li>\n<li class=\"page_item page-item-59641\"><a href=\"https:\/\/euler.euclid.int\/es\/funcionarios-y-perfiles\/\">Funcionarios y perfiles<\/a><\/li>\n<li class=\"page_item page-item-60394\"><a href=\"https:\/\/euler.euclid.int\/es\/grado\/\">Grado<\/a><\/li>\n<li class=\"page_item page-item-61105\"><a href=\"https:\/\/euler.euclid.int\/es\/ia-en-euler\/\">IA en EULER<\/a><\/li>\n<li class=\"page_item page-item-59803\"><a href=\"https:\/\/euler.euclid.int\/es\/investigacion\/\">Investigaci\u00f3n<\/a><\/li>\n<li class=\"page_item page-item-59401\"><a href=\"https:\/\/euler.euclid.int\/es\/la-biblioteca-de-la-universidad-de-franeker\/\">La Biblioteca de la Universidad de Franeker<\/a><\/li>\n<li class=\"page_item page-item-60331\"><a href=\"https:\/\/euler.euclid.int\/es\/\">La Universidad (e Instituto) Memorial Euler-Franeker<\/a><\/li>\n<li class=\"page_item page-item-59944\"><a href=\"https:\/\/euler.euclid.int\/es\/maestria\/\">Maestr\u00eda<\/a><\/li>\n<li class=\"page_item page-item-59683\"><a href=\"https:\/\/euler.euclid.int\/es\/matricula\/\">Matr\u00edcula<\/a><\/li>\n<li class=\"page_item page-item-59851\"><a href=\"https:\/\/euler.euclid.int\/es\/membresias-y-asociaciones\/\">Membres\u00edas y Asociaciones<\/a><\/li>\n<li class=\"page_item page-item-59893\"><a href=\"https:\/\/euler.euclid.int\/es\/mision-y-vision\/\">Misi\u00f3n y Visi\u00f3n<\/a><\/li>\n<li class=\"page_item page-item-59425 current_page_parent\"><a href=\"https:\/\/euler.euclid.int\/es\/noticias\/\">Noticias<\/a><\/li>\n<li class=\"page_item page-item-59590\"><a href=\"https:\/\/euler.euclid.int\/es\/noticias-articulos\/\">Noticias + Art\u00edculos<\/a><\/li>\n<li class=\"page_item page-item-59731\"><a href=\"https:\/\/euler.euclid.int\/es\/nuestra-historia\/\">Nuestra Historia<\/a><\/li>\n<li class=\"page_item page-item-59587\"><a href=\"https:\/\/euler.euclid.int\/es\/organizacion\/\">Organizaci\u00f3n<\/a><\/li>\n<li class=\"page_item page-item-59467\"><a href=\"https:\/\/euler.euclid.int\/es\/pagos\/\">Pagos<\/a><\/li>\n<li class=\"page_item page-item-59377\"><a href=\"https:\/\/euler.euclid.int\/es\/politica-de-inclusion-y-apoyo-a-estudiantes-con-discapacidad\/\">Pol\u00edtica de inclusi\u00f3n y apoyo a estudiantes con discapacidad<\/a><\/li>\n<li class=\"page_item page-item-59494\"><a href=\"https:\/\/euler.euclid.int\/es\/politica-de-no-discriminacion-e-inclusion\/\">Pol\u00edtica de no discriminaci\u00f3n e inclusi\u00f3n<\/a><\/li>\n<li class=\"page_item page-item-59398\"><a href=\"https:\/\/euler.euclid.int\/es\/politica-de-plagio-e-integridad-academica\/\">Pol\u00edtica de Plagio e Integridad Acad\u00e9mica<\/a><\/li>\n<li class=\"page_item page-item-59737\"><a href=\"https:\/\/euler.euclid.int\/es\/politica-de-privacidad-y-seguridad-de-la-universidad-euler\/\">Pol\u00edtica de privacidad y seguridad de la Universidad EULER<\/a><\/li>\n<li class=\"page_item page-item-59866\"><a href=\"https:\/\/euler.euclid.int\/es\/post-doc\/\">Post Doc<\/a><\/li>\n<li class=\"page_item page-item-59479\"><a href=\"https:\/\/euler.euclid.int\/es\/preguntas-frecuentes-con-funcion-de-busqueda\/\">Preguntas frecuentes con funci\u00f3n de b\u00fasqueda<\/a><\/li>\n<li class=\"page_item page-item-59437\"><a href=\"https:\/\/euler.euclid.int\/es\/procedimiento-de-gestion-de-asuntos-estudiantiles\/\">Procedimiento de Gesti\u00f3n de Asuntos Estudiantiles<\/a><\/li>\n<li class=\"page_item page-item-59443\"><a href=\"https:\/\/euler.euclid.int\/es\/productos\/\">Productos<\/a><\/li>\n<li class=\"page_item page-item-59407\"><a href=\"https:\/\/euler.euclid.int\/es\/programas-de-becas\/\">Programas de becas<\/a><\/li>\n<li class=\"page_item page-item-59485\"><a href=\"https:\/\/euler.euclid.int\/es\/relaciones-comunitarias\/\">Relaciones Comunitarias<\/a><\/li>\n<li class=\"page_item page-item-59461\"><a href=\"https:\/\/euler.euclid.int\/es\/resultado-de-pago\/\">Resultado de Pago<\/a><\/li>\n<li class=\"page_item page-item-59440\"><a href=\"https:\/\/euler.euclid.int\/es\/sistema-de-denuncias-anonimas-de-euler\/\">Sistema de Denuncias An\u00f3nimas de EULER<\/a><\/li>\n<li class=\"page_item page-item-59389\"><a href=\"https:\/\/euler.euclid.int\/es\/sistema-de-informes-de-recursos-humanos-de-euler\/\">Sistema de Informes de Recursos Humanos de EULER<\/a><\/li>\n<li class=\"page_item page-item-59620\"><a href=\"https:\/\/euler.euclid.int\/es\/solicitar-admision-en-euler\/\">Solicitar admisi\u00f3n en EULER<\/a><\/li>\n<li class=\"page_item page-item-59470\"><a href=\"https:\/\/euler.euclid.int\/es\/todos-los-programas-de-grado\/\">Todos los Programas de Grado<\/a><\/li>\n<li class=\"page_item page-item-59839\"><a href=\"https:\/\/euler.euclid.int\/es\/ubicaciones-oficinas\/\">Ubicaciones \/ Oficinas<\/a><\/li>\n<li class=\"page_item page-item-60793\"><a href=\"https:\/\/euler.euclid.int\/es\/valores-ects\/\">Valores ECTS<\/a><\/li>\n<li class=\"page_item page-item-59713\"><a href=\"https:\/\/euler.euclid.int\/es\/videos-seleccionados\/\">V\u00eddeos seleccionados<\/a><\/li>\n\t\t\t<\/ul>\n\n\t\t\t<\/nav>\t\t\t\t<\/div>\n\t\t\t\t<\/div>\n\t\t\t\t\t<\/div>\n\t\t<\/div>\n\t\t\t\t\t<\/div>\n\t\t<\/section>\n\t\t\t\t<\/div>\n\t\t","protected":false},"excerpt":{"rendered":"","protected":false},"author":1,"featured_media":0,"parent":0,"menu_order":0,"comment_status":"closed","ping_status":"closed","template":"","meta":{"footnotes":""},"class_list":["post-59671","page","type-page","status-publish","hentry"],"yoast_head":"<!-- This site is optimized with the Yoast SEO plugin v27.4 - https:\/\/yoast.com\/product\/yoast-seo-wordpress\/ -->\n<title>A-Z - EFMU: The Euler-Franeker Memorial University and Institute<\/title>\n<meta name=\"robots\" content=\"index, follow, max-snippet:-1, max-image-preview:large, max-video-preview:-1\" \/>\n<link rel=\"canonical\" href=\"https:\/\/euler.euclid.int\/a-z\/\" \/>\n<meta property=\"og:locale\" content=\"es_ES\" \/>\n<meta property=\"og:type\" content=\"article\" \/>\n<meta property=\"og:title\" content=\"A-Z - EFMU: The Euler-Franeker Memorial University and Institute\" \/>\n<meta property=\"og:url\" content=\"https:\/\/euler.euclid.int\/a-z\/\" \/>\n<meta property=\"og:site_name\" content=\"EFMU: The Euler-Franeker Memorial University and Institute\" \/>\n<meta name=\"twitter:card\" content=\"summary_large_image\" \/>\n<script type=\"application\/ld+json\" class=\"yoast-schema-graph\">{\"@context\":\"https:\\\/\\\/schema.org\",\"@graph\":[{\"@type\":\"WebPage\",\"@id\":\"https:\\\/\\\/euler.euclid.int\\\/a-z\\\/\",\"url\":\"https:\\\/\\\/euler.euclid.int\\\/a-z\\\/\",\"name\":\"A-Z - EFMU: The Euler-Franeker Memorial University and Institute\",\"isPartOf\":{\"@id\":\"https:\\\/\\\/euler.euclid.int\\\/#website\"},\"datePublished\":\"2023-08-25T00:04:28+00:00\",\"breadcrumb\":{\"@id\":\"https:\\\/\\\/euler.euclid.int\\\/a-z\\\/#breadcrumb\"},\"inLanguage\":\"es\",\"potentialAction\":[{\"@type\":\"ReadAction\",\"target\":[\"https:\\\/\\\/euler.euclid.int\\\/a-z\\\/\"]}]},{\"@type\":\"BreadcrumbList\",\"@id\":\"https:\\\/\\\/euler.euclid.int\\\/a-z\\\/#breadcrumb\",\"itemListElement\":[{\"@type\":\"ListItem\",\"position\":1,\"name\":\"Home\",\"item\":\"https:\\\/\\\/euler.euclid.int\\\/\"},{\"@type\":\"ListItem\",\"position\":2,\"name\":\"A-Z\"}]},{\"@type\":\"WebSite\",\"@id\":\"https:\\\/\\\/euler.euclid.int\\\/#website\",\"url\":\"https:\\\/\\\/euler.euclid.int\\\/\",\"name\":\"EFMU: The Euler-Franeker Memorial University and Institute\",\"description\":\"Academic and Research Excellence inspired by the Legacy of L. Euler and the University of Franeker\",\"potentialAction\":[{\"@type\":\"SearchAction\",\"target\":{\"@type\":\"EntryPoint\",\"urlTemplate\":\"https:\\\/\\\/euler.euclid.int\\\/?s={search_term_string}\"},\"query-input\":{\"@type\":\"PropertyValueSpecification\",\"valueRequired\":true,\"valueName\":\"search_term_string\"}}],\"inLanguage\":\"es\"}]}<\/script>\n<!-- \/ Yoast SEO plugin. -->","yoast_head_json":{"title":"A-Z - EFMU: The Euler-Franeker Memorial University and Institute","robots":{"index":"index","follow":"follow","max-snippet":"max-snippet:-1","max-image-preview":"max-image-preview:large","max-video-preview":"max-video-preview:-1"},"canonical":"https:\/\/euler.euclid.int\/a-z\/","og_locale":"es_ES","og_type":"article","og_title":"A-Z - EFMU: The Euler-Franeker Memorial University and Institute","og_url":"https:\/\/euler.euclid.int\/a-z\/","og_site_name":"EFMU: The Euler-Franeker Memorial University and Institute","twitter_card":"summary_large_image","schema":{"@context":"https:\/\/schema.org","@graph":[{"@type":"WebPage","@id":"https:\/\/euler.euclid.int\/a-z\/","url":"https:\/\/euler.euclid.int\/a-z\/","name":"A-Z - EFMU: The Euler-Franeker Memorial University and Institute","isPartOf":{"@id":"https:\/\/euler.euclid.int\/#website"},"datePublished":"2023-08-25T00:04:28+00:00","breadcrumb":{"@id":"https:\/\/euler.euclid.int\/a-z\/#breadcrumb"},"inLanguage":"es","potentialAction":[{"@type":"ReadAction","target":["https:\/\/euler.euclid.int\/a-z\/"]}]},{"@type":"BreadcrumbList","@id":"https:\/\/euler.euclid.int\/a-z\/#breadcrumb","itemListElement":[{"@type":"ListItem","position":1,"name":"Home","item":"https:\/\/euler.euclid.int\/"},{"@type":"ListItem","position":2,"name":"A-Z"}]},{"@type":"WebSite","@id":"https:\/\/euler.euclid.int\/#website","url":"https:\/\/euler.euclid.int\/","name":"EFMU: The Euler-Franeker Memorial University and Institute","description":"Academic and Research Excellence inspired by the Legacy of L. Euler and the University of Franeker","potentialAction":[{"@type":"SearchAction","target":{"@type":"EntryPoint","urlTemplate":"https:\/\/euler.euclid.int\/?s={search_term_string}"},"query-input":{"@type":"PropertyValueSpecification","valueRequired":true,"valueName":"search_term_string"}}],"inLanguage":"es"}]}},"_links":{"self":[{"href":"https:\/\/euler.euclid.int\/es\/wp-json\/wp\/v2\/pages\/59671","targetHints":{"allow":["GET"]}}],"collection":[{"href":"https:\/\/euler.euclid.int\/es\/wp-json\/wp\/v2\/pages"}],"about":[{"href":"https:\/\/euler.euclid.int\/es\/wp-json\/wp\/v2\/types\/page"}],"author":[{"embeddable":true,"href":"https:\/\/euler.euclid.int\/es\/wp-json\/wp\/v2\/users\/1"}],"replies":[{"embeddable":true,"href":"https:\/\/euler.euclid.int\/es\/wp-json\/wp\/v2\/comments?post=59671"}],"version-history":[{"count":0,"href":"https:\/\/euler.euclid.int\/es\/wp-json\/wp\/v2\/pages\/59671\/revisions"}],"wp:attachment":[{"href":"https:\/\/euler.euclid.int\/es\/wp-json\/wp\/v2\/media?parent=59671"}],"curies":[{"name":"wp","href":"https:\/\/api.w.org\/{rel}","templated":true}]}}