{"id":59683,"date":"2023-08-25T18:29:18","date_gmt":"2023-08-25T18:29:18","guid":{"rendered":"https:\/\/euler.euclid.int\/matricula\/"},"modified":"2025-07-17T02:00:22","modified_gmt":"2025-07-17T02:00:22","slug":"matricula","status":"publish","type":"page","link":"https:\/\/euler.euclid.int\/es\/matricula\/","title":{"rendered":"Matr\u00edcula"},"content":{"rendered":"\t\t<div data-elementor-type=\"wp-page\" data-elementor-id=\"59683\" class=\"elementor elementor-59683 elementor-54770\" data-elementor-post-type=\"page\">\n\t\t\t\t\t\t<section data-particle_enable=\"false\" data-particle-mobile-disabled=\"false\" class=\"elementor-section elementor-top-section elementor-element elementor-element-fad84a9 elementor-section-boxed elementor-section-height-default elementor-section-height-default\" data-id=\"fad84a9\" data-element_type=\"section\" data-e-type=\"section\">\n\t\t\t\t\t\t<div class=\"elementor-container elementor-column-gap-default\">\n\t\t\t\t\t<div class=\"elementor-column elementor-col-100 elementor-top-column elementor-element elementor-element-c17a8ed\" data-id=\"c17a8ed\" data-element_type=\"column\" data-e-type=\"column\">\n\t\t\t<div class=\"elementor-widget-wrap elementor-element-populated\">\n\t\t\t\t\t\t<div class=\"elementor-element elementor-element-a0c93e3 elementor-widget elementor-widget-text-editor\" data-id=\"a0c93e3\" data-element_type=\"widget\" data-e-type=\"widget\" data-widget_type=\"text-editor.default\">\n\t\t\t\t<div class=\"elementor-widget-container\">\n\t\t\t\t\t\t\t\t\t<p class=\"Basic12\" align=\"left\">Para los estudiantes del p\u00fablico general, la estructura de tarifas de EULER es la siguiente:<\/p><p class=\"style7 style12\" align=\"left\"><span class=\"Basic12\">(1) La moneda de referencia es el USD ($), no el EUR<\/span><\/p><p class=\"style7 style12\" align=\"left\"><span class=\"Basic12\">Al inscribirse, se cobra a los estudiantes una tarifa \u00fanica no reembolsable de $680 (USD) (Tarifa de Admisi\u00f3n Inicial). No hay tarifa de solicitud. <\/span><\/p><p class=\"style7 style12\" align=\"left\"><span class=\"Basic12\">(2) Los estudiantes matriculados pueden solicitar la equivalencia de cr\u00e9ditos, pero solo despu\u00e9s de discutir el asunto con la Secretar\u00eda. Existe una tarifa no reembolsable de 50 USD (en todas las zonas monetarias) por cr\u00e9dito para cubrir el tiempo de admisi\u00f3n\/evaluaci\u00f3n del profesorado necesario para evaluar la evidencia presentada. <\/span><\/p>\t\t\t\t\t\t\t\t<\/div>\n\t\t\t\t<\/div>\n\t\t\t\t<div class=\"elementor-element elementor-element-66d558d elementor-widget elementor-widget-text-editor\" data-id=\"66d558d\" data-element_type=\"widget\" data-e-type=\"widget\" data-widget_type=\"text-editor.default\">\n\t\t\t\t<div class=\"elementor-widget-container\">\n\t\t\t\t\t\t\t\t\t<table border=\"1\" cellspacing=\"2\" cellpadding=\"3\" align=\"center\" bgcolor=\"#FFFFFF\">\n<tbody>\n<tr bgcolor=\"#FFFFCC\">\n<td colspan=\"4\" bgcolor=\"#C5CADA\" height=\"70\">\n<div align=\"center\">\n<p><strong>COSTO POR CR\u00c9DITO Y MATR\u00cdCULA TOTAL<\/strong><\/p>\n<p>Expresado en d\u00f3lares estadounidenses ($)<\/p>\n<\/div>\n<\/td>\n<\/tr>\n<tr bgcolor=\"#FFFFCC\">\n<td width=\"100\" height=\"46\"><b>Nivel<\/b><\/td>\n<td width=\"90\" height=\"46\"><b>cr\u00e9ditos<\/b><\/td>\n<td width=\"130\" height=\"46\"><b>precio por cr\u00e9dito ECTS<\/b><\/td>\n<td width=\"130\" height=\"46\"><b>coste total en USD<\/b><\/td>\n<\/tr>\n<tr>\n<td width=\"100\" height=\"46\">Grado (4 a\u00f1os)<\/td>\n<td width=\"90\" height=\"46\">240 ECTS<\/td>\n<td width=\"130\" height=\"46\">75 USD por ECTS<\/td>\n<td width=\"130\" height=\"46\">$ <span style=\"font-size: 14.4px;\">18.680<\/span> por todo el programa<span style=\"font-size: 14.4px;\"> (libros de texto incluidos)<\/span><\/td>\n<\/tr>\n<tr>\n<td width=\"100\" height=\"46\">LLM europeo (~1 a\u00f1o)<\/td>\n<td width=\"90\" height=\"46\">60 ECTS<\/td>\n<td width=\"130\" height=\"46\">100 USD por ECTS<\/td>\n<td width=\"130\" height=\"46\">$ <span style=\"font-size: 14.4px;\">6.680 por todo el programa (libros de texto incluidos)<\/span><\/td>\n<\/tr>\n<tr>\n<td width=\"100\" height=\"46\">MBA \/ M\u00e1ster (~1 a 1,5 a\u00f1os)<\/td>\n<td width=\"90\" height=\"46\">60 ECTS<\/td>\n<td width=\"130\" height=\"46\">100 USD por ECTS<\/td>\n<td width=\"130\" height=\"46\">$ 6.680 por todo el programa (libros de texto incluidos)<\/td>\n<\/tr>\n<tr>\n<td width=\"100\" height=\"46\">M\u00e1ster de investigaci\u00f3n completo (18-24 meses)<\/td>\n<td width=\"90\" height=\"46\">120 ECTS<\/td>\n<td width=\"130\" height=\"46\">75 USD por ECTS<\/td>\n<td width=\"130\" height=\"46\"><span style=\"font-size: 14.4px;\">$ 9.680<\/span> por todo el programa (libros de texto incluidos)<span style=\"font-size: 14.4px;\"><br><\/span><\/td>\n<\/tr>\n<tr>\n<td width=\"100\" height=\"46\">Doctorado (DBA, PhD) (3-4 a\u00f1os)<\/td>\n<td width=\"90\" height=\"46\">180 ECTS<\/td>\n<td width=\"130\" height=\"46\">75 USD por ECTS<\/td>\n<td width=\"130\" height=\"46\"><span style=\"font-size: 14.4px;\">$ 14.180<\/span> por todo el programa, incluyendo el comit\u00e9 de supervisi\u00f3n de la tesis (libros de texto tambi\u00e9n incluidos)<span style=\"font-size: 14.4px;\"><br><\/span><\/td>\n<\/tr>\n<\/tbody>\n<\/table>\t\t\t\t\t\t\t\t<\/div>\n\t\t\t\t<\/div>\n\t\t\t\t\t<\/div>\n\t\t<\/div>\n\t\t\t\t\t<\/div>\n\t\t<\/section>\n\t\t\t\t<section data-particle_enable=\"false\" data-particle-mobile-disabled=\"false\" class=\"elementor-section elementor-top-section elementor-element elementor-element-a2dffc7 elementor-section-boxed elementor-section-height-default elementor-section-height-default\" data-id=\"a2dffc7\" data-element_type=\"section\" data-e-type=\"section\">\n\t\t\t\t\t\t<div class=\"elementor-container elementor-column-gap-default\">\n\t\t\t\t\t<div class=\"elementor-column elementor-col-100 elementor-top-column elementor-element elementor-element-2e7978c\" data-id=\"2e7978c\" data-element_type=\"column\" data-e-type=\"column\">\n\t\t\t<div class=\"elementor-widget-wrap elementor-element-populated\">\n\t\t\t\t\t\t<div class=\"elementor-element elementor-element-6fd4669 elementor-widget-divider--view-line elementor-widget elementor-widget-divider\" data-id=\"6fd4669\" data-element_type=\"widget\" data-e-type=\"widget\" data-widget_type=\"divider.default\">\n\t\t\t\t<div class=\"elementor-widget-container\">\n\t\t\t\t\t\t\t<div class=\"elementor-divider\">\n\t\t\t<span class=\"elementor-divider-separator\">\n\t\t\t\t\t\t<\/span>\n\t\t<\/div>\n\t\t\t\t\t\t<\/div>\n\t\t\t\t<\/div>\n\t\t\t\t\t<\/div>\n\t\t<\/div>\n\t\t\t\t\t<\/div>\n\t\t<\/section>\n\t\t\t\t<\/div>\n\t\t","protected":false},"excerpt":{"rendered":"<p>Para los estudiantes del p\u00fablico general, la estructura de tarifas de EULER es la siguiente: (1) La moneda de referencia es el USD ($), no el EUR Al inscribirse, se cobra a los estudiantes una tarifa \u00fanica no reembolsable de $680 (USD) (Tarifa de Admisi\u00f3n Inicial). No hay tarifa de solicitud. (2) Los estudiantes matriculados [&hellip;]<\/p>\n","protected":false},"author":1,"featured_media":0,"parent":0,"menu_order":0,"comment_status":"closed","ping_status":"closed","template":"","meta":{"footnotes":""},"class_list":["post-59683","page","type-page","status-publish","hentry"],"yoast_head":"<!-- This site is optimized with the Yoast SEO plugin v27.3 - https:\/\/yoast.com\/product\/yoast-seo-wordpress\/ -->\n<title>Matr\u00edcula - EFMU: The Euler-Franeker Memorial University and Institute<\/title>\n<meta name=\"robots\" content=\"index, follow, max-snippet:-1, max-image-preview:large, max-video-preview:-1\" \/>\n<link rel=\"canonical\" href=\"https:\/\/euler.euclid.int\/es\/matricula\/\" \/>\n<meta property=\"og:locale\" content=\"es_ES\" \/>\n<meta property=\"og:type\" content=\"article\" \/>\n<meta property=\"og:title\" content=\"Matr\u00edcula - EFMU: The Euler-Franeker Memorial University and Institute\" \/>\n<meta property=\"og:description\" content=\"Para los estudiantes del p\u00fablico general, la estructura de tarifas de EULER es la siguiente: (1) La moneda de referencia es el USD ($), no el EUR Al inscribirse, se cobra a los estudiantes una tarifa \u00fanica no reembolsable de $680 (USD) (Tarifa de Admisi\u00f3n Inicial). No hay tarifa de solicitud. (2) Los estudiantes matriculados [&hellip;]\" \/>\n<meta property=\"og:url\" content=\"https:\/\/euler.euclid.int\/es\/matricula\/\" \/>\n<meta property=\"og:site_name\" content=\"EFMU: The Euler-Franeker Memorial University and Institute\" \/>\n<meta property=\"article:modified_time\" content=\"2025-07-17T02:00:22+00:00\" \/>\n<meta name=\"twitter:card\" content=\"summary_large_image\" \/>\n<meta name=\"twitter:label1\" content=\"Tiempo de lectura\" \/>\n\t<meta name=\"twitter:data1\" content=\"1 minuto\" \/>\n<script type=\"application\/ld+json\" class=\"yoast-schema-graph\">{\"@context\":\"https:\\\/\\\/schema.org\",\"@graph\":[{\"@type\":\"WebPage\",\"@id\":\"https:\\\/\\\/euler.euclid.int\\\/es\\\/matricula\\\/\",\"url\":\"https:\\\/\\\/euler.euclid.int\\\/es\\\/matricula\\\/\",\"name\":\"Matr\u00edcula - EFMU: The Euler-Franeker Memorial University and Institute\",\"isPartOf\":{\"@id\":\"https:\\\/\\\/euler.euclid.int\\\/#website\"},\"datePublished\":\"2023-08-25T18:29:18+00:00\",\"dateModified\":\"2025-07-17T02:00:22+00:00\",\"breadcrumb\":{\"@id\":\"https:\\\/\\\/euler.euclid.int\\\/es\\\/matricula\\\/#breadcrumb\"},\"inLanguage\":\"es\",\"potentialAction\":[{\"@type\":\"ReadAction\",\"target\":[\"https:\\\/\\\/euler.euclid.int\\\/es\\\/matricula\\\/\"]}]},{\"@type\":\"BreadcrumbList\",\"@id\":\"https:\\\/\\\/euler.euclid.int\\\/es\\\/matricula\\\/#breadcrumb\",\"itemListElement\":[{\"@type\":\"ListItem\",\"position\":1,\"name\":\"Home\",\"item\":\"https:\\\/\\\/euler.euclid.int\\\/\"},{\"@type\":\"ListItem\",\"position\":2,\"name\":\"Matr\u00edcula\"}]},{\"@type\":\"WebSite\",\"@id\":\"https:\\\/\\\/euler.euclid.int\\\/#website\",\"url\":\"https:\\\/\\\/euler.euclid.int\\\/\",\"name\":\"EFMU: The Euler-Franeker Memorial University and Institute\",\"description\":\"Academic and Research Excellence inspired by the Legacy of L. Euler and the University of Franeker\",\"potentialAction\":[{\"@type\":\"SearchAction\",\"target\":{\"@type\":\"EntryPoint\",\"urlTemplate\":\"https:\\\/\\\/euler.euclid.int\\\/?s={search_term_string}\"},\"query-input\":{\"@type\":\"PropertyValueSpecification\",\"valueRequired\":true,\"valueName\":\"search_term_string\"}}],\"inLanguage\":\"es\"}]}<\/script>\n<!-- \/ Yoast SEO plugin. -->","yoast_head_json":{"title":"Matr\u00edcula - EFMU: The Euler-Franeker Memorial University and Institute","robots":{"index":"index","follow":"follow","max-snippet":"max-snippet:-1","max-image-preview":"max-image-preview:large","max-video-preview":"max-video-preview:-1"},"canonical":"https:\/\/euler.euclid.int\/es\/matricula\/","og_locale":"es_ES","og_type":"article","og_title":"Matr\u00edcula - EFMU: The Euler-Franeker Memorial University and Institute","og_description":"Para los estudiantes del p\u00fablico general, la estructura de tarifas de EULER es la siguiente: (1) La moneda de referencia es el USD ($), no el EUR Al inscribirse, se cobra a los estudiantes una tarifa \u00fanica no reembolsable de $680 (USD) (Tarifa de Admisi\u00f3n Inicial). No hay tarifa de solicitud. (2) Los estudiantes matriculados [&hellip;]","og_url":"https:\/\/euler.euclid.int\/es\/matricula\/","og_site_name":"EFMU: The Euler-Franeker Memorial University and Institute","article_modified_time":"2025-07-17T02:00:22+00:00","twitter_card":"summary_large_image","twitter_misc":{"Tiempo de lectura":"1 minuto"},"schema":{"@context":"https:\/\/schema.org","@graph":[{"@type":"WebPage","@id":"https:\/\/euler.euclid.int\/es\/matricula\/","url":"https:\/\/euler.euclid.int\/es\/matricula\/","name":"Matr\u00edcula - EFMU: The Euler-Franeker Memorial University and Institute","isPartOf":{"@id":"https:\/\/euler.euclid.int\/#website"},"datePublished":"2023-08-25T18:29:18+00:00","dateModified":"2025-07-17T02:00:22+00:00","breadcrumb":{"@id":"https:\/\/euler.euclid.int\/es\/matricula\/#breadcrumb"},"inLanguage":"es","potentialAction":[{"@type":"ReadAction","target":["https:\/\/euler.euclid.int\/es\/matricula\/"]}]},{"@type":"BreadcrumbList","@id":"https:\/\/euler.euclid.int\/es\/matricula\/#breadcrumb","itemListElement":[{"@type":"ListItem","position":1,"name":"Home","item":"https:\/\/euler.euclid.int\/"},{"@type":"ListItem","position":2,"name":"Matr\u00edcula"}]},{"@type":"WebSite","@id":"https:\/\/euler.euclid.int\/#website","url":"https:\/\/euler.euclid.int\/","name":"EFMU: The Euler-Franeker Memorial University and Institute","description":"Academic and Research Excellence inspired by the Legacy of L. Euler and the University of Franeker","potentialAction":[{"@type":"SearchAction","target":{"@type":"EntryPoint","urlTemplate":"https:\/\/euler.euclid.int\/?s={search_term_string}"},"query-input":{"@type":"PropertyValueSpecification","valueRequired":true,"valueName":"search_term_string"}}],"inLanguage":"es"}]}},"_links":{"self":[{"href":"https:\/\/euler.euclid.int\/es\/wp-json\/wp\/v2\/pages\/59683","targetHints":{"allow":["GET"]}}],"collection":[{"href":"https:\/\/euler.euclid.int\/es\/wp-json\/wp\/v2\/pages"}],"about":[{"href":"https:\/\/euler.euclid.int\/es\/wp-json\/wp\/v2\/types\/page"}],"author":[{"embeddable":true,"href":"https:\/\/euler.euclid.int\/es\/wp-json\/wp\/v2\/users\/1"}],"replies":[{"embeddable":true,"href":"https:\/\/euler.euclid.int\/es\/wp-json\/wp\/v2\/comments?post=59683"}],"version-history":[{"count":1,"href":"https:\/\/euler.euclid.int\/es\/wp-json\/wp\/v2\/pages\/59683\/revisions"}],"predecessor-version":[{"id":61036,"href":"https:\/\/euler.euclid.int\/es\/wp-json\/wp\/v2\/pages\/59683\/revisions\/61036"}],"wp:attachment":[{"href":"https:\/\/euler.euclid.int\/es\/wp-json\/wp\/v2\/media?parent=59683"}],"curies":[{"name":"wp","href":"https:\/\/api.w.org\/{rel}","templated":true}]}}