{"id":59743,"date":"2023-01-06T04:33:25","date_gmt":"2023-01-06T04:33:25","guid":{"rendered":"https:\/\/euler.euclid.int\/correspondencia-de-euler-con-bernoulli\/"},"modified":"2023-01-06T04:33:25","modified_gmt":"2023-01-06T04:33:25","slug":"correspondencia-de-euler-con-bernoulli","status":"publish","type":"page","link":"https:\/\/euler.euclid.int\/es\/correspondencia-de-euler-con-bernoulli\/","title":{"rendered":"Correspondencia de Euler con Bernoulli"},"content":{"rendered":"<p>Leonhard Euler (1667-1748) fue un matem\u00e1tico suizo.<\/p>\n<p>Junto con su hermano Jacob (con quien mantuvo una feroz rivalidad famosa hasta el d\u00eda de hoy), Johann Bernoulli fund\u00f3 la dinast\u00eda Bernoulli, una impresionante familia de matem\u00e1ticos y cient\u00edficos que realizar\u00eda importantes trabajos en toda Europa durante generaciones.<\/p>\n<p>Fue Johann Bernoulli quien instruy\u00f3 a Euler en matem\u00e1ticas cuando era joven, y quien encamin\u00f3 a Euler hacia la grandeza cient\u00edfica.<\/p>\n<p><b>Informaci\u00f3n de Publicaci\u00f3n:<\/b><\/p>\n<ul>\n<li>PH Fuss public\u00f3 14 cartas de J. Bernoulli a Euler en su <i>Correspondance math\u00e9matique et physique de quelques c\u00e9l\u00e8bres g\u00e9om\u00e8tres du XVIII\u00e8me si\u00e8cle<\/i>.<\/li>\n<\/ul>\n<p>Las 14 cartas de Johann Bernoulli a Euler de la Correspondencia de Fuss est\u00e1n disponibles aqu\u00ed. El Archivo Euler pronto las separar\u00e1 en cartas individuales, pero hasta entonces, se presentan aqu\u00ed: <\/p>\n<ul>\n<li><a href=\"http:\/\/eulerarchive.maa.org\/correspondence\/fuss\/johannbernoulli.pdf\">Cartas de Bernoulli a Euler<\/a><\/li>\n<\/ul>\n<p><b>Lista de toda la correspondencia conocida<\/b> (38 cartas en total):<\/p>\n<table>\n<tbody>\n<tr>\n<td width=\"90\">OO190<\/td>\n<p><cx id=\"gid_1\"><\/cx><\/p>\n<td width=\"150\">Euler a Bernoulli<\/td>\n<p><cx id=\"gid_3\"><\/cx><\/p>\n<td align=\"right\">05 de noviembre, 1727<\/td>\n<\/tr>\n<tr>\n<td width=\"90\">OO191<\/td>\n<p><cx id=\"gid_1\"><\/cx><\/p>\n<td width=\"150\">Bernoulli a Euler<\/td>\n<p><cx id=\"gid_3\"><\/cx><\/p>\n<td align=\"right\">09 de enero, 1728<\/td>\n<p><cx id=\"gid_5\"><\/cx><\/p>\n<td align=\"center\" width=\"150\"><a href=\"http:\/\/eulerarchive.maa.org\/correspondence\/letters\/OO0191.pdf\">Copia de OO191<\/a><\/td>\n<\/tr>\n<tr>\n<td width=\"90\">OO192<\/td>\n<p><cx id=\"gid_1\"><\/cx><\/p>\n<td width=\"150\">Euler a Bernoulli<\/td>\n<p><cx id=\"gid_3\"><\/cx><\/p>\n<td align=\"right\">10 de diciembre, 1728<\/td>\n<\/tr>\n<tr>\n<td width=\"90\">OO193<\/td>\n<p><cx id=\"gid_1\"><\/cx><\/p>\n<td width=\"150\">Euler a Bernoulli<\/td>\n<p><cx id=\"gid_3\"><\/cx><\/p>\n<td align=\"right\">18 de febrero, 1729<\/td>\n<\/tr>\n<tr>\n<td width=\"90\">OO194<\/td>\n<p><cx id=\"gid_1\"><\/cx><\/p>\n<td width=\"150\">Bernoulli a Euler<\/td>\n<p><cx id=\"gid_3\"><\/cx><\/p>\n<td align=\"right\">18 de abril, 1729<\/td>\n<\/tr>\n<tr>\n<td width=\"90\">OO195<\/td>\n<p><cx id=\"gid_1\"><\/cx><\/p>\n<td width=\"150\">Euler a Bernoulli<\/td>\n<p><cx id=\"gid_3\"><\/cx><\/p>\n<td align=\"right\">16 de mayo, 1729<\/td>\n<\/tr>\n<tr>\n<td width=\"90\">OO196<\/td>\n<p><cx id=\"gid_1\"><\/cx><\/p>\n<td width=\"150\">Euler a Bernoulli<\/td>\n<p><cx id=\"gid_3\"><\/cx><\/p>\n<td align=\"right\">21 de octubre, 1729<\/td>\n<\/tr>\n<tr>\n<td width=\"90\">OO197<\/td>\n<p><cx id=\"gid_1\"><\/cx><\/p>\n<td width=\"150\">Bernoulli a Euler<\/td>\n<p><cx id=\"gid_3\"><\/cx><\/p>\n<td align=\"right\">17 de diciembre, 1729<\/td>\n<\/tr>\n<tr>\n<td width=\"90\">OO198<\/td>\n<p><cx id=\"gid_1\"><\/cx><\/p>\n<td width=\"150\">Euler a Bernoulli<\/td>\n<p><cx id=\"gid_3\"><\/cx><\/p>\n<td align=\"right\">22 de julio, 1730<\/td>\n<\/tr>\n<tr>\n<td width=\"90\">OO199<\/td>\n<p><cx id=\"gid_1\"><\/cx><\/p>\n<td width=\"150\">Euler a Bernoulli<\/td>\n<p><cx id=\"gid_3\"><\/cx><\/p>\n<td align=\"right\">25 de mayo, 1731<\/td>\n<\/tr>\n<tr>\n<td width=\"90\">OO200<\/td>\n<p><cx id=\"gid_1\"><\/cx><\/p>\n<td width=\"150\">Bernoulli a Euler<\/td>\n<p><cx id=\"gid_3\"><\/cx><\/p>\n<td align=\"right\">11 de agosto, 1731<\/td>\n<p><cx id=\"gid_5\"><\/cx><\/p>\n<td align=\"center\" width=\"150\"><a href=\"http:\/\/eulerarchive.maa.org\/correspondence\/letters\/OO0200.pdf\">Copia de OO200<\/a><\/td>\n<\/tr>\n<tr>\n<td width=\"90\">OO201<\/td>\n<p><cx id=\"gid_1\"><\/cx><\/p>\n<td width=\"150\">Bernoulli a Euler<\/td>\n<p><cx id=\"gid_3\"><\/cx><\/p>\n<td align=\"right\">02 de abril, 1737<\/td>\n<p><cx id=\"gid_5\"><\/cx><\/p>\n<td align=\"center\" width=\"150\"><a href=\"http:\/\/eulerarchive.maa.org\/correspondence\/letters\/OO0201.pdf\">Copia de OO201<\/a><\/td>\n<\/tr>\n<tr>\n<td width=\"90\">OO202<\/td>\n<p><cx id=\"gid_1\"><\/cx><\/p>\n<td width=\"150\">Euler a Bernoulli<\/td>\n<p><cx id=\"gid_3\"><\/cx><\/p>\n<td align=\"right\">27 de agosto, 1737<\/td>\n<\/tr>\n<tr>\n<td width=\"90\">OO203<\/td>\n<p><cx id=\"gid_1\"><\/cx><\/p>\n<td width=\"150\">Bernoulli a Euler<\/td>\n<p><cx id=\"gid_3\"><\/cx><\/p>\n<td align=\"right\">06 de noviembre, 1737<\/td>\n<\/tr>\n<tr>\n<td width=\"90\">OO204<\/td>\n<p><cx id=\"gid_1\"><\/cx><\/p>\n<td width=\"150\">Euler a Bernoulli<\/td>\n<p><cx id=\"gid_3\"><\/cx><\/p>\n<td align=\"right\">10 de diciembre, 1737<\/td>\n<\/tr>\n<tr>\n<td width=\"90\">OO205<\/td>\n<p><cx id=\"gid_1\"><\/cx><\/p>\n<td width=\"150\">Bernoulli a Euler<\/td>\n<p><cx id=\"gid_3\"><\/cx><\/p>\n<td align=\"right\">26 de marzo, 1738<\/td>\n<\/tr>\n<tr>\n<td width=\"90\">OO206<\/td>\n<p><cx id=\"gid_1\"><\/cx><\/p>\n<td width=\"150\">Euler a Bernoulli<\/td>\n<p><cx id=\"gid_3\"><\/cx><\/p>\n<td align=\"right\">26 de abril, 1738<\/td>\n<\/tr>\n<tr>\n<td width=\"90\">OO207<\/td>\n<p><cx id=\"gid_1\"><\/cx><\/p>\n<td width=\"150\">Bernoulli a Euler<\/td>\n<p><cx id=\"gid_3\"><\/cx><\/p>\n<td align=\"right\">12 de julio, 1738<\/td>\n<\/tr>\n<tr>\n<td width=\"90\">OO208<\/td>\n<p><cx id=\"gid_1\"><\/cx><\/p>\n<td width=\"150\">Euler a Bernoulli<\/td>\n<p><cx id=\"gid_3\"><\/cx><\/p>\n<td align=\"right\">30 de julio, 1738<\/td>\n<\/tr>\n<tr>\n<td width=\"90\">OO209<\/td>\n<p><cx id=\"gid_1\"><\/cx><\/p>\n<td width=\"150\">Bernoulli a Euler<\/td>\n<p><cx id=\"gid_3\"><\/cx><\/p>\n<td align=\"right\">11 de octubre, 1738<\/td>\n<\/tr>\n<tr>\n<td width=\"90\">OO210<\/td>\n<p><cx id=\"gid_1\"><\/cx><\/p>\n<td width=\"150\">Euler a Bernoulli<\/td>\n<p><cx id=\"gid_3\"><\/cx><\/p>\n<td align=\"right\">20 de diciembre, 1738<\/td>\n<\/tr>\n<tr>\n<td width=\"90\">OO211<\/td>\n<p><cx id=\"gid_1\"><\/cx><\/p>\n<td width=\"150\">Bernoulli a Euler<\/td>\n<p><cx id=\"gid_3\"><\/cx><\/p>\n<td align=\"right\">07 de marzo, 1739<\/td>\n<p><cx id=\"gid_5\"><\/cx><\/p>\n<td align=\"center\" width=\"150\"><a href=\"http:\/\/eulerarchive.maa.org\/correspondence\/letters\/OO0211.pdf\">Copia de OO211<\/a><\/td>\n<\/tr>\n<tr>\n<td width=\"90\">OO212<\/td>\n<p><cx id=\"gid_1\"><\/cx><\/p>\n<td width=\"150\">Euler a Bernoulli<\/td>\n<p><cx id=\"gid_3\"><\/cx><\/p>\n<td align=\"right\">05 de mayo, 1739<\/td>\n<\/tr>\n<tr>\n<td width=\"90\">OO213<\/td>\n<p><cx id=\"gid_1\"><\/cx><\/p>\n<td width=\"150\">Euler a Bernoulli<\/td>\n<p><cx id=\"gid_3\"><\/cx><\/p>\n<td align=\"right\">15 de septiembre, 1739<\/td>\n<\/tr>\n<tr>\n<td width=\"90\">OO214<\/td>\n<p><cx id=\"gid_1\"><\/cx><\/p>\n<td width=\"150\">Bernoulli a Euler<\/td>\n<p><cx id=\"gid_3\"><\/cx><\/p>\n<td align=\"right\">09 de diciembre, 1739<\/td>\n<p><cx id=\"gid_5\"><\/cx><\/p>\n<td align=\"center\" width=\"150\"><a href=\"http:\/\/eulerarchive.maa.org\/correspondence\/letters\/OO0214.pdf\">Copia de OO214<\/a><\/td>\n<\/tr>\n<tr>\n<td width=\"90\">OO215<\/td>\n<p><cx id=\"gid_1\"><\/cx><\/p>\n<td width=\"150\">Euler a Bernoulli<\/td>\n<p><cx id=\"gid_3\"><\/cx><\/p>\n<td align=\"right\">19 de enero, 1740<\/td>\n<\/tr>\n<tr>\n<td width=\"90\">OO216<\/td>\n<p><cx id=\"gid_1\"><\/cx><\/p>\n<td width=\"150\">Bernoulli a Euler<\/td>\n<p><cx id=\"gid_3\"><\/cx><\/p>\n<td align=\"right\">16 de abril, 1740<\/td>\n<p><cx id=\"gid_5\"><\/cx><\/p>\n<td align=\"center\" width=\"150\"><a href=\"http:\/\/eulerarchive.maa.org\/correspondence\/letters\/OO0216.pdf\">Copia de OO216<\/a><\/td>\n<\/tr>\n<tr>\n<td width=\"90\">OO217<\/td>\n<p><cx id=\"gid_1\"><\/cx><\/p>\n<td width=\"150\">Euler a Bernoulli<\/td>\n<p><cx id=\"gid_3\"><\/cx><\/p>\n<td align=\"right\">20 de junio, 1740<\/td>\n<\/tr>\n<tr>\n<td width=\"90\">OO218<\/td>\n<p><cx id=\"gid_1\"><\/cx><\/p>\n<td width=\"150\">Bernoulli a Euler<\/td>\n<p><cx id=\"gid_3\"><\/cx><\/p>\n<td align=\"right\">31 de agosto, 1740<\/td>\n<p><cx id=\"gid_5\"><\/cx><\/p>\n<td align=\"center\" width=\"150\"><a href=\"http:\/\/eulerarchive.maa.org\/correspondence\/letters\/OO0218.pdf\">Copia de OO218<\/a><\/td>\n<\/tr>\n<tr>\n<td width=\"90\">OO219<\/td>\n<td width=\"150\">De Euler a Bernoulli<\/td>\n<td align=\"right\">18 de octubre de 1740<\/td>\n<\/tr>\n<tr>\n<td width=\"90\">OO220<\/td>\n<td width=\"150\">De Bernoulli a Euler<\/td>\n<td align=\"right\">18 de febrero de 1741<\/td>\n<\/tr>\n<tr>\n<td width=\"90\">OO221<\/td>\n<td width=\"150\">De Bernoulli a Euler<\/td>\n<td align=\"right\">28 de octubre de 1741<\/td>\n<td align=\"center\" width=\"150\"><a href=\"http:\/\/eulerarchive.maa.org\/correspondence\/letters\/OO0221.pdf\">Copia de OO221<\/a><\/td>\n<\/tr>\n<tr>\n<td width=\"90\">OO222<\/td>\n<td width=\"150\">De Bernoulli a Euler<\/td>\n<td align=\"right\">15 de marzo de 1742<\/td>\n<td align=\"center\" width=\"150\"><a href=\"http:\/\/eulerarchive.maa.org\/correspondence\/letters\/OO0222.pdf\">Copia de OO222<\/a><\/td>\n<\/tr>\n<tr>\n<td width=\"90\">OO223<\/td>\n<td width=\"150\">De Bernoulli a Euler<\/td>\n<td align=\"right\">27 de agosto de 1742<\/td>\n<td align=\"center\" width=\"150\"><a href=\"http:\/\/eulerarchive.maa.org\/correspondence\/letters\/OO0223.pdf\">Copia de OO223<\/a><\/td>\n<\/tr>\n<tr>\n<td width=\"90\">OO224<\/td>\n<td width=\"150\">De Bernoulli a Euler<\/td>\n<td align=\"right\">31 de marzo de 1743<\/td>\n<td align=\"center\" width=\"150\"><a href=\"http:\/\/eulerarchive.maa.org\/correspondence\/letters\/OO0224.pdf\">Copia de OO224<\/a><\/td>\n<\/tr>\n<tr>\n<td width=\"90\">OO225<\/td>\n<td width=\"150\">De Bernoulli a Euler<\/td>\n<td align=\"right\">Abril de 1744<\/td>\n<\/tr>\n<tr>\n<td width=\"90\">OO226<\/td>\n<td width=\"150\">De Bernoulli a Euler<\/td>\n<td align=\"right\">23 de septiembre de 1745<\/td>\n<td align=\"center\" width=\"150\"><a href=\"http:\/\/eulerarchive.maa.org\/correspondence\/letters\/OO0226.pdf\">Copia de OO226<\/a><\/td>\n<\/tr>\n<tr>\n<td width=\"90\">Clasificaci\u00f3n desconocida<\/td>\n<td width=\"150\">De Bernoulli a Euler<\/td>\n<td align=\"right\">24 de mayo de 1746<\/td>\n<td align=\"center\" width=\"150\"><a href=\"http:\/\/eulerarchive.maa.org\/correspondence\/letters\/JBunknown1.pdf\">Copia de carta<\/a><\/td>\n<\/tr>\n<tr>\n<td width=\"90\">Clasificaci\u00f3n desconocida<\/td>\n<td width=\"150\">De Bernoulli a Euler<\/td>\n<td align=\"right\">1 de septiembre de 1741<\/td>\n<td align=\"center\" width=\"150\"><a href=\"http:\/\/eulerarchive.maa.org\/correspondence\/letters\/JBunknown2.pdf\">Copia de carta<\/a><\/td>\n<\/tr>\n<\/tbody>\n<\/table>\n<p>&nbsp;<\/p>\n","protected":false},"excerpt":{"rendered":"<p>Leonhard Euler (1667-1748) fue un matem\u00e1tico suizo. Junto con su hermano Jacob (con quien mantuvo una feroz rivalidad famosa hasta el d\u00eda de hoy), Johann Bernoulli fund\u00f3 la dinast\u00eda Bernoulli, una impresionante familia de matem\u00e1ticos y cient\u00edficos que realizar\u00eda importantes trabajos en toda Europa durante generaciones. Fue Johann Bernoulli quien instruy\u00f3 a Euler en matem\u00e1ticas [&hellip;]<\/p>\n","protected":false},"author":1,"featured_media":0,"parent":0,"menu_order":0,"comment_status":"closed","ping_status":"closed","template":"","meta":{"footnotes":""},"class_list":["post-59743","page","type-page","status-publish","hentry"],"yoast_head":"<!-- This site is optimized with the Yoast SEO plugin v27.3 - https:\/\/yoast.com\/product\/yoast-seo-wordpress\/ -->\n<title>Correspondencia de Euler con Bernoulli - EFMU: The Euler-Franeker Memorial University and Institute<\/title>\n<meta name=\"robots\" content=\"index, follow, max-snippet:-1, max-image-preview:large, max-video-preview:-1\" \/>\n<link rel=\"canonical\" href=\"https:\/\/euler.euclid.int\/correspondencia-de-euler-con-bernoulli\/\" \/>\n<meta property=\"og:locale\" content=\"es_ES\" \/>\n<meta property=\"og:type\" content=\"article\" \/>\n<meta property=\"og:title\" content=\"Correspondencia de Euler con Bernoulli - EFMU: The Euler-Franeker Memorial University and Institute\" \/>\n<meta property=\"og:description\" content=\"Leonhard Euler (1667-1748) fue un matem\u00e1tico suizo. Junto con su hermano Jacob (con quien mantuvo una feroz rivalidad famosa hasta el d\u00eda de hoy), Johann Bernoulli fund\u00f3 la dinast\u00eda Bernoulli, una impresionante familia de matem\u00e1ticos y cient\u00edficos que realizar\u00eda importantes trabajos en toda Europa durante generaciones. Fue Johann Bernoulli quien instruy\u00f3 a Euler en matem\u00e1ticas [&hellip;]\" \/>\n<meta property=\"og:url\" content=\"https:\/\/euler.euclid.int\/correspondencia-de-euler-con-bernoulli\/\" \/>\n<meta property=\"og:site_name\" content=\"EFMU: The Euler-Franeker Memorial University and Institute\" \/>\n<meta name=\"twitter:card\" content=\"summary_large_image\" \/>\n<meta name=\"twitter:label1\" content=\"Tiempo de lectura\" \/>\n\t<meta name=\"twitter:data1\" content=\"2 minutos\" \/>\n<script type=\"application\/ld+json\" class=\"yoast-schema-graph\">{\"@context\":\"https:\\\/\\\/schema.org\",\"@graph\":[{\"@type\":\"WebPage\",\"@id\":\"https:\\\/\\\/euler.euclid.int\\\/correspondencia-de-euler-con-bernoulli\\\/\",\"url\":\"https:\\\/\\\/euler.euclid.int\\\/correspondencia-de-euler-con-bernoulli\\\/\",\"name\":\"Correspondencia de Euler con Bernoulli - EFMU: The Euler-Franeker Memorial University and Institute\",\"isPartOf\":{\"@id\":\"https:\\\/\\\/euler.euclid.int\\\/#website\"},\"datePublished\":\"2023-01-06T04:33:25+00:00\",\"breadcrumb\":{\"@id\":\"https:\\\/\\\/euler.euclid.int\\\/correspondencia-de-euler-con-bernoulli\\\/#breadcrumb\"},\"inLanguage\":\"es\",\"potentialAction\":[{\"@type\":\"ReadAction\",\"target\":[\"https:\\\/\\\/euler.euclid.int\\\/correspondencia-de-euler-con-bernoulli\\\/\"]}]},{\"@type\":\"BreadcrumbList\",\"@id\":\"https:\\\/\\\/euler.euclid.int\\\/correspondencia-de-euler-con-bernoulli\\\/#breadcrumb\",\"itemListElement\":[{\"@type\":\"ListItem\",\"position\":1,\"name\":\"Home\",\"item\":\"https:\\\/\\\/euler.euclid.int\\\/\"},{\"@type\":\"ListItem\",\"position\":2,\"name\":\"Correspondencia de Euler con Bernoulli\"}]},{\"@type\":\"WebSite\",\"@id\":\"https:\\\/\\\/euler.euclid.int\\\/#website\",\"url\":\"https:\\\/\\\/euler.euclid.int\\\/\",\"name\":\"EFMU: The Euler-Franeker Memorial University and Institute\",\"description\":\"Academic and Research Excellence inspired by the Legacy of L. Euler and the University of Franeker\",\"potentialAction\":[{\"@type\":\"SearchAction\",\"target\":{\"@type\":\"EntryPoint\",\"urlTemplate\":\"https:\\\/\\\/euler.euclid.int\\\/?s={search_term_string}\"},\"query-input\":{\"@type\":\"PropertyValueSpecification\",\"valueRequired\":true,\"valueName\":\"search_term_string\"}}],\"inLanguage\":\"es\"}]}<\/script>\n<!-- \/ Yoast SEO plugin. -->","yoast_head_json":{"title":"Correspondencia de Euler con Bernoulli - EFMU: The Euler-Franeker Memorial University and Institute","robots":{"index":"index","follow":"follow","max-snippet":"max-snippet:-1","max-image-preview":"max-image-preview:large","max-video-preview":"max-video-preview:-1"},"canonical":"https:\/\/euler.euclid.int\/correspondencia-de-euler-con-bernoulli\/","og_locale":"es_ES","og_type":"article","og_title":"Correspondencia de Euler con Bernoulli - EFMU: The Euler-Franeker Memorial University and Institute","og_description":"Leonhard Euler (1667-1748) fue un matem\u00e1tico suizo. Junto con su hermano Jacob (con quien mantuvo una feroz rivalidad famosa hasta el d\u00eda de hoy), Johann Bernoulli fund\u00f3 la dinast\u00eda Bernoulli, una impresionante familia de matem\u00e1ticos y cient\u00edficos que realizar\u00eda importantes trabajos en toda Europa durante generaciones. Fue Johann Bernoulli quien instruy\u00f3 a Euler en matem\u00e1ticas [&hellip;]","og_url":"https:\/\/euler.euclid.int\/correspondencia-de-euler-con-bernoulli\/","og_site_name":"EFMU: The Euler-Franeker Memorial University and Institute","twitter_card":"summary_large_image","twitter_misc":{"Tiempo de lectura":"2 minutos"},"schema":{"@context":"https:\/\/schema.org","@graph":[{"@type":"WebPage","@id":"https:\/\/euler.euclid.int\/correspondencia-de-euler-con-bernoulli\/","url":"https:\/\/euler.euclid.int\/correspondencia-de-euler-con-bernoulli\/","name":"Correspondencia de Euler con Bernoulli - EFMU: The Euler-Franeker Memorial University and Institute","isPartOf":{"@id":"https:\/\/euler.euclid.int\/#website"},"datePublished":"2023-01-06T04:33:25+00:00","breadcrumb":{"@id":"https:\/\/euler.euclid.int\/correspondencia-de-euler-con-bernoulli\/#breadcrumb"},"inLanguage":"es","potentialAction":[{"@type":"ReadAction","target":["https:\/\/euler.euclid.int\/correspondencia-de-euler-con-bernoulli\/"]}]},{"@type":"BreadcrumbList","@id":"https:\/\/euler.euclid.int\/correspondencia-de-euler-con-bernoulli\/#breadcrumb","itemListElement":[{"@type":"ListItem","position":1,"name":"Home","item":"https:\/\/euler.euclid.int\/"},{"@type":"ListItem","position":2,"name":"Correspondencia de Euler con Bernoulli"}]},{"@type":"WebSite","@id":"https:\/\/euler.euclid.int\/#website","url":"https:\/\/euler.euclid.int\/","name":"EFMU: The Euler-Franeker Memorial University and Institute","description":"Academic and Research Excellence inspired by the Legacy of L. Euler and the University of Franeker","potentialAction":[{"@type":"SearchAction","target":{"@type":"EntryPoint","urlTemplate":"https:\/\/euler.euclid.int\/?s={search_term_string}"},"query-input":{"@type":"PropertyValueSpecification","valueRequired":true,"valueName":"search_term_string"}}],"inLanguage":"es"}]}},"_links":{"self":[{"href":"https:\/\/euler.euclid.int\/es\/wp-json\/wp\/v2\/pages\/59743","targetHints":{"allow":["GET"]}}],"collection":[{"href":"https:\/\/euler.euclid.int\/es\/wp-json\/wp\/v2\/pages"}],"about":[{"href":"https:\/\/euler.euclid.int\/es\/wp-json\/wp\/v2\/types\/page"}],"author":[{"embeddable":true,"href":"https:\/\/euler.euclid.int\/es\/wp-json\/wp\/v2\/users\/1"}],"replies":[{"embeddable":true,"href":"https:\/\/euler.euclid.int\/es\/wp-json\/wp\/v2\/comments?post=59743"}],"version-history":[{"count":0,"href":"https:\/\/euler.euclid.int\/es\/wp-json\/wp\/v2\/pages\/59743\/revisions"}],"wp:attachment":[{"href":"https:\/\/euler.euclid.int\/es\/wp-json\/wp\/v2\/media?parent=59743"}],"curies":[{"name":"wp","href":"https:\/\/api.w.org\/{rel}","templated":true}]}}