{"id":59866,"date":"2020-01-15T01:46:34","date_gmt":"2020-01-15T01:46:34","guid":{"rendered":"https:\/\/euler.euclid.int\/post-doc\/"},"modified":"2020-01-15T01:46:34","modified_gmt":"2020-01-15T01:46:34","slug":"post-doc","status":"publish","type":"page","link":"https:\/\/euler.euclid.int\/es\/post-doc\/","title":{"rendered":"Post Doc"},"content":{"rendered":"<div class=\"WaaZC Zh8Myb\">\n<div class=\"rPeykc PZPZlf\" data-attrid=\"SGEParagraphFeedback\" data-hveid=\"CAAQAA\" data-ved=\"2ahUKEwjpt9jyzKaCAxVpJUQIHT5qDNcQo_EKegQIABAA\">Un post doc, o investigador postdoctoral, es <strong class=\"QVRyCf\">una persona que realiza investigaci\u00f3n de manera profesional despu\u00e9s de completar sus estudios doctorales<\/strong>. Los puestos postdoctorales son t\u00edpicamente nombramientos acad\u00e9micos temporales que act\u00faan como un paso intermedio entre la experiencia estudiantil y la experiencia profesional a tiempo completo. <span class=\"UV3uM\"> <\/span><\/p>\n<div class=\"NPrrbc\" data-cid=\"_aEJEZenjOunKkPIPvtSxuA0_3\" data-bt=\"1\">\n<div class=\"BMebGe k0Jjg fCrZyc LwdV0e FR7ZSc OJeuxf PrjL8c\" tabindex=\"0\" role=\"button\" aria-label=\"Expand\" data-hveid=\"CAEQAA\" data-ved=\"2ahUKEwjpt9jyzKaCAxVpJUQIHT5qDNcQ3fYKegQIARAA\">\n<div class=\"niO4u VDgVie SlP8xc iCQO5d\">\n<div class=\"kHtcsd\"><\/div>\n<\/div>\n<\/div>\n<\/div>\n<\/div>\n<\/div>\n<div class=\"WaaZC Zh8Myb\">\n<div class=\"rPeykc PZPZlf\" data-attrid=\"SGEParagraphFeedback\" data-hveid=\"CAIQAA\" data-ved=\"2ahUKEwjpt9jyzKaCAxVpJUQIHT5qDNcQo_EKegQIAhAA\">Los post docs suelen estar en una universidad o en la industria, pero tambi\u00e9n existen algunas posiciones postdoctorales en organizaciones sin \u00e1nimo de lucro y en el gobierno. Los puestos postdoctorales pueden utilizarse para adquirir habilidades y formaci\u00f3n adicionales para otras carreras, no solo para la academia. <span class=\"UV3uM\"> <\/span><\/p>\n<div class=\"NPrrbc\" data-cid=\"_aEJEZenjOunKkPIPvtSxuA0_8\" data-bt=\"1\">\n<div class=\"BMebGe k0Jjg fCrZyc LwdV0e FR7ZSc OJeuxf PrjL8c\" tabindex=\"0\" role=\"button\" aria-label=\"Expand\" data-hveid=\"CAMQAA\" data-ved=\"2ahUKEwjpt9jyzKaCAxVpJUQIHT5qDNcQ3fYKegQIAxAA\">\n<div class=\"niO4u VDgVie SlP8xc iCQO5d\">\n<div class=\"kHtcsd\"><\/div>\n<\/div>\n<\/div>\n<\/div>\n<\/div>\n<\/div>\n<div class=\"WaaZC Zh8Myb\">\n<div class=\"rPeykc uP58nb eUu65e PZPZlf\" data-attrid=\"SGEParagraphFeedback\" data-hveid=\"CAgQCg\" data-ved=\"2ahUKEwjpt9jyzKaCAxVpJUQIHT5qDNcQo_EKegQICBAK\">Los post docs pueden:<span class=\"UV3uM\"> <\/span><\/div>\n<\/div>\n<div class=\"WaaZC Zh8Myb\">\n<ul data-hveid=\"CAgQCw\" data-ved=\"2ahUKEwjpt9jyzKaCAxVpJUQIHT5qDNcQm_YKegQICBAL\">\n<li class=\"PZPZlf\" data-attrid=\"SGEListItem\">Continuar su formaci\u00f3n como investigadores<\/li>\n<li class=\"PZPZlf\" data-attrid=\"SGEListItem\">Adquirir habilidades y experiencia que los preparar\u00e1n para su carrera acad\u00e9mica<\/li>\n<li class=\"PZPZlf\" data-attrid=\"SGEListItem\">Desarrollar independencia<\/li>\n<li class=\"PZPZlf\" data-attrid=\"SGEListItem\">Perfeccionar habilidades t\u00e9cnicas<\/li>\n<li class=\"PZPZlf\" data-attrid=\"SGEListItem\">Enfocar sus intereses de investigaci\u00f3n<\/li>\n<li class=\"PZPZlf\" data-attrid=\"SGEListItem\">Contribuir al cuerpo de conocimientos de su industria<\/li>\n<\/ul>\n<\/div>\n<div class=\"WaaZC Zh8Myb\">\n<div class=\"rPeykc PZPZlf\" data-attrid=\"SGEParagraphFeedback\" data-hveid=\"CAUQAA\" data-ved=\"2ahUKEwjpt9jyzKaCAxVpJUQIHT5qDNcQo_EKegQIBRAA\">Los puestos postdoctorales pueden renovarse anualmente sobre una base de a\u00f1o fiscal por un per\u00edodo de hasta cuatro a\u00f1os.<\/div>\n<\/div>\n","protected":false},"excerpt":{"rendered":"<p>Un post doc, o investigador postdoctoral, es una persona que realiza investigaci\u00f3n de manera profesional despu\u00e9s de completar sus estudios doctorales. Los puestos postdoctorales son t\u00edpicamente nombramientos acad\u00e9micos temporales que act\u00faan como un paso intermedio entre la experiencia estudiantil y la experiencia profesional a tiempo completo. Los post docs suelen estar en una universidad o [&hellip;]<\/p>\n","protected":false},"author":1,"featured_media":0,"parent":0,"menu_order":0,"comment_status":"closed","ping_status":"closed","template":"","meta":{"footnotes":""},"class_list":["post-59866","page","type-page","status-publish","hentry"],"yoast_head":"<!-- This site is optimized with the Yoast SEO plugin v27.3 - https:\/\/yoast.com\/product\/yoast-seo-wordpress\/ -->\n<title>Post Doc - EFMU: The Euler-Franeker Memorial University and Institute<\/title>\n<meta name=\"robots\" content=\"index, follow, max-snippet:-1, max-image-preview:large, max-video-preview:-1\" \/>\n<link rel=\"canonical\" href=\"https:\/\/euler.euclid.int\/post-doc\/\" \/>\n<meta property=\"og:locale\" content=\"es_ES\" \/>\n<meta property=\"og:type\" content=\"article\" \/>\n<meta property=\"og:title\" content=\"Post Doc - EFMU: The Euler-Franeker Memorial University and Institute\" \/>\n<meta property=\"og:description\" content=\"Un post doc, o investigador postdoctoral, es una persona que realiza investigaci\u00f3n de manera profesional despu\u00e9s de completar sus estudios doctorales. Los puestos postdoctorales son t\u00edpicamente nombramientos acad\u00e9micos temporales que act\u00faan como un paso intermedio entre la experiencia estudiantil y la experiencia profesional a tiempo completo. Los post docs suelen estar en una universidad o [&hellip;]\" \/>\n<meta property=\"og:url\" content=\"https:\/\/euler.euclid.int\/post-doc\/\" \/>\n<meta property=\"og:site_name\" content=\"EFMU: The Euler-Franeker Memorial University and Institute\" \/>\n<meta name=\"twitter:card\" content=\"summary_large_image\" \/>\n<meta name=\"twitter:label1\" content=\"Tiempo de lectura\" \/>\n\t<meta name=\"twitter:data1\" content=\"1 minuto\" \/>\n<script type=\"application\/ld+json\" class=\"yoast-schema-graph\">{\"@context\":\"https:\\\/\\\/schema.org\",\"@graph\":[{\"@type\":\"WebPage\",\"@id\":\"https:\\\/\\\/euler.euclid.int\\\/post-doc\\\/\",\"url\":\"https:\\\/\\\/euler.euclid.int\\\/post-doc\\\/\",\"name\":\"Post Doc - EFMU: The Euler-Franeker Memorial University and Institute\",\"isPartOf\":{\"@id\":\"https:\\\/\\\/euler.euclid.int\\\/#website\"},\"datePublished\":\"2020-01-15T01:46:34+00:00\",\"breadcrumb\":{\"@id\":\"https:\\\/\\\/euler.euclid.int\\\/post-doc\\\/#breadcrumb\"},\"inLanguage\":\"es\",\"potentialAction\":[{\"@type\":\"ReadAction\",\"target\":[\"https:\\\/\\\/euler.euclid.int\\\/post-doc\\\/\"]}]},{\"@type\":\"BreadcrumbList\",\"@id\":\"https:\\\/\\\/euler.euclid.int\\\/post-doc\\\/#breadcrumb\",\"itemListElement\":[{\"@type\":\"ListItem\",\"position\":1,\"name\":\"Home\",\"item\":\"https:\\\/\\\/euler.euclid.int\\\/\"},{\"@type\":\"ListItem\",\"position\":2,\"name\":\"Post Doc\"}]},{\"@type\":\"WebSite\",\"@id\":\"https:\\\/\\\/euler.euclid.int\\\/#website\",\"url\":\"https:\\\/\\\/euler.euclid.int\\\/\",\"name\":\"EFMU: The Euler-Franeker Memorial University and Institute\",\"description\":\"Academic and Research Excellence inspired by the Legacy of L. Euler and the University of Franeker\",\"potentialAction\":[{\"@type\":\"SearchAction\",\"target\":{\"@type\":\"EntryPoint\",\"urlTemplate\":\"https:\\\/\\\/euler.euclid.int\\\/?s={search_term_string}\"},\"query-input\":{\"@type\":\"PropertyValueSpecification\",\"valueRequired\":true,\"valueName\":\"search_term_string\"}}],\"inLanguage\":\"es\"}]}<\/script>\n<!-- \/ Yoast SEO plugin. -->","yoast_head_json":{"title":"Post Doc - EFMU: The Euler-Franeker Memorial University and Institute","robots":{"index":"index","follow":"follow","max-snippet":"max-snippet:-1","max-image-preview":"max-image-preview:large","max-video-preview":"max-video-preview:-1"},"canonical":"https:\/\/euler.euclid.int\/post-doc\/","og_locale":"es_ES","og_type":"article","og_title":"Post Doc - EFMU: The Euler-Franeker Memorial University and Institute","og_description":"Un post doc, o investigador postdoctoral, es una persona que realiza investigaci\u00f3n de manera profesional despu\u00e9s de completar sus estudios doctorales. Los puestos postdoctorales son t\u00edpicamente nombramientos acad\u00e9micos temporales que act\u00faan como un paso intermedio entre la experiencia estudiantil y la experiencia profesional a tiempo completo. Los post docs suelen estar en una universidad o [&hellip;]","og_url":"https:\/\/euler.euclid.int\/post-doc\/","og_site_name":"EFMU: The Euler-Franeker Memorial University and Institute","twitter_card":"summary_large_image","twitter_misc":{"Tiempo de lectura":"1 minuto"},"schema":{"@context":"https:\/\/schema.org","@graph":[{"@type":"WebPage","@id":"https:\/\/euler.euclid.int\/post-doc\/","url":"https:\/\/euler.euclid.int\/post-doc\/","name":"Post Doc - EFMU: The Euler-Franeker Memorial University and Institute","isPartOf":{"@id":"https:\/\/euler.euclid.int\/#website"},"datePublished":"2020-01-15T01:46:34+00:00","breadcrumb":{"@id":"https:\/\/euler.euclid.int\/post-doc\/#breadcrumb"},"inLanguage":"es","potentialAction":[{"@type":"ReadAction","target":["https:\/\/euler.euclid.int\/post-doc\/"]}]},{"@type":"BreadcrumbList","@id":"https:\/\/euler.euclid.int\/post-doc\/#breadcrumb","itemListElement":[{"@type":"ListItem","position":1,"name":"Home","item":"https:\/\/euler.euclid.int\/"},{"@type":"ListItem","position":2,"name":"Post Doc"}]},{"@type":"WebSite","@id":"https:\/\/euler.euclid.int\/#website","url":"https:\/\/euler.euclid.int\/","name":"EFMU: The Euler-Franeker Memorial University and Institute","description":"Academic and Research Excellence inspired by the Legacy of L. Euler and the University of Franeker","potentialAction":[{"@type":"SearchAction","target":{"@type":"EntryPoint","urlTemplate":"https:\/\/euler.euclid.int\/?s={search_term_string}"},"query-input":{"@type":"PropertyValueSpecification","valueRequired":true,"valueName":"search_term_string"}}],"inLanguage":"es"}]}},"_links":{"self":[{"href":"https:\/\/euler.euclid.int\/es\/wp-json\/wp\/v2\/pages\/59866","targetHints":{"allow":["GET"]}}],"collection":[{"href":"https:\/\/euler.euclid.int\/es\/wp-json\/wp\/v2\/pages"}],"about":[{"href":"https:\/\/euler.euclid.int\/es\/wp-json\/wp\/v2\/types\/page"}],"author":[{"embeddable":true,"href":"https:\/\/euler.euclid.int\/es\/wp-json\/wp\/v2\/users\/1"}],"replies":[{"embeddable":true,"href":"https:\/\/euler.euclid.int\/es\/wp-json\/wp\/v2\/comments?post=59866"}],"version-history":[{"count":0,"href":"https:\/\/euler.euclid.int\/es\/wp-json\/wp\/v2\/pages\/59866\/revisions"}],"wp:attachment":[{"href":"https:\/\/euler.euclid.int\/es\/wp-json\/wp\/v2\/media?parent=59866"}],"curies":[{"name":"wp","href":"https:\/\/api.w.org\/{rel}","templated":true}]}}