{"id":60265,"date":"2023-01-06T04:12:19","date_gmt":"2023-01-06T04:12:19","guid":{"rendered":"https:\/\/euler.euclid.int\/acerca-de-la-universidad-de-franeker\/"},"modified":"2023-01-06T04:12:19","modified_gmt":"2023-01-06T04:12:19","slug":"acerca-de-la-universidad-de-franeker","status":"publish","type":"page","link":"https:\/\/euler.euclid.int\/es\/acerca-de-la-universidad-de-franeker\/","title":{"rendered":"Acerca de la Universidad de Franeker"},"content":{"rendered":"<p>La Universidad de Franeker fue, entre 1585 y 1811, una importante universidad en Franeker (Frisia, Pa\u00edses Bajos). Cabe destacar que fue la segunda universidad m\u00e1s antigua de los Pa\u00edses Bajos, fundada poco despu\u00e9s de la <a href=\"https:\/\/www.universiteitleiden.nl\/en\">Universidad de Leiden<\/a>. <\/p>\n<p><img fetchpriority=\"high\" decoding=\"async\" class=\"alignnone wp-image-6248 size-full\" src=\"https:\/\/euler.euclid.int\/wp-content\/uploads\/2020\/01\/franeker1.jpg\" alt=\"\" width=\"1000\" height=\"900\" srcset=\"https:\/\/euler.euclid.int\/wp-content\/uploads\/2020\/01\/franeker1.jpg 1000w, https:\/\/euler.euclid.int\/wp-content\/uploads\/2020\/01\/franeker1-300x270.jpg 300w, https:\/\/euler.euclid.int\/wp-content\/uploads\/2020\/01\/franeker1-768x691.jpg 768w\" sizes=\"(max-width: 1000px) 100vw, 1000px\" \/><\/p>\n<p>Tambi\u00e9n era conocida como <em>Academia Franekerensis<\/em> o, m\u00e1s raramente, como &#8220;la Universidad de Frisia&#8221;. En su apogeo, contaba con varias facultades o departamentos acad\u00e9micos, entre los que destacaban: Teolog\u00eda, Derecho, Medicina, Filosof\u00eda, Matem\u00e1ticas y F\u00edsica. <\/p>\n<p>Se puede afirmar que entre sus estudiantes m\u00e1s destacados se encontraba Peter Stuyvesant, \u00faltimo director general de la colonia neerlandesa de Nueva Holanda.<\/p>\n<p><img decoding=\"async\" src=\"https:\/\/brill.com\/display\/book\/9789004352261\/9789004352261_i0001.png\" alt=\"Cap\u00edtulo 1 La Universidad de Franeker, una breve historia en: La Biblioteca de la Universidad de Franeker en Contexto, 1585-1843\"><\/p>\n<p>La universidad gozaba de una excelente reputaci\u00f3n nacional e internacional, atrayendo a estudiantes de todas partes, pero fue disuelta por Napole\u00f3n en 1811, junto con las universidades de Harderwijk y Utrecht. No obstante, al finalizar el r\u00e9gimen franc\u00e9s, la universidad no fue restaurada. <\/p>\n<p>La llama hist\u00f3rica y simb\u00f3lica de la universidad solo fue retomada en 2008 con el establecimiento de EUCLID como una universidad intergubernamental con un instituto inicialmente denominado &#8220;Eurostate&#8221; en vista de su enfoque en la historia y administraci\u00f3n europea. El Instituto Universitario Eurostate fue posteriormente rebautizado como Instituto Universitario Memorial Euler-Franeker y aspira abiertamente a integrar en sus principios acad\u00e9micos el legado de la Universidad de Franeker. <\/p>\n","protected":false},"excerpt":{"rendered":"<p>La Universidad de Franeker fue, entre 1585 y 1811, una importante universidad en Franeker (Frisia, Pa\u00edses Bajos). Cabe destacar que fue la segunda universidad m\u00e1s antigua de los Pa\u00edses Bajos, fundada poco despu\u00e9s de la Universidad de Leiden. Tambi\u00e9n era conocida como Academia Franekerensis o, m\u00e1s raramente, como &#8220;la Universidad de Frisia&#8221;. En su apogeo, [&hellip;]<\/p>\n","protected":false},"author":1,"featured_media":0,"parent":0,"menu_order":0,"comment_status":"closed","ping_status":"closed","template":"","meta":{"footnotes":""},"class_list":["post-60265","page","type-page","status-publish","hentry"],"yoast_head":"<!-- This site is optimized with the Yoast SEO plugin v27.3 - https:\/\/yoast.com\/product\/yoast-seo-wordpress\/ -->\n<title>Acerca de la Universidad de Franeker - EFMU: The Euler-Franeker Memorial University and Institute<\/title>\n<meta name=\"robots\" content=\"index, follow, max-snippet:-1, max-image-preview:large, max-video-preview:-1\" \/>\n<link rel=\"canonical\" href=\"https:\/\/euler.euclid.int\/acerca-de-la-universidad-de-franeker\/\" \/>\n<meta property=\"og:locale\" content=\"es_ES\" \/>\n<meta property=\"og:type\" content=\"article\" \/>\n<meta property=\"og:title\" content=\"Acerca de la Universidad de Franeker - EFMU: The Euler-Franeker Memorial University and Institute\" \/>\n<meta property=\"og:description\" content=\"La Universidad de Franeker fue, entre 1585 y 1811, una importante universidad en Franeker (Frisia, Pa\u00edses Bajos). Cabe destacar que fue la segunda universidad m\u00e1s antigua de los Pa\u00edses Bajos, fundada poco despu\u00e9s de la Universidad de Leiden. Tambi\u00e9n era conocida como Academia Franekerensis o, m\u00e1s raramente, como &#8220;la Universidad de Frisia&#8221;. En su apogeo, [&hellip;]\" \/>\n<meta property=\"og:url\" content=\"https:\/\/euler.euclid.int\/acerca-de-la-universidad-de-franeker\/\" \/>\n<meta property=\"og:site_name\" content=\"EFMU: The Euler-Franeker Memorial University and Institute\" \/>\n<meta property=\"og:image\" content=\"https:\/\/euler.euclid.int\/wp-content\/uploads\/2020\/01\/franeker1.jpg\" \/>\n\t<meta property=\"og:image:width\" content=\"1000\" \/>\n\t<meta property=\"og:image:height\" content=\"900\" \/>\n\t<meta property=\"og:image:type\" content=\"image\/jpeg\" \/>\n<meta name=\"twitter:card\" content=\"summary_large_image\" \/>\n<meta name=\"twitter:label1\" content=\"Tiempo de lectura\" \/>\n\t<meta name=\"twitter:data1\" content=\"1 minuto\" \/>\n<script type=\"application\/ld+json\" class=\"yoast-schema-graph\">{\"@context\":\"https:\\\/\\\/schema.org\",\"@graph\":[{\"@type\":\"WebPage\",\"@id\":\"https:\\\/\\\/euler.euclid.int\\\/acerca-de-la-universidad-de-franeker\\\/\",\"url\":\"https:\\\/\\\/euler.euclid.int\\\/acerca-de-la-universidad-de-franeker\\\/\",\"name\":\"Acerca de la Universidad de Franeker - EFMU: The Euler-Franeker Memorial University and Institute\",\"isPartOf\":{\"@id\":\"https:\\\/\\\/euler.euclid.int\\\/#website\"},\"primaryImageOfPage\":{\"@id\":\"https:\\\/\\\/euler.euclid.int\\\/acerca-de-la-universidad-de-franeker\\\/#primaryimage\"},\"image\":{\"@id\":\"https:\\\/\\\/euler.euclid.int\\\/acerca-de-la-universidad-de-franeker\\\/#primaryimage\"},\"thumbnailUrl\":\"https:\\\/\\\/euler.euclid.int\\\/wp-content\\\/uploads\\\/2020\\\/01\\\/franeker1.jpg\",\"datePublished\":\"2023-01-06T04:12:19+00:00\",\"breadcrumb\":{\"@id\":\"https:\\\/\\\/euler.euclid.int\\\/acerca-de-la-universidad-de-franeker\\\/#breadcrumb\"},\"inLanguage\":\"es\",\"potentialAction\":[{\"@type\":\"ReadAction\",\"target\":[\"https:\\\/\\\/euler.euclid.int\\\/acerca-de-la-universidad-de-franeker\\\/\"]}]},{\"@type\":\"ImageObject\",\"inLanguage\":\"es\",\"@id\":\"https:\\\/\\\/euler.euclid.int\\\/acerca-de-la-universidad-de-franeker\\\/#primaryimage\",\"url\":\"https:\\\/\\\/euler.euclid.int\\\/wp-content\\\/uploads\\\/2020\\\/01\\\/franeker1.jpg\",\"contentUrl\":\"https:\\\/\\\/euler.euclid.int\\\/wp-content\\\/uploads\\\/2020\\\/01\\\/franeker1.jpg\"},{\"@type\":\"BreadcrumbList\",\"@id\":\"https:\\\/\\\/euler.euclid.int\\\/acerca-de-la-universidad-de-franeker\\\/#breadcrumb\",\"itemListElement\":[{\"@type\":\"ListItem\",\"position\":1,\"name\":\"Home\",\"item\":\"https:\\\/\\\/euler.euclid.int\\\/\"},{\"@type\":\"ListItem\",\"position\":2,\"name\":\"Acerca de la Universidad de Franeker\"}]},{\"@type\":\"WebSite\",\"@id\":\"https:\\\/\\\/euler.euclid.int\\\/#website\",\"url\":\"https:\\\/\\\/euler.euclid.int\\\/\",\"name\":\"EFMU: The Euler-Franeker Memorial University and Institute\",\"description\":\"Academic and Research Excellence inspired by the Legacy of L. Euler and the University of Franeker\",\"potentialAction\":[{\"@type\":\"SearchAction\",\"target\":{\"@type\":\"EntryPoint\",\"urlTemplate\":\"https:\\\/\\\/euler.euclid.int\\\/?s={search_term_string}\"},\"query-input\":{\"@type\":\"PropertyValueSpecification\",\"valueRequired\":true,\"valueName\":\"search_term_string\"}}],\"inLanguage\":\"es\"}]}<\/script>\n<!-- \/ Yoast SEO plugin. -->","yoast_head_json":{"title":"Acerca de la Universidad de Franeker - EFMU: The Euler-Franeker Memorial University and Institute","robots":{"index":"index","follow":"follow","max-snippet":"max-snippet:-1","max-image-preview":"max-image-preview:large","max-video-preview":"max-video-preview:-1"},"canonical":"https:\/\/euler.euclid.int\/acerca-de-la-universidad-de-franeker\/","og_locale":"es_ES","og_type":"article","og_title":"Acerca de la Universidad de Franeker - EFMU: The Euler-Franeker Memorial University and Institute","og_description":"La Universidad de Franeker fue, entre 1585 y 1811, una importante universidad en Franeker (Frisia, Pa\u00edses Bajos). Cabe destacar que fue la segunda universidad m\u00e1s antigua de los Pa\u00edses Bajos, fundada poco despu\u00e9s de la Universidad de Leiden. Tambi\u00e9n era conocida como Academia Franekerensis o, m\u00e1s raramente, como &#8220;la Universidad de Frisia&#8221;. En su apogeo, [&hellip;]","og_url":"https:\/\/euler.euclid.int\/acerca-de-la-universidad-de-franeker\/","og_site_name":"EFMU: The Euler-Franeker Memorial University and Institute","og_image":[{"width":1000,"height":900,"url":"https:\/\/euler.euclid.int\/wp-content\/uploads\/2020\/01\/franeker1.jpg","type":"image\/jpeg"}],"twitter_card":"summary_large_image","twitter_misc":{"Tiempo de lectura":"1 minuto"},"schema":{"@context":"https:\/\/schema.org","@graph":[{"@type":"WebPage","@id":"https:\/\/euler.euclid.int\/acerca-de-la-universidad-de-franeker\/","url":"https:\/\/euler.euclid.int\/acerca-de-la-universidad-de-franeker\/","name":"Acerca de la Universidad de Franeker - EFMU: The Euler-Franeker Memorial University and Institute","isPartOf":{"@id":"https:\/\/euler.euclid.int\/#website"},"primaryImageOfPage":{"@id":"https:\/\/euler.euclid.int\/acerca-de-la-universidad-de-franeker\/#primaryimage"},"image":{"@id":"https:\/\/euler.euclid.int\/acerca-de-la-universidad-de-franeker\/#primaryimage"},"thumbnailUrl":"https:\/\/euler.euclid.int\/wp-content\/uploads\/2020\/01\/franeker1.jpg","datePublished":"2023-01-06T04:12:19+00:00","breadcrumb":{"@id":"https:\/\/euler.euclid.int\/acerca-de-la-universidad-de-franeker\/#breadcrumb"},"inLanguage":"es","potentialAction":[{"@type":"ReadAction","target":["https:\/\/euler.euclid.int\/acerca-de-la-universidad-de-franeker\/"]}]},{"@type":"ImageObject","inLanguage":"es","@id":"https:\/\/euler.euclid.int\/acerca-de-la-universidad-de-franeker\/#primaryimage","url":"https:\/\/euler.euclid.int\/wp-content\/uploads\/2020\/01\/franeker1.jpg","contentUrl":"https:\/\/euler.euclid.int\/wp-content\/uploads\/2020\/01\/franeker1.jpg"},{"@type":"BreadcrumbList","@id":"https:\/\/euler.euclid.int\/acerca-de-la-universidad-de-franeker\/#breadcrumb","itemListElement":[{"@type":"ListItem","position":1,"name":"Home","item":"https:\/\/euler.euclid.int\/"},{"@type":"ListItem","position":2,"name":"Acerca de la Universidad de Franeker"}]},{"@type":"WebSite","@id":"https:\/\/euler.euclid.int\/#website","url":"https:\/\/euler.euclid.int\/","name":"EFMU: The Euler-Franeker Memorial University and Institute","description":"Academic and Research Excellence inspired by the Legacy of L. Euler and the University of Franeker","potentialAction":[{"@type":"SearchAction","target":{"@type":"EntryPoint","urlTemplate":"https:\/\/euler.euclid.int\/?s={search_term_string}"},"query-input":{"@type":"PropertyValueSpecification","valueRequired":true,"valueName":"search_term_string"}}],"inLanguage":"es"}]}},"_links":{"self":[{"href":"https:\/\/euler.euclid.int\/es\/wp-json\/wp\/v2\/pages\/60265","targetHints":{"allow":["GET"]}}],"collection":[{"href":"https:\/\/euler.euclid.int\/es\/wp-json\/wp\/v2\/pages"}],"about":[{"href":"https:\/\/euler.euclid.int\/es\/wp-json\/wp\/v2\/types\/page"}],"author":[{"embeddable":true,"href":"https:\/\/euler.euclid.int\/es\/wp-json\/wp\/v2\/users\/1"}],"replies":[{"embeddable":true,"href":"https:\/\/euler.euclid.int\/es\/wp-json\/wp\/v2\/comments?post=60265"}],"version-history":[{"count":0,"href":"https:\/\/euler.euclid.int\/es\/wp-json\/wp\/v2\/pages\/60265\/revisions"}],"wp:attachment":[{"href":"https:\/\/euler.euclid.int\/es\/wp-json\/wp\/v2\/media?parent=60265"}],"curies":[{"name":"wp","href":"https:\/\/api.w.org\/{rel}","templated":true}]}}