{"id":61105,"date":"2025-07-17T06:15:33","date_gmt":"2025-07-17T06:15:33","guid":{"rendered":"https:\/\/euler.euclid.int\/ia-en-euler\/"},"modified":"2025-07-17T06:15:33","modified_gmt":"2025-07-17T06:15:33","slug":"ia-en-euler","status":"publish","type":"page","link":"https:\/\/euler.euclid.int\/es\/ia-en-euler\/","title":{"rendered":"IA en EULER"},"content":{"rendered":"<h2>Inteligencia artificial: la columna vertebral del ecosistema de educaci\u00f3n en l\u00ednea de EULER<\/h2>\n<p><img fetchpriority=\"high\" decoding=\"async\" class=\"size-medium wp-image-60859 alignleft\" src=\"https:\/\/euler.euclid.int\/wp-content\/uploads\/2025\/07\/euler-ai-300x300.jpg\" alt=\"\" width=\"300\" height=\"300\" srcset=\"https:\/\/euler.euclid.int\/wp-content\/uploads\/2025\/07\/euler-ai-300x300.jpg 300w, https:\/\/euler.euclid.int\/wp-content\/uploads\/2025\/07\/euler-ai-1024x1024.jpg 1024w, https:\/\/euler.euclid.int\/wp-content\/uploads\/2025\/07\/euler-ai-150x150.jpg 150w, https:\/\/euler.euclid.int\/wp-content\/uploads\/2025\/07\/euler-ai-768x768.jpg 768w, https:\/\/euler.euclid.int\/wp-content\/uploads\/2025\/07\/euler-ai-1536x1536.jpg 1536w, https:\/\/euler.euclid.int\/wp-content\/uploads\/2025\/07\/euler-ai.webp 1920w\" sizes=\"(max-width: 300px) 100vw, 300px\" \/><\/p>\n<p>En el panorama de la educaci\u00f3n superior, que evoluciona r\u00e1pidamente, EULER (The Euler-Franeker Memorial University and Institute) se sit\u00faa a la vanguardia de la innovaci\u00f3n al integrar a la perfecci\u00f3n la inteligencia artificial (IA) en el tejido de sus sistemas, programas y m\u00e9todos de educaci\u00f3n en l\u00ednea. Esta integraci\u00f3n estrat\u00e9gica garantiza que EULER ofrezca una experiencia de aprendizaje transformadora, personalizada y equitativa que prepara a los estudiantes para un mundo impulsado por la tecnolog\u00eda. Al combinar conocimientos generales amplios con competencias altamente especializadas y conscientes de la IA en campos como la energ\u00eda, la bio\u00e9tica y la epidemiolog\u00eda, EULER capacita a sus graduados para que sean l\u00edderes adaptables, competitivos y con visi\u00f3n de futuro. Este art\u00edculo explora c\u00f3mo la IA est\u00e1 intrincadamente entrelazada en todos los aspectos del marco de educaci\u00f3n en l\u00ednea de EULER, revolucionando los procesos de ense\u00f1anza, aprendizaje y administrativos.   <\/p>\n<h2>Aprendizaje personalizado impulsado por la IA<\/h2>\n<p>En el centro de la filosof\u00eda educativa de EULER se encuentra el compromiso con el aprendizaje personalizado, que es posible gracias a los sistemas de aprendizaje adaptativo impulsados por la IA. Estos sistemas aprovechan los algoritmos de aprendizaje autom\u00e1tico (ML) para analizar los datos individuales de los estudiantes, incluido el rendimiento, los estilos de aprendizaje y las preferencias, para crear rutas de aprendizaje personalizadas. Por ejemplo, EULER emplea sistemas de tutor\u00eda inteligente (STI) que adaptan la dificultad del contenido en tiempo real, lo que garantiza que los estudiantes progresen a su propio ritmo mientras reciben comentarios espec\u00edficos. Este enfoque refleja la tutor\u00eda individual, fomentando una comprensi\u00f3n y un compromiso m\u00e1s profundos.   <\/p>\n<p>En programas especializados como bio\u00e9tica o epidemiolog\u00eda, la IA personaliza los cursos para que se ajusten a los objetivos profesionales y los conocimientos previos de cada estudiante. Por ejemplo, un estudiante que estudie pol\u00edtica energ\u00e9tica podr\u00eda recibir estudios de casos generados por la IA que incorporen datos en tiempo real sobre las tendencias de las energ\u00edas renovables, mientras que otro en epidemiolog\u00eda podr\u00eda participar en simulaciones de la propagaci\u00f3n de enfermedades adaptadas a su nivel de aprendizaje. Al integrar la IA en sus sistemas de gesti\u00f3n del aprendizaje (LMS), EULER garantiza que la entrega de contenido sea din\u00e1mica, interactiva y receptiva a las necesidades individuales, lo que promueve tanto el \u00e9xito acad\u00e9mico como el pensamiento cr\u00edtico.  <\/p>\n<h2>Dise\u00f1o y entrega de planes de estudio mejorados con IA<\/h2>\n<p>El dise\u00f1o del plan de estudios de EULER est\u00e1 profundamente arraigado en la IA, lo que permite a la instituci\u00f3n mantenerse \u00e1gil en un panorama acad\u00e9mico y profesional que cambia r\u00e1pidamente. Los algoritmos de IA analizan vastos conjuntos de datos (libros de texto, trabajos de investigaci\u00f3n y tendencias de la industria global) para elaborar planes de estudio que sean actuales y con visi\u00f3n de futuro. En campos como la bio\u00e9tica, la IA identifica los dilemas \u00e9ticos emergentes en la atenci\u00f3n m\u00e9dica impulsada por la IA, lo que garantiza que los estudiantes est\u00e9n preparados para afrontar problemas complejos. Del mismo modo, en los programas de energ\u00eda, la IA integra an\u00e1lisis predictivos para ense\u00f1ar a los estudiantes sobre soluciones de energ\u00eda sostenible basadas en datos del mundo real.   <\/p>\n<p>La IA generativa desempe\u00f1a un papel fundamental en la creaci\u00f3n de contenido, produciendo cuestionarios interactivos, simulaciones y laboratorios virtuales que hacen que los conceptos abstractos sean tangibles. Por ejemplo, los estudiantes pueden explorar modelos 3D de estructuras moleculares en un laboratorio virtual de epidemiolog\u00eda o participar en escenarios de juegos de rol impulsados por la IA para debatir cuestiones bio\u00e9ticas. Estas experiencias inmersivas, impulsadas por la realidad aumentada (RA) y la realidad virtual (RV) integradas con la IA, dan vida a las asignaturas, mejorando la retenci\u00f3n y la comprensi\u00f3n.  <\/p>\n<h2>Agilizaci\u00f3n de los procesos administrativos con IA<\/h2>\n<p>M\u00e1s all\u00e1 de la ense\u00f1anza y el aprendizaje, la IA optimiza las operaciones administrativas de EULER, lo que permite al profesorado centrarse en la instrucci\u00f3n y la tutor\u00eda. Los sistemas impulsados por la IA automatizan las tareas rutinarias, como la programaci\u00f3n, la calificaci\u00f3n y la asignaci\u00f3n de recursos. Por ejemplo, el LMS de EULER utiliza la IA para gestionar los horarios de las clases y predecir los momentos \u00f3ptimos para las sesiones virtuales en funci\u00f3n de los datos de participaci\u00f3n de los estudiantes. Los sistemas de calificaci\u00f3n automatizados, impulsados por el procesamiento del lenguaje natural (PNL), eval\u00faan las tareas con coherencia y proporcionan comentarios detallados, lo que reduce la subjetividad y ahorra tiempo.   <\/p>\n<p>Los chatbots y los asistentes virtuales impulsados por la IA son parte integral de los servicios de apoyo a los estudiantes de EULER. Disponibles las 24 horas del d\u00eda, los 7 d\u00edas de la semana, estas herramientas responden a las preguntas sobre las tareas, los plazos o los requisitos del programa, lo que mejora la accesibilidad y reduce la carga administrativa del personal. Por ejemplo, un estudiante de un curso de bio\u00e9tica podr\u00eda utilizar un chatbot para aclarar los marcos \u00e9ticos, recibiendo explicaciones instant\u00e1neas generadas por la IA adaptadas a su pregunta. Este sistema de apoyo perfecto garantiza que los estudiantes sigan comprometidos e informados, independientemente de su zona horaria o horario.   <\/p>\n<h2>Fomento de la alfabetizaci\u00f3n en IA y la conciencia \u00e9tica<\/h2>\n<p>EULER reconoce que la alfabetizaci\u00f3n en IA es esencial para que los estudiantes prosperen en un mundo impulsado por la IA. Todos los programas incorporan m\u00f3dulos sobre las capacidades, las limitaciones y las implicaciones \u00e9ticas de la IA, lo que garantiza que los graduados no solo sean usuarios de la IA, sino tambi\u00e9n evaluadores cr\u00edticos. Por ejemplo, en epidemiolog\u00eda, los estudiantes aprenden a evaluar los modelos predictivos generados por la IA en busca de sesgos, mientras que en los programas de energ\u00eda, exploran el papel de la IA en la optimizaci\u00f3n de los sistemas de energ\u00eda renovable al tiempo que abordan las preocupaciones sobre la privacidad de los datos. Estos m\u00f3dulos est\u00e1n respaldados por plataformas de debate impulsadas por la IA que animan a los estudiantes a debatir cuestiones \u00e9ticas, fomentando el pensamiento cr\u00edtico y la conciencia global.   <\/p>\n<p>Para garantizar un uso responsable de la IA, EULER implementa protocolos s\u00f3lidos de privacidad y seguridad de los datos. Los sistemas de IA est\u00e1n dise\u00f1ados con transparencia, lo que permite a los estudiantes y al profesorado comprender c\u00f3mo se utilizan los datos. Las auditor\u00edas peri\u00f3dicas y las directrices \u00e9ticas evitan el uso indebido y garantizan el cumplimiento de las normas mundiales, en consonancia con el llamamiento de la UNESCO a un enfoque de la IA en la educaci\u00f3n centrado en el ser humano.  <\/p>\n<h2>Competencias especializadas con conocimiento de la IA<\/h2>\n<p>Los programas especializados de EULER est\u00e1n dise\u00f1ados para ser conscientes de la IA, equipando a los estudiantes con las habilidades necesarias para aprovechar la IA en sus respectivos campos. En bio\u00e9tica, las herramientas de IA analizan estudios de casos para destacar las consideraciones \u00e9ticas en las decisiones m\u00e9dicas impulsadas por la IA. En epidemiolog\u00eda, los estudiantes utilizan la IA para modelar brotes de enfermedades, aprendiendo a interpretar y perfeccionar los algoritmos predictivos. Los programas de energ\u00eda integran la IA para optimizar la gesti\u00f3n de la red y predecir las demandas de energ\u00eda, preparando a los estudiantes para carreras en tecnolog\u00eda sostenible. Al integrar la IA en estas disciplinas, EULER garantiza que los graduados sean competentes tanto en el conocimiento espec\u00edfico del dominio como en las aplicaciones de la IA, lo que los hace altamente competitivos en sus campos.    <\/p>\n<h2>Abordar los desaf\u00edos y garantizar la equidad<\/h2>\n<p>Si bien la IA ofrece un inmenso potencial, EULER es proactiva a la hora de abordar desaf\u00edos como la privacidad de los datos, los sesgos y el acceso equitativo. La instituci\u00f3n colabora con socios de la industria para desarrollar sistemas de IA imparciales, utilizando diversos conjuntos de datos para garantizar resultados justos. Para cerrar la brecha digital, EULER proporciona acceso asequible a herramientas impulsadas por la IA e invierte en infraestructura para apoyar a los estudiantes de las regiones desatendidas. El profesorado recibe formaci\u00f3n continua para integrar la IA de forma eficaz, lo que garantiza que puedan guiar a los estudiantes en su uso \u00e9tico y pr\u00e1ctico.   <\/p>\n<h2>Preparar a los graduados para un futuro impulsado por la IA<\/h2>\n<p>Al integrar la IA en sus sistemas, programas y m\u00e9todos, EULER crea un ecosistema de educaci\u00f3n en l\u00ednea din\u00e1mico, inclusivo e innovador. Los graduados emergen no solo con una base s\u00f3lida en conocimientos generales, sino tambi\u00e9n con habilidades especializadas y preparadas para la IA que les permiten abordar los desaf\u00edos del mundo real. Ya sea abordando dilemas \u00e9ticos en bio\u00e9tica, modelando estrategias de salud p\u00fablica en epidemiolog\u00eda o innovando en sostenibilidad energ\u00e9tica, los estudiantes de EULER est\u00e1n equipados para liderar en un mundo impulsado por la tecnolog\u00eda.  <\/p>\n<p>En conclusi\u00f3n, la integraci\u00f3n de la IA por parte de EULER transforma la educaci\u00f3n en l\u00ednea en una experiencia personalizada, eficiente y con visi\u00f3n de futuro. Al aprovechar la IA para mejorar el aprendizaje, agilizar las operaciones y fomentar la conciencia \u00e9tica, EULER prepara a sus graduados para sobresalir en un panorama global que evoluciona r\u00e1pidamente. A medida que la IA contin\u00faa dando forma al futuro, EULER sigue siendo un pionero, asegurando que sus estudiantes no sean solo participantes, sino l\u00edderes en la era inteligente.  <\/p>\n","protected":false},"excerpt":{"rendered":"<p>Inteligencia artificial: la columna vertebral del ecosistema de educaci\u00f3n en l\u00ednea de EULER En el panorama de la educaci\u00f3n superior, que evoluciona r\u00e1pidamente, EULER (The Euler-Franeker Memorial University and Institute) se sit\u00faa a la vanguardia de la innovaci\u00f3n al integrar a la perfecci\u00f3n la inteligencia artificial (IA) en el tejido de sus sistemas, programas y [&hellip;]<\/p>\n","protected":false},"author":1,"featured_media":0,"parent":0,"menu_order":0,"comment_status":"closed","ping_status":"closed","template":"","meta":{"footnotes":""},"class_list":["post-61105","page","type-page","status-publish","hentry"],"yoast_head":"<!-- This site is optimized with the Yoast SEO plugin v27.4 - https:\/\/yoast.com\/product\/yoast-seo-wordpress\/ -->\n<title>IA en EULER - EFMU: The Euler-Franeker Memorial University and Institute<\/title>\n<meta name=\"robots\" content=\"index, follow, max-snippet:-1, max-image-preview:large, max-video-preview:-1\" \/>\n<link rel=\"canonical\" href=\"https:\/\/euler.euclid.int\/ia-en-euler\/\" \/>\n<meta property=\"og:locale\" content=\"es_ES\" \/>\n<meta property=\"og:type\" content=\"article\" \/>\n<meta property=\"og:title\" content=\"IA en EULER - EFMU: The Euler-Franeker Memorial University and Institute\" \/>\n<meta property=\"og:description\" content=\"Inteligencia artificial: la columna vertebral del ecosistema de educaci\u00f3n en l\u00ednea de EULER En el panorama de la educaci\u00f3n superior, que evoluciona r\u00e1pidamente, EULER (The Euler-Franeker Memorial University and Institute) se sit\u00faa a la vanguardia de la innovaci\u00f3n al integrar a la perfecci\u00f3n la inteligencia artificial (IA) en el tejido de sus sistemas, programas y [&hellip;]\" \/>\n<meta property=\"og:url\" content=\"https:\/\/euler.euclid.int\/ia-en-euler\/\" \/>\n<meta property=\"og:site_name\" content=\"EFMU: The Euler-Franeker Memorial University and Institute\" \/>\n<meta property=\"og:image\" content=\"https:\/\/euler.euclid.int\/wp-content\/uploads\/2025\/07\/euler-ai.webp\" \/>\n\t<meta property=\"og:image:width\" content=\"1920\" \/>\n\t<meta property=\"og:image:height\" content=\"1920\" \/>\n\t<meta property=\"og:image:type\" content=\"image\/webp\" \/>\n<meta name=\"twitter:card\" content=\"summary_large_image\" \/>\n<meta name=\"twitter:label1\" content=\"Tiempo de lectura\" \/>\n\t<meta name=\"twitter:data1\" content=\"8 minutos\" \/>\n<script type=\"application\/ld+json\" class=\"yoast-schema-graph\">{\"@context\":\"https:\\\/\\\/schema.org\",\"@graph\":[{\"@type\":\"WebPage\",\"@id\":\"https:\\\/\\\/euler.euclid.int\\\/ia-en-euler\\\/\",\"url\":\"https:\\\/\\\/euler.euclid.int\\\/ia-en-euler\\\/\",\"name\":\"IA en EULER - EFMU: The Euler-Franeker Memorial University and Institute\",\"isPartOf\":{\"@id\":\"https:\\\/\\\/euler.euclid.int\\\/#website\"},\"primaryImageOfPage\":{\"@id\":\"https:\\\/\\\/euler.euclid.int\\\/ia-en-euler\\\/#primaryimage\"},\"image\":{\"@id\":\"https:\\\/\\\/euler.euclid.int\\\/ia-en-euler\\\/#primaryimage\"},\"thumbnailUrl\":\"https:\\\/\\\/euler.euclid.int\\\/wp-content\\\/uploads\\\/2025\\\/07\\\/euler-ai-300x300.jpg\",\"datePublished\":\"2025-07-17T06:15:33+00:00\",\"breadcrumb\":{\"@id\":\"https:\\\/\\\/euler.euclid.int\\\/ia-en-euler\\\/#breadcrumb\"},\"inLanguage\":\"es\",\"potentialAction\":[{\"@type\":\"ReadAction\",\"target\":[\"https:\\\/\\\/euler.euclid.int\\\/ia-en-euler\\\/\"]}]},{\"@type\":\"ImageObject\",\"inLanguage\":\"es\",\"@id\":\"https:\\\/\\\/euler.euclid.int\\\/ia-en-euler\\\/#primaryimage\",\"url\":\"https:\\\/\\\/euler.euclid.int\\\/wp-content\\\/uploads\\\/2025\\\/07\\\/euler-ai-300x300.jpg\",\"contentUrl\":\"https:\\\/\\\/euler.euclid.int\\\/wp-content\\\/uploads\\\/2025\\\/07\\\/euler-ai-300x300.jpg\"},{\"@type\":\"BreadcrumbList\",\"@id\":\"https:\\\/\\\/euler.euclid.int\\\/ia-en-euler\\\/#breadcrumb\",\"itemListElement\":[{\"@type\":\"ListItem\",\"position\":1,\"name\":\"Home\",\"item\":\"https:\\\/\\\/euler.euclid.int\\\/\"},{\"@type\":\"ListItem\",\"position\":2,\"name\":\"IA en EULER\"}]},{\"@type\":\"WebSite\",\"@id\":\"https:\\\/\\\/euler.euclid.int\\\/#website\",\"url\":\"https:\\\/\\\/euler.euclid.int\\\/\",\"name\":\"EFMU: The Euler-Franeker Memorial University and Institute\",\"description\":\"Academic and Research Excellence inspired by the Legacy of L. Euler and the University of Franeker\",\"potentialAction\":[{\"@type\":\"SearchAction\",\"target\":{\"@type\":\"EntryPoint\",\"urlTemplate\":\"https:\\\/\\\/euler.euclid.int\\\/?s={search_term_string}\"},\"query-input\":{\"@type\":\"PropertyValueSpecification\",\"valueRequired\":true,\"valueName\":\"search_term_string\"}}],\"inLanguage\":\"es\"}]}<\/script>\n<!-- \/ Yoast SEO plugin. -->","yoast_head_json":{"title":"IA en EULER - EFMU: The Euler-Franeker Memorial University and Institute","robots":{"index":"index","follow":"follow","max-snippet":"max-snippet:-1","max-image-preview":"max-image-preview:large","max-video-preview":"max-video-preview:-1"},"canonical":"https:\/\/euler.euclid.int\/ia-en-euler\/","og_locale":"es_ES","og_type":"article","og_title":"IA en EULER - EFMU: The Euler-Franeker Memorial University and Institute","og_description":"Inteligencia artificial: la columna vertebral del ecosistema de educaci\u00f3n en l\u00ednea de EULER En el panorama de la educaci\u00f3n superior, que evoluciona r\u00e1pidamente, EULER (The Euler-Franeker Memorial University and Institute) se sit\u00faa a la vanguardia de la innovaci\u00f3n al integrar a la perfecci\u00f3n la inteligencia artificial (IA) en el tejido de sus sistemas, programas y [&hellip;]","og_url":"https:\/\/euler.euclid.int\/ia-en-euler\/","og_site_name":"EFMU: The Euler-Franeker Memorial University and Institute","og_image":[{"width":1920,"height":1920,"url":"https:\/\/euler.euclid.int\/wp-content\/uploads\/2025\/07\/euler-ai.webp","type":"image\/webp"}],"twitter_card":"summary_large_image","twitter_misc":{"Tiempo de lectura":"8 minutos"},"schema":{"@context":"https:\/\/schema.org","@graph":[{"@type":"WebPage","@id":"https:\/\/euler.euclid.int\/ia-en-euler\/","url":"https:\/\/euler.euclid.int\/ia-en-euler\/","name":"IA en EULER - EFMU: The Euler-Franeker Memorial University and Institute","isPartOf":{"@id":"https:\/\/euler.euclid.int\/#website"},"primaryImageOfPage":{"@id":"https:\/\/euler.euclid.int\/ia-en-euler\/#primaryimage"},"image":{"@id":"https:\/\/euler.euclid.int\/ia-en-euler\/#primaryimage"},"thumbnailUrl":"https:\/\/euler.euclid.int\/wp-content\/uploads\/2025\/07\/euler-ai-300x300.jpg","datePublished":"2025-07-17T06:15:33+00:00","breadcrumb":{"@id":"https:\/\/euler.euclid.int\/ia-en-euler\/#breadcrumb"},"inLanguage":"es","potentialAction":[{"@type":"ReadAction","target":["https:\/\/euler.euclid.int\/ia-en-euler\/"]}]},{"@type":"ImageObject","inLanguage":"es","@id":"https:\/\/euler.euclid.int\/ia-en-euler\/#primaryimage","url":"https:\/\/euler.euclid.int\/wp-content\/uploads\/2025\/07\/euler-ai-300x300.jpg","contentUrl":"https:\/\/euler.euclid.int\/wp-content\/uploads\/2025\/07\/euler-ai-300x300.jpg"},{"@type":"BreadcrumbList","@id":"https:\/\/euler.euclid.int\/ia-en-euler\/#breadcrumb","itemListElement":[{"@type":"ListItem","position":1,"name":"Home","item":"https:\/\/euler.euclid.int\/"},{"@type":"ListItem","position":2,"name":"IA en EULER"}]},{"@type":"WebSite","@id":"https:\/\/euler.euclid.int\/#website","url":"https:\/\/euler.euclid.int\/","name":"EFMU: The Euler-Franeker Memorial University and Institute","description":"Academic and Research Excellence inspired by the Legacy of L. Euler and the University of Franeker","potentialAction":[{"@type":"SearchAction","target":{"@type":"EntryPoint","urlTemplate":"https:\/\/euler.euclid.int\/?s={search_term_string}"},"query-input":{"@type":"PropertyValueSpecification","valueRequired":true,"valueName":"search_term_string"}}],"inLanguage":"es"}]}},"_links":{"self":[{"href":"https:\/\/euler.euclid.int\/es\/wp-json\/wp\/v2\/pages\/61105","targetHints":{"allow":["GET"]}}],"collection":[{"href":"https:\/\/euler.euclid.int\/es\/wp-json\/wp\/v2\/pages"}],"about":[{"href":"https:\/\/euler.euclid.int\/es\/wp-json\/wp\/v2\/types\/page"}],"author":[{"embeddable":true,"href":"https:\/\/euler.euclid.int\/es\/wp-json\/wp\/v2\/users\/1"}],"replies":[{"embeddable":true,"href":"https:\/\/euler.euclid.int\/es\/wp-json\/wp\/v2\/comments?post=61105"}],"version-history":[{"count":0,"href":"https:\/\/euler.euclid.int\/es\/wp-json\/wp\/v2\/pages\/61105\/revisions"}],"wp:attachment":[{"href":"https:\/\/euler.euclid.int\/es\/wp-json\/wp\/v2\/media?parent=61105"}],"curies":[{"name":"wp","href":"https:\/\/api.w.org\/{rel}","templated":true}]}}