{"id":61285,"date":"2025-07-26T20:25:51","date_gmt":"2025-07-26T20:25:51","guid":{"rendered":"https:\/\/euler.euclid.int\/por-que-elegir-euler\/"},"modified":"2025-07-26T20:25:51","modified_gmt":"2025-07-26T20:25:51","slug":"por-que-elegir-euler","status":"publish","type":"page","link":"https:\/\/euler.euclid.int\/es\/por-que-elegir-euler\/","title":{"rendered":"\u00bfPor qu\u00e9 elegir EULER?"},"content":{"rendered":"<p>Existen razones de peso para elegir la Universidad Memorial Euler-Franeker (EULER) basadas en sus caracter\u00edsticas y ofertas \u00fanicas:<\/p>\n<h3>1. Integraci\u00f3n de la inteligencia artificial (IA):<\/h3>\n<p>EULER integra la IA profundamente en su plan de estudios y m\u00e9todos de ense\u00f1anza, utilizando sistemas de tutor\u00eda inteligente y aprendizaje autom\u00e1tico para personalizar las rutas de aprendizaje. Esto prepara a los estudiantes para industrias impulsadas por la tecnolog\u00eda con habilidades preparadas para la IA en campos como la bio\u00e9tica, la epidemiolog\u00eda y la pol\u00edtica energ\u00e9tica. <\/p>\n<h3>2. Asociaci\u00f3n con EUCLID:<\/h3>\n<p>La colaboraci\u00f3n de EULER con EUCLID, una instituci\u00f3n intergubernamental basada en tratados bajo la Serie de Tratados de las Naciones Unidas, ofrece opciones de doble titulaci\u00f3n para programas de maestr\u00eda y doctorado, mejorando el reconocimiento global y las oportunidades de establecer contactos.[](https:\/\/www.educations.com\/institutions\/euler)[](https:\/\/euler.euclid.int\/accreditation\/)<\/p>\n<h3>3. Herencia acad\u00e9mica neerlandesa:<\/h3>\n<p>Constituida en el Reino de los Pa\u00edses Bajos, EULER revive el legado de la Universidad de Franeker (1585\u20131811), manteniendo los rigurosos est\u00e1ndares de la academia neerlandesa, conocida por su liderazgo global e innovaci\u00f3n.<\/p>\n<h3>4. Asequibilidad y matr\u00edcula baja:<\/h3>\n<p>EULER prioriza la asequibilidad con una escala de matr\u00edcula variable basada en el pa\u00eds de origen y el nivel de ingresos del estudiante, minimizando la deuda estudiantil y ofreciendo becas para hacer que la educaci\u00f3n sea accesible.<\/p>\n<h3>5. Profesorado de talla mundial:<\/h3>\n<p>El profesorado de EULER incluye a profesores afiliados a instituciones prestigiosas como Yale, Oxford y UCLA, que brindan tutor\u00eda personalizada a trav\u00e9s de interacciones cara a cara por Zoom y un s\u00f3lido Sistema de Gesti\u00f3n del Aprendizaje (LMS).<\/p>\n<h3>6. Programas en l\u00ednea flexibles:<\/h3>\n<p>Como instituci\u00f3n totalmente en l\u00ednea, EULER ofrece aprendizaje as\u00edncrono con plazos flexibles, lo que permite a los estudiantes obtener t\u00edtulos de maestr\u00eda en tan solo 14 meses o doctorados en aproximadamente 3,5 a\u00f1os, al tiempo que se adapta a diversos horarios.<\/p>\n<h3>7. Reconocimiento y acreditaci\u00f3n global:<\/h3>\n<p>EULER posee una carta universitaria completa del Reino de los Pa\u00edses Bajos y la acreditaci\u00f3n institucional de la agencia AAC, lo que garantiza que los t\u00edtulos sean reconocidos internacionalmente, con opciones de doble titulaci\u00f3n a trav\u00e9s de EUCLID.<\/p>\n<h3>8. Programas especializados e interdisciplinarios:<\/h3>\n<p>EULER ofrece programas en campos como la salud global, la diplomacia y el desarrollo sostenible, combinando el conocimiento general con competencias especializadas y conscientes de la IA para preparar a los graduados para entornos globales competitivos.<\/p>\n<h3>9. Experiencia de aprendizaje personalizada:<\/h3>\n<p>A trav\u00e9s de su LMS patentado mejorado con IA, EULER adapta los cursos a los estilos de aprendizaje individuales y a los objetivos profesionales, utilizando un formato de curso probado para mejorar el compromiso y la comprensi\u00f3n.<\/p>\n<h3>10. Compromiso con una educaci\u00f3n arraigada, \u00e9tica y sostenible:<\/h3>\n<p>EULER enfatiza el uso \u00e9tico de la IA, la privacidad de los datos y las pr\u00e1cticas sostenibles, fomentando el pensamiento cr\u00edtico y la conciencia global arraigada en el compromiso socio-espiritual de las universidades europeas tradicionales, incluida la Universidad de Franeker, cuyo legado ha heredado en su carta constitutiva.<\/p>\n","protected":false},"excerpt":{"rendered":"<p>Existen razones de peso para elegir la Universidad Memorial Euler-Franeker (EULER) basadas en sus caracter\u00edsticas y ofertas \u00fanicas: 1. Integraci\u00f3n de la inteligencia artificial (IA): EULER integra la IA profundamente en su plan de estudios y m\u00e9todos de ense\u00f1anza, utilizando sistemas de tutor\u00eda inteligente y aprendizaje autom\u00e1tico para personalizar las rutas de aprendizaje. Esto prepara [&hellip;]<\/p>\n","protected":false},"author":1,"featured_media":0,"parent":0,"menu_order":0,"comment_status":"closed","ping_status":"closed","template":"","meta":{"footnotes":""},"class_list":["post-61285","page","type-page","status-publish","hentry"],"yoast_head":"<!-- This site is optimized with the Yoast SEO plugin v27.3 - https:\/\/yoast.com\/product\/yoast-seo-wordpress\/ -->\n<title>\u00bfPor qu\u00e9 elegir EULER? - EFMU: The Euler-Franeker Memorial University and Institute<\/title>\n<meta name=\"robots\" content=\"index, follow, max-snippet:-1, max-image-preview:large, max-video-preview:-1\" \/>\n<link rel=\"canonical\" href=\"https:\/\/euler.euclid.int\/por-que-elegir-euler\/\" \/>\n<meta property=\"og:locale\" content=\"es_ES\" \/>\n<meta property=\"og:type\" content=\"article\" \/>\n<meta property=\"og:title\" content=\"\u00bfPor qu\u00e9 elegir EULER? - EFMU: The Euler-Franeker Memorial University and Institute\" \/>\n<meta property=\"og:description\" content=\"Existen razones de peso para elegir la Universidad Memorial Euler-Franeker (EULER) basadas en sus caracter\u00edsticas y ofertas \u00fanicas: 1. Integraci\u00f3n de la inteligencia artificial (IA): EULER integra la IA profundamente en su plan de estudios y m\u00e9todos de ense\u00f1anza, utilizando sistemas de tutor\u00eda inteligente y aprendizaje autom\u00e1tico para personalizar las rutas de aprendizaje. Esto prepara [&hellip;]\" \/>\n<meta property=\"og:url\" content=\"https:\/\/euler.euclid.int\/por-que-elegir-euler\/\" \/>\n<meta property=\"og:site_name\" content=\"EFMU: The Euler-Franeker Memorial University and Institute\" \/>\n<meta name=\"twitter:card\" content=\"summary_large_image\" \/>\n<meta name=\"twitter:label1\" content=\"Tiempo de lectura\" \/>\n\t<meta name=\"twitter:data1\" content=\"3 minutos\" \/>\n<script type=\"application\/ld+json\" class=\"yoast-schema-graph\">{\"@context\":\"https:\\\/\\\/schema.org\",\"@graph\":[{\"@type\":\"WebPage\",\"@id\":\"https:\\\/\\\/euler.euclid.int\\\/por-que-elegir-euler\\\/\",\"url\":\"https:\\\/\\\/euler.euclid.int\\\/por-que-elegir-euler\\\/\",\"name\":\"\u00bfPor qu\u00e9 elegir EULER? - EFMU: The Euler-Franeker Memorial University and Institute\",\"isPartOf\":{\"@id\":\"https:\\\/\\\/euler.euclid.int\\\/#website\"},\"datePublished\":\"2025-07-26T20:25:51+00:00\",\"breadcrumb\":{\"@id\":\"https:\\\/\\\/euler.euclid.int\\\/por-que-elegir-euler\\\/#breadcrumb\"},\"inLanguage\":\"es\",\"potentialAction\":[{\"@type\":\"ReadAction\",\"target\":[\"https:\\\/\\\/euler.euclid.int\\\/por-que-elegir-euler\\\/\"]}]},{\"@type\":\"BreadcrumbList\",\"@id\":\"https:\\\/\\\/euler.euclid.int\\\/por-que-elegir-euler\\\/#breadcrumb\",\"itemListElement\":[{\"@type\":\"ListItem\",\"position\":1,\"name\":\"Home\",\"item\":\"https:\\\/\\\/euler.euclid.int\\\/\"},{\"@type\":\"ListItem\",\"position\":2,\"name\":\"\u00bfPor qu\u00e9 elegir EULER?\"}]},{\"@type\":\"WebSite\",\"@id\":\"https:\\\/\\\/euler.euclid.int\\\/#website\",\"url\":\"https:\\\/\\\/euler.euclid.int\\\/\",\"name\":\"EFMU: The Euler-Franeker Memorial University and Institute\",\"description\":\"Academic and Research Excellence inspired by the Legacy of L. Euler and the University of Franeker\",\"potentialAction\":[{\"@type\":\"SearchAction\",\"target\":{\"@type\":\"EntryPoint\",\"urlTemplate\":\"https:\\\/\\\/euler.euclid.int\\\/?s={search_term_string}\"},\"query-input\":{\"@type\":\"PropertyValueSpecification\",\"valueRequired\":true,\"valueName\":\"search_term_string\"}}],\"inLanguage\":\"es\"}]}<\/script>\n<!-- \/ Yoast SEO plugin. -->","yoast_head_json":{"title":"\u00bfPor qu\u00e9 elegir EULER? - EFMU: The Euler-Franeker Memorial University and Institute","robots":{"index":"index","follow":"follow","max-snippet":"max-snippet:-1","max-image-preview":"max-image-preview:large","max-video-preview":"max-video-preview:-1"},"canonical":"https:\/\/euler.euclid.int\/por-que-elegir-euler\/","og_locale":"es_ES","og_type":"article","og_title":"\u00bfPor qu\u00e9 elegir EULER? - EFMU: The Euler-Franeker Memorial University and Institute","og_description":"Existen razones de peso para elegir la Universidad Memorial Euler-Franeker (EULER) basadas en sus caracter\u00edsticas y ofertas \u00fanicas: 1. Integraci\u00f3n de la inteligencia artificial (IA): EULER integra la IA profundamente en su plan de estudios y m\u00e9todos de ense\u00f1anza, utilizando sistemas de tutor\u00eda inteligente y aprendizaje autom\u00e1tico para personalizar las rutas de aprendizaje. Esto prepara [&hellip;]","og_url":"https:\/\/euler.euclid.int\/por-que-elegir-euler\/","og_site_name":"EFMU: The Euler-Franeker Memorial University and Institute","twitter_card":"summary_large_image","twitter_misc":{"Tiempo de lectura":"3 minutos"},"schema":{"@context":"https:\/\/schema.org","@graph":[{"@type":"WebPage","@id":"https:\/\/euler.euclid.int\/por-que-elegir-euler\/","url":"https:\/\/euler.euclid.int\/por-que-elegir-euler\/","name":"\u00bfPor qu\u00e9 elegir EULER? - EFMU: The Euler-Franeker Memorial University and Institute","isPartOf":{"@id":"https:\/\/euler.euclid.int\/#website"},"datePublished":"2025-07-26T20:25:51+00:00","breadcrumb":{"@id":"https:\/\/euler.euclid.int\/por-que-elegir-euler\/#breadcrumb"},"inLanguage":"es","potentialAction":[{"@type":"ReadAction","target":["https:\/\/euler.euclid.int\/por-que-elegir-euler\/"]}]},{"@type":"BreadcrumbList","@id":"https:\/\/euler.euclid.int\/por-que-elegir-euler\/#breadcrumb","itemListElement":[{"@type":"ListItem","position":1,"name":"Home","item":"https:\/\/euler.euclid.int\/"},{"@type":"ListItem","position":2,"name":"\u00bfPor qu\u00e9 elegir EULER?"}]},{"@type":"WebSite","@id":"https:\/\/euler.euclid.int\/#website","url":"https:\/\/euler.euclid.int\/","name":"EFMU: The Euler-Franeker Memorial University and Institute","description":"Academic and Research Excellence inspired by the Legacy of L. Euler and the University of Franeker","potentialAction":[{"@type":"SearchAction","target":{"@type":"EntryPoint","urlTemplate":"https:\/\/euler.euclid.int\/?s={search_term_string}"},"query-input":{"@type":"PropertyValueSpecification","valueRequired":true,"valueName":"search_term_string"}}],"inLanguage":"es"}]}},"_links":{"self":[{"href":"https:\/\/euler.euclid.int\/es\/wp-json\/wp\/v2\/pages\/61285","targetHints":{"allow":["GET"]}}],"collection":[{"href":"https:\/\/euler.euclid.int\/es\/wp-json\/wp\/v2\/pages"}],"about":[{"href":"https:\/\/euler.euclid.int\/es\/wp-json\/wp\/v2\/types\/page"}],"author":[{"embeddable":true,"href":"https:\/\/euler.euclid.int\/es\/wp-json\/wp\/v2\/users\/1"}],"replies":[{"embeddable":true,"href":"https:\/\/euler.euclid.int\/es\/wp-json\/wp\/v2\/comments?post=61285"}],"version-history":[{"count":0,"href":"https:\/\/euler.euclid.int\/es\/wp-json\/wp\/v2\/pages\/61285\/revisions"}],"wp:attachment":[{"href":"https:\/\/euler.euclid.int\/es\/wp-json\/wp\/v2\/media?parent=61285"}],"curies":[{"name":"wp","href":"https:\/\/api.w.org\/{rel}","templated":true}]}}