{"id":59404,"date":"2023-08-19T00:03:21","date_gmt":"2023-08-19T00:03:21","guid":{"rendered":"https:\/\/euler.euclid.int\/notre-histoire\/"},"modified":"2023-08-19T00:03:21","modified_gmt":"2023-08-19T00:03:21","slug":"notre-histoire","status":"publish","type":"page","link":"https:\/\/euler.euclid.int\/fr\/notre-histoire\/","title":{"rendered":"Notre Histoire"},"content":{"rendered":"\t\t<div data-elementor-type=\"wp-page\" data-elementor-id=\"59404\" class=\"elementor elementor-59404 elementor-54503\" data-elementor-post-type=\"page\">\n\t\t\t\t\t\t<section data-particle_enable=\"false\" data-particle-mobile-disabled=\"false\" class=\"elementor-section elementor-top-section elementor-element elementor-element-ff8afc4 elementor-section-boxed elementor-section-height-default elementor-section-height-default\" data-id=\"ff8afc4\" data-element_type=\"section\" data-e-type=\"section\">\n\t\t\t\t\t\t<div class=\"elementor-container elementor-column-gap-default\">\n\t\t\t\t\t<div class=\"elementor-column elementor-col-100 elementor-top-column elementor-element elementor-element-3abafb5\" data-id=\"3abafb5\" data-element_type=\"column\" data-e-type=\"column\">\n\t\t\t<div class=\"elementor-widget-wrap elementor-element-populated\">\n\t\t\t\t\t\t<div class=\"elementor-element elementor-element-0dc941a elementor-widget elementor-widget-text-editor\" data-id=\"0dc941a\" data-element_type=\"widget\" data-e-type=\"widget\" data-widget_type=\"text-editor.default\">\n\t\t\t\t<div class=\"elementor-widget-container\">\n\t\t\t\t\t\t\t\t\t<p>We are proud to be part of the Kingdom of the Netherlands as indeed, our roots go deep in history, all the way to the Netherlands in the 1500s, 1585 to be exact, the year of the establishment of the University of Franeker. This remarkable university continued in its original form until it was disbanded by the French Emperor Napoleon in 1811 and eventually ceased operations even its in in\u00a0Athenaeum form in 1843. However, the &#8216;ashes of Franeker&#8217; remained smoldering as its enduring vision to harmonize science, philosophy, research and theology remained increasingly relevant.\u00a0<\/p><p>One hundred and eighty years later, the flame was reignited by means of a memorial university charter approved the Ministry of Education, Science, Culture and Sports (Willemstad, Cura\u00e7ao, Kingdom of the Netherlands). The charter granted to the Euler-Franeker Memorial University (Foundation) the legal right to revive the legacy and vision of this remarkable Dutch institution while also commemorative for the first time in a university name the profound legacy of Leonard Euler.<\/p><p>Not only did EULER (Euler-Franeker Memorial University) inherit the responsibility of maintaining the memory and legacy of the University of Franeker (it does so among other means by maintaining the\u00a0https:\/\/universiteitfraneker.nl\/ website &#8211; image below); it also inherited the responsibility to pass on the knowledge and spirit of the great mathematicians Leonhard and Johann Euler.<\/p>\t\t\t\t\t\t\t\t<\/div>\n\t\t\t\t<\/div>\n\t\t\t\t<div class=\"elementor-element elementor-element-3578bc8 elementor-widget elementor-widget-image\" data-id=\"3578bc8\" data-element_type=\"widget\" data-e-type=\"widget\" data-widget_type=\"image.default\">\n\t\t\t\t<div class=\"elementor-widget-container\">\n\t\t\t\t\t\t\t\t\t\t\t\t\t\t\t<img fetchpriority=\"high\" decoding=\"async\" width=\"800\" height=\"1014\" src=\"https:\/\/euler.euclid.int\/wp-content\/uploads\/2023\/08\/FireShot-Capture-016-Franeker-University-808x1024.png\" class=\"attachment-large size-large wp-image-58384\" alt=\"\" srcset=\"https:\/\/euler.euclid.int\/wp-content\/uploads\/2023\/08\/FireShot-Capture-016-Franeker-University-808x1024.png 808w, https:\/\/euler.euclid.int\/wp-content\/uploads\/2023\/08\/FireShot-Capture-016-Franeker-University-237x300.png 237w, https:\/\/euler.euclid.int\/wp-content\/uploads\/2023\/08\/FireShot-Capture-016-Franeker-University-768x973.png 768w, https:\/\/euler.euclid.int\/wp-content\/uploads\/2023\/08\/FireShot-Capture-016-Franeker-University-1212x1536.png 1212w, https:\/\/euler.euclid.int\/wp-content\/uploads\/2023\/08\/FireShot-Capture-016-Franeker-University.png 1512w\" sizes=\"(max-width: 800px) 100vw, 800px\" \/>\t\t\t\t\t\t\t\t\t\t\t\t\t\t\t<\/div>\n\t\t\t\t<\/div>\n\t\t\t\t\t<\/div>\n\t\t<\/div>\n\t\t\t\t\t<\/div>\n\t\t<\/section>\n\t\t\t\t<section data-particle_enable=\"false\" data-particle-mobile-disabled=\"false\" class=\"elementor-section elementor-top-section elementor-element elementor-element-5257db4 elementor-section-boxed elementor-section-height-default elementor-section-height-default\" data-id=\"5257db4\" data-element_type=\"section\" data-e-type=\"section\">\n\t\t\t\t\t\t<div class=\"elementor-container elementor-column-gap-default\">\n\t\t\t\t\t<div class=\"elementor-column elementor-col-100 elementor-top-column elementor-element elementor-element-a07cb03\" data-id=\"a07cb03\" data-element_type=\"column\" data-e-type=\"column\">\n\t\t\t<div class=\"elementor-widget-wrap elementor-element-populated\">\n\t\t\t\t\t\t<div class=\"elementor-element elementor-element-675a3a3 elementor-widget elementor-widget-text-editor\" data-id=\"675a3a3\" data-element_type=\"widget\" data-e-type=\"widget\" data-widget_type=\"text-editor.default\">\n\t\t\t\t<div class=\"elementor-widget-container\">\n\t\t\t\t\t\t\t\t\t<p>The vision to reignite this academic vision was made possible by the support of another institution named after a famous mathematician: EUCLID (Euclid University). EUCLID is a specialized intergovernmental organization established in 2008 (United Nations Treaty Series) which was approved as a Social Actor by the Ministerial Council of the Association of Caribbeans States (ACS). EUCLID&#8217;s mandate is mainly directly towards diplomats and civil servant, under intergovernmental governance, whereas EULER was conceived with EUCLID to have a different mandate and vision.<\/p><p>Be a part of the ongoing legacy and history of Franeker&#8217;s &#8216;classic European&#8217; academic tradition of excellence.<\/p>\t\t\t\t\t\t\t\t<\/div>\n\t\t\t\t<\/div>\n\t\t\t\t\t<\/div>\n\t\t<\/div>\n\t\t\t\t\t<\/div>\n\t\t<\/section>\n\t\t\t\t<\/div>\n\t\t","protected":false},"excerpt":{"rendered":"<p>Nous sommes fiers de faire partie du Royaume des Pays-Bas car, en effet, nos racines plongent profond\u00e9ment dans l&#8217;histoire, remontant jusqu&#8217;aux Pays-Bas des ann\u00e9es 1500, plus pr\u00e9cis\u00e9ment en 1585, ann\u00e9e de la fondation de l&#8217;Universit\u00e9 de Franeker. Cette remarquable universit\u00e9 a poursuivi ses activit\u00e9s sous sa forme originale jusqu&#8217;\u00e0 sa dissolution par l&#8217;Empereur fran\u00e7ais Napol\u00e9on [&hellip;]<\/p>\n","protected":false},"author":1,"featured_media":0,"parent":0,"menu_order":0,"comment_status":"closed","ping_status":"closed","template":"","meta":{"footnotes":""},"class_list":["post-59404","page","type-page","status-publish","hentry"],"yoast_head":"<!-- This site is optimized with the Yoast SEO plugin v27.3 - https:\/\/yoast.com\/product\/yoast-seo-wordpress\/ -->\n<title>Notre Histoire - EFMU: The Euler-Franeker Memorial University and Institute<\/title>\n<meta name=\"robots\" content=\"index, follow, max-snippet:-1, max-image-preview:large, max-video-preview:-1\" \/>\n<link rel=\"canonical\" href=\"https:\/\/euler.euclid.int\/notre-histoire\/\" \/>\n<meta property=\"og:locale\" content=\"fr_FR\" \/>\n<meta property=\"og:type\" content=\"article\" \/>\n<meta property=\"og:title\" content=\"Notre Histoire - EFMU: The Euler-Franeker Memorial University and Institute\" \/>\n<meta property=\"og:description\" content=\"Nous sommes fiers de faire partie du Royaume des Pays-Bas car, en effet, nos racines plongent profond\u00e9ment dans l&#8217;histoire, remontant jusqu&#8217;aux Pays-Bas des ann\u00e9es 1500, plus pr\u00e9cis\u00e9ment en 1585, ann\u00e9e de la fondation de l&#8217;Universit\u00e9 de Franeker. Cette remarquable universit\u00e9 a poursuivi ses activit\u00e9s sous sa forme originale jusqu&#8217;\u00e0 sa dissolution par l&#8217;Empereur fran\u00e7ais Napol\u00e9on [&hellip;]\" \/>\n<meta property=\"og:url\" content=\"https:\/\/euler.euclid.int\/notre-histoire\/\" \/>\n<meta property=\"og:site_name\" content=\"EFMU: The Euler-Franeker Memorial University and Institute\" \/>\n<meta property=\"og:image\" content=\"https:\/\/euler.euclid.int\/wp-content\/uploads\/2023\/08\/FireShot-Capture-016-Franeker-University-808x1024.png\" \/>\n<meta name=\"twitter:card\" content=\"summary_large_image\" \/>\n<meta name=\"twitter:label1\" content=\"Dur\u00e9e de lecture estim\u00e9e\" \/>\n\t<meta name=\"twitter:data1\" content=\"2 minutes\" \/>\n<script type=\"application\/ld+json\" class=\"yoast-schema-graph\">{\"@context\":\"https:\\\/\\\/schema.org\",\"@graph\":[{\"@type\":\"WebPage\",\"@id\":\"https:\\\/\\\/euler.euclid.int\\\/notre-histoire\\\/\",\"url\":\"https:\\\/\\\/euler.euclid.int\\\/notre-histoire\\\/\",\"name\":\"Notre Histoire - EFMU: The Euler-Franeker Memorial University and Institute\",\"isPartOf\":{\"@id\":\"https:\\\/\\\/euler.euclid.int\\\/#website\"},\"primaryImageOfPage\":{\"@id\":\"https:\\\/\\\/euler.euclid.int\\\/notre-histoire\\\/#primaryimage\"},\"image\":{\"@id\":\"https:\\\/\\\/euler.euclid.int\\\/notre-histoire\\\/#primaryimage\"},\"thumbnailUrl\":\"https:\\\/\\\/euler.euclid.int\\\/wp-content\\\/uploads\\\/2023\\\/08\\\/FireShot-Capture-016-Franeker-University-808x1024.png\",\"datePublished\":\"2023-08-19T00:03:21+00:00\",\"breadcrumb\":{\"@id\":\"https:\\\/\\\/euler.euclid.int\\\/notre-histoire\\\/#breadcrumb\"},\"inLanguage\":\"fr-FR\",\"potentialAction\":[{\"@type\":\"ReadAction\",\"target\":[\"https:\\\/\\\/euler.euclid.int\\\/notre-histoire\\\/\"]}]},{\"@type\":\"ImageObject\",\"inLanguage\":\"fr-FR\",\"@id\":\"https:\\\/\\\/euler.euclid.int\\\/notre-histoire\\\/#primaryimage\",\"url\":\"https:\\\/\\\/euler.euclid.int\\\/wp-content\\\/uploads\\\/2023\\\/08\\\/FireShot-Capture-016-Franeker-University-808x1024.png\",\"contentUrl\":\"https:\\\/\\\/euler.euclid.int\\\/wp-content\\\/uploads\\\/2023\\\/08\\\/FireShot-Capture-016-Franeker-University-808x1024.png\"},{\"@type\":\"BreadcrumbList\",\"@id\":\"https:\\\/\\\/euler.euclid.int\\\/notre-histoire\\\/#breadcrumb\",\"itemListElement\":[{\"@type\":\"ListItem\",\"position\":1,\"name\":\"Home\",\"item\":\"https:\\\/\\\/euler.euclid.int\\\/\"},{\"@type\":\"ListItem\",\"position\":2,\"name\":\"Notre Histoire\"}]},{\"@type\":\"WebSite\",\"@id\":\"https:\\\/\\\/euler.euclid.int\\\/#website\",\"url\":\"https:\\\/\\\/euler.euclid.int\\\/\",\"name\":\"EFMU: The Euler-Franeker Memorial University and Institute\",\"description\":\"Academic and Research Excellence inspired by the Legacy of L. Euler and the University of Franeker\",\"potentialAction\":[{\"@type\":\"SearchAction\",\"target\":{\"@type\":\"EntryPoint\",\"urlTemplate\":\"https:\\\/\\\/euler.euclid.int\\\/?s={search_term_string}\"},\"query-input\":{\"@type\":\"PropertyValueSpecification\",\"valueRequired\":true,\"valueName\":\"search_term_string\"}}],\"inLanguage\":\"fr-FR\"}]}<\/script>\n<!-- \/ Yoast SEO plugin. -->","yoast_head_json":{"title":"Notre Histoire - EFMU: The Euler-Franeker Memorial University and Institute","robots":{"index":"index","follow":"follow","max-snippet":"max-snippet:-1","max-image-preview":"max-image-preview:large","max-video-preview":"max-video-preview:-1"},"canonical":"https:\/\/euler.euclid.int\/notre-histoire\/","og_locale":"fr_FR","og_type":"article","og_title":"Notre Histoire - EFMU: The Euler-Franeker Memorial University and Institute","og_description":"Nous sommes fiers de faire partie du Royaume des Pays-Bas car, en effet, nos racines plongent profond\u00e9ment dans l&#8217;histoire, remontant jusqu&#8217;aux Pays-Bas des ann\u00e9es 1500, plus pr\u00e9cis\u00e9ment en 1585, ann\u00e9e de la fondation de l&#8217;Universit\u00e9 de Franeker. Cette remarquable universit\u00e9 a poursuivi ses activit\u00e9s sous sa forme originale jusqu&#8217;\u00e0 sa dissolution par l&#8217;Empereur fran\u00e7ais Napol\u00e9on [&hellip;]","og_url":"https:\/\/euler.euclid.int\/notre-histoire\/","og_site_name":"EFMU: The Euler-Franeker Memorial University and Institute","og_image":[{"url":"https:\/\/euler.euclid.int\/wp-content\/uploads\/2023\/08\/FireShot-Capture-016-Franeker-University-808x1024.png","type":"","width":"","height":""}],"twitter_card":"summary_large_image","twitter_misc":{"Dur\u00e9e de lecture estim\u00e9e":"2 minutes"},"schema":{"@context":"https:\/\/schema.org","@graph":[{"@type":"WebPage","@id":"https:\/\/euler.euclid.int\/notre-histoire\/","url":"https:\/\/euler.euclid.int\/notre-histoire\/","name":"Notre Histoire - EFMU: The Euler-Franeker Memorial University and Institute","isPartOf":{"@id":"https:\/\/euler.euclid.int\/#website"},"primaryImageOfPage":{"@id":"https:\/\/euler.euclid.int\/notre-histoire\/#primaryimage"},"image":{"@id":"https:\/\/euler.euclid.int\/notre-histoire\/#primaryimage"},"thumbnailUrl":"https:\/\/euler.euclid.int\/wp-content\/uploads\/2023\/08\/FireShot-Capture-016-Franeker-University-808x1024.png","datePublished":"2023-08-19T00:03:21+00:00","breadcrumb":{"@id":"https:\/\/euler.euclid.int\/notre-histoire\/#breadcrumb"},"inLanguage":"fr-FR","potentialAction":[{"@type":"ReadAction","target":["https:\/\/euler.euclid.int\/notre-histoire\/"]}]},{"@type":"ImageObject","inLanguage":"fr-FR","@id":"https:\/\/euler.euclid.int\/notre-histoire\/#primaryimage","url":"https:\/\/euler.euclid.int\/wp-content\/uploads\/2023\/08\/FireShot-Capture-016-Franeker-University-808x1024.png","contentUrl":"https:\/\/euler.euclid.int\/wp-content\/uploads\/2023\/08\/FireShot-Capture-016-Franeker-University-808x1024.png"},{"@type":"BreadcrumbList","@id":"https:\/\/euler.euclid.int\/notre-histoire\/#breadcrumb","itemListElement":[{"@type":"ListItem","position":1,"name":"Home","item":"https:\/\/euler.euclid.int\/"},{"@type":"ListItem","position":2,"name":"Notre Histoire"}]},{"@type":"WebSite","@id":"https:\/\/euler.euclid.int\/#website","url":"https:\/\/euler.euclid.int\/","name":"EFMU: The Euler-Franeker Memorial University and Institute","description":"Academic and Research Excellence inspired by the Legacy of L. Euler and the University of Franeker","potentialAction":[{"@type":"SearchAction","target":{"@type":"EntryPoint","urlTemplate":"https:\/\/euler.euclid.int\/?s={search_term_string}"},"query-input":{"@type":"PropertyValueSpecification","valueRequired":true,"valueName":"search_term_string"}}],"inLanguage":"fr-FR"}]}},"_links":{"self":[{"href":"https:\/\/euler.euclid.int\/fr\/wp-json\/wp\/v2\/pages\/59404","targetHints":{"allow":["GET"]}}],"collection":[{"href":"https:\/\/euler.euclid.int\/fr\/wp-json\/wp\/v2\/pages"}],"about":[{"href":"https:\/\/euler.euclid.int\/fr\/wp-json\/wp\/v2\/types\/page"}],"author":[{"embeddable":true,"href":"https:\/\/euler.euclid.int\/fr\/wp-json\/wp\/v2\/users\/1"}],"replies":[{"embeddable":true,"href":"https:\/\/euler.euclid.int\/fr\/wp-json\/wp\/v2\/comments?post=59404"}],"version-history":[{"count":0,"href":"https:\/\/euler.euclid.int\/fr\/wp-json\/wp\/v2\/pages\/59404\/revisions"}],"wp:attachment":[{"href":"https:\/\/euler.euclid.int\/fr\/wp-json\/wp\/v2\/media?parent=59404"}],"curies":[{"name":"wp","href":"https:\/\/api.w.org\/{rel}","templated":true}]}}