{"id":59434,"date":"2025-01-18T08:55:15","date_gmt":"2025-01-18T08:55:15","guid":{"rendered":"https:\/\/euler.euclid.int\/systeme-de-signalement-anonyme-euler\/"},"modified":"2025-01-18T08:55:15","modified_gmt":"2025-01-18T08:55:15","slug":"systeme-de-signalement-anonyme-euler","status":"publish","type":"page","link":"https:\/\/euler.euclid.int\/fr\/systeme-de-signalement-anonyme-euler\/","title":{"rendered":"Syst\u00e8me de signalement anonyme EULER"},"content":{"rendered":"\t\t<div data-elementor-type=\"wp-page\" data-elementor-id=\"59434\" class=\"elementor elementor-59434 elementor-56562\" data-elementor-post-type=\"page\">\n\t\t\t\t\t\t<section data-particle_enable=\"false\" data-particle-mobile-disabled=\"false\" class=\"elementor-section elementor-top-section elementor-element elementor-element-5ab10f4 elementor-section-boxed elementor-section-height-default elementor-section-height-default\" data-id=\"5ab10f4\" data-element_type=\"section\" data-e-type=\"section\">\n\t\t\t\t\t\t<div class=\"elementor-container elementor-column-gap-default\">\n\t\t\t\t\t<div class=\"elementor-column elementor-col-100 elementor-top-column elementor-element elementor-element-6f3f330\" data-id=\"6f3f330\" data-element_type=\"column\" data-e-type=\"column\">\n\t\t\t<div class=\"elementor-widget-wrap elementor-element-populated\">\n\t\t\t\t\t\t<div class=\"elementor-element elementor-element-870a261 elementor-widget elementor-widget-text-editor\" data-id=\"870a261\" data-element_type=\"widget\" data-e-type=\"widget\" data-widget_type=\"text-editor.default\">\n\t\t\t\t<div class=\"elementor-widget-container\">\n\t\t\t\t\t\t\t\t\t<p><strong>EULER University Anonymous Reporting System<\/strong><\/p><p>At EULER University, we are committed to fostering a safe, inclusive, and respectful environment for all members of our community. We recognize that incidents of discrimination, harassment, unethical behavior, or violations of university policies can occur, and we want to ensure that everyone has a voice in maintaining the integrity of our institution.<\/p><p>To support this commitment, EULER University offers the <strong>Anonymous Reporting System<\/strong>\u2014a confidential and secure platform where individuals can report concerns or incidents related to misconduct without fear of retaliation. Whether you are a student, faculty member, staff, or visitor, you are encouraged to use this system to anonymously report any behavior that goes against the values of EULER University, including but not limited to discrimination, harassment, fraud, academic dishonesty, or violations of university policy.<\/p><p>We believe that everyone should feel safe and empowered to speak up when something is wrong, and the Anonymous Reporting System provides an important mechanism for transparency and accountability within our university community. Every report will be taken seriously, reviewed carefully, and acted upon with the utmost confidentiality to protect your identity and maintain the integrity of the process.<\/p><p>By using this system, you help EULER University uphold the standards of respect, equality, and fairness that define our mission and guide our community\u2019s actions. Your voice is invaluable in creating a safer and more inclusive environment for all.<\/p>\t\t\t\t\t\t\t\t<\/div>\n\t\t\t\t<\/div>\n\t\t\t\t<div class=\"elementor-element elementor-element-63c27dc elementor-button-align-stretch elementor-widget elementor-widget-form\" data-id=\"63c27dc\" data-element_type=\"widget\" data-e-type=\"widget\" data-settings=\"{&quot;step_next_label&quot;:&quot;Next&quot;,&quot;step_previous_label&quot;:&quot;Previous&quot;,&quot;button_width&quot;:&quot;100&quot;,&quot;step_type&quot;:&quot;number_text&quot;,&quot;step_icon_shape&quot;:&quot;circle&quot;}\" data-widget_type=\"form.default\">\n\t\t\t\t<div class=\"elementor-widget-container\">\n\t\t\t\t\t        <script>\n\n            if(typeof params === 'undefined'){\n                let params = '';                \n            }\n\n            params = new URLSearchParams(location.search);\n\n            if (params.has('better_payment_paypal_status') || params.has('better_payment_stripe_status') || params.has('better_payment_paystack_status')) {\n                params.delete('better_payment_paypal_status');\n                params.delete('better_payment_stripe_status');\n                params.delete('better_payment_paystack_status');\n                params.delete('better_payment_widget_id');\n                params.delete('better_payment_stripe_id');\n                params.delete('better_payment_paystack_id');\n                window.history.replaceState({}, '', `${location.pathname}?${params}`);\n            }\n        <\/script>\n        \t\t<form class=\"elementor-form\" method=\"post\" name=\"New Form\" aria-label=\"New Form\">\n\t\t\t<input type=\"hidden\" name=\"post_id\" value=\"59434\"\/>\n\t\t\t<input type=\"hidden\" name=\"form_id\" value=\"63c27dc\"\/>\n\t\t\t<input type=\"hidden\" name=\"referer_title\" value=\"EFMU: The Euler-Franeker Memorial University and Institute\" \/>\n\n\t\t\t\n\t\t\t<div class=\"elementor-form-fields-wrapper elementor-labels-above\">\n\t\t\t\t\t\t\t\t<div class=\"elementor-field-type-text elementor-field-group elementor-column elementor-field-group-name elementor-col-100\">\n\t\t\t\t\t\t\t\t\t\t\t\t<label for=\"form-field-name\" class=\"elementor-field-label\">\n\t\t\t\t\t\t\t\tName (Optional)\t\t\t\t\t\t\t<\/label>\n\t\t\t\t\t\t\t\t\t\t\t\t\t\t<input size=\"1\" type=\"text\" name=\"form_fields[name]\" id=\"form-field-name\" class=\"elementor-field elementor-size-sm  elementor-field-textual\" placeholder=\"Name\">\n\t\t\t\t\t\t\t\t\t\t\t<\/div>\n\t\t\t\t\t\t\t\t<div class=\"elementor-field-type-email elementor-field-group elementor-column elementor-field-group-email elementor-col-100 elementor-field-required\">\n\t\t\t\t\t\t\t\t\t\t\t\t<label for=\"form-field-email\" class=\"elementor-field-label\">\n\t\t\t\t\t\t\t\tEmail (Optional)\t\t\t\t\t\t\t<\/label>\n\t\t\t\t\t\t\t\t\t\t\t\t\t\t<input size=\"1\" type=\"email\" name=\"form_fields[email]\" id=\"form-field-email\" class=\"elementor-field elementor-size-sm  elementor-field-textual\" placeholder=\"Email\" required=\"required\">\n\t\t\t\t\t\t\t\t\t\t\t<\/div>\n\t\t\t\t\t\t\t\t<div class=\"elementor-field-type-textarea elementor-field-group elementor-column elementor-field-group-message elementor-col-100\">\n\t\t\t\t\t\t\t\t\t\t\t\t<label for=\"form-field-message\" class=\"elementor-field-label\">\n\t\t\t\t\t\t\t\tDetailed Report or Message\t\t\t\t\t\t\t<\/label>\n\t\t\t\t\t\t<textarea class=\"elementor-field-textual elementor-field  elementor-size-sm\" name=\"form_fields[message]\" id=\"form-field-message\" rows=\"4\" placeholder=\"Message\"><\/textarea>\t\t\t\t<\/div>\n\t\t\t\t\t\t\t\t<div class=\"elementor-field-type-recaptcha_v3 elementor-field-group elementor-column elementor-field-group-field_4002471 elementor-col-100 recaptcha_v3-inline\">\n\t\t\t\t\t<div class=\"elementor-field\" id=\"form-field-field_4002471\"><div class=\"elementor-g-recaptcha\" data-sitekey=\"6Le8VfkqAAAAAA-qShArHy3NhyKe7m2-7Qw7e9Zf\" data-type=\"v3\" data-action=\"Form\" data-badge=\"inline\" data-size=\"invisible\"><\/div><\/div>\t\t\t\t<\/div>\n\t\t\t\t\t\t\t\t<div class=\"elementor-field-group elementor-column elementor-field-type-submit elementor-col-100 e-form__buttons\">\n\t\t\t\t\t<button class=\"elementor-button elementor-size-sm\" type=\"submit\">\n\t\t\t\t\t\t<span class=\"elementor-button-content-wrapper\">\n\t\t\t\t\t\t\t\t\t\t\t\t\t\t\t\t\t\t\t\t\t\t<span class=\"elementor-button-text\">Send<\/span>\n\t\t\t\t\t\t\t\t\t\t\t\t\t<\/span>\n\t\t\t\t\t<\/button>\n\t\t\t\t<\/div>\n\t\t\t<\/div>\n\t\t<\/form>\n\t\t\t\t\t\t<\/div>\n\t\t\t\t<\/div>\n\t\t\t\t\t<\/div>\n\t\t<\/div>\n\t\t\t\t\t<\/div>\n\t\t<\/section>\n\t\t\t\t<\/div>\n\t\t","protected":false},"excerpt":{"rendered":"<p>Syst\u00e8me de signalement anonyme de l&#8217;Universit\u00e9 EULER \u00c0 l&#8217;Universit\u00e9 EULER, nous nous engageons \u00e0 favoriser un environnement s\u00fbr, inclusif et respectueux pour tous les membres de notre communaut\u00e9. Nous reconnaissons que des incidents de discrimination, de harc\u00e8lement, de comportement contraire \u00e0 l&#8217;\u00e9thique ou de violations des politiques universitaires peuvent survenir, et nous souhaitons nous assurer [&hellip;]<\/p>\n","protected":false},"author":1,"featured_media":0,"parent":0,"menu_order":0,"comment_status":"closed","ping_status":"closed","template":"","meta":{"footnotes":""},"class_list":["post-59434","page","type-page","status-publish","hentry"],"yoast_head":"<!-- This site is optimized with the Yoast SEO plugin v27.3 - https:\/\/yoast.com\/product\/yoast-seo-wordpress\/ -->\n<title>Syst\u00e8me de signalement anonyme EULER - EFMU: The Euler-Franeker Memorial University and Institute<\/title>\n<meta name=\"robots\" content=\"index, follow, max-snippet:-1, max-image-preview:large, max-video-preview:-1\" \/>\n<link rel=\"canonical\" href=\"https:\/\/euler.euclid.int\/systeme-de-signalement-anonyme-euler\/\" \/>\n<meta property=\"og:locale\" content=\"fr_FR\" \/>\n<meta property=\"og:type\" content=\"article\" \/>\n<meta property=\"og:title\" content=\"Syst\u00e8me de signalement anonyme EULER - EFMU: The Euler-Franeker Memorial University and Institute\" \/>\n<meta property=\"og:description\" content=\"Syst\u00e8me de signalement anonyme de l&#8217;Universit\u00e9 EULER \u00c0 l&#8217;Universit\u00e9 EULER, nous nous engageons \u00e0 favoriser un environnement s\u00fbr, inclusif et respectueux pour tous les membres de notre communaut\u00e9. Nous reconnaissons que des incidents de discrimination, de harc\u00e8lement, de comportement contraire \u00e0 l&#8217;\u00e9thique ou de violations des politiques universitaires peuvent survenir, et nous souhaitons nous assurer [&hellip;]\" \/>\n<meta property=\"og:url\" content=\"https:\/\/euler.euclid.int\/systeme-de-signalement-anonyme-euler\/\" \/>\n<meta property=\"og:site_name\" content=\"EFMU: The Euler-Franeker Memorial University and Institute\" \/>\n<meta name=\"twitter:card\" content=\"summary_large_image\" \/>\n<meta name=\"twitter:label1\" content=\"Dur\u00e9e de lecture estim\u00e9e\" \/>\n\t<meta name=\"twitter:data1\" content=\"1 minute\" \/>\n<script type=\"application\/ld+json\" class=\"yoast-schema-graph\">{\"@context\":\"https:\\\/\\\/schema.org\",\"@graph\":[{\"@type\":\"WebPage\",\"@id\":\"https:\\\/\\\/euler.euclid.int\\\/systeme-de-signalement-anonyme-euler\\\/\",\"url\":\"https:\\\/\\\/euler.euclid.int\\\/systeme-de-signalement-anonyme-euler\\\/\",\"name\":\"Syst\u00e8me de signalement anonyme EULER - EFMU: The Euler-Franeker Memorial University and Institute\",\"isPartOf\":{\"@id\":\"https:\\\/\\\/euler.euclid.int\\\/#website\"},\"datePublished\":\"2025-01-18T08:55:15+00:00\",\"breadcrumb\":{\"@id\":\"https:\\\/\\\/euler.euclid.int\\\/systeme-de-signalement-anonyme-euler\\\/#breadcrumb\"},\"inLanguage\":\"fr-FR\",\"potentialAction\":[{\"@type\":\"ReadAction\",\"target\":[\"https:\\\/\\\/euler.euclid.int\\\/systeme-de-signalement-anonyme-euler\\\/\"]}]},{\"@type\":\"BreadcrumbList\",\"@id\":\"https:\\\/\\\/euler.euclid.int\\\/systeme-de-signalement-anonyme-euler\\\/#breadcrumb\",\"itemListElement\":[{\"@type\":\"ListItem\",\"position\":1,\"name\":\"Home\",\"item\":\"https:\\\/\\\/euler.euclid.int\\\/\"},{\"@type\":\"ListItem\",\"position\":2,\"name\":\"Syst\u00e8me de signalement anonyme EULER\"}]},{\"@type\":\"WebSite\",\"@id\":\"https:\\\/\\\/euler.euclid.int\\\/#website\",\"url\":\"https:\\\/\\\/euler.euclid.int\\\/\",\"name\":\"EFMU: The Euler-Franeker Memorial University and Institute\",\"description\":\"Academic and Research Excellence inspired by the Legacy of L. Euler and the University of Franeker\",\"potentialAction\":[{\"@type\":\"SearchAction\",\"target\":{\"@type\":\"EntryPoint\",\"urlTemplate\":\"https:\\\/\\\/euler.euclid.int\\\/?s={search_term_string}\"},\"query-input\":{\"@type\":\"PropertyValueSpecification\",\"valueRequired\":true,\"valueName\":\"search_term_string\"}}],\"inLanguage\":\"fr-FR\"}]}<\/script>\n<!-- \/ Yoast SEO plugin. -->","yoast_head_json":{"title":"Syst\u00e8me de signalement anonyme EULER - EFMU: The Euler-Franeker Memorial University and Institute","robots":{"index":"index","follow":"follow","max-snippet":"max-snippet:-1","max-image-preview":"max-image-preview:large","max-video-preview":"max-video-preview:-1"},"canonical":"https:\/\/euler.euclid.int\/systeme-de-signalement-anonyme-euler\/","og_locale":"fr_FR","og_type":"article","og_title":"Syst\u00e8me de signalement anonyme EULER - EFMU: The Euler-Franeker Memorial University and Institute","og_description":"Syst\u00e8me de signalement anonyme de l&#8217;Universit\u00e9 EULER \u00c0 l&#8217;Universit\u00e9 EULER, nous nous engageons \u00e0 favoriser un environnement s\u00fbr, inclusif et respectueux pour tous les membres de notre communaut\u00e9. Nous reconnaissons que des incidents de discrimination, de harc\u00e8lement, de comportement contraire \u00e0 l&#8217;\u00e9thique ou de violations des politiques universitaires peuvent survenir, et nous souhaitons nous assurer [&hellip;]","og_url":"https:\/\/euler.euclid.int\/systeme-de-signalement-anonyme-euler\/","og_site_name":"EFMU: The Euler-Franeker Memorial University and Institute","twitter_card":"summary_large_image","twitter_misc":{"Dur\u00e9e de lecture estim\u00e9e":"1 minute"},"schema":{"@context":"https:\/\/schema.org","@graph":[{"@type":"WebPage","@id":"https:\/\/euler.euclid.int\/systeme-de-signalement-anonyme-euler\/","url":"https:\/\/euler.euclid.int\/systeme-de-signalement-anonyme-euler\/","name":"Syst\u00e8me de signalement anonyme EULER - EFMU: The Euler-Franeker Memorial University and Institute","isPartOf":{"@id":"https:\/\/euler.euclid.int\/#website"},"datePublished":"2025-01-18T08:55:15+00:00","breadcrumb":{"@id":"https:\/\/euler.euclid.int\/systeme-de-signalement-anonyme-euler\/#breadcrumb"},"inLanguage":"fr-FR","potentialAction":[{"@type":"ReadAction","target":["https:\/\/euler.euclid.int\/systeme-de-signalement-anonyme-euler\/"]}]},{"@type":"BreadcrumbList","@id":"https:\/\/euler.euclid.int\/systeme-de-signalement-anonyme-euler\/#breadcrumb","itemListElement":[{"@type":"ListItem","position":1,"name":"Home","item":"https:\/\/euler.euclid.int\/"},{"@type":"ListItem","position":2,"name":"Syst\u00e8me de signalement anonyme EULER"}]},{"@type":"WebSite","@id":"https:\/\/euler.euclid.int\/#website","url":"https:\/\/euler.euclid.int\/","name":"EFMU: The Euler-Franeker Memorial University and Institute","description":"Academic and Research Excellence inspired by the Legacy of L. Euler and the University of Franeker","potentialAction":[{"@type":"SearchAction","target":{"@type":"EntryPoint","urlTemplate":"https:\/\/euler.euclid.int\/?s={search_term_string}"},"query-input":{"@type":"PropertyValueSpecification","valueRequired":true,"valueName":"search_term_string"}}],"inLanguage":"fr-FR"}]}},"_links":{"self":[{"href":"https:\/\/euler.euclid.int\/fr\/wp-json\/wp\/v2\/pages\/59434","targetHints":{"allow":["GET"]}}],"collection":[{"href":"https:\/\/euler.euclid.int\/fr\/wp-json\/wp\/v2\/pages"}],"about":[{"href":"https:\/\/euler.euclid.int\/fr\/wp-json\/wp\/v2\/types\/page"}],"author":[{"embeddable":true,"href":"https:\/\/euler.euclid.int\/fr\/wp-json\/wp\/v2\/users\/1"}],"replies":[{"embeddable":true,"href":"https:\/\/euler.euclid.int\/fr\/wp-json\/wp\/v2\/comments?post=59434"}],"version-history":[{"count":0,"href":"https:\/\/euler.euclid.int\/fr\/wp-json\/wp\/v2\/pages\/59434\/revisions"}],"wp:attachment":[{"href":"https:\/\/euler.euclid.int\/fr\/wp-json\/wp\/v2\/media?parent=59434"}],"curies":[{"name":"wp","href":"https:\/\/api.w.org\/{rel}","templated":true}]}}