{"id":59464,"date":"2024-06-12T07:02:47","date_gmt":"2024-06-12T07:02:47","guid":{"rendered":"https:\/\/euler.euclid.int\/relations-communautaires\/"},"modified":"2024-06-12T07:02:47","modified_gmt":"2024-06-12T07:02:47","slug":"relations-communautaires","status":"publish","type":"page","link":"https:\/\/euler.euclid.int\/fr\/relations-communautaires\/","title":{"rendered":"Relations communautaires"},"content":{"rendered":"<ul>\n<li>EULER reconna\u00eet sa responsabilit\u00e9 de contribuer \u00e0 la communaut\u00e9, notamment au bien-\u00eatre \u00e9conomique et social de Cura\u00e7ao. EULER s&#8217;est engag\u00e9 \u00e0 accorder des bourses d&#8217;\u00e9tudes aux r\u00e9sidents de Cura\u00e7ao et \u00e0 d\u00e9velopper (et embaucher) une main-d&#8217;\u0153uvre locale. <\/li>\n<li>Une fois cette main-d&#8217;\u0153uvre embauch\u00e9e, elle sera encourag\u00e9e \u00e0 soutenir les efforts de d\u00e9veloppement communautaire et \u00e0 s&#8217;engager activement aupr\u00e8s de la communaut\u00e9.<\/li>\n<li>Des informations sur EULER, non seulement en tant qu&#8217;institution transnationale mais aussi en tant que porte-drapeau de Cura\u00e7ao et des acteurs \u00e9conomiques locaux, seront diffus\u00e9es \u00e0 la communaut\u00e9 par le biais de divers m\u00e9dias publics et canaux appropri\u00e9s.<\/li>\n<li>EULER s&#8217;engage \u00e0 d\u00e9velopper et \u00e0 maintenir une image et une r\u00e9putation positives, notamment par le biais de ce processus d&#8217;accr\u00e9ditation et d&#8217;assurance qualit\u00e9.<\/li>\n<li>Dans la mesure du possible, y compris d&#8217;un point de vue budg\u00e9taire, EULER programmera des contributions communautaires visant \u00e0 englober des services et des initiatives destin\u00e9s \u00e0 aider les individus, les organisations ou les communaut\u00e9s externes \u00e0 l&#8217;institution. Il est pr\u00e9vu qu&#8217;EULER soit impliqu\u00e9 dans des projets de recherche ou de d\u00e9veloppement locaux et offre gratuitement des programmes d&#8217;\u00e9ducation communautaire en ligne de courte dur\u00e9e, en plus des bourses compl\u00e8tes d\u00e9j\u00e0 annonc\u00e9es pour certains fonctionnaires de Cura\u00e7ao. <\/li>\n<\/ul>\n<ol>\n<li>D\u00e9claration institutionnelle et politiques sur les relations communautaires : EULER accorde une grande importance \u00e0 la relation symbiotique entre notre communaut\u00e9 acad\u00e9mique et la r\u00e9gion locale. Reconnaissant les avantages mutuels d\u00e9coulant d&#8217;un partenariat solide et solidaire, nous nous engageons \u00e0 favoriser un engagement significatif avec les organisations locales, les entreprises et les r\u00e9sidents. Nos initiatives vont des projets de service communautaire et des programmes de d\u00e9veloppement \u00e9conomique local aux activit\u00e9s de sensibilisation \u00e9ducative qui visent \u00e0 enrichir \u00e0 la fois les exp\u00e9riences d&#8217;apprentissage de nos \u00e9tudiants et le bien-\u00eatre de notre communaut\u00e9 environnante. Par la collaboration et le dialogue ouvert, nous nous effor\u00e7ons d&#8217;\u00eatre un catalyseur de changement positif, contribuant \u00e0 la vitalit\u00e9 sociale, \u00e9conomique et culturelle de notre r\u00e9gion, renfor\u00e7ant ainsi un sentiment de but commun et de respect mutuel entre l&#8217;universit\u00e9 et nos partenaires communautaires.   <\/li>\n<li>Interactions avec la communaut\u00e9 :\n<ul>\n<li>Bourses sp\u00e9ciales pour les fonctionnaires de Cura\u00e7ao.<\/li>\n<li>Bourses sp\u00e9ciales pour les r\u00e9sidents permanents de Cura\u00e7ao.<\/li>\n<li>Intention active de former des r\u00e9sidents permanents de Cura\u00e7ao pour devenir membres du corps professoral d&#8217;EULER.<\/li>\n<li>Intention de soutenir des \u00e9v\u00e9nements sp\u00e9cifiques \u00e0 Cura\u00e7ao.<\/li>\n<\/ul>\n<\/li>\n<li>La r\u00e9putation institutionnelle est cruciale pour tout \u00e9tablissement d&#8217;enseignement sup\u00e9rieur. EULER s&#8217;engage \u00e0 maintenir le plus haut niveau de r\u00e9putation institutionnelle en :\n<ul>\n<li>Maintenant une \u00e9quipe de direction (et un corps professoral) hautement fiable et cr\u00e9dible.<\/li>\n<li>Obtenant l&#8217;accr\u00e9ditation AAC (et d&#8217;autres labels d&#8217;accr\u00e9ditation selon les possibilit\u00e9s financi\u00e8res).<\/li>\n<li>Publiant des articles acad\u00e9miques et de recherche de haute qualit\u00e9 sous le nom et le logo d&#8217;EULER.<\/li>\n<li>D\u00e9veloppant un r\u00e9seau d&#8217;anciens \u00e9l\u00e8ves hautement comp\u00e9tents.<\/li>\n<\/ul>\n<\/li>\n<\/ol>\n","protected":false},"excerpt":{"rendered":"<p>EULER reconna\u00eet sa responsabilit\u00e9 de contribuer \u00e0 la communaut\u00e9, notamment au bien-\u00eatre \u00e9conomique et social de Cura\u00e7ao. EULER s&#8217;est engag\u00e9 \u00e0 accorder des bourses d&#8217;\u00e9tudes aux r\u00e9sidents de Cura\u00e7ao et \u00e0 d\u00e9velopper (et embaucher) une main-d&#8217;\u0153uvre locale. Une fois cette main-d&#8217;\u0153uvre embauch\u00e9e, elle sera encourag\u00e9e \u00e0 soutenir les efforts de d\u00e9veloppement communautaire et \u00e0 s&#8217;engager [&hellip;]<\/p>\n","protected":false},"author":1,"featured_media":0,"parent":0,"menu_order":0,"comment_status":"closed","ping_status":"closed","template":"","meta":{"footnotes":""},"class_list":["post-59464","page","type-page","status-publish","hentry"],"yoast_head":"<!-- This site is optimized with the Yoast SEO plugin v27.4 - https:\/\/yoast.com\/product\/yoast-seo-wordpress\/ -->\n<title>Relations communautaires - EFMU: The Euler-Franeker Memorial University and Institute<\/title>\n<meta name=\"robots\" content=\"index, follow, max-snippet:-1, max-image-preview:large, max-video-preview:-1\" \/>\n<link rel=\"canonical\" href=\"https:\/\/euler.euclid.int\/relations-communautaires\/\" \/>\n<meta property=\"og:locale\" content=\"fr_FR\" \/>\n<meta property=\"og:type\" content=\"article\" \/>\n<meta property=\"og:title\" content=\"Relations communautaires - EFMU: The Euler-Franeker Memorial University and Institute\" \/>\n<meta property=\"og:description\" content=\"EULER reconna\u00eet sa responsabilit\u00e9 de contribuer \u00e0 la communaut\u00e9, notamment au bien-\u00eatre \u00e9conomique et social de Cura\u00e7ao. EULER s&#8217;est engag\u00e9 \u00e0 accorder des bourses d&#8217;\u00e9tudes aux r\u00e9sidents de Cura\u00e7ao et \u00e0 d\u00e9velopper (et embaucher) une main-d&#8217;\u0153uvre locale. Une fois cette main-d&#8217;\u0153uvre embauch\u00e9e, elle sera encourag\u00e9e \u00e0 soutenir les efforts de d\u00e9veloppement communautaire et \u00e0 s&#8217;engager [&hellip;]\" \/>\n<meta property=\"og:url\" content=\"https:\/\/euler.euclid.int\/relations-communautaires\/\" \/>\n<meta property=\"og:site_name\" content=\"EFMU: The Euler-Franeker Memorial University and Institute\" \/>\n<meta name=\"twitter:card\" content=\"summary_large_image\" \/>\n<meta name=\"twitter:label1\" content=\"Dur\u00e9e de lecture estim\u00e9e\" \/>\n\t<meta name=\"twitter:data1\" content=\"2 minutes\" \/>\n<script type=\"application\/ld+json\" class=\"yoast-schema-graph\">{\"@context\":\"https:\\\/\\\/schema.org\",\"@graph\":[{\"@type\":\"WebPage\",\"@id\":\"https:\\\/\\\/euler.euclid.int\\\/relations-communautaires\\\/\",\"url\":\"https:\\\/\\\/euler.euclid.int\\\/relations-communautaires\\\/\",\"name\":\"Relations communautaires - EFMU: The Euler-Franeker Memorial University and Institute\",\"isPartOf\":{\"@id\":\"https:\\\/\\\/euler.euclid.int\\\/#website\"},\"datePublished\":\"2024-06-12T07:02:47+00:00\",\"breadcrumb\":{\"@id\":\"https:\\\/\\\/euler.euclid.int\\\/relations-communautaires\\\/#breadcrumb\"},\"inLanguage\":\"fr-FR\",\"potentialAction\":[{\"@type\":\"ReadAction\",\"target\":[\"https:\\\/\\\/euler.euclid.int\\\/relations-communautaires\\\/\"]}]},{\"@type\":\"BreadcrumbList\",\"@id\":\"https:\\\/\\\/euler.euclid.int\\\/relations-communautaires\\\/#breadcrumb\",\"itemListElement\":[{\"@type\":\"ListItem\",\"position\":1,\"name\":\"Home\",\"item\":\"https:\\\/\\\/euler.euclid.int\\\/\"},{\"@type\":\"ListItem\",\"position\":2,\"name\":\"Relations communautaires\"}]},{\"@type\":\"WebSite\",\"@id\":\"https:\\\/\\\/euler.euclid.int\\\/#website\",\"url\":\"https:\\\/\\\/euler.euclid.int\\\/\",\"name\":\"EFMU: The Euler-Franeker Memorial University and Institute\",\"description\":\"Academic and Research Excellence inspired by the Legacy of L. Euler and the University of Franeker\",\"potentialAction\":[{\"@type\":\"SearchAction\",\"target\":{\"@type\":\"EntryPoint\",\"urlTemplate\":\"https:\\\/\\\/euler.euclid.int\\\/?s={search_term_string}\"},\"query-input\":{\"@type\":\"PropertyValueSpecification\",\"valueRequired\":true,\"valueName\":\"search_term_string\"}}],\"inLanguage\":\"fr-FR\"}]}<\/script>\n<!-- \/ Yoast SEO plugin. -->","yoast_head_json":{"title":"Relations communautaires - EFMU: The Euler-Franeker Memorial University and Institute","robots":{"index":"index","follow":"follow","max-snippet":"max-snippet:-1","max-image-preview":"max-image-preview:large","max-video-preview":"max-video-preview:-1"},"canonical":"https:\/\/euler.euclid.int\/relations-communautaires\/","og_locale":"fr_FR","og_type":"article","og_title":"Relations communautaires - EFMU: The Euler-Franeker Memorial University and Institute","og_description":"EULER reconna\u00eet sa responsabilit\u00e9 de contribuer \u00e0 la communaut\u00e9, notamment au bien-\u00eatre \u00e9conomique et social de Cura\u00e7ao. EULER s&#8217;est engag\u00e9 \u00e0 accorder des bourses d&#8217;\u00e9tudes aux r\u00e9sidents de Cura\u00e7ao et \u00e0 d\u00e9velopper (et embaucher) une main-d&#8217;\u0153uvre locale. Une fois cette main-d&#8217;\u0153uvre embauch\u00e9e, elle sera encourag\u00e9e \u00e0 soutenir les efforts de d\u00e9veloppement communautaire et \u00e0 s&#8217;engager [&hellip;]","og_url":"https:\/\/euler.euclid.int\/relations-communautaires\/","og_site_name":"EFMU: The Euler-Franeker Memorial University and Institute","twitter_card":"summary_large_image","twitter_misc":{"Dur\u00e9e de lecture estim\u00e9e":"2 minutes"},"schema":{"@context":"https:\/\/schema.org","@graph":[{"@type":"WebPage","@id":"https:\/\/euler.euclid.int\/relations-communautaires\/","url":"https:\/\/euler.euclid.int\/relations-communautaires\/","name":"Relations communautaires - EFMU: The Euler-Franeker Memorial University and Institute","isPartOf":{"@id":"https:\/\/euler.euclid.int\/#website"},"datePublished":"2024-06-12T07:02:47+00:00","breadcrumb":{"@id":"https:\/\/euler.euclid.int\/relations-communautaires\/#breadcrumb"},"inLanguage":"fr-FR","potentialAction":[{"@type":"ReadAction","target":["https:\/\/euler.euclid.int\/relations-communautaires\/"]}]},{"@type":"BreadcrumbList","@id":"https:\/\/euler.euclid.int\/relations-communautaires\/#breadcrumb","itemListElement":[{"@type":"ListItem","position":1,"name":"Home","item":"https:\/\/euler.euclid.int\/"},{"@type":"ListItem","position":2,"name":"Relations communautaires"}]},{"@type":"WebSite","@id":"https:\/\/euler.euclid.int\/#website","url":"https:\/\/euler.euclid.int\/","name":"EFMU: The Euler-Franeker Memorial University and Institute","description":"Academic and Research Excellence inspired by the Legacy of L. Euler and the University of Franeker","potentialAction":[{"@type":"SearchAction","target":{"@type":"EntryPoint","urlTemplate":"https:\/\/euler.euclid.int\/?s={search_term_string}"},"query-input":{"@type":"PropertyValueSpecification","valueRequired":true,"valueName":"search_term_string"}}],"inLanguage":"fr-FR"}]}},"_links":{"self":[{"href":"https:\/\/euler.euclid.int\/fr\/wp-json\/wp\/v2\/pages\/59464","targetHints":{"allow":["GET"]}}],"collection":[{"href":"https:\/\/euler.euclid.int\/fr\/wp-json\/wp\/v2\/pages"}],"about":[{"href":"https:\/\/euler.euclid.int\/fr\/wp-json\/wp\/v2\/types\/page"}],"author":[{"embeddable":true,"href":"https:\/\/euler.euclid.int\/fr\/wp-json\/wp\/v2\/users\/1"}],"replies":[{"embeddable":true,"href":"https:\/\/euler.euclid.int\/fr\/wp-json\/wp\/v2\/comments?post=59464"}],"version-history":[{"count":0,"href":"https:\/\/euler.euclid.int\/fr\/wp-json\/wp\/v2\/pages\/59464\/revisions"}],"wp:attachment":[{"href":"https:\/\/euler.euclid.int\/fr\/wp-json\/wp\/v2\/media?parent=59464"}],"curies":[{"name":"wp","href":"https:\/\/api.w.org\/{rel}","templated":true}]}}