{"id":59635,"date":"2023-08-25T00:04:28","date_gmt":"2023-08-25T00:04:28","guid":{"rendered":"https:\/\/euler.euclid.int\/a-z\/"},"modified":"2023-08-25T00:04:28","modified_gmt":"2023-08-25T00:04:28","slug":"a-z","status":"publish","type":"page","link":"https:\/\/euler.euclid.int\/fr\/a-z\/","title":{"rendered":"A-Z"},"content":{"rendered":"\t\t<div data-elementor-type=\"wp-page\" data-elementor-id=\"59635\" class=\"elementor elementor-59635 elementor-55049\" data-elementor-post-type=\"page\">\n\t\t\t\t\t\t<section data-particle_enable=\"false\" data-particle-mobile-disabled=\"false\" class=\"elementor-section elementor-top-section elementor-element elementor-element-6dfff8a elementor-section-boxed elementor-section-height-default elementor-section-height-default\" data-id=\"6dfff8a\" data-element_type=\"section\" data-e-type=\"section\">\n\t\t\t\t\t\t<div class=\"elementor-container elementor-column-gap-default\">\n\t\t\t\t\t<div class=\"elementor-column elementor-col-100 elementor-top-column elementor-element elementor-element-9bb333f\" data-id=\"9bb333f\" data-element_type=\"column\" data-e-type=\"column\">\n\t\t\t<div class=\"elementor-widget-wrap\">\n\t\t\t\t\t\t\t<\/div>\n\t\t<\/div>\n\t\t\t\t\t<\/div>\n\t\t<\/section>\n\t\t\t\t<section data-particle_enable=\"false\" data-particle-mobile-disabled=\"false\" class=\"elementor-section elementor-top-section elementor-element elementor-element-484bb7f elementor-section-boxed elementor-section-height-default elementor-section-height-default\" data-id=\"484bb7f\" data-element_type=\"section\" data-e-type=\"section\">\n\t\t\t\t\t\t<div class=\"elementor-container elementor-column-gap-default\">\n\t\t\t\t\t<div class=\"elementor-column elementor-col-100 elementor-top-column elementor-element elementor-element-f299b3e\" data-id=\"f299b3e\" data-element_type=\"column\" data-e-type=\"column\">\n\t\t\t<div class=\"elementor-widget-wrap elementor-element-populated\">\n\t\t\t\t\t\t<div class=\"elementor-element elementor-element-41dc9c5 elementor-widget elementor-widget-wp-widget-pages\" data-id=\"41dc9c5\" data-element_type=\"widget\" data-e-type=\"widget\" data-widget_type=\"wp-widget-pages.default\">\n\t\t\t\t<div class=\"elementor-widget-container\">\n\t\t\t\t\t<h5>Pages<\/h5><nav aria-label=\"Pages\">\n\t\t\t<ul>\n\t\t\t\t<li class=\"page_item page-item-59773\"><a href=\"https:\/\/euler.euclid.int\/fr\/a-propos-de-johann-euler\/\">\u00c0 propos de Johann Euler<\/a><\/li>\n<li class=\"page_item page-item-59758\"><a href=\"https:\/\/euler.euclid.int\/fr\/a-propos-de-lidentite-deuler\/\">\u00c0 propos de l&#8217;identit\u00e9 d&#8217;Euler<\/a><\/li>\n<li class=\"page_item page-item-59746\"><a href=\"https:\/\/euler.euclid.int\/fr\/a-propos-de-luniversite-de-franeker\/\">\u00c0 propos de l&#8217;Universit\u00e9 de Franeker<\/a><\/li>\n<li class=\"page_item page-item-59992\"><a href=\"https:\/\/euler.euclid.int\/fr\/a-propos-de-luniversite-euler-efmu-et-de-linstitut\/\">\u00c0 propos de l&#8217;Universit\u00e9 EULER (EFMU) et de l&#8217;Institut<\/a><\/li>\n<li class=\"page_item page-item-60022\"><a href=\"https:\/\/euler.euclid.int\/fr\/a-propos-de-la-formule-deuler\/\">\u00c0 propos de la formule d&#8217;Euler<\/a><\/li>\n<li class=\"page_item page-item-59764\"><a href=\"https:\/\/euler.euclid.int\/fr\/a-propos-de-leonhard-euler\/\">\u00c0 propos de Leonhard Euler<\/a><\/li>\n<li class=\"page_item page-item-59635\"><a href=\"https:\/\/euler.euclid.int\/fr\/a-z\/\">A-Z<\/a><\/li>\n<li class=\"page_item page-item-60295\"><a href=\"https:\/\/euler.euclid.int\/fr\/accreditation\/\">Accr\u00e9ditation<\/a><\/li>\n<li class=\"page_item page-item-59422 current_page_parent\"><a href=\"https:\/\/euler.euclid.int\/fr\/actualites\/\">Actualit\u00e9s<\/a><\/li>\n<li class=\"page_item page-item-59710\"><a href=\"https:\/\/euler.euclid.int\/fr\/actualites-articles\/\">Actualit\u00e9s + Articles<\/a><\/li>\n<li class=\"page_item page-item-59869\"><a href=\"https:\/\/euler.euclid.int\/fr\/adhesions-et-partenariats\/\">Adh\u00e9sions et Partenariats<\/a><\/li>\n<li class=\"page_item page-item-59881\"><a href=\"https:\/\/euler.euclid.int\/fr\/certificats-detudes-superieures\/\">Certificats d&#8217;\u00e9tudes sup\u00e9rieures<\/a><\/li>\n<li class=\"page_item page-item-59668\"><a href=\"https:\/\/euler.euclid.int\/fr\/chronologie\/\">Chronologie<\/a><\/li>\n<li class=\"page_item page-item-60664\"><a href=\"https:\/\/euler.euclid.int\/fr\/clause-de-non-responsabilite-rgpd\/\">Clause de non-responsabilit\u00e9 RGPD<\/a><\/li>\n<li class=\"page_item page-item-60514\"><a href=\"https:\/\/euler.euclid.int\/fr\/contact-2\/\">Contact<\/a><\/li>\n<li class=\"page_item page-item-59602\"><a href=\"https:\/\/euler.euclid.int\/fr\/contact\/\">Contact<\/a><\/li>\n<li class=\"page_item page-item-60211\"><a href=\"https:\/\/euler.euclid.int\/fr\/corps-professoral\/\">Corps professoral<\/a><\/li>\n<li class=\"page_item page-item-60334\"><a href=\"https:\/\/euler.euclid.int\/fr\/doctorats-ph-d\/\">Doctorats \/ Ph.D.<\/a><\/li>\n<li class=\"page_item page-item-59788\"><a href=\"https:\/\/euler.euclid.int\/fr\/emplacements-bureaux\/\">Emplacements \/ Bureaux<\/a><\/li>\n<li class=\"page_item page-item-59653\"><a href=\"https:\/\/euler.euclid.int\/fr\/emploi\/\">Emploi<\/a><\/li>\n<li class=\"page_item page-item-59932\"><a href=\"https:\/\/euler.euclid.int\/fr\/euler-luniversite-commemorative-euler-franeker\/\">EULER : L&#8217;Universit\u00e9 Comm\u00e9morative Euler-Franeker<\/a><\/li>\n<li class=\"page_item page-item-59458\"><a href=\"https:\/\/euler.euclid.int\/fr\/faq-consultable\/\">FAQ consultable<\/a><\/li>\n<li class=\"page_item page-item-59689\"><a href=\"https:\/\/euler.euclid.int\/fr\/frais-de-scolarite\/\">Frais de scolarit\u00e9<\/a><\/li>\n<li class=\"page_item page-item-61108\"><a href=\"https:\/\/euler.euclid.int\/fr\/lia-a-euler\/\">L&#8217;IA \u00e0 EULER<\/a><\/li>\n<li class=\"page_item page-item-59845\"><a href=\"https:\/\/euler.euclid.int\/fr\/\">L&#8217;Universit\u00e9 et Institut Comm\u00e9moratif Euler-Franeker<\/a><\/li>\n<li class=\"page_item page-item-59725\"><a href=\"https:\/\/euler.euclid.int\/fr\/la-bibliotheque-de-luniversite-de-franeker\/\">La Biblioth\u00e8que de l&#8217;Universit\u00e9 de Franeker<\/a><\/li>\n<li class=\"page_item page-item-59836\"><a href=\"https:\/\/euler.euclid.int\/fr\/la-correspondance-deuler-avec-bernoulli\/\">La Correspondance d&#8217;Euler avec Bernoulli<\/a><\/li>\n<li class=\"page_item page-item-59923\"><a href=\"https:\/\/euler.euclid.int\/fr\/la-methode-academique-euler\/\">La M\u00e9thode Acad\u00e9mique EULER<\/a><\/li>\n<li class=\"page_item page-item-60418\"><a href=\"https:\/\/euler.euclid.int\/fr\/licence\/\">Licence<\/a><\/li>\n<li class=\"page_item page-item-59701\"><a href=\"https:\/\/euler.euclid.int\/fr\/liens\/\">Liens<\/a><\/li>\n<li class=\"page_item page-item-60259\"><a href=\"https:\/\/euler.euclid.int\/fr\/liens-et-partenaires\/\">Liens et Partenaires<\/a><\/li>\n<li class=\"page_item page-item-60322\"><a href=\"https:\/\/euler.euclid.int\/fr\/master\/\">Master<\/a><\/li>\n<li class=\"page_item page-item-60679\"><a href=\"https:\/\/euler.euclid.int\/fr\/mentions-legales\/\">Mentions l\u00e9gales<\/a><\/li>\n<li class=\"page_item page-item-60358\"><a href=\"https:\/\/euler.euclid.int\/fr\/mission-et-vision\/\">Mission et vision<\/a><\/li>\n<li class=\"page_item page-item-59404\"><a href=\"https:\/\/euler.euclid.int\/fr\/notre-histoire\/\">Notre Histoire<\/a><\/li>\n<li class=\"page_item page-item-59428\"><a href=\"https:\/\/euler.euclid.int\/fr\/organisation\/\">Organisation<\/a><\/li>\n<li class=\"page_item page-item-59716\"><a href=\"https:\/\/euler.euclid.int\/fr\/paiements\/\">Paiements<\/a><\/li>\n<li class=\"page_item page-item-59380\"><a href=\"https:\/\/euler.euclid.int\/fr\/politique-dinclusion-et-de-soutien-aux-etudiants-en-situation-de-handicap\/\">Politique d&#8217;inclusion et de soutien aux \u00e9tudiants en situation de handicap<\/a><\/li>\n<li class=\"page_item page-item-59719\"><a href=\"https:\/\/euler.euclid.int\/fr\/politique-de-confidentialite-et-de-securite-de-luniversite-euler\/\">Politique de confidentialit\u00e9 et de s\u00e9curit\u00e9 de l&#8217;Universit\u00e9 EULER<\/a><\/li>\n<li class=\"page_item page-item-59509\"><a href=\"https:\/\/euler.euclid.int\/fr\/politique-de-non-discrimination-et-dinclusion\/\">Politique de non-discrimination et d&#8217;inclusion<\/a><\/li>\n<li class=\"page_item page-item-59395\"><a href=\"https:\/\/euler.euclid.int\/fr\/politique-sur-le-plagiat-et-lintegrite-academique\/\">Politique sur le plagiat et l&#8217;int\u00e9grit\u00e9 acad\u00e9mique<\/a><\/li>\n<li class=\"page_item page-item-60340\"><a href=\"https:\/\/euler.euclid.int\/fr\/post-doctorat\/\">Post-doctorat<\/a><\/li>\n<li class=\"page_item page-item-59644\"><a href=\"https:\/\/euler.euclid.int\/fr\/postuler-a-euler\/\">Postuler \u00e0 EULER<\/a><\/li>\n<li class=\"page_item page-item-61288\"><a href=\"https:\/\/euler.euclid.int\/fr\/pourquoi-choisir-euler\/\">Pourquoi choisir EULER ?<\/a><\/li>\n<li class=\"page_item page-item-59503\"><a href=\"https:\/\/euler.euclid.int\/fr\/procedure-de-traitement-des-affaires-etudiantes\/\">Proc\u00e9dure de traitement des affaires \u00e9tudiantes<\/a><\/li>\n<li class=\"page_item page-item-59449\"><a href=\"https:\/\/euler.euclid.int\/fr\/produits\/\">Produits<\/a><\/li>\n<li class=\"page_item page-item-59392\"><a href=\"https:\/\/euler.euclid.int\/fr\/programmes-de-bourses\/\">Programmes de bourses<\/a><\/li>\n<li class=\"page_item page-item-59812\"><a href=\"https:\/\/euler.euclid.int\/fr\/recherche\/\">Recherche<\/a><\/li>\n<li class=\"page_item page-item-59464\"><a href=\"https:\/\/euler.euclid.int\/fr\/relations-communautaires\/\">Relations communautaires<\/a><\/li>\n<li class=\"page_item page-item-59608\"><a href=\"https:\/\/euler.euclid.int\/fr\/responsables-et-profils\/\">Responsables et profils<\/a><\/li>\n<li class=\"page_item page-item-59446\"><a href=\"https:\/\/euler.euclid.int\/fr\/resultat-du-paiement\/\">R\u00e9sultat du Paiement<\/a><\/li>\n<li class=\"page_item page-item-59656\"><a href=\"https:\/\/euler.euclid.int\/fr\/structure-facultes\/\">Structure (Facult\u00e9s)<\/a><\/li>\n<li class=\"page_item page-item-59434\"><a href=\"https:\/\/euler.euclid.int\/fr\/systeme-de-signalement-anonyme-euler\/\">Syst\u00e8me de signalement anonyme EULER<\/a><\/li>\n<li class=\"page_item page-item-59356\"><a href=\"https:\/\/euler.euclid.int\/fr\/systeme-de-signalement-rh-euler\/\">Syst\u00e8me de signalement RH EULER<\/a><\/li>\n<li class=\"page_item page-item-59482\"><a href=\"https:\/\/euler.euclid.int\/fr\/tous-les-programmes-de-diplomes\/\">Tous les programmes de dipl\u00f4mes<\/a><\/li>\n<li class=\"page_item page-item-60799\"><a href=\"https:\/\/euler.euclid.int\/fr\/valeurs-ects\/\">Valeurs ECTS<\/a><\/li>\n<li class=\"page_item page-item-59692\"><a href=\"https:\/\/euler.euclid.int\/fr\/videos-selectionnees\/\">Vid\u00e9os s\u00e9lectionn\u00e9es<\/a><\/li>\n\t\t\t<\/ul>\n\n\t\t\t<\/nav>\t\t\t\t<\/div>\n\t\t\t\t<\/div>\n\t\t\t\t\t<\/div>\n\t\t<\/div>\n\t\t\t\t\t<\/div>\n\t\t<\/section>\n\t\t\t\t<\/div>\n\t\t","protected":false},"excerpt":{"rendered":"","protected":false},"author":1,"featured_media":0,"parent":0,"menu_order":0,"comment_status":"closed","ping_status":"closed","template":"","meta":{"footnotes":""},"class_list":["post-59635","page","type-page","status-publish","hentry"],"yoast_head":"<!-- This site is optimized with the Yoast SEO plugin v27.4 - https:\/\/yoast.com\/product\/yoast-seo-wordpress\/ -->\n<title>A-Z - EFMU: The Euler-Franeker Memorial University and Institute<\/title>\n<meta name=\"robots\" content=\"index, follow, max-snippet:-1, max-image-preview:large, max-video-preview:-1\" \/>\n<link rel=\"canonical\" href=\"https:\/\/euler.euclid.int\/a-z\/\" \/>\n<meta property=\"og:locale\" content=\"fr_FR\" \/>\n<meta property=\"og:type\" content=\"article\" \/>\n<meta property=\"og:title\" content=\"A-Z - EFMU: The Euler-Franeker Memorial University and Institute\" \/>\n<meta property=\"og:url\" content=\"https:\/\/euler.euclid.int\/a-z\/\" \/>\n<meta property=\"og:site_name\" content=\"EFMU: The Euler-Franeker Memorial University and Institute\" \/>\n<meta name=\"twitter:card\" content=\"summary_large_image\" \/>\n<script type=\"application\/ld+json\" class=\"yoast-schema-graph\">{\"@context\":\"https:\\\/\\\/schema.org\",\"@graph\":[{\"@type\":\"WebPage\",\"@id\":\"https:\\\/\\\/euler.euclid.int\\\/a-z\\\/\",\"url\":\"https:\\\/\\\/euler.euclid.int\\\/a-z\\\/\",\"name\":\"A-Z - EFMU: The Euler-Franeker Memorial University and Institute\",\"isPartOf\":{\"@id\":\"https:\\\/\\\/euler.euclid.int\\\/#website\"},\"datePublished\":\"2023-08-25T00:04:28+00:00\",\"breadcrumb\":{\"@id\":\"https:\\\/\\\/euler.euclid.int\\\/a-z\\\/#breadcrumb\"},\"inLanguage\":\"fr-FR\",\"potentialAction\":[{\"@type\":\"ReadAction\",\"target\":[\"https:\\\/\\\/euler.euclid.int\\\/a-z\\\/\"]}]},{\"@type\":\"BreadcrumbList\",\"@id\":\"https:\\\/\\\/euler.euclid.int\\\/a-z\\\/#breadcrumb\",\"itemListElement\":[{\"@type\":\"ListItem\",\"position\":1,\"name\":\"Home\",\"item\":\"https:\\\/\\\/euler.euclid.int\\\/\"},{\"@type\":\"ListItem\",\"position\":2,\"name\":\"A-Z\"}]},{\"@type\":\"WebSite\",\"@id\":\"https:\\\/\\\/euler.euclid.int\\\/#website\",\"url\":\"https:\\\/\\\/euler.euclid.int\\\/\",\"name\":\"EFMU: The Euler-Franeker Memorial University and Institute\",\"description\":\"Academic and Research Excellence inspired by the Legacy of L. Euler and the University of Franeker\",\"potentialAction\":[{\"@type\":\"SearchAction\",\"target\":{\"@type\":\"EntryPoint\",\"urlTemplate\":\"https:\\\/\\\/euler.euclid.int\\\/?s={search_term_string}\"},\"query-input\":{\"@type\":\"PropertyValueSpecification\",\"valueRequired\":true,\"valueName\":\"search_term_string\"}}],\"inLanguage\":\"fr-FR\"}]}<\/script>\n<!-- \/ Yoast SEO plugin. -->","yoast_head_json":{"title":"A-Z - EFMU: The Euler-Franeker Memorial University and Institute","robots":{"index":"index","follow":"follow","max-snippet":"max-snippet:-1","max-image-preview":"max-image-preview:large","max-video-preview":"max-video-preview:-1"},"canonical":"https:\/\/euler.euclid.int\/a-z\/","og_locale":"fr_FR","og_type":"article","og_title":"A-Z - EFMU: The Euler-Franeker Memorial University and Institute","og_url":"https:\/\/euler.euclid.int\/a-z\/","og_site_name":"EFMU: The Euler-Franeker Memorial University and Institute","twitter_card":"summary_large_image","schema":{"@context":"https:\/\/schema.org","@graph":[{"@type":"WebPage","@id":"https:\/\/euler.euclid.int\/a-z\/","url":"https:\/\/euler.euclid.int\/a-z\/","name":"A-Z - EFMU: The Euler-Franeker Memorial University and Institute","isPartOf":{"@id":"https:\/\/euler.euclid.int\/#website"},"datePublished":"2023-08-25T00:04:28+00:00","breadcrumb":{"@id":"https:\/\/euler.euclid.int\/a-z\/#breadcrumb"},"inLanguage":"fr-FR","potentialAction":[{"@type":"ReadAction","target":["https:\/\/euler.euclid.int\/a-z\/"]}]},{"@type":"BreadcrumbList","@id":"https:\/\/euler.euclid.int\/a-z\/#breadcrumb","itemListElement":[{"@type":"ListItem","position":1,"name":"Home","item":"https:\/\/euler.euclid.int\/"},{"@type":"ListItem","position":2,"name":"A-Z"}]},{"@type":"WebSite","@id":"https:\/\/euler.euclid.int\/#website","url":"https:\/\/euler.euclid.int\/","name":"EFMU: The Euler-Franeker Memorial University and Institute","description":"Academic and Research Excellence inspired by the Legacy of L. Euler and the University of Franeker","potentialAction":[{"@type":"SearchAction","target":{"@type":"EntryPoint","urlTemplate":"https:\/\/euler.euclid.int\/?s={search_term_string}"},"query-input":{"@type":"PropertyValueSpecification","valueRequired":true,"valueName":"search_term_string"}}],"inLanguage":"fr-FR"}]}},"_links":{"self":[{"href":"https:\/\/euler.euclid.int\/fr\/wp-json\/wp\/v2\/pages\/59635","targetHints":{"allow":["GET"]}}],"collection":[{"href":"https:\/\/euler.euclid.int\/fr\/wp-json\/wp\/v2\/pages"}],"about":[{"href":"https:\/\/euler.euclid.int\/fr\/wp-json\/wp\/v2\/types\/page"}],"author":[{"embeddable":true,"href":"https:\/\/euler.euclid.int\/fr\/wp-json\/wp\/v2\/users\/1"}],"replies":[{"embeddable":true,"href":"https:\/\/euler.euclid.int\/fr\/wp-json\/wp\/v2\/comments?post=59635"}],"version-history":[{"count":0,"href":"https:\/\/euler.euclid.int\/fr\/wp-json\/wp\/v2\/pages\/59635\/revisions"}],"wp:attachment":[{"href":"https:\/\/euler.euclid.int\/fr\/wp-json\/wp\/v2\/media?parent=59635"}],"curies":[{"name":"wp","href":"https:\/\/api.w.org\/{rel}","templated":true}]}}