{"id":59656,"date":"2023-11-06T20:09:49","date_gmt":"2023-11-06T20:09:49","guid":{"rendered":"https:\/\/euler.euclid.int\/structure-facultes\/"},"modified":"2023-11-06T20:09:49","modified_gmt":"2023-11-06T20:09:49","slug":"structure-facultes","status":"publish","type":"page","link":"https:\/\/euler.euclid.int\/fr\/structure-facultes\/","title":{"rendered":"Structure (Facult\u00e9s)"},"content":{"rendered":"\t\t<div data-elementor-type=\"wp-page\" data-elementor-id=\"59656\" class=\"elementor elementor-59656 elementor-55658\" data-elementor-post-type=\"page\">\n\t\t\t\t\t\t<section data-particle_enable=\"false\" data-particle-mobile-disabled=\"false\" class=\"elementor-section elementor-top-section elementor-element elementor-element-3fe4f26 elementor-section-boxed elementor-section-height-default elementor-section-height-default\" data-id=\"3fe4f26\" data-element_type=\"section\" data-e-type=\"section\">\n\t\t\t\t\t\t<div class=\"elementor-container elementor-column-gap-default\">\n\t\t\t\t\t<div class=\"elementor-column elementor-col-100 elementor-top-column elementor-element elementor-element-33d4fabb\" data-id=\"33d4fabb\" data-element_type=\"column\" data-e-type=\"column\">\n\t\t\t<div class=\"elementor-widget-wrap elementor-element-populated\">\n\t\t\t\t\t\t<div class=\"elementor-element elementor-element-320f9e55 elementor-widget elementor-widget-text-editor\" data-id=\"320f9e55\" data-element_type=\"widget\" data-e-type=\"widget\" data-widget_type=\"text-editor.default\">\n\t\t\t\t<div class=\"elementor-widget-container\">\n\t\t\t\t\t\t\t\t\t<p><em><strong>The current Euler-Franeker Memorial University is structured in 4 faculties or schools:<\/strong><\/em><\/p><p>&#8211; Theology, Religion and Interfaith Studies<\/p><ul><li>\u00a0The Balthasar Bekker Faculty of Theology, Religion and Interfaith Studies<\/li><\/ul><p>\u00a0<\/p><p>&#8211; Law, Economics and Global Affairs<\/p><ul><li>The William the IVth (Prince of Orange) Faculty of Law, Economics and Global Affairs<\/li><\/ul><p>\u00a0<\/p><p>&#8211; Science, Research and Public Health<\/p><ul><li>The Euler Faculty of Science, Research and Public Health<\/li><\/ul><p>\u00a0<\/p><p>&#8211; Humanities and Liberal Arts<\/p><ul><li>The Descartes-van Haren Faculty of Humanities and Liberal Arts<\/li><\/ul><p>\u00a0<\/p><p><img fetchpriority=\"high\" decoding=\"async\" class=\"alignnone wp-image-55661 size-full\" src=\"https:\/\/euler.euclid.int\/wp-content\/uploads\/2023\/11\/School-Franeker.jpg\" alt=\"\" width=\"680\" height=\"513\" srcset=\"https:\/\/euler.euclid.int\/wp-content\/uploads\/2023\/11\/School-Franeker.jpg 680w, https:\/\/euler.euclid.int\/wp-content\/uploads\/2023\/11\/School-Franeker-300x226.jpg 300w\" sizes=\"(max-width: 680px) 100vw, 680px\" \/><\/p><p>Image above: The Academy in Franeker, ca. 1785. Engraving by Jan Bulthuis en Carel Frederik Bendorp, based on a drawing by J. Gardenier Visscher, in Vaderlandsche gezichten, of afbeeldingen, behoorende tot den tegenwoordigen Staat der Vereenigde Nederlanden (Amsterdam: H. Gartman, W. Vermandel en J.W. Smit, 1786\u20131792)<\/p>\t\t\t\t\t\t\t\t<\/div>\n\t\t\t\t<\/div>\n\t\t\t\t\t<\/div>\n\t\t<\/div>\n\t\t\t\t\t<\/div>\n\t\t<\/section>\n\t\t\t\t<\/div>\n\t\t","protected":false},"excerpt":{"rendered":"<p>L&#8217;actuelle Universit\u00e9 comm\u00e9morative Euler-Franeker est structur\u00e9e en 4 facult\u00e9s ou \u00e9coles : &#8211; Th\u00e9ologie, Religion et \u00c9tudes interconfessionnelles La Facult\u00e9 Balthasar Bekker de Th\u00e9ologie, Religion et \u00c9tudes interconfessionnelles &#8211; Droit, \u00c9conomie et Affaires mondiales La Facult\u00e9 Guillaume IV (Prince d&#8217;Orange) de Droit, \u00c9conomie et Affaires mondiales &#8211; Science, Recherche et Sant\u00e9 publique La Facult\u00e9 Euler [&hellip;]<\/p>\n","protected":false},"author":14,"featured_media":59059,"parent":0,"menu_order":0,"comment_status":"closed","ping_status":"closed","template":"","meta":{"footnotes":""},"class_list":["post-59656","page","type-page","status-publish","has-post-thumbnail","hentry"],"yoast_head":"<!-- This site is optimized with the Yoast SEO plugin v27.3 - https:\/\/yoast.com\/product\/yoast-seo-wordpress\/ -->\n<title>Structure (Facult\u00e9s) - EFMU: The Euler-Franeker Memorial University and Institute<\/title>\n<meta name=\"robots\" content=\"index, follow, max-snippet:-1, max-image-preview:large, max-video-preview:-1\" \/>\n<link rel=\"canonical\" href=\"https:\/\/euler.euclid.int\/structure-facultes\/\" \/>\n<meta property=\"og:locale\" content=\"fr_FR\" \/>\n<meta property=\"og:type\" content=\"article\" \/>\n<meta property=\"og:title\" content=\"Structure (Facult\u00e9s) - EFMU: The Euler-Franeker Memorial University and Institute\" \/>\n<meta property=\"og:description\" content=\"L&#8217;actuelle Universit\u00e9 comm\u00e9morative Euler-Franeker est structur\u00e9e en 4 facult\u00e9s ou \u00e9coles : &#8211; Th\u00e9ologie, Religion et \u00c9tudes interconfessionnelles La Facult\u00e9 Balthasar Bekker de Th\u00e9ologie, Religion et \u00c9tudes interconfessionnelles &#8211; Droit, \u00c9conomie et Affaires mondiales La Facult\u00e9 Guillaume IV (Prince d&#8217;Orange) de Droit, \u00c9conomie et Affaires mondiales &#8211; Science, Recherche et Sant\u00e9 publique La Facult\u00e9 Euler [&hellip;]\" \/>\n<meta property=\"og:url\" content=\"https:\/\/euler.euclid.int\/structure-facultes\/\" \/>\n<meta property=\"og:site_name\" content=\"EFMU: The Euler-Franeker Memorial University and Institute\" \/>\n<meta property=\"og:image\" content=\"https:\/\/euler.euclid.int\/wp-content\/uploads\/2023\/11\/School-Franeker.jpg\" \/>\n<meta name=\"twitter:card\" content=\"summary_large_image\" \/>\n<meta name=\"twitter:label1\" content=\"Dur\u00e9e de lecture estim\u00e9e\" \/>\n\t<meta name=\"twitter:data1\" content=\"1 minute\" \/>\n<script type=\"application\/ld+json\" class=\"yoast-schema-graph\">{\"@context\":\"https:\\\/\\\/schema.org\",\"@graph\":[{\"@type\":\"WebPage\",\"@id\":\"https:\\\/\\\/euler.euclid.int\\\/structure-facultes\\\/\",\"url\":\"https:\\\/\\\/euler.euclid.int\\\/structure-facultes\\\/\",\"name\":\"Structure (Facult\u00e9s) - EFMU: The Euler-Franeker Memorial University and Institute\",\"isPartOf\":{\"@id\":\"https:\\\/\\\/euler.euclid.int\\\/#website\"},\"primaryImageOfPage\":{\"@id\":\"https:\\\/\\\/euler.euclid.int\\\/structure-facultes\\\/#primaryimage\"},\"image\":{\"@id\":\"https:\\\/\\\/euler.euclid.int\\\/structure-facultes\\\/#primaryimage\"},\"thumbnailUrl\":\"https:\\\/\\\/euler.euclid.int\\\/wp-content\\\/uploads\\\/2023\\\/08\\\/9.jpg\",\"datePublished\":\"2023-11-06T20:09:49+00:00\",\"breadcrumb\":{\"@id\":\"https:\\\/\\\/euler.euclid.int\\\/structure-facultes\\\/#breadcrumb\"},\"inLanguage\":\"fr-FR\",\"potentialAction\":[{\"@type\":\"ReadAction\",\"target\":[\"https:\\\/\\\/euler.euclid.int\\\/structure-facultes\\\/\"]}]},{\"@type\":\"ImageObject\",\"inLanguage\":\"fr-FR\",\"@id\":\"https:\\\/\\\/euler.euclid.int\\\/structure-facultes\\\/#primaryimage\",\"url\":\"https:\\\/\\\/euler.euclid.int\\\/wp-content\\\/uploads\\\/2023\\\/08\\\/9.jpg\",\"contentUrl\":\"https:\\\/\\\/euler.euclid.int\\\/wp-content\\\/uploads\\\/2023\\\/08\\\/9.jpg\",\"width\":3800,\"height\":3292},{\"@type\":\"BreadcrumbList\",\"@id\":\"https:\\\/\\\/euler.euclid.int\\\/structure-facultes\\\/#breadcrumb\",\"itemListElement\":[{\"@type\":\"ListItem\",\"position\":1,\"name\":\"Home\",\"item\":\"https:\\\/\\\/euler.euclid.int\\\/\"},{\"@type\":\"ListItem\",\"position\":2,\"name\":\"Structure (Facult\u00e9s)\"}]},{\"@type\":\"WebSite\",\"@id\":\"https:\\\/\\\/euler.euclid.int\\\/#website\",\"url\":\"https:\\\/\\\/euler.euclid.int\\\/\",\"name\":\"EFMU: The Euler-Franeker Memorial University and Institute\",\"description\":\"Academic and Research Excellence inspired by the Legacy of L. Euler and the University of Franeker\",\"potentialAction\":[{\"@type\":\"SearchAction\",\"target\":{\"@type\":\"EntryPoint\",\"urlTemplate\":\"https:\\\/\\\/euler.euclid.int\\\/?s={search_term_string}\"},\"query-input\":{\"@type\":\"PropertyValueSpecification\",\"valueRequired\":true,\"valueName\":\"search_term_string\"}}],\"inLanguage\":\"fr-FR\"}]}<\/script>\n<!-- \/ Yoast SEO plugin. -->","yoast_head_json":{"title":"Structure (Facult\u00e9s) - EFMU: The Euler-Franeker Memorial University and Institute","robots":{"index":"index","follow":"follow","max-snippet":"max-snippet:-1","max-image-preview":"max-image-preview:large","max-video-preview":"max-video-preview:-1"},"canonical":"https:\/\/euler.euclid.int\/structure-facultes\/","og_locale":"fr_FR","og_type":"article","og_title":"Structure (Facult\u00e9s) - EFMU: The Euler-Franeker Memorial University and Institute","og_description":"L&#8217;actuelle Universit\u00e9 comm\u00e9morative Euler-Franeker est structur\u00e9e en 4 facult\u00e9s ou \u00e9coles : &#8211; Th\u00e9ologie, Religion et \u00c9tudes interconfessionnelles La Facult\u00e9 Balthasar Bekker de Th\u00e9ologie, Religion et \u00c9tudes interconfessionnelles &#8211; Droit, \u00c9conomie et Affaires mondiales La Facult\u00e9 Guillaume IV (Prince d&#8217;Orange) de Droit, \u00c9conomie et Affaires mondiales &#8211; Science, Recherche et Sant\u00e9 publique La Facult\u00e9 Euler [&hellip;]","og_url":"https:\/\/euler.euclid.int\/structure-facultes\/","og_site_name":"EFMU: The Euler-Franeker Memorial University and Institute","og_image":[{"url":"https:\/\/euler.euclid.int\/wp-content\/uploads\/2023\/11\/School-Franeker.jpg","type":"","width":"","height":""}],"twitter_card":"summary_large_image","twitter_misc":{"Dur\u00e9e de lecture estim\u00e9e":"1 minute"},"schema":{"@context":"https:\/\/schema.org","@graph":[{"@type":"WebPage","@id":"https:\/\/euler.euclid.int\/structure-facultes\/","url":"https:\/\/euler.euclid.int\/structure-facultes\/","name":"Structure (Facult\u00e9s) - EFMU: The Euler-Franeker Memorial University and Institute","isPartOf":{"@id":"https:\/\/euler.euclid.int\/#website"},"primaryImageOfPage":{"@id":"https:\/\/euler.euclid.int\/structure-facultes\/#primaryimage"},"image":{"@id":"https:\/\/euler.euclid.int\/structure-facultes\/#primaryimage"},"thumbnailUrl":"https:\/\/euler.euclid.int\/wp-content\/uploads\/2023\/08\/9.jpg","datePublished":"2023-11-06T20:09:49+00:00","breadcrumb":{"@id":"https:\/\/euler.euclid.int\/structure-facultes\/#breadcrumb"},"inLanguage":"fr-FR","potentialAction":[{"@type":"ReadAction","target":["https:\/\/euler.euclid.int\/structure-facultes\/"]}]},{"@type":"ImageObject","inLanguage":"fr-FR","@id":"https:\/\/euler.euclid.int\/structure-facultes\/#primaryimage","url":"https:\/\/euler.euclid.int\/wp-content\/uploads\/2023\/08\/9.jpg","contentUrl":"https:\/\/euler.euclid.int\/wp-content\/uploads\/2023\/08\/9.jpg","width":3800,"height":3292},{"@type":"BreadcrumbList","@id":"https:\/\/euler.euclid.int\/structure-facultes\/#breadcrumb","itemListElement":[{"@type":"ListItem","position":1,"name":"Home","item":"https:\/\/euler.euclid.int\/"},{"@type":"ListItem","position":2,"name":"Structure (Facult\u00e9s)"}]},{"@type":"WebSite","@id":"https:\/\/euler.euclid.int\/#website","url":"https:\/\/euler.euclid.int\/","name":"EFMU: The Euler-Franeker Memorial University and Institute","description":"Academic and Research Excellence inspired by the Legacy of L. Euler and the University of Franeker","potentialAction":[{"@type":"SearchAction","target":{"@type":"EntryPoint","urlTemplate":"https:\/\/euler.euclid.int\/?s={search_term_string}"},"query-input":{"@type":"PropertyValueSpecification","valueRequired":true,"valueName":"search_term_string"}}],"inLanguage":"fr-FR"}]}},"_links":{"self":[{"href":"https:\/\/euler.euclid.int\/fr\/wp-json\/wp\/v2\/pages\/59656","targetHints":{"allow":["GET"]}}],"collection":[{"href":"https:\/\/euler.euclid.int\/fr\/wp-json\/wp\/v2\/pages"}],"about":[{"href":"https:\/\/euler.euclid.int\/fr\/wp-json\/wp\/v2\/types\/page"}],"author":[{"embeddable":true,"href":"https:\/\/euler.euclid.int\/fr\/wp-json\/wp\/v2\/users\/14"}],"replies":[{"embeddable":true,"href":"https:\/\/euler.euclid.int\/fr\/wp-json\/wp\/v2\/comments?post=59656"}],"version-history":[{"count":0,"href":"https:\/\/euler.euclid.int\/fr\/wp-json\/wp\/v2\/pages\/59656\/revisions"}],"wp:featuredmedia":[{"embeddable":true,"href":"https:\/\/euler.euclid.int\/fr\/wp-json\/wp\/v2\/media\/59059"}],"wp:attachment":[{"href":"https:\/\/euler.euclid.int\/fr\/wp-json\/wp\/v2\/media?parent=59656"}],"curies":[{"name":"wp","href":"https:\/\/api.w.org\/{rel}","templated":true}]}}