{"id":59689,"date":"2023-08-25T18:29:18","date_gmt":"2023-08-25T18:29:18","guid":{"rendered":"https:\/\/euler.euclid.int\/frais-de-scolarite\/"},"modified":"2025-07-17T02:00:31","modified_gmt":"2025-07-17T02:00:31","slug":"frais-de-scolarite","status":"publish","type":"page","link":"https:\/\/euler.euclid.int\/fr\/frais-de-scolarite\/","title":{"rendered":"Frais de scolarit\u00e9"},"content":{"rendered":"\t\t<div data-elementor-type=\"wp-page\" data-elementor-id=\"59689\" class=\"elementor elementor-59689 elementor-54770\" data-elementor-post-type=\"page\">\n\t\t\t\t\t\t<section data-particle_enable=\"false\" data-particle-mobile-disabled=\"false\" class=\"elementor-section elementor-top-section elementor-element elementor-element-fad84a9 elementor-section-boxed elementor-section-height-default elementor-section-height-default\" data-id=\"fad84a9\" data-element_type=\"section\" data-e-type=\"section\">\n\t\t\t\t\t\t<div class=\"elementor-container elementor-column-gap-default\">\n\t\t\t\t\t<div class=\"elementor-column elementor-col-100 elementor-top-column elementor-element elementor-element-c17a8ed\" data-id=\"c17a8ed\" data-element_type=\"column\" data-e-type=\"column\">\n\t\t\t<div class=\"elementor-widget-wrap elementor-element-populated\">\n\t\t\t\t\t\t<div class=\"elementor-element elementor-element-a0c93e3 elementor-widget elementor-widget-text-editor\" data-id=\"a0c93e3\" data-element_type=\"widget\" data-e-type=\"widget\" data-widget_type=\"text-editor.default\">\n\t\t\t\t<div class=\"elementor-widget-container\">\n\t\t\t\t\t\t\t\t\t<p class=\"Basic12\" align=\"left\">Pour les \u00e9tudiants du grand public, la structure tarifaire d&#8217;EULER est la suivante :<\/p><p class=\"style7 style12\" align=\"left\"><span class=\"Basic12\">(1) La devise de r\u00e9f\u00e9rence est l&#8217;USD ($), et non l&#8217;EUR<\/span><\/p><p class=\"style7 style12\" align=\"left\"><span class=\"Basic12\">Lors de l&#8217;inscription, les \u00e9tudiants sont factur\u00e9s des frais non remboursables uniques de 680 USD (Frais d&#8217;admission initiale). Il n&#8217;y a pas de frais de candidature. <\/span><\/p><p class=\"style7 style12\" align=\"left\"><span class=\"Basic12\">(2) Les \u00e9tudiants inscrits peuvent demander des \u00e9quivalences de cr\u00e9dits, mais seulement apr\u00e8s avoir discut\u00e9 de la question avec le Bureau du registraire. Il y a des frais non remboursables de 50 USD (toutes zones mon\u00e9taires) par cr\u00e9dit pour couvrir le temps d&#8217;\u00e9valuation d&#8217;admission\/facult\u00e9 n\u00e9cessaire pour \u00e9valuer les preuves soumises. <\/span><\/p>\t\t\t\t\t\t\t\t<\/div>\n\t\t\t\t<\/div>\n\t\t\t\t<div class=\"elementor-element elementor-element-66d558d elementor-widget elementor-widget-text-editor\" data-id=\"66d558d\" data-element_type=\"widget\" data-e-type=\"widget\" data-widget_type=\"text-editor.default\">\n\t\t\t\t<div class=\"elementor-widget-container\">\n\t\t\t\t\t\t\t\t\t<table border=\"1\" cellspacing=\"2\" cellpadding=\"3\" align=\"center\" bgcolor=\"#FFFFFF\">\n<tbody>\n<tr bgcolor=\"#FFFFCC\">\n<td colspan=\"4\" bgcolor=\"#C5CADA\" height=\"70\">\n<div align=\"center\">\n<p><strong>CO\u00dbT PAR CR\u00c9DIT ET FRAIS DE SCOLARIT\u00c9 TOTAUX<\/strong><\/p>\n<p>Exprim\u00e9s en dollars am\u00e9ricains ($)<\/p>\n<\/div>\n<\/td>\n<\/tr>\n<tr bgcolor=\"#FFFFCC\">\n<td width=\"100\" height=\"46\"><b>Niveau<\/b><\/td>\n<td width=\"90\" height=\"46\"><b>cr\u00e9dits<\/b><\/td>\n<td width=\"130\" height=\"46\"><b>frais de scolarit\u00e9 par cr\u00e9dit ECTS<\/b><\/td>\n<td width=\"130\" height=\"46\"><b>co\u00fbt total en USD<\/b><\/td>\n<\/tr>\n<tr>\n<td width=\"100\" height=\"46\">Licence (4 ans)<\/td>\n<td width=\"90\" height=\"46\">240 ECTS<\/td>\n<td width=\"130\" height=\"46\">75 USD par ECTS<\/td>\n<td width=\"130\" height=\"46\">$ <span style=\"font-size: 14.4px;\">18 680 <\/span>pour l&#8217;ensemble du programme<span style=\"font-size: 14.4px;\"> (manuels inclus)<\/span><\/td>\n<\/tr>\n<tr>\n<td width=\"100\" height=\"46\">LLM europ\u00e9en (~1 an)<\/td>\n<td width=\"90\" height=\"46\">60 ECTS<\/td>\n<td width=\"130\" height=\"46\">100 USD par ECTS<\/td>\n<td width=\"130\" height=\"46\">$ <span style=\"font-size: 14.4px;\">6 680 pour l&#8217;ensemble du programme (manuels inclus)<\/span><\/td>\n<\/tr>\n<tr>\n<td width=\"100\" height=\"46\">MBA \/ Master (~1 \u00e0 1,5 an)<\/td>\n<td width=\"90\" height=\"46\">60 ECTS<\/td>\n<td width=\"130\" height=\"46\">100 USD par ECTS<\/td>\n<td width=\"130\" height=\"46\">$ 6 680 pour l&#8217;ensemble du programme (manuels inclus)<\/td>\n<\/tr>\n<tr>\n<td width=\"100\" height=\"46\">Master de recherche complet (18-24 mois)<\/td>\n<td width=\"90\" height=\"46\">120 ECTS<\/td>\n<td width=\"130\" height=\"46\">75 USD par ECTS<\/td>\n<td width=\"130\" height=\"46\"><span style=\"font-size: 14.4px;\">$ 9 680<\/span> pour l&#8217;ensemble du programme (manuels inclus)<span style=\"font-size: 14.4px;\"><br><\/span><\/td>\n<\/tr>\n<tr>\n<td width=\"100\" height=\"46\">Doctorat (DBA, PhD) (3-4 ans)<\/td>\n<td width=\"90\" height=\"46\">180 ECTS<\/td>\n<td width=\"130\" height=\"46\">75 USD par ECTS<\/td>\n<td width=\"130\" height=\"46\"><span style=\"font-size: 14.4px;\">$ 14 180<\/span> pour l&#8217;ensemble du programme, y compris le comit\u00e9 de supervision de th\u00e8se (manuels \u00e9galement inclus)<span style=\"font-size: 14.4px;\"><br><\/span><\/td>\n<\/tr>\n<\/tbody>\n<\/table>\t\t\t\t\t\t\t\t<\/div>\n\t\t\t\t<\/div>\n\t\t\t\t\t<\/div>\n\t\t<\/div>\n\t\t\t\t\t<\/div>\n\t\t<\/section>\n\t\t\t\t<section data-particle_enable=\"false\" data-particle-mobile-disabled=\"false\" class=\"elementor-section elementor-top-section elementor-element elementor-element-a2dffc7 elementor-section-boxed elementor-section-height-default elementor-section-height-default\" data-id=\"a2dffc7\" data-element_type=\"section\" data-e-type=\"section\">\n\t\t\t\t\t\t<div class=\"elementor-container elementor-column-gap-default\">\n\t\t\t\t\t<div class=\"elementor-column elementor-col-100 elementor-top-column elementor-element elementor-element-2e7978c\" data-id=\"2e7978c\" data-element_type=\"column\" data-e-type=\"column\">\n\t\t\t<div class=\"elementor-widget-wrap elementor-element-populated\">\n\t\t\t\t\t\t<div class=\"elementor-element elementor-element-6fd4669 elementor-widget-divider--view-line elementor-widget elementor-widget-divider\" data-id=\"6fd4669\" data-element_type=\"widget\" data-e-type=\"widget\" data-widget_type=\"divider.default\">\n\t\t\t\t<div class=\"elementor-widget-container\">\n\t\t\t\t\t\t\t<div class=\"elementor-divider\">\n\t\t\t<span class=\"elementor-divider-separator\">\n\t\t\t\t\t\t<\/span>\n\t\t<\/div>\n\t\t\t\t\t\t<\/div>\n\t\t\t\t<\/div>\n\t\t\t\t\t<\/div>\n\t\t<\/div>\n\t\t\t\t\t<\/div>\n\t\t<\/section>\n\t\t\t\t<\/div>\n\t\t","protected":false},"excerpt":{"rendered":"<p>Pour les \u00e9tudiants du grand public, la structure tarifaire d&#8217;EULER est la suivante : (1) La devise de r\u00e9f\u00e9rence est l&#8217;USD ($), et non l&#8217;EUR Lors de l&#8217;inscription, les \u00e9tudiants sont factur\u00e9s des frais non remboursables uniques de 680 USD (Frais d&#8217;admission initiale). Il n&#8217;y a pas de frais de candidature. (2) Les \u00e9tudiants inscrits [&hellip;]<\/p>\n","protected":false},"author":1,"featured_media":0,"parent":0,"menu_order":0,"comment_status":"closed","ping_status":"closed","template":"","meta":{"footnotes":""},"class_list":["post-59689","page","type-page","status-publish","hentry"],"yoast_head":"<!-- This site is optimized with the Yoast SEO plugin v27.3 - https:\/\/yoast.com\/product\/yoast-seo-wordpress\/ -->\n<title>Frais de scolarit\u00e9 - EFMU: The Euler-Franeker Memorial University and Institute<\/title>\n<meta name=\"robots\" content=\"index, follow, max-snippet:-1, max-image-preview:large, max-video-preview:-1\" \/>\n<link rel=\"canonical\" href=\"https:\/\/euler.euclid.int\/fr\/frais-de-scolarite\/\" \/>\n<meta property=\"og:locale\" content=\"fr_FR\" \/>\n<meta property=\"og:type\" content=\"article\" \/>\n<meta property=\"og:title\" content=\"Frais de scolarit\u00e9 - EFMU: The Euler-Franeker Memorial University and Institute\" \/>\n<meta property=\"og:description\" content=\"Pour les \u00e9tudiants du grand public, la structure tarifaire d&#8217;EULER est la suivante : (1) La devise de r\u00e9f\u00e9rence est l&#8217;USD ($), et non l&#8217;EUR Lors de l&#8217;inscription, les \u00e9tudiants sont factur\u00e9s des frais non remboursables uniques de 680 USD (Frais d&#8217;admission initiale). Il n&#8217;y a pas de frais de candidature. (2) Les \u00e9tudiants inscrits [&hellip;]\" \/>\n<meta property=\"og:url\" content=\"https:\/\/euler.euclid.int\/fr\/frais-de-scolarite\/\" \/>\n<meta property=\"og:site_name\" content=\"EFMU: The Euler-Franeker Memorial University and Institute\" \/>\n<meta property=\"article:modified_time\" content=\"2025-07-17T02:00:31+00:00\" \/>\n<meta name=\"twitter:card\" content=\"summary_large_image\" \/>\n<meta name=\"twitter:label1\" content=\"Dur\u00e9e de lecture estim\u00e9e\" \/>\n\t<meta name=\"twitter:data1\" content=\"1 minute\" \/>\n<script type=\"application\/ld+json\" class=\"yoast-schema-graph\">{\"@context\":\"https:\\\/\\\/schema.org\",\"@graph\":[{\"@type\":\"WebPage\",\"@id\":\"https:\\\/\\\/euler.euclid.int\\\/fr\\\/frais-de-scolarite\\\/\",\"url\":\"https:\\\/\\\/euler.euclid.int\\\/fr\\\/frais-de-scolarite\\\/\",\"name\":\"Frais de scolarit\u00e9 - EFMU: The Euler-Franeker Memorial University and Institute\",\"isPartOf\":{\"@id\":\"https:\\\/\\\/euler.euclid.int\\\/#website\"},\"datePublished\":\"2023-08-25T18:29:18+00:00\",\"dateModified\":\"2025-07-17T02:00:31+00:00\",\"breadcrumb\":{\"@id\":\"https:\\\/\\\/euler.euclid.int\\\/fr\\\/frais-de-scolarite\\\/#breadcrumb\"},\"inLanguage\":\"fr-FR\",\"potentialAction\":[{\"@type\":\"ReadAction\",\"target\":[\"https:\\\/\\\/euler.euclid.int\\\/fr\\\/frais-de-scolarite\\\/\"]}]},{\"@type\":\"BreadcrumbList\",\"@id\":\"https:\\\/\\\/euler.euclid.int\\\/fr\\\/frais-de-scolarite\\\/#breadcrumb\",\"itemListElement\":[{\"@type\":\"ListItem\",\"position\":1,\"name\":\"Home\",\"item\":\"https:\\\/\\\/euler.euclid.int\\\/\"},{\"@type\":\"ListItem\",\"position\":2,\"name\":\"Frais de scolarit\u00e9\"}]},{\"@type\":\"WebSite\",\"@id\":\"https:\\\/\\\/euler.euclid.int\\\/#website\",\"url\":\"https:\\\/\\\/euler.euclid.int\\\/\",\"name\":\"EFMU: The Euler-Franeker Memorial University and Institute\",\"description\":\"Academic and Research Excellence inspired by the Legacy of L. Euler and the University of Franeker\",\"potentialAction\":[{\"@type\":\"SearchAction\",\"target\":{\"@type\":\"EntryPoint\",\"urlTemplate\":\"https:\\\/\\\/euler.euclid.int\\\/?s={search_term_string}\"},\"query-input\":{\"@type\":\"PropertyValueSpecification\",\"valueRequired\":true,\"valueName\":\"search_term_string\"}}],\"inLanguage\":\"fr-FR\"}]}<\/script>\n<!-- \/ Yoast SEO plugin. -->","yoast_head_json":{"title":"Frais de scolarit\u00e9 - EFMU: The Euler-Franeker Memorial University and Institute","robots":{"index":"index","follow":"follow","max-snippet":"max-snippet:-1","max-image-preview":"max-image-preview:large","max-video-preview":"max-video-preview:-1"},"canonical":"https:\/\/euler.euclid.int\/fr\/frais-de-scolarite\/","og_locale":"fr_FR","og_type":"article","og_title":"Frais de scolarit\u00e9 - EFMU: The Euler-Franeker Memorial University and Institute","og_description":"Pour les \u00e9tudiants du grand public, la structure tarifaire d&#8217;EULER est la suivante : (1) La devise de r\u00e9f\u00e9rence est l&#8217;USD ($), et non l&#8217;EUR Lors de l&#8217;inscription, les \u00e9tudiants sont factur\u00e9s des frais non remboursables uniques de 680 USD (Frais d&#8217;admission initiale). Il n&#8217;y a pas de frais de candidature. (2) Les \u00e9tudiants inscrits [&hellip;]","og_url":"https:\/\/euler.euclid.int\/fr\/frais-de-scolarite\/","og_site_name":"EFMU: The Euler-Franeker Memorial University and Institute","article_modified_time":"2025-07-17T02:00:31+00:00","twitter_card":"summary_large_image","twitter_misc":{"Dur\u00e9e de lecture estim\u00e9e":"1 minute"},"schema":{"@context":"https:\/\/schema.org","@graph":[{"@type":"WebPage","@id":"https:\/\/euler.euclid.int\/fr\/frais-de-scolarite\/","url":"https:\/\/euler.euclid.int\/fr\/frais-de-scolarite\/","name":"Frais de scolarit\u00e9 - EFMU: The Euler-Franeker Memorial University and Institute","isPartOf":{"@id":"https:\/\/euler.euclid.int\/#website"},"datePublished":"2023-08-25T18:29:18+00:00","dateModified":"2025-07-17T02:00:31+00:00","breadcrumb":{"@id":"https:\/\/euler.euclid.int\/fr\/frais-de-scolarite\/#breadcrumb"},"inLanguage":"fr-FR","potentialAction":[{"@type":"ReadAction","target":["https:\/\/euler.euclid.int\/fr\/frais-de-scolarite\/"]}]},{"@type":"BreadcrumbList","@id":"https:\/\/euler.euclid.int\/fr\/frais-de-scolarite\/#breadcrumb","itemListElement":[{"@type":"ListItem","position":1,"name":"Home","item":"https:\/\/euler.euclid.int\/"},{"@type":"ListItem","position":2,"name":"Frais de scolarit\u00e9"}]},{"@type":"WebSite","@id":"https:\/\/euler.euclid.int\/#website","url":"https:\/\/euler.euclid.int\/","name":"EFMU: The Euler-Franeker Memorial University and Institute","description":"Academic and Research Excellence inspired by the Legacy of L. Euler and the University of Franeker","potentialAction":[{"@type":"SearchAction","target":{"@type":"EntryPoint","urlTemplate":"https:\/\/euler.euclid.int\/?s={search_term_string}"},"query-input":{"@type":"PropertyValueSpecification","valueRequired":true,"valueName":"search_term_string"}}],"inLanguage":"fr-FR"}]}},"_links":{"self":[{"href":"https:\/\/euler.euclid.int\/fr\/wp-json\/wp\/v2\/pages\/59689","targetHints":{"allow":["GET"]}}],"collection":[{"href":"https:\/\/euler.euclid.int\/fr\/wp-json\/wp\/v2\/pages"}],"about":[{"href":"https:\/\/euler.euclid.int\/fr\/wp-json\/wp\/v2\/types\/page"}],"author":[{"embeddable":true,"href":"https:\/\/euler.euclid.int\/fr\/wp-json\/wp\/v2\/users\/1"}],"replies":[{"embeddable":true,"href":"https:\/\/euler.euclid.int\/fr\/wp-json\/wp\/v2\/comments?post=59689"}],"version-history":[{"count":2,"href":"https:\/\/euler.euclid.int\/fr\/wp-json\/wp\/v2\/pages\/59689\/revisions"}],"predecessor-version":[{"id":61048,"href":"https:\/\/euler.euclid.int\/fr\/wp-json\/wp\/v2\/pages\/59689\/revisions\/61048"}],"wp:attachment":[{"href":"https:\/\/euler.euclid.int\/fr\/wp-json\/wp\/v2\/media?parent=59689"}],"curies":[{"name":"wp","href":"https:\/\/api.w.org\/{rel}","templated":true}]}}