{"id":59710,"date":"2022-12-30T23:22:10","date_gmt":"2022-12-30T23:22:10","guid":{"rendered":"https:\/\/euler.euclid.int\/actualites-articles\/"},"modified":"2022-12-30T23:22:10","modified_gmt":"2022-12-30T23:22:10","slug":"actualites-articles","status":"publish","type":"page","link":"https:\/\/euler.euclid.int\/fr\/actualites-articles\/","title":{"rendered":"Actualit\u00e9s + Articles"},"content":{"rendered":"\t\t<div data-elementor-type=\"wp-page\" data-elementor-id=\"59710\" class=\"elementor elementor-59710 elementor-54080\" data-elementor-post-type=\"page\">\n\t\t\t\t\t\t<section data-particle_enable=\"false\" data-particle-mobile-disabled=\"false\" class=\"elementor-section elementor-top-section elementor-element elementor-element-86055e8 elementor-section-boxed elementor-section-height-default elementor-section-height-default\" data-id=\"86055e8\" data-element_type=\"section\" data-e-type=\"section\">\n\t\t\t\t\t\t<div class=\"elementor-container elementor-column-gap-default\">\n\t\t\t\t\t<div class=\"elementor-column elementor-col-100 elementor-top-column elementor-element elementor-element-255770f\" data-id=\"255770f\" data-element_type=\"column\" data-e-type=\"column\">\n\t\t\t<div class=\"elementor-widget-wrap elementor-element-populated\">\n\t\t\t\t\t\t<div class=\"elementor-element elementor-element-2065416 elementor-grid-1 elementor-grid-tablet-2 elementor-grid-mobile-1 elementor-posts--thumbnail-top elementor-posts--show-avatar elementor-card-shadow-yes elementor-posts__hover-gradient elementor-widget elementor-widget-posts\" data-id=\"2065416\" data-element_type=\"widget\" data-e-type=\"widget\" data-settings=\"{&quot;cards_columns&quot;:&quot;1&quot;,&quot;cards_columns_tablet&quot;:&quot;2&quot;,&quot;cards_columns_mobile&quot;:&quot;1&quot;,&quot;cards_row_gap&quot;:{&quot;unit&quot;:&quot;px&quot;,&quot;size&quot;:35,&quot;sizes&quot;:[]},&quot;cards_row_gap_tablet&quot;:{&quot;unit&quot;:&quot;px&quot;,&quot;size&quot;:&quot;&quot;,&quot;sizes&quot;:[]},&quot;cards_row_gap_mobile&quot;:{&quot;unit&quot;:&quot;px&quot;,&quot;size&quot;:&quot;&quot;,&quot;sizes&quot;:[]}}\" data-widget_type=\"posts.cards\">\n\t\t\t\t<div class=\"elementor-widget-container\">\n\t\t\t\t\t\t\t<div class=\"elementor-posts-container elementor-posts elementor-posts--skin-cards elementor-grid\" role=\"list\">\n\t\t\t\t<article class=\"elementor-post elementor-grid-item post-59359 post type-post status-publish format-standard has-post-thumbnail hentry category-actualites category-non-categorise\" role=\"listitem\">\n\t\t\t<div class=\"elementor-post__card\">\n\t\t\t\t<a class=\"elementor-post__thumbnail__link\" href=\"https:\/\/euler.euclid.int\/fr\/une-these-est-elle-toujours-obligatoire-dans-un-programme-de-maitrise\/\" tabindex=\"-1\" ><div class=\"elementor-post__thumbnail\"><img fetchpriority=\"high\" decoding=\"async\" width=\"1600\" height=\"1067\" src=\"https:\/\/euler.euclid.int\/wp-content\/uploads\/2025\/04\/WhatsApp-Image-2023-12-01-at-22.44.14_9cdbbe6f.jpg\" class=\"attachment-full size-full wp-image-59257\" alt=\"\" srcset=\"https:\/\/euler.euclid.int\/wp-content\/uploads\/2025\/04\/WhatsApp-Image-2023-12-01-at-22.44.14_9cdbbe6f.jpg 1600w, https:\/\/euler.euclid.int\/wp-content\/uploads\/2025\/04\/WhatsApp-Image-2023-12-01-at-22.44.14_9cdbbe6f-300x200.jpg 300w, https:\/\/euler.euclid.int\/wp-content\/uploads\/2025\/04\/WhatsApp-Image-2023-12-01-at-22.44.14_9cdbbe6f-1024x683.jpg 1024w, https:\/\/euler.euclid.int\/wp-content\/uploads\/2025\/04\/WhatsApp-Image-2023-12-01-at-22.44.14_9cdbbe6f-768x512.jpg 768w, https:\/\/euler.euclid.int\/wp-content\/uploads\/2025\/04\/WhatsApp-Image-2023-12-01-at-22.44.14_9cdbbe6f-1536x1024.jpg 1536w\" sizes=\"(max-width: 1600px) 100vw, 1600px\" \/><\/div><\/a>\n\t\t\t\t<div class=\"elementor-post__badge\">Actualit\u00e9s<\/div>\n\t\t\t\t<div class=\"elementor-post__avatar\">\n\t\t\t<img alt='EULER University Institute' src='https:\/\/euler.euclid.int\/wp-content\/uploads\/2020\/01\/cropped-euler-square-logo-200-128x128.jpg' srcset='https:\/\/euler.euclid.int\/wp-content\/uploads\/2020\/01\/cropped-euler-square-logo-200.jpg 2x' class='avatar avatar-128 photo' height='128' width='128' \/>\t\t<\/div>\n\t\t\t\t<div class=\"elementor-post__text\">\n\t\t\t\t<h3 class=\"elementor-post__title\">\n\t\t\t<a href=\"https:\/\/euler.euclid.int\/fr\/une-these-est-elle-toujours-obligatoire-dans-un-programme-de-maitrise\/\" >\n\t\t\t\tUne th\u00e8se est-elle toujours obligatoire dans un programme de master ?\t\t\t<\/a>\n\t\t<\/h3>\n\t\t\t\t<div class=\"elementor-post__excerpt\">\n\t\t\t<p>L&#8217;exigence d&#8217;une th\u00e8se dans les programmes de ma\u00eetrise des universit\u00e9s du monde entier varie consid\u00e9rablement selon l&#8217;institution, le type de programme et la discipline acad\u00e9mique.<\/p>\n\t\t<\/div>\n\t\t\t\t<\/div>\n\t\t\t\t\t<\/div>\n\t\t<\/article>\n\t\t\t\t<article class=\"elementor-post elementor-grid-item post-59362 post type-post status-publish format-standard hentry category-non-categorise\" role=\"listitem\">\n\t\t\t<div class=\"elementor-post__card\">\n\t\t\t\t<div class=\"elementor-post__text\">\n\t\t\t\t<h3 class=\"elementor-post__title\">\n\t\t\t<a href=\"https:\/\/euler.euclid.int\/fr\/politique-publique-de-non-discrimination-et-dinclusion\/\" >\n\t\t\t\tPolitique publique de non-discrimination et d&#8217;inclusion\t\t\t<\/a>\n\t\t<\/h3>\n\t\t\t\t<div class=\"elementor-post__excerpt\">\n\t\t\t<p>1. IntroductionL&#8217;Universit\u00e9 EULER s&#8217;engage \u00e0 offrir un environnement inclusif, \u00e9quitable et respectueux pour tous les individus associ\u00e9s \u00e0 l&#8217;institution, y compris la direction, les \u00e9tudiants,<\/p>\n\t\t<\/div>\n\t\t\t\t<\/div>\n\t\t\t\t\t<\/div>\n\t\t<\/article>\n\t\t\t\t<article class=\"elementor-post elementor-grid-item post-59341 post type-post status-publish format-standard has-post-thumbnail hentry category-actualites category-blogue category-ia-intelligence-artificielle\" role=\"listitem\">\n\t\t\t<div class=\"elementor-post__card\">\n\t\t\t\t<a class=\"elementor-post__thumbnail__link\" href=\"https:\/\/euler.euclid.int\/fr\/comment-lia-affecte-t-elle-le-travail-des-professeurs-duniversite-en-termes-devaluation-et-de-notation-des-travaux-academiques\/\" tabindex=\"-1\" ><div class=\"elementor-post__thumbnail\"><img decoding=\"async\" width=\"1328\" height=\"860\" src=\"https:\/\/euler.euclid.int\/wp-content\/uploads\/2024\/05\/how-is-ai-affecting-the-work-of-university-professors-in-terms-of-assessing-and-grading-academic-papers-image.jpeg\" class=\"attachment-full size-full wp-image-59221\" alt=\"\" srcset=\"https:\/\/euler.euclid.int\/wp-content\/uploads\/2024\/05\/how-is-ai-affecting-the-work-of-university-professors-in-terms-of-assessing-and-grading-academic-papers-image.jpeg 1328w, https:\/\/euler.euclid.int\/wp-content\/uploads\/2024\/05\/how-is-ai-affecting-the-work-of-university-professors-in-terms-of-assessing-and-grading-academic-papers-image-300x194.jpeg 300w, https:\/\/euler.euclid.int\/wp-content\/uploads\/2024\/05\/how-is-ai-affecting-the-work-of-university-professors-in-terms-of-assessing-and-grading-academic-papers-image-1024x663.jpeg 1024w, https:\/\/euler.euclid.int\/wp-content\/uploads\/2024\/05\/how-is-ai-affecting-the-work-of-university-professors-in-terms-of-assessing-and-grading-academic-papers-image-768x497.jpeg 768w\" sizes=\"(max-width: 1328px) 100vw, 1328px\" \/><\/div><\/a>\n\t\t\t\t<div class=\"elementor-post__badge\">Actualit\u00e9s<\/div>\n\t\t\t\t<div class=\"elementor-post__avatar\">\n\t\t\t<img alt='EULER University Institute' src='https:\/\/euler.euclid.int\/wp-content\/uploads\/2020\/01\/cropped-euler-square-logo-200-128x128.jpg' srcset='https:\/\/euler.euclid.int\/wp-content\/uploads\/2020\/01\/cropped-euler-square-logo-200.jpg 2x' class='avatar avatar-128 photo' height='128' width='128' \/>\t\t<\/div>\n\t\t\t\t<div class=\"elementor-post__text\">\n\t\t\t\t<h3 class=\"elementor-post__title\">\n\t\t\t<a href=\"https:\/\/euler.euclid.int\/fr\/comment-lia-affecte-t-elle-le-travail-des-professeurs-duniversite-en-termes-devaluation-et-de-notation-des-travaux-academiques\/\" >\n\t\t\t\tComment l&#8217;IA affecte-t-elle le travail des professeurs d&#8217;universit\u00e9 en termes d&#8217;\u00e9valuation et de notation des travaux acad\u00e9miques ?\t\t\t<\/a>\n\t\t<\/h3>\n\t\t\t\t<div class=\"elementor-post__excerpt\">\n\t\t\t<p>Introduction L&#8217;Intelligence Artificielle (IA) a r\u00e9volutionn\u00e9 divers aspects de nos vies, et le domaine acad\u00e9mique ne fait pas exception. De la simplification des t\u00e2ches administratives<\/p>\n\t\t<\/div>\n\t\t\t\t<\/div>\n\t\t\t\t\t<\/div>\n\t\t<\/article>\n\t\t\t\t<article class=\"elementor-post elementor-grid-item post-59623 post type-post status-publish format-standard has-post-thumbnail hentry category-actualites category-blogue category-politique category-recherche tag-campus-vert tag-durabilite\" role=\"listitem\">\n\t\t\t<div class=\"elementor-post__card\">\n\t\t\t\t<a class=\"elementor-post__thumbnail__link\" href=\"https:\/\/euler.euclid.int\/fr\/ecologisation-du-campus-pratiques-durables-et-collaborations-de-recherche\/\" tabindex=\"-1\" ><div class=\"elementor-post__thumbnail\"><img decoding=\"async\" width=\"798\" height=\"1200\" src=\"https:\/\/euler.euclid.int\/wp-content\/uploads\/2024\/02\/tree-architecture-mansion-house-window-building-55193-pxhere.com_.jpg\" class=\"attachment-full size-full wp-image-59212\" alt=\"\" srcset=\"https:\/\/euler.euclid.int\/wp-content\/uploads\/2024\/02\/tree-architecture-mansion-house-window-building-55193-pxhere.com_.jpg 798w, https:\/\/euler.euclid.int\/wp-content\/uploads\/2024\/02\/tree-architecture-mansion-house-window-building-55193-pxhere.com_-200x300.jpg 200w, https:\/\/euler.euclid.int\/wp-content\/uploads\/2024\/02\/tree-architecture-mansion-house-window-building-55193-pxhere.com_-681x1024.jpg 681w, https:\/\/euler.euclid.int\/wp-content\/uploads\/2024\/02\/tree-architecture-mansion-house-window-building-55193-pxhere.com_-768x1155.jpg 768w\" sizes=\"(max-width: 798px) 100vw, 798px\" \/><\/div><\/a>\n\t\t\t\t<div class=\"elementor-post__badge\">Actualit\u00e9s<\/div>\n\t\t\t\t<div class=\"elementor-post__avatar\">\n\t\t\t<img alt='EULER University Institute' src='https:\/\/euler.euclid.int\/wp-content\/uploads\/2020\/01\/cropped-euler-square-logo-200-128x128.jpg' srcset='https:\/\/euler.euclid.int\/wp-content\/uploads\/2020\/01\/cropped-euler-square-logo-200.jpg 2x' class='avatar avatar-128 photo' height='128' width='128' \/>\t\t<\/div>\n\t\t\t\t<div class=\"elementor-post__text\">\n\t\t\t\t<h3 class=\"elementor-post__title\">\n\t\t\t<a href=\"https:\/\/euler.euclid.int\/fr\/ecologisation-du-campus-pratiques-durables-et-collaborations-de-recherche\/\" >\n\t\t\t\t\u00c9cologisation du Campus : Pratiques Durables et Collaborations de Recherche\t\t\t<\/a>\n\t\t<\/h3>\n\t\t\t\t<div class=\"elementor-post__excerpt\">\n\t\t\t<p>Introduction : Pourquoi les Pratiques Durables Importent sur le Campus Dans le monde en rapide \u00e9volution d&#8217;aujourd&#8217;hui, la n\u00e9cessit\u00e9 de pratiques durables est devenue plus<\/p>\n\t\t<\/div>\n\t\t\t\t<\/div>\n\t\t\t\t\t<\/div>\n\t\t<\/article>\n\t\t\t\t<article class=\"elementor-post elementor-grid-item post-59680 post type-post status-publish format-standard has-post-thumbnail hentry category-actualites category-article-fr category-blogue tag-ingenierie tag-legos-fr tag-universite\" role=\"listitem\">\n\t\t\t<div class=\"elementor-post__card\">\n\t\t\t\t<a class=\"elementor-post__thumbnail__link\" href=\"https:\/\/euler.euclid.int\/fr\/lutilisation-des-legos-comme-moyen-de-former-les-futurs-ingenieurs\/\" tabindex=\"-1\" ><div class=\"elementor-post__thumbnail\"><img loading=\"lazy\" decoding=\"async\" width=\"1920\" height=\"1440\" src=\"https:\/\/euler.euclid.int\/wp-content\/uploads\/2023\/08\/construction-vehicle-toy-theme-park-miniature-sculpture-1020419-pxhere.com_.jpg\" class=\"attachment-full size-full wp-image-58501\" alt=\"\" srcset=\"https:\/\/euler.euclid.int\/wp-content\/uploads\/2023\/08\/construction-vehicle-toy-theme-park-miniature-sculpture-1020419-pxhere.com_.jpg 1920w, https:\/\/euler.euclid.int\/wp-content\/uploads\/2023\/08\/construction-vehicle-toy-theme-park-miniature-sculpture-1020419-pxhere.com_-300x225.jpg 300w, https:\/\/euler.euclid.int\/wp-content\/uploads\/2023\/08\/construction-vehicle-toy-theme-park-miniature-sculpture-1020419-pxhere.com_-1024x768.jpg 1024w, https:\/\/euler.euclid.int\/wp-content\/uploads\/2023\/08\/construction-vehicle-toy-theme-park-miniature-sculpture-1020419-pxhere.com_-768x576.jpg 768w, https:\/\/euler.euclid.int\/wp-content\/uploads\/2023\/08\/construction-vehicle-toy-theme-park-miniature-sculpture-1020419-pxhere.com_-1536x1152.jpg 1536w\" sizes=\"(max-width: 1920px) 100vw, 1920px\" \/><\/div><\/a>\n\t\t\t\t<div class=\"elementor-post__badge\">Actualit\u00e9s<\/div>\n\t\t\t\t<div class=\"elementor-post__avatar\">\n\t\t\t<img alt='EULER University Institute' src='https:\/\/euler.euclid.int\/wp-content\/uploads\/2020\/01\/cropped-euler-square-logo-200-128x128.jpg' srcset='https:\/\/euler.euclid.int\/wp-content\/uploads\/2020\/01\/cropped-euler-square-logo-200.jpg 2x' class='avatar avatar-128 photo' height='128' width='128' \/>\t\t<\/div>\n\t\t\t\t<div class=\"elementor-post__text\">\n\t\t\t\t<h3 class=\"elementor-post__title\">\n\t\t\t<a href=\"https:\/\/euler.euclid.int\/fr\/lutilisation-des-legos-comme-moyen-de-former-les-futurs-ingenieurs\/\" >\n\t\t\t\tL&#8217;utilisation des Legos comme moyen de former les futurs ing\u00e9nieurs\t\t\t<\/a>\n\t\t<\/h3>\n\t\t\t\t<div class=\"elementor-post__excerpt\">\n\t\t\t[ai_post_generator_toc] Bienvenue dans notre guide exhaustif sur l&#8217;utilisation des Legos comme moyen de former les futurs ing\u00e9nieurs. Dans cet article, nous explorerons les nombreux avantages<\/p>\n\t\t<\/div>\n\t\t\t\t<\/div>\n\t\t\t\t\t<\/div>\n\t\t<\/article>\n\t\t\t\t<article class=\"elementor-post elementor-grid-item post-59599 post type-post status-publish format-standard has-post-thumbnail hentry category-actualites category-article-fr category-blogue\" role=\"listitem\">\n\t\t\t<div class=\"elementor-post__card\">\n\t\t\t\t<a class=\"elementor-post__thumbnail__link\" href=\"https:\/\/euler.euclid.int\/fr\/universites-aux-pays-bas-des-siecles-de-leadership-mondial\/\" tabindex=\"-1\" ><div class=\"elementor-post__thumbnail\"><img loading=\"lazy\" decoding=\"async\" width=\"4032\" height=\"3024\" src=\"https:\/\/euler.euclid.int\/wp-content\/uploads\/2023\/08\/Campus_Den_Haag_Universiteit_Leiden_01.jpg\" class=\"attachment-full size-full wp-image-58492\" alt=\"\" srcset=\"https:\/\/euler.euclid.int\/wp-content\/uploads\/2023\/08\/Campus_Den_Haag_Universiteit_Leiden_01.jpg 4032w, https:\/\/euler.euclid.int\/wp-content\/uploads\/2023\/08\/Campus_Den_Haag_Universiteit_Leiden_01-300x225.jpg 300w, https:\/\/euler.euclid.int\/wp-content\/uploads\/2023\/08\/Campus_Den_Haag_Universiteit_Leiden_01-1024x768.jpg 1024w, https:\/\/euler.euclid.int\/wp-content\/uploads\/2023\/08\/Campus_Den_Haag_Universiteit_Leiden_01-768x576.jpg 768w, https:\/\/euler.euclid.int\/wp-content\/uploads\/2023\/08\/Campus_Den_Haag_Universiteit_Leiden_01-1536x1152.jpg 1536w, https:\/\/euler.euclid.int\/wp-content\/uploads\/2023\/08\/Campus_Den_Haag_Universiteit_Leiden_01-2048x1536.jpg 2048w\" sizes=\"(max-width: 4032px) 100vw, 4032px\" \/><\/div><\/a>\n\t\t\t\t<div class=\"elementor-post__badge\">Actualit\u00e9s<\/div>\n\t\t\t\t<div class=\"elementor-post__avatar\">\n\t\t\t<img alt='EULER University Institute' src='https:\/\/euler.euclid.int\/wp-content\/uploads\/2020\/01\/cropped-euler-square-logo-200-128x128.jpg' srcset='https:\/\/euler.euclid.int\/wp-content\/uploads\/2020\/01\/cropped-euler-square-logo-200.jpg 2x' class='avatar avatar-128 photo' height='128' width='128' \/>\t\t<\/div>\n\t\t\t\t<div class=\"elementor-post__text\">\n\t\t\t\t<h3 class=\"elementor-post__title\">\n\t\t\t<a href=\"https:\/\/euler.euclid.int\/fr\/universites-aux-pays-bas-des-siecles-de-leadership-mondial\/\" >\n\t\t\t\tUniversit\u00e9s aux Pays-Bas : des si\u00e8cles de leadership mondial\t\t\t<\/a>\n\t\t<\/h3>\n\t\t\t\t<div class=\"elementor-post__excerpt\">\n\t\t\t[ai_post_generator_toc] Introduction Universit\u00e9s aux Pays-Bas : des si\u00e8cles de leadership mondial Les Pays-Bas, forts de leur riche histoire et de leur culture dynamique, sont depuis<\/p>\n\t\t<\/div>\n\t\t\t\t<\/div>\n\t\t\t\t\t<\/div>\n\t\t<\/article>\n\t\t\t\t<\/div>\n\t\t\n\t\t\t\t\t\t<\/div>\n\t\t\t\t<\/div>\n\t\t\t\t\t<\/div>\n\t\t<\/div>\n\t\t\t\t\t<\/div>\n\t\t<\/section>\n\t\t\t\t<\/div>\n\t\t","protected":false},"excerpt":{"rendered":"","protected":false},"author":1,"featured_media":0,"parent":0,"menu_order":0,"comment_status":"closed","ping_status":"closed","template":"","meta":{"footnotes":""},"class_list":["post-59710","page","type-page","status-publish","hentry"],"yoast_head":"<!-- This site is optimized with the Yoast SEO plugin v27.4 - https:\/\/yoast.com\/product\/yoast-seo-wordpress\/ -->\n<title>Actualit\u00e9s + Articles - EFMU: The Euler-Franeker Memorial University and Institute<\/title>\n<meta name=\"robots\" content=\"index, follow, max-snippet:-1, max-image-preview:large, max-video-preview:-1\" \/>\n<link rel=\"canonical\" href=\"https:\/\/euler.euclid.int\/actualites-articles\/\" \/>\n<meta property=\"og:locale\" content=\"fr_FR\" \/>\n<meta property=\"og:type\" content=\"article\" \/>\n<meta property=\"og:title\" content=\"Actualit\u00e9s + Articles - EFMU: The Euler-Franeker Memorial University and Institute\" \/>\n<meta property=\"og:url\" content=\"https:\/\/euler.euclid.int\/actualites-articles\/\" \/>\n<meta property=\"og:site_name\" content=\"EFMU: The Euler-Franeker Memorial University and Institute\" \/>\n<meta name=\"twitter:card\" content=\"summary_large_image\" \/>\n<script type=\"application\/ld+json\" class=\"yoast-schema-graph\">{\"@context\":\"https:\\\/\\\/schema.org\",\"@graph\":[{\"@type\":\"WebPage\",\"@id\":\"https:\\\/\\\/euler.euclid.int\\\/actualites-articles\\\/\",\"url\":\"https:\\\/\\\/euler.euclid.int\\\/actualites-articles\\\/\",\"name\":\"Actualit\u00e9s + Articles - EFMU: The Euler-Franeker Memorial University and Institute\",\"isPartOf\":{\"@id\":\"https:\\\/\\\/euler.euclid.int\\\/#website\"},\"datePublished\":\"2022-12-30T23:22:10+00:00\",\"breadcrumb\":{\"@id\":\"https:\\\/\\\/euler.euclid.int\\\/actualites-articles\\\/#breadcrumb\"},\"inLanguage\":\"fr-FR\",\"potentialAction\":[{\"@type\":\"ReadAction\",\"target\":[\"https:\\\/\\\/euler.euclid.int\\\/actualites-articles\\\/\"]}]},{\"@type\":\"BreadcrumbList\",\"@id\":\"https:\\\/\\\/euler.euclid.int\\\/actualites-articles\\\/#breadcrumb\",\"itemListElement\":[{\"@type\":\"ListItem\",\"position\":1,\"name\":\"Home\",\"item\":\"https:\\\/\\\/euler.euclid.int\\\/\"},{\"@type\":\"ListItem\",\"position\":2,\"name\":\"Actualit\u00e9s + Articles\"}]},{\"@type\":\"WebSite\",\"@id\":\"https:\\\/\\\/euler.euclid.int\\\/#website\",\"url\":\"https:\\\/\\\/euler.euclid.int\\\/\",\"name\":\"EFMU: The Euler-Franeker Memorial University and Institute\",\"description\":\"Academic and Research Excellence inspired by the Legacy of L. Euler and the University of Franeker\",\"potentialAction\":[{\"@type\":\"SearchAction\",\"target\":{\"@type\":\"EntryPoint\",\"urlTemplate\":\"https:\\\/\\\/euler.euclid.int\\\/?s={search_term_string}\"},\"query-input\":{\"@type\":\"PropertyValueSpecification\",\"valueRequired\":true,\"valueName\":\"search_term_string\"}}],\"inLanguage\":\"fr-FR\"}]}<\/script>\n<!-- \/ Yoast SEO plugin. -->","yoast_head_json":{"title":"Actualit\u00e9s + Articles - EFMU: The Euler-Franeker Memorial University and Institute","robots":{"index":"index","follow":"follow","max-snippet":"max-snippet:-1","max-image-preview":"max-image-preview:large","max-video-preview":"max-video-preview:-1"},"canonical":"https:\/\/euler.euclid.int\/actualites-articles\/","og_locale":"fr_FR","og_type":"article","og_title":"Actualit\u00e9s + Articles - EFMU: The Euler-Franeker Memorial University and Institute","og_url":"https:\/\/euler.euclid.int\/actualites-articles\/","og_site_name":"EFMU: The Euler-Franeker Memorial University and Institute","twitter_card":"summary_large_image","schema":{"@context":"https:\/\/schema.org","@graph":[{"@type":"WebPage","@id":"https:\/\/euler.euclid.int\/actualites-articles\/","url":"https:\/\/euler.euclid.int\/actualites-articles\/","name":"Actualit\u00e9s + Articles - EFMU: The Euler-Franeker Memorial University and Institute","isPartOf":{"@id":"https:\/\/euler.euclid.int\/#website"},"datePublished":"2022-12-30T23:22:10+00:00","breadcrumb":{"@id":"https:\/\/euler.euclid.int\/actualites-articles\/#breadcrumb"},"inLanguage":"fr-FR","potentialAction":[{"@type":"ReadAction","target":["https:\/\/euler.euclid.int\/actualites-articles\/"]}]},{"@type":"BreadcrumbList","@id":"https:\/\/euler.euclid.int\/actualites-articles\/#breadcrumb","itemListElement":[{"@type":"ListItem","position":1,"name":"Home","item":"https:\/\/euler.euclid.int\/"},{"@type":"ListItem","position":2,"name":"Actualit\u00e9s + Articles"}]},{"@type":"WebSite","@id":"https:\/\/euler.euclid.int\/#website","url":"https:\/\/euler.euclid.int\/","name":"EFMU: The Euler-Franeker Memorial University and Institute","description":"Academic and Research Excellence inspired by the Legacy of L. Euler and the University of Franeker","potentialAction":[{"@type":"SearchAction","target":{"@type":"EntryPoint","urlTemplate":"https:\/\/euler.euclid.int\/?s={search_term_string}"},"query-input":{"@type":"PropertyValueSpecification","valueRequired":true,"valueName":"search_term_string"}}],"inLanguage":"fr-FR"}]}},"_links":{"self":[{"href":"https:\/\/euler.euclid.int\/fr\/wp-json\/wp\/v2\/pages\/59710","targetHints":{"allow":["GET"]}}],"collection":[{"href":"https:\/\/euler.euclid.int\/fr\/wp-json\/wp\/v2\/pages"}],"about":[{"href":"https:\/\/euler.euclid.int\/fr\/wp-json\/wp\/v2\/types\/page"}],"author":[{"embeddable":true,"href":"https:\/\/euler.euclid.int\/fr\/wp-json\/wp\/v2\/users\/1"}],"replies":[{"embeddable":true,"href":"https:\/\/euler.euclid.int\/fr\/wp-json\/wp\/v2\/comments?post=59710"}],"version-history":[{"count":0,"href":"https:\/\/euler.euclid.int\/fr\/wp-json\/wp\/v2\/pages\/59710\/revisions"}],"wp:attachment":[{"href":"https:\/\/euler.euclid.int\/fr\/wp-json\/wp\/v2\/media?parent=59710"}],"curies":[{"name":"wp","href":"https:\/\/api.w.org\/{rel}","templated":true}]}}