{"id":59725,"date":"2023-01-06T04:51:28","date_gmt":"2023-01-06T04:51:28","guid":{"rendered":"https:\/\/euler.euclid.int\/la-bibliotheque-de-luniversite-de-franeker\/"},"modified":"2023-01-06T04:51:28","modified_gmt":"2023-01-06T04:51:28","slug":"la-bibliotheque-de-luniversite-de-franeker","status":"publish","type":"page","link":"https:\/\/euler.euclid.int\/fr\/la-bibliotheque-de-luniversite-de-franeker\/","title":{"rendered":"La Biblioth\u00e8que de l&#8217;Universit\u00e9 de Franeker"},"content":{"rendered":"\t\t<div data-elementor-type=\"wp-page\" data-elementor-id=\"59725\" class=\"elementor elementor-59725 elementor-54446\" data-elementor-post-type=\"page\">\n\t\t\t\t\t\t<section data-particle_enable=\"false\" data-particle-mobile-disabled=\"false\" class=\"elementor-section elementor-top-section elementor-element elementor-element-671520c0 elementor-section-boxed elementor-section-height-default elementor-section-height-default\" data-id=\"671520c0\" data-element_type=\"section\" data-e-type=\"section\">\n\t\t\t\t\t\t<div class=\"elementor-container elementor-column-gap-default\">\n\t\t\t\t\t<div class=\"elementor-column elementor-col-100 elementor-top-column elementor-element elementor-element-2a76b949\" data-id=\"2a76b949\" data-element_type=\"column\" data-e-type=\"column\">\n\t\t\t<div class=\"elementor-widget-wrap elementor-element-populated\">\n\t\t\t\t\t\t<div class=\"elementor-element elementor-element-2a6c6f1c elementor-widget elementor-widget-text-editor\" data-id=\"2a6c6f1c\" data-element_type=\"widget\" data-e-type=\"widget\" data-widget_type=\"text-editor.default\">\n\t\t\t\t<div class=\"elementor-widget-container\">\n\t\t\t\t\t\t\t\t\t<div class=\"display-none display@xs-none display@sm-none display@md-flex flex@md-1 flex@md-nowrap\"><div class=\"\"><div class=\"pr-3 pl-3\"><div class=\"component component-content-item component-cover-image \"><div class=\"content-box box no-border no-padding no-header vertical-margin-bottom null\"><div class=\"content-box-body null\"><div class=\"cover cover-image configurable-index-card-cover-image\"><picture><\/picture><a href=\"https:\/\/brill.com\/display\/title\/35255\"><img fetchpriority=\"high\" decoding=\"async\" class=\"alignleft\" src=\"https:\/\/brill.com\/coverimage?doc=%2Ftitle%2F35255&amp;width=300\" alt=\"Cover The Library of Franeker University in Context, 1585\u20131843\" width=\"220\" height=\"336\" \/><\/a><\/div><\/div><\/div><\/div><\/div><\/div><\/div><div class=\"display-flex display@md-flex flex-col flex@md-col flex@md-align-btw flex-justify-btw flex@md-3 flex-nowrap flex@md-nowrap mr@md-3 ml@md-3\"><div class=\"display-flex flex-col flex-nowrap\"><div class=\"component component-content-item component-content-title \"><div class=\"content-box box no-border no-padding no-header vertical-margin-bottom null\"><div class=\"content-box-body null\"><h1 class=\"typography-body title mb-3 text-headline font-content \">The Library of Franeker University in Context, 1585\u20131843<\/h1><\/div><\/div><\/div><\/div><div class=\"display@md-flex flex@md-nowrap\"><div class=\"component component-content-item component-content-contributors \"><div class=\"content-box box no-border no-padding no-header vertical-margin-bottom null\"><div class=\"content-box-body null\"><div class=\"content-contributor-author\"><div class=\"contributor-line text-subheading\"><p><span class=\"creator-type-label\">Author:<\/span><\/p><div class=\"contributor-details\"><a href=\"https:\/\/brill.com\/search?f_0=author&amp;q_0=Jacob+van+Sluis\"><span class=\"contributor-unlinked\">Jacob van Sluis<\/span><\/a><\/div><\/div><\/div><\/div><\/div><\/div><\/div><div class=\"display@md-flex flex-col flex@md-nowrap\"><div class=\"component component-content-item component-content-summary abstract_or_excerpt\"><div class=\"content-box box no-border no-padding no-header vertical-margin-bottom null\"><div class=\"content-box-body null\"><div>\u00a0<\/div><div id=\"ABSTRACT_OR_EXCERPT-50610-1115938115\" class=\"abstract pf-summary-abstract_or_excerpt text-body1 cg-primary\">From 1585 to 1843, the Dutch town of Franeker housed the University of Franeker. It had its peak in the seventeenth century and attracted students from Protestant countries throughout Europe. A library was founded right from the start, and its collection has been preserved almost entirely. Eleven catalogs were printed in the course of its existence, and as a result, the development of the collection can be examined chronologically.<br \/><i><\/i><\/div><div>\u00a0<\/div><div class=\"abstract pf-summary-abstract_or_excerpt text-body1 cg-primary\"><i>The Library of Franeker University in Context, 1585\u20131843<\/i>\u00a0discusses the relationship with education at Franeker University in detail, and makes a comparison with other similar libraries.<\/div><\/div><\/div><\/div><\/div><\/div>\t\t\t\t\t\t\t\t<\/div>\n\t\t\t\t<\/div>\n\t\t\t\t\t<\/div>\n\t\t<\/div>\n\t\t\t\t\t<\/div>\n\t\t<\/section>\n\t\t\t\t<\/div>\n\t\t","protected":false},"excerpt":{"rendered":"<p>La Biblioth\u00e8que de l&#8217;Universit\u00e9 de Franeker dans son contexte, 1585-1843 Auteur : Jacob van Sluis De 1585 \u00e0 1843, la ville n\u00e9erlandaise de Franeker abritait l&#8217;Universit\u00e9 de Franeker. Elle connut son apog\u00e9e au XVIIe si\u00e8cle et attira des \u00e9tudiants de pays protestants de toute l&#8217;Europe. Une biblioth\u00e8que fut fond\u00e9e d\u00e8s le d\u00e9but, et sa collection [&hellip;]<\/p>\n","protected":false},"author":1,"featured_media":0,"parent":0,"menu_order":0,"comment_status":"closed","ping_status":"closed","template":"","meta":{"footnotes":""},"class_list":["post-59725","page","type-page","status-publish","hentry"],"yoast_head":"<!-- This site is optimized with the Yoast SEO plugin v27.3 - https:\/\/yoast.com\/product\/yoast-seo-wordpress\/ -->\n<title>La Biblioth\u00e8que de l&#039;Universit\u00e9 de Franeker - EFMU: The Euler-Franeker Memorial University and Institute<\/title>\n<meta name=\"robots\" content=\"index, follow, max-snippet:-1, max-image-preview:large, max-video-preview:-1\" \/>\n<link rel=\"canonical\" href=\"https:\/\/euler.euclid.int\/la-bibliotheque-de-luniversite-de-franeker\/\" \/>\n<meta property=\"og:locale\" content=\"fr_FR\" \/>\n<meta property=\"og:type\" content=\"article\" \/>\n<meta property=\"og:title\" content=\"La Biblioth\u00e8que de l&#039;Universit\u00e9 de Franeker - EFMU: The Euler-Franeker Memorial University and Institute\" \/>\n<meta property=\"og:description\" content=\"La Biblioth\u00e8que de l&#8217;Universit\u00e9 de Franeker dans son contexte, 1585-1843 Auteur : Jacob van Sluis De 1585 \u00e0 1843, la ville n\u00e9erlandaise de Franeker abritait l&#8217;Universit\u00e9 de Franeker. Elle connut son apog\u00e9e au XVIIe si\u00e8cle et attira des \u00e9tudiants de pays protestants de toute l&#8217;Europe. Une biblioth\u00e8que fut fond\u00e9e d\u00e8s le d\u00e9but, et sa collection [&hellip;]\" \/>\n<meta property=\"og:url\" content=\"https:\/\/euler.euclid.int\/la-bibliotheque-de-luniversite-de-franeker\/\" \/>\n<meta property=\"og:site_name\" content=\"EFMU: The Euler-Franeker Memorial University and Institute\" \/>\n<meta property=\"og:image\" content=\"https:\/\/brill.com\/coverimage?doc=%2Ftitle%2F35255&amp;width=300\" \/>\n<meta name=\"twitter:card\" content=\"summary_large_image\" \/>\n<meta name=\"twitter:label1\" content=\"Dur\u00e9e de lecture estim\u00e9e\" \/>\n\t<meta name=\"twitter:data1\" content=\"1 minute\" \/>\n<script type=\"application\/ld+json\" class=\"yoast-schema-graph\">{\"@context\":\"https:\\\/\\\/schema.org\",\"@graph\":[{\"@type\":\"WebPage\",\"@id\":\"https:\\\/\\\/euler.euclid.int\\\/la-bibliotheque-de-luniversite-de-franeker\\\/\",\"url\":\"https:\\\/\\\/euler.euclid.int\\\/la-bibliotheque-de-luniversite-de-franeker\\\/\",\"name\":\"La Biblioth\u00e8que de l'Universit\u00e9 de Franeker - EFMU: The Euler-Franeker Memorial University and Institute\",\"isPartOf\":{\"@id\":\"https:\\\/\\\/euler.euclid.int\\\/#website\"},\"primaryImageOfPage\":{\"@id\":\"https:\\\/\\\/euler.euclid.int\\\/la-bibliotheque-de-luniversite-de-franeker\\\/#primaryimage\"},\"image\":{\"@id\":\"https:\\\/\\\/euler.euclid.int\\\/la-bibliotheque-de-luniversite-de-franeker\\\/#primaryimage\"},\"thumbnailUrl\":\"https:\\\/\\\/brill.com\\\/coverimage?doc=%2Ftitle%2F35255&amp;width=300\",\"datePublished\":\"2023-01-06T04:51:28+00:00\",\"breadcrumb\":{\"@id\":\"https:\\\/\\\/euler.euclid.int\\\/la-bibliotheque-de-luniversite-de-franeker\\\/#breadcrumb\"},\"inLanguage\":\"fr-FR\",\"potentialAction\":[{\"@type\":\"ReadAction\",\"target\":[\"https:\\\/\\\/euler.euclid.int\\\/la-bibliotheque-de-luniversite-de-franeker\\\/\"]}]},{\"@type\":\"ImageObject\",\"inLanguage\":\"fr-FR\",\"@id\":\"https:\\\/\\\/euler.euclid.int\\\/la-bibliotheque-de-luniversite-de-franeker\\\/#primaryimage\",\"url\":\"https:\\\/\\\/brill.com\\\/coverimage?doc=%2Ftitle%2F35255&amp;width=300\",\"contentUrl\":\"https:\\\/\\\/brill.com\\\/coverimage?doc=%2Ftitle%2F35255&amp;width=300\"},{\"@type\":\"BreadcrumbList\",\"@id\":\"https:\\\/\\\/euler.euclid.int\\\/la-bibliotheque-de-luniversite-de-franeker\\\/#breadcrumb\",\"itemListElement\":[{\"@type\":\"ListItem\",\"position\":1,\"name\":\"Home\",\"item\":\"https:\\\/\\\/euler.euclid.int\\\/\"},{\"@type\":\"ListItem\",\"position\":2,\"name\":\"La Biblioth\u00e8que de l&#8217;Universit\u00e9 de Franeker\"}]},{\"@type\":\"WebSite\",\"@id\":\"https:\\\/\\\/euler.euclid.int\\\/#website\",\"url\":\"https:\\\/\\\/euler.euclid.int\\\/\",\"name\":\"EFMU: The Euler-Franeker Memorial University and Institute\",\"description\":\"Academic and Research Excellence inspired by the Legacy of L. Euler and the University of Franeker\",\"potentialAction\":[{\"@type\":\"SearchAction\",\"target\":{\"@type\":\"EntryPoint\",\"urlTemplate\":\"https:\\\/\\\/euler.euclid.int\\\/?s={search_term_string}\"},\"query-input\":{\"@type\":\"PropertyValueSpecification\",\"valueRequired\":true,\"valueName\":\"search_term_string\"}}],\"inLanguage\":\"fr-FR\"}]}<\/script>\n<!-- \/ Yoast SEO plugin. -->","yoast_head_json":{"title":"La Biblioth\u00e8que de l'Universit\u00e9 de Franeker - EFMU: The Euler-Franeker Memorial University and Institute","robots":{"index":"index","follow":"follow","max-snippet":"max-snippet:-1","max-image-preview":"max-image-preview:large","max-video-preview":"max-video-preview:-1"},"canonical":"https:\/\/euler.euclid.int\/la-bibliotheque-de-luniversite-de-franeker\/","og_locale":"fr_FR","og_type":"article","og_title":"La Biblioth\u00e8que de l'Universit\u00e9 de Franeker - EFMU: The Euler-Franeker Memorial University and Institute","og_description":"La Biblioth\u00e8que de l&#8217;Universit\u00e9 de Franeker dans son contexte, 1585-1843 Auteur : Jacob van Sluis De 1585 \u00e0 1843, la ville n\u00e9erlandaise de Franeker abritait l&#8217;Universit\u00e9 de Franeker. Elle connut son apog\u00e9e au XVIIe si\u00e8cle et attira des \u00e9tudiants de pays protestants de toute l&#8217;Europe. Une biblioth\u00e8que fut fond\u00e9e d\u00e8s le d\u00e9but, et sa collection [&hellip;]","og_url":"https:\/\/euler.euclid.int\/la-bibliotheque-de-luniversite-de-franeker\/","og_site_name":"EFMU: The Euler-Franeker Memorial University and Institute","og_image":[{"url":"https:\/\/brill.com\/coverimage?doc=%2Ftitle%2F35255&amp;width=300","type":"","width":"","height":""}],"twitter_card":"summary_large_image","twitter_misc":{"Dur\u00e9e de lecture estim\u00e9e":"1 minute"},"schema":{"@context":"https:\/\/schema.org","@graph":[{"@type":"WebPage","@id":"https:\/\/euler.euclid.int\/la-bibliotheque-de-luniversite-de-franeker\/","url":"https:\/\/euler.euclid.int\/la-bibliotheque-de-luniversite-de-franeker\/","name":"La Biblioth\u00e8que de l'Universit\u00e9 de Franeker - EFMU: The Euler-Franeker Memorial University and Institute","isPartOf":{"@id":"https:\/\/euler.euclid.int\/#website"},"primaryImageOfPage":{"@id":"https:\/\/euler.euclid.int\/la-bibliotheque-de-luniversite-de-franeker\/#primaryimage"},"image":{"@id":"https:\/\/euler.euclid.int\/la-bibliotheque-de-luniversite-de-franeker\/#primaryimage"},"thumbnailUrl":"https:\/\/brill.com\/coverimage?doc=%2Ftitle%2F35255&amp;width=300","datePublished":"2023-01-06T04:51:28+00:00","breadcrumb":{"@id":"https:\/\/euler.euclid.int\/la-bibliotheque-de-luniversite-de-franeker\/#breadcrumb"},"inLanguage":"fr-FR","potentialAction":[{"@type":"ReadAction","target":["https:\/\/euler.euclid.int\/la-bibliotheque-de-luniversite-de-franeker\/"]}]},{"@type":"ImageObject","inLanguage":"fr-FR","@id":"https:\/\/euler.euclid.int\/la-bibliotheque-de-luniversite-de-franeker\/#primaryimage","url":"https:\/\/brill.com\/coverimage?doc=%2Ftitle%2F35255&amp;width=300","contentUrl":"https:\/\/brill.com\/coverimage?doc=%2Ftitle%2F35255&amp;width=300"},{"@type":"BreadcrumbList","@id":"https:\/\/euler.euclid.int\/la-bibliotheque-de-luniversite-de-franeker\/#breadcrumb","itemListElement":[{"@type":"ListItem","position":1,"name":"Home","item":"https:\/\/euler.euclid.int\/"},{"@type":"ListItem","position":2,"name":"La Biblioth\u00e8que de l&#8217;Universit\u00e9 de Franeker"}]},{"@type":"WebSite","@id":"https:\/\/euler.euclid.int\/#website","url":"https:\/\/euler.euclid.int\/","name":"EFMU: The Euler-Franeker Memorial University and Institute","description":"Academic and Research Excellence inspired by the Legacy of L. Euler and the University of Franeker","potentialAction":[{"@type":"SearchAction","target":{"@type":"EntryPoint","urlTemplate":"https:\/\/euler.euclid.int\/?s={search_term_string}"},"query-input":{"@type":"PropertyValueSpecification","valueRequired":true,"valueName":"search_term_string"}}],"inLanguage":"fr-FR"}]}},"_links":{"self":[{"href":"https:\/\/euler.euclid.int\/fr\/wp-json\/wp\/v2\/pages\/59725","targetHints":{"allow":["GET"]}}],"collection":[{"href":"https:\/\/euler.euclid.int\/fr\/wp-json\/wp\/v2\/pages"}],"about":[{"href":"https:\/\/euler.euclid.int\/fr\/wp-json\/wp\/v2\/types\/page"}],"author":[{"embeddable":true,"href":"https:\/\/euler.euclid.int\/fr\/wp-json\/wp\/v2\/users\/1"}],"replies":[{"embeddable":true,"href":"https:\/\/euler.euclid.int\/fr\/wp-json\/wp\/v2\/comments?post=59725"}],"version-history":[{"count":0,"href":"https:\/\/euler.euclid.int\/fr\/wp-json\/wp\/v2\/pages\/59725\/revisions"}],"wp:attachment":[{"href":"https:\/\/euler.euclid.int\/fr\/wp-json\/wp\/v2\/media?parent=59725"}],"curies":[{"name":"wp","href":"https:\/\/api.w.org\/{rel}","templated":true}]}}