{"id":59746,"date":"2023-01-06T04:12:19","date_gmt":"2023-01-06T04:12:19","guid":{"rendered":"https:\/\/euler.euclid.int\/a-propos-de-luniversite-de-franeker\/"},"modified":"2023-01-06T04:12:19","modified_gmt":"2023-01-06T04:12:19","slug":"a-propos-de-luniversite-de-franeker","status":"publish","type":"page","link":"https:\/\/euler.euclid.int\/fr\/a-propos-de-luniversite-de-franeker\/","title":{"rendered":"\u00c0 propos de l&#8217;Universit\u00e9 de Franeker"},"content":{"rendered":"<p>L&#8217;Universit\u00e9 de Franeker fut, entre 1585 et 1811, une institution universitaire d&#8217;importance \u00e0 Franeker (Frise, Pays-Bas). Il est remarquable de noter qu&#8217;elle \u00e9tait la deuxi\u00e8me plus ancienne universit\u00e9 des Pays-Bas, fond\u00e9e peu apr\u00e8s <a href=\"https:\/\/www.universiteitleiden.nl\/en\">l&#8217;Universit\u00e9 de Leyde<\/a>. <\/p>\n<p><img fetchpriority=\"high\" decoding=\"async\" class=\"alignnone wp-image-6248 size-full\" src=\"https:\/\/euler.euclid.int\/wp-content\/uploads\/2020\/01\/franeker1.jpg\" alt=\"\" width=\"1000\" height=\"900\" srcset=\"https:\/\/euler.euclid.int\/wp-content\/uploads\/2020\/01\/franeker1.jpg 1000w, https:\/\/euler.euclid.int\/wp-content\/uploads\/2020\/01\/franeker1-300x270.jpg 300w, https:\/\/euler.euclid.int\/wp-content\/uploads\/2020\/01\/franeker1-768x691.jpg 768w\" sizes=\"(max-width: 1000px) 100vw, 1000px\" \/><\/p>\n<p>Elle \u00e9tait \u00e9galement connue sous le nom d&#8217;<em>Academia Franekerensis<\/em> ou, plus rarement, comme &#8220;l&#8217;Universit\u00e9 de Frise&#8221;. \u00c0 son apog\u00e9e, elle comptait plusieurs facult\u00e9s ou d\u00e9partements acad\u00e9miques, notamment : Th\u00e9ologie, Droit, M\u00e9decine, Philosophie, Math\u00e9matiques et Physique. <\/p>\n<p>Il convient de mentionner que parmi ses \u00e9tudiants illustres figurait Peter Stuyvesant, le dernier directeur g\u00e9n\u00e9ral de la colonie n\u00e9erlandaise de Nouvelle-N\u00e9erlande.<\/p>\n<p><img decoding=\"async\" src=\"https:\/\/brill.com\/display\/book\/9789004352261\/9789004352261_i0001.png\" alt=\"Chapitre 1 L'Universit\u00e9 de Franeker, une br\u00e8ve histoire dans : La Biblioth\u00e8que de l'Universit\u00e9 de Franeker dans son contexte, 1585-1843\"><\/p>\n<p>L&#8217;universit\u00e9 jouissait d&#8217;une excellente r\u00e9putation nationale et internationale, attirant des \u00e9tudiants de tous horizons, mais elle fut dissoute par Napol\u00e9on en 1811, en m\u00eame temps que les universit\u00e9s de Harderwijk et d&#8217;Utrecht. Cependant, \u00e0 la fin du r\u00e9gime fran\u00e7ais, l&#8217;universit\u00e9 ne fut pas r\u00e9tablie. <\/p>\n<p>La flamme historique et symbolique de l&#8217;universit\u00e9 ne fut raviv\u00e9e qu&#8217;en 2008 avec l&#8217;\u00e9tablissement d&#8217;EUCLID en tant qu&#8217;universit\u00e9 intergouvernementale, dot\u00e9e d&#8217;un institut initialement nomm\u00e9 &#8220;Eurostate&#8221; en raison de son accent sur l&#8217;histoire et l&#8217;administration europ\u00e9ennes. L&#8217;Institut Universitaire Eurostate fut par la suite rebaptis\u00e9 Institut Universitaire Comm\u00e9moratif Euler-Franeker et aspire ouvertement \u00e0 int\u00e9grer dans ses principes acad\u00e9miques l&#8217;h\u00e9ritage de l&#8217;Universit\u00e9 de Franeker. <\/p>\n","protected":false},"excerpt":{"rendered":"<p>L&#8217;Universit\u00e9 de Franeker fut, entre 1585 et 1811, une institution universitaire d&#8217;importance \u00e0 Franeker (Frise, Pays-Bas). Il est remarquable de noter qu&#8217;elle \u00e9tait la deuxi\u00e8me plus ancienne universit\u00e9 des Pays-Bas, fond\u00e9e peu apr\u00e8s l&#8217;Universit\u00e9 de Leyde. Elle \u00e9tait \u00e9galement connue sous le nom d&#8217;Academia Franekerensis ou, plus rarement, comme &#8220;l&#8217;Universit\u00e9 de Frise&#8221;. \u00c0 son apog\u00e9e, [&hellip;]<\/p>\n","protected":false},"author":1,"featured_media":0,"parent":0,"menu_order":0,"comment_status":"closed","ping_status":"closed","template":"","meta":{"footnotes":""},"class_list":["post-59746","page","type-page","status-publish","hentry"],"yoast_head":"<!-- This site is optimized with the Yoast SEO plugin v27.3 - https:\/\/yoast.com\/product\/yoast-seo-wordpress\/ -->\n<title>\u00c0 propos de l&#039;Universit\u00e9 de Franeker - EFMU: The Euler-Franeker Memorial University and Institute<\/title>\n<meta name=\"robots\" content=\"index, follow, max-snippet:-1, max-image-preview:large, max-video-preview:-1\" \/>\n<link rel=\"canonical\" href=\"https:\/\/euler.euclid.int\/a-propos-de-luniversite-de-franeker\/\" \/>\n<meta property=\"og:locale\" content=\"fr_FR\" \/>\n<meta property=\"og:type\" content=\"article\" \/>\n<meta property=\"og:title\" content=\"\u00c0 propos de l&#039;Universit\u00e9 de Franeker - EFMU: The Euler-Franeker Memorial University and Institute\" \/>\n<meta property=\"og:description\" content=\"L&#8217;Universit\u00e9 de Franeker fut, entre 1585 et 1811, une institution universitaire d&#8217;importance \u00e0 Franeker (Frise, Pays-Bas). Il est remarquable de noter qu&#8217;elle \u00e9tait la deuxi\u00e8me plus ancienne universit\u00e9 des Pays-Bas, fond\u00e9e peu apr\u00e8s l&#8217;Universit\u00e9 de Leyde. Elle \u00e9tait \u00e9galement connue sous le nom d&#8217;Academia Franekerensis ou, plus rarement, comme &#8220;l&#8217;Universit\u00e9 de Frise&#8221;. \u00c0 son apog\u00e9e, [&hellip;]\" \/>\n<meta property=\"og:url\" content=\"https:\/\/euler.euclid.int\/a-propos-de-luniversite-de-franeker\/\" \/>\n<meta property=\"og:site_name\" content=\"EFMU: The Euler-Franeker Memorial University and Institute\" \/>\n<meta property=\"og:image\" content=\"https:\/\/euler.euclid.int\/wp-content\/uploads\/2020\/01\/franeker1.jpg\" \/>\n\t<meta property=\"og:image:width\" content=\"1000\" \/>\n\t<meta property=\"og:image:height\" content=\"900\" \/>\n\t<meta property=\"og:image:type\" content=\"image\/jpeg\" \/>\n<meta name=\"twitter:card\" content=\"summary_large_image\" \/>\n<meta name=\"twitter:label1\" content=\"Dur\u00e9e de lecture estim\u00e9e\" \/>\n\t<meta name=\"twitter:data1\" content=\"1 minute\" \/>\n<script type=\"application\/ld+json\" class=\"yoast-schema-graph\">{\"@context\":\"https:\\\/\\\/schema.org\",\"@graph\":[{\"@type\":\"WebPage\",\"@id\":\"https:\\\/\\\/euler.euclid.int\\\/a-propos-de-luniversite-de-franeker\\\/\",\"url\":\"https:\\\/\\\/euler.euclid.int\\\/a-propos-de-luniversite-de-franeker\\\/\",\"name\":\"\u00c0 propos de l'Universit\u00e9 de Franeker - EFMU: The Euler-Franeker Memorial University and Institute\",\"isPartOf\":{\"@id\":\"https:\\\/\\\/euler.euclid.int\\\/#website\"},\"primaryImageOfPage\":{\"@id\":\"https:\\\/\\\/euler.euclid.int\\\/a-propos-de-luniversite-de-franeker\\\/#primaryimage\"},\"image\":{\"@id\":\"https:\\\/\\\/euler.euclid.int\\\/a-propos-de-luniversite-de-franeker\\\/#primaryimage\"},\"thumbnailUrl\":\"https:\\\/\\\/euler.euclid.int\\\/wp-content\\\/uploads\\\/2020\\\/01\\\/franeker1.jpg\",\"datePublished\":\"2023-01-06T04:12:19+00:00\",\"breadcrumb\":{\"@id\":\"https:\\\/\\\/euler.euclid.int\\\/a-propos-de-luniversite-de-franeker\\\/#breadcrumb\"},\"inLanguage\":\"fr-FR\",\"potentialAction\":[{\"@type\":\"ReadAction\",\"target\":[\"https:\\\/\\\/euler.euclid.int\\\/a-propos-de-luniversite-de-franeker\\\/\"]}]},{\"@type\":\"ImageObject\",\"inLanguage\":\"fr-FR\",\"@id\":\"https:\\\/\\\/euler.euclid.int\\\/a-propos-de-luniversite-de-franeker\\\/#primaryimage\",\"url\":\"https:\\\/\\\/euler.euclid.int\\\/wp-content\\\/uploads\\\/2020\\\/01\\\/franeker1.jpg\",\"contentUrl\":\"https:\\\/\\\/euler.euclid.int\\\/wp-content\\\/uploads\\\/2020\\\/01\\\/franeker1.jpg\"},{\"@type\":\"BreadcrumbList\",\"@id\":\"https:\\\/\\\/euler.euclid.int\\\/a-propos-de-luniversite-de-franeker\\\/#breadcrumb\",\"itemListElement\":[{\"@type\":\"ListItem\",\"position\":1,\"name\":\"Home\",\"item\":\"https:\\\/\\\/euler.euclid.int\\\/\"},{\"@type\":\"ListItem\",\"position\":2,\"name\":\"\u00c0 propos de l&#8217;Universit\u00e9 de Franeker\"}]},{\"@type\":\"WebSite\",\"@id\":\"https:\\\/\\\/euler.euclid.int\\\/#website\",\"url\":\"https:\\\/\\\/euler.euclid.int\\\/\",\"name\":\"EFMU: The Euler-Franeker Memorial University and Institute\",\"description\":\"Academic and Research Excellence inspired by the Legacy of L. Euler and the University of Franeker\",\"potentialAction\":[{\"@type\":\"SearchAction\",\"target\":{\"@type\":\"EntryPoint\",\"urlTemplate\":\"https:\\\/\\\/euler.euclid.int\\\/?s={search_term_string}\"},\"query-input\":{\"@type\":\"PropertyValueSpecification\",\"valueRequired\":true,\"valueName\":\"search_term_string\"}}],\"inLanguage\":\"fr-FR\"}]}<\/script>\n<!-- \/ Yoast SEO plugin. -->","yoast_head_json":{"title":"\u00c0 propos de l'Universit\u00e9 de Franeker - EFMU: The Euler-Franeker Memorial University and Institute","robots":{"index":"index","follow":"follow","max-snippet":"max-snippet:-1","max-image-preview":"max-image-preview:large","max-video-preview":"max-video-preview:-1"},"canonical":"https:\/\/euler.euclid.int\/a-propos-de-luniversite-de-franeker\/","og_locale":"fr_FR","og_type":"article","og_title":"\u00c0 propos de l'Universit\u00e9 de Franeker - EFMU: The Euler-Franeker Memorial University and Institute","og_description":"L&#8217;Universit\u00e9 de Franeker fut, entre 1585 et 1811, une institution universitaire d&#8217;importance \u00e0 Franeker (Frise, Pays-Bas). Il est remarquable de noter qu&#8217;elle \u00e9tait la deuxi\u00e8me plus ancienne universit\u00e9 des Pays-Bas, fond\u00e9e peu apr\u00e8s l&#8217;Universit\u00e9 de Leyde. Elle \u00e9tait \u00e9galement connue sous le nom d&#8217;Academia Franekerensis ou, plus rarement, comme &#8220;l&#8217;Universit\u00e9 de Frise&#8221;. \u00c0 son apog\u00e9e, [&hellip;]","og_url":"https:\/\/euler.euclid.int\/a-propos-de-luniversite-de-franeker\/","og_site_name":"EFMU: The Euler-Franeker Memorial University and Institute","og_image":[{"width":1000,"height":900,"url":"https:\/\/euler.euclid.int\/wp-content\/uploads\/2020\/01\/franeker1.jpg","type":"image\/jpeg"}],"twitter_card":"summary_large_image","twitter_misc":{"Dur\u00e9e de lecture estim\u00e9e":"1 minute"},"schema":{"@context":"https:\/\/schema.org","@graph":[{"@type":"WebPage","@id":"https:\/\/euler.euclid.int\/a-propos-de-luniversite-de-franeker\/","url":"https:\/\/euler.euclid.int\/a-propos-de-luniversite-de-franeker\/","name":"\u00c0 propos de l'Universit\u00e9 de Franeker - EFMU: The Euler-Franeker Memorial University and Institute","isPartOf":{"@id":"https:\/\/euler.euclid.int\/#website"},"primaryImageOfPage":{"@id":"https:\/\/euler.euclid.int\/a-propos-de-luniversite-de-franeker\/#primaryimage"},"image":{"@id":"https:\/\/euler.euclid.int\/a-propos-de-luniversite-de-franeker\/#primaryimage"},"thumbnailUrl":"https:\/\/euler.euclid.int\/wp-content\/uploads\/2020\/01\/franeker1.jpg","datePublished":"2023-01-06T04:12:19+00:00","breadcrumb":{"@id":"https:\/\/euler.euclid.int\/a-propos-de-luniversite-de-franeker\/#breadcrumb"},"inLanguage":"fr-FR","potentialAction":[{"@type":"ReadAction","target":["https:\/\/euler.euclid.int\/a-propos-de-luniversite-de-franeker\/"]}]},{"@type":"ImageObject","inLanguage":"fr-FR","@id":"https:\/\/euler.euclid.int\/a-propos-de-luniversite-de-franeker\/#primaryimage","url":"https:\/\/euler.euclid.int\/wp-content\/uploads\/2020\/01\/franeker1.jpg","contentUrl":"https:\/\/euler.euclid.int\/wp-content\/uploads\/2020\/01\/franeker1.jpg"},{"@type":"BreadcrumbList","@id":"https:\/\/euler.euclid.int\/a-propos-de-luniversite-de-franeker\/#breadcrumb","itemListElement":[{"@type":"ListItem","position":1,"name":"Home","item":"https:\/\/euler.euclid.int\/"},{"@type":"ListItem","position":2,"name":"\u00c0 propos de l&#8217;Universit\u00e9 de Franeker"}]},{"@type":"WebSite","@id":"https:\/\/euler.euclid.int\/#website","url":"https:\/\/euler.euclid.int\/","name":"EFMU: The Euler-Franeker Memorial University and Institute","description":"Academic and Research Excellence inspired by the Legacy of L. Euler and the University of Franeker","potentialAction":[{"@type":"SearchAction","target":{"@type":"EntryPoint","urlTemplate":"https:\/\/euler.euclid.int\/?s={search_term_string}"},"query-input":{"@type":"PropertyValueSpecification","valueRequired":true,"valueName":"search_term_string"}}],"inLanguage":"fr-FR"}]}},"_links":{"self":[{"href":"https:\/\/euler.euclid.int\/fr\/wp-json\/wp\/v2\/pages\/59746","targetHints":{"allow":["GET"]}}],"collection":[{"href":"https:\/\/euler.euclid.int\/fr\/wp-json\/wp\/v2\/pages"}],"about":[{"href":"https:\/\/euler.euclid.int\/fr\/wp-json\/wp\/v2\/types\/page"}],"author":[{"embeddable":true,"href":"https:\/\/euler.euclid.int\/fr\/wp-json\/wp\/v2\/users\/1"}],"replies":[{"embeddable":true,"href":"https:\/\/euler.euclid.int\/fr\/wp-json\/wp\/v2\/comments?post=59746"}],"version-history":[{"count":0,"href":"https:\/\/euler.euclid.int\/fr\/wp-json\/wp\/v2\/pages\/59746\/revisions"}],"wp:attachment":[{"href":"https:\/\/euler.euclid.int\/fr\/wp-json\/wp\/v2\/media?parent=59746"}],"curies":[{"name":"wp","href":"https:\/\/api.w.org\/{rel}","templated":true}]}}