{"id":59836,"date":"2023-01-06T04:33:25","date_gmt":"2023-01-06T04:33:25","guid":{"rendered":"https:\/\/euler.euclid.int\/la-correspondance-deuler-avec-bernoulli\/"},"modified":"2023-01-06T04:33:25","modified_gmt":"2023-01-06T04:33:25","slug":"la-correspondance-deuler-avec-bernoulli","status":"publish","type":"page","link":"https:\/\/euler.euclid.int\/fr\/la-correspondance-deuler-avec-bernoulli\/","title":{"rendered":"La Correspondance d&#8217;Euler avec Bernoulli"},"content":{"rendered":"<p>Leonhard Euler (1667-1748) \u00e9tait un math\u00e9maticien suisse.<\/p>\n<p>Avec son fr\u00e8re Jacob (avec lequel il entretenait une f\u00e9roce rivalit\u00e9 c\u00e9l\u00e8bre encore aujourd&#8217;hui), Johann Bernoulli a fond\u00e9 la dynastie Bernoulli, une famille impressionnante de math\u00e9maticiens et de scientifiques qui allaient accomplir des travaux importants \u00e0 travers l&#8217;Europe pendant des g\u00e9n\u00e9rations.<\/p>\n<p>C&#8217;est Johann Bernoulli qui fut le pr\u00e9cepteur d&#8217;Euler en math\u00e9matiques lorsqu&#8217;il \u00e9tait jeune, et qui engagea Euler sur la voie de la grandeur scientifique.<\/p>\n<p><b>Informations de publication :<\/b><\/p>\n<ul>\n<li>P.H. Fuss a publi\u00e9 14 lettres de J. Bernoulli \u00e0 Euler dans sa <i>Correspondance math\u00e9matique et physique de quelques c\u00e9l\u00e8bres g\u00e9om\u00e8tres du XVIII\u00e8me si\u00e8cle<\/i>.<\/li>\n<\/ul>\n<p>Les 14 lettres de Johann Bernoulli \u00e0 Euler de la Correspondance de Fuss sont disponibles ici. Les Archives Euler les s\u00e9pareront bient\u00f4t en lettres individuelles, mais en attendant, elles sont pr\u00e9sent\u00e9es ici : <\/p>\n<ul>\n<li><a href=\"http:\/\/eulerarchive.maa.org\/correspondence\/fuss\/johannbernoulli.pdf\">Lettres de Bernoulli \u00e0 Euler<\/a><\/li>\n<\/ul>\n<p><b>Liste de toute la correspondance connue<\/b> (38 lettres au total) :<\/p>\n<table>\n<tbody>\n<tr>\n<td width=\"90\">OO190<\/td>\n<p><cx id=\"gid_1\"><\/cx><\/p>\n<td width=\"150\">Euler \u00e0 Bernoulli<\/td>\n<p><cx id=\"gid_3\"><\/cx><\/p>\n<td align=\"right\">05 novembre 1727<\/td>\n<\/tr>\n<tr>\n<td width=\"90\">OO191<\/td>\n<p><cx id=\"gid_1\"><\/cx><\/p>\n<td width=\"150\">Bernoulli \u00e0 Euler<\/td>\n<p><cx id=\"gid_3\"><\/cx><\/p>\n<td align=\"right\">09 janvier 1728<\/td>\n<p><cx id=\"gid_5\"><\/cx><\/p>\n<td align=\"center\" width=\"150\"><a href=\"http:\/\/eulerarchive.maa.org\/correspondence\/letters\/OO0191.pdf\">Copie de OO191<\/a><\/td>\n<\/tr>\n<tr>\n<td width=\"90\">OO192<\/td>\n<p><cx id=\"gid_1\"><\/cx><\/p>\n<td width=\"150\">Euler \u00e0 Bernoulli<\/td>\n<p><cx id=\"gid_3\"><\/cx><\/p>\n<td align=\"right\">10 d\u00e9cembre 1728<\/td>\n<\/tr>\n<tr>\n<td width=\"90\">OO193<\/td>\n<p><cx id=\"gid_1\"><\/cx><\/p>\n<td width=\"150\">Euler \u00e0 Bernoulli<\/td>\n<p><cx id=\"gid_3\"><\/cx><\/p>\n<td align=\"right\">18 f\u00e9vrier 1729<\/td>\n<\/tr>\n<tr>\n<td width=\"90\">OO194<\/td>\n<p><cx id=\"gid_1\"><\/cx><\/p>\n<td width=\"150\">Bernoulli \u00e0 Euler<\/td>\n<p><cx id=\"gid_3\"><\/cx><\/p>\n<td align=\"right\">18 avril 1729<\/td>\n<\/tr>\n<tr>\n<td width=\"90\">OO195<\/td>\n<p><cx id=\"gid_1\"><\/cx><\/p>\n<td width=\"150\">Euler \u00e0 Bernoulli<\/td>\n<p><cx id=\"gid_3\"><\/cx><\/p>\n<td align=\"right\">16 mai 1729<\/td>\n<\/tr>\n<tr>\n<td width=\"90\">OO196<\/td>\n<p><cx id=\"gid_1\"><\/cx><\/p>\n<td width=\"150\">Euler \u00e0 Bernoulli<\/td>\n<p><cx id=\"gid_3\"><\/cx><\/p>\n<td align=\"right\">21 octobre 1729<\/td>\n<\/tr>\n<tr>\n<td width=\"90\">OO197<\/td>\n<p><cx id=\"gid_1\"><\/cx><\/p>\n<td width=\"150\">Bernoulli \u00e0 Euler<\/td>\n<p><cx id=\"gid_3\"><\/cx><\/p>\n<td align=\"right\">17 d\u00e9cembre 1729<\/td>\n<\/tr>\n<tr>\n<td width=\"90\">OO198<\/td>\n<p><cx id=\"gid_1\"><\/cx><\/p>\n<td width=\"150\">Euler \u00e0 Bernoulli<\/td>\n<p><cx id=\"gid_3\"><\/cx><\/p>\n<td align=\"right\">22 juillet 1730<\/td>\n<\/tr>\n<tr>\n<td width=\"90\">OO199<\/td>\n<p><cx id=\"gid_1\"><\/cx><\/p>\n<td width=\"150\">Euler \u00e0 Bernoulli<\/td>\n<p><cx id=\"gid_3\"><\/cx><\/p>\n<td align=\"right\">25 mai 1731<\/td>\n<\/tr>\n<tr>\n<td width=\"90\">OO200<\/td>\n<p><cx id=\"gid_1\"><\/cx><\/p>\n<td width=\"150\">Bernoulli \u00e0 Euler<\/td>\n<p><cx id=\"gid_3\"><\/cx><\/p>\n<td align=\"right\">11 ao\u00fbt 1731<\/td>\n<p><cx id=\"gid_5\"><\/cx><\/p>\n<td align=\"center\" width=\"150\"><a href=\"http:\/\/eulerarchive.maa.org\/correspondence\/letters\/OO0200.pdf\">Copie de OO200<\/a><\/td>\n<\/tr>\n<tr>\n<td width=\"90\">OO201<\/td>\n<p><cx id=\"gid_1\"><\/cx><\/p>\n<td width=\"150\">Bernoulli \u00e0 Euler<\/td>\n<p><cx id=\"gid_3\"><\/cx><\/p>\n<td align=\"right\">02 avril 1737<\/td>\n<p><cx id=\"gid_5\"><\/cx><\/p>\n<td align=\"center\" width=\"150\"><a href=\"http:\/\/eulerarchive.maa.org\/correspondence\/letters\/OO0201.pdf\">Copie de OO201<\/a><\/td>\n<\/tr>\n<tr>\n<td width=\"90\">OO202<\/td>\n<p><cx id=\"gid_1\"><\/cx><\/p>\n<td width=\"150\">Euler \u00e0 Bernoulli<\/td>\n<p><cx id=\"gid_3\"><\/cx><\/p>\n<td align=\"right\">27 ao\u00fbt 1737<\/td>\n<\/tr>\n<tr>\n<td width=\"90\">OO203<\/td>\n<p><cx id=\"gid_1\"><\/cx><\/p>\n<td width=\"150\">Bernoulli \u00e0 Euler<\/td>\n<p><cx id=\"gid_3\"><\/cx><\/p>\n<td align=\"right\">06 novembre 1737<\/td>\n<\/tr>\n<tr>\n<td width=\"90\">OO204<\/td>\n<p><cx id=\"gid_1\"><\/cx><\/p>\n<td width=\"150\">Euler \u00e0 Bernoulli<\/td>\n<p><cx id=\"gid_3\"><\/cx><\/p>\n<td align=\"right\">10 d\u00e9cembre 1737<\/td>\n<\/tr>\n<tr>\n<td width=\"90\">OO205<\/td>\n<p><cx id=\"gid_1\"><\/cx><\/p>\n<td width=\"150\">Bernoulli \u00e0 Euler<\/td>\n<p><cx id=\"gid_3\"><\/cx><\/p>\n<td align=\"right\">26 mars 1738<\/td>\n<\/tr>\n<tr>\n<td width=\"90\">OO206<\/td>\n<p><cx id=\"gid_1\"><\/cx><\/p>\n<td width=\"150\">Euler \u00e0 Bernoulli<\/td>\n<p><cx id=\"gid_3\"><\/cx><\/p>\n<td align=\"right\">26 avril 1738<\/td>\n<\/tr>\n<tr>\n<td width=\"90\">OO207<\/td>\n<p><cx id=\"gid_1\"><\/cx><\/p>\n<td width=\"150\">Bernoulli \u00e0 Euler<\/td>\n<p><cx id=\"gid_3\"><\/cx><\/p>\n<td align=\"right\">12 juillet 1738<\/td>\n<\/tr>\n<tr>\n<td width=\"90\">OO208<\/td>\n<p><cx id=\"gid_1\"><\/cx><\/p>\n<td width=\"150\">Euler \u00e0 Bernoulli<\/td>\n<p><cx id=\"gid_3\"><\/cx><\/p>\n<td align=\"right\">30 juillet 1738<\/td>\n<\/tr>\n<tr>\n<td width=\"90\">OO209<\/td>\n<p><cx id=\"gid_1\"><\/cx><\/p>\n<td width=\"150\">Bernoulli \u00e0 Euler<\/td>\n<p><cx id=\"gid_3\"><\/cx><\/p>\n<td align=\"right\">11 octobre 1738<\/td>\n<\/tr>\n<tr>\n<td width=\"90\">OO210<\/td>\n<p><cx id=\"gid_1\"><\/cx><\/p>\n<td width=\"150\">Euler \u00e0 Bernoulli<\/td>\n<p><cx id=\"gid_3\"><\/cx><\/p>\n<td align=\"right\">20 d\u00e9cembre 1738<\/td>\n<\/tr>\n<tr>\n<td width=\"90\">OO211<\/td>\n<p><cx id=\"gid_1\"><\/cx><\/p>\n<td width=\"150\">Bernoulli \u00e0 Euler<\/td>\n<p><cx id=\"gid_3\"><\/cx><\/p>\n<td align=\"right\">07 mars 1739<\/td>\n<p><cx id=\"gid_5\"><\/cx><\/p>\n<td align=\"center\" width=\"150\"><a href=\"http:\/\/eulerarchive.maa.org\/correspondence\/letters\/OO0211.pdf\">Copie de OO211<\/a><\/td>\n<\/tr>\n<tr>\n<td width=\"90\">OO212<\/td>\n<p><cx id=\"gid_1\"><\/cx><\/p>\n<td width=\"150\">Euler \u00e0 Bernoulli<\/td>\n<p><cx id=\"gid_3\"><\/cx><\/p>\n<td align=\"right\">05 mai 1739<\/td>\n<\/tr>\n<tr>\n<td width=\"90\">OO213<\/td>\n<p><cx id=\"gid_1\"><\/cx><\/p>\n<td width=\"150\">Euler \u00e0 Bernoulli<\/td>\n<p><cx id=\"gid_3\"><\/cx><\/p>\n<td align=\"right\">15 septembre 1739<\/td>\n<\/tr>\n<tr>\n<td width=\"90\">OO214<\/td>\n<p><cx id=\"gid_1\"><\/cx><\/p>\n<td width=\"150\">Bernoulli \u00e0 Euler<\/td>\n<p><cx id=\"gid_3\"><\/cx><\/p>\n<td align=\"right\">09 d\u00e9cembre 1739<\/td>\n<p><cx id=\"gid_5\"><\/cx><\/p>\n<td align=\"center\" width=\"150\"><a href=\"http:\/\/eulerarchive.maa.org\/correspondence\/letters\/OO0214.pdf\">Copie de OO214<\/a><\/td>\n<\/tr>\n<tr>\n<td width=\"90\">OO215<\/td>\n<p><cx id=\"gid_1\"><\/cx><\/p>\n<td width=\"150\">Euler \u00e0 Bernoulli<\/td>\n<p><cx id=\"gid_3\"><\/cx><\/p>\n<td align=\"right\">19 janvier 1740<\/td>\n<\/tr>\n<tr>\n<td width=\"90\">OO216<\/td>\n<p><cx id=\"gid_1\"><\/cx><\/p>\n<td width=\"150\">Bernoulli \u00e0 Euler<\/td>\n<p><cx id=\"gid_3\"><\/cx><\/p>\n<td align=\"right\">16 avril 1740<\/td>\n<p><cx id=\"gid_5\"><\/cx><\/p>\n<td align=\"center\" width=\"150\"><a href=\"http:\/\/eulerarchive.maa.org\/correspondence\/letters\/OO0216.pdf\">Copie de OO216<\/a><\/td>\n<\/tr>\n<tr>\n<td width=\"90\">OO217<\/td>\n<p><cx id=\"gid_1\"><\/cx><\/p>\n<td width=\"150\">Euler \u00e0 Bernoulli<\/td>\n<p><cx id=\"gid_3\"><\/cx><\/p>\n<td align=\"right\">20 juin 1740<\/td>\n<\/tr>\n<tr>\n<td width=\"90\">OO218<\/td>\n<p><cx id=\"gid_1\"><\/cx><\/p>\n<td width=\"150\">Bernoulli \u00e0 Euler<\/td>\n<p><cx id=\"gid_3\"><\/cx><\/p>\n<td align=\"right\">31 ao\u00fbt 1740<\/td>\n<p><cx id=\"gid_5\"><\/cx><\/p>\n<td align=\"center\" width=\"150\"><a href=\"http:\/\/eulerarchive.maa.org\/correspondence\/letters\/OO0218.pdf\">Copie de OO218<\/a><\/td>\n<\/tr>\n<tr>\n<td width=\"90\">OO219<\/td>\n<td width=\"150\">Euler \u00e0 Bernoulli<\/td>\n<td align=\"right\">18 octobre 1740<\/td>\n<\/tr>\n<tr>\n<td width=\"90\">OO220<\/td>\n<td width=\"150\">Bernoulli \u00e0 Euler<\/td>\n<td align=\"right\">18 f\u00e9vrier 1741<\/td>\n<\/tr>\n<tr>\n<td width=\"90\">OO221<\/td>\n<td width=\"150\">Bernoulli \u00e0 Euler<\/td>\n<td align=\"right\">28 octobre 1741<\/td>\n<td align=\"center\" width=\"150\"><a href=\"http:\/\/eulerarchive.maa.org\/correspondence\/letters\/OO0221.pdf\">Copie de OO221<\/a><\/td>\n<\/tr>\n<tr>\n<td width=\"90\">OO222<\/td>\n<td width=\"150\">Bernoulli \u00e0 Euler<\/td>\n<td align=\"right\">15 mars 1742<\/td>\n<td align=\"center\" width=\"150\"><a href=\"http:\/\/eulerarchive.maa.org\/correspondence\/letters\/OO0222.pdf\">Copie de OO222<\/a><\/td>\n<\/tr>\n<tr>\n<td width=\"90\">OO223<\/td>\n<td width=\"150\">Bernoulli \u00e0 Euler<\/td>\n<td align=\"right\">27 ao\u00fbt 1742<\/td>\n<td align=\"center\" width=\"150\"><a href=\"http:\/\/eulerarchive.maa.org\/correspondence\/letters\/OO0223.pdf\">Copie de OO223<\/a><\/td>\n<\/tr>\n<tr>\n<td width=\"90\">OO224<\/td>\n<td width=\"150\">Bernoulli \u00e0 Euler<\/td>\n<td align=\"right\">31 mars 1743<\/td>\n<td align=\"center\" width=\"150\"><a href=\"http:\/\/eulerarchive.maa.org\/correspondence\/letters\/OO0224.pdf\">Copie de OO224<\/a><\/td>\n<\/tr>\n<tr>\n<td width=\"90\">OO225<\/td>\n<td width=\"150\">Bernoulli \u00e0 Euler<\/td>\n<td align=\"right\">Avril 1744<\/td>\n<\/tr>\n<tr>\n<td width=\"90\">OO226<\/td>\n<td width=\"150\">Bernoulli \u00e0 Euler<\/td>\n<td align=\"right\">23 septembre 1745<\/td>\n<td align=\"center\" width=\"150\"><a href=\"http:\/\/eulerarchive.maa.org\/correspondence\/letters\/OO0226.pdf\">Copie de OO226<\/a><\/td>\n<\/tr>\n<tr>\n<td width=\"90\">Classification inconnue<\/td>\n<td width=\"150\">Bernoulli \u00e0 Euler<\/td>\n<td align=\"right\">24 mai 1746<\/td>\n<td align=\"center\" width=\"150\"><a href=\"http:\/\/eulerarchive.maa.org\/correspondence\/letters\/JBunknown1.pdf\">Copie de la lettre<\/a><\/td>\n<\/tr>\n<tr>\n<td width=\"90\">Classification inconnue<\/td>\n<td width=\"150\">Bernoulli \u00e0 Euler<\/td>\n<td align=\"right\">1er septembre 1741<\/td>\n<td align=\"center\" width=\"150\"><a href=\"http:\/\/eulerarchive.maa.org\/correspondence\/letters\/JBunknown2.pdf\">Copie de la lettre<\/a><\/td>\n<\/tr>\n<\/tbody>\n<\/table>\n<p>&nbsp;<\/p>\n","protected":false},"excerpt":{"rendered":"<p>Leonhard Euler (1667-1748) \u00e9tait un math\u00e9maticien suisse. Avec son fr\u00e8re Jacob (avec lequel il entretenait une f\u00e9roce rivalit\u00e9 c\u00e9l\u00e8bre encore aujourd&#8217;hui), Johann Bernoulli a fond\u00e9 la dynastie Bernoulli, une famille impressionnante de math\u00e9maticiens et de scientifiques qui allaient accomplir des travaux importants \u00e0 travers l&#8217;Europe pendant des g\u00e9n\u00e9rations. C&#8217;est Johann Bernoulli qui fut le pr\u00e9cepteur [&hellip;]<\/p>\n","protected":false},"author":1,"featured_media":0,"parent":0,"menu_order":0,"comment_status":"closed","ping_status":"closed","template":"","meta":{"footnotes":""},"class_list":["post-59836","page","type-page","status-publish","hentry"],"yoast_head":"<!-- This site is optimized with the Yoast SEO plugin v27.4 - https:\/\/yoast.com\/product\/yoast-seo-wordpress\/ -->\n<title>La Correspondance d&#039;Euler avec Bernoulli - EFMU: The Euler-Franeker Memorial University and Institute<\/title>\n<meta name=\"robots\" content=\"index, follow, max-snippet:-1, max-image-preview:large, max-video-preview:-1\" \/>\n<link rel=\"canonical\" href=\"https:\/\/euler.euclid.int\/la-correspondance-deuler-avec-bernoulli\/\" \/>\n<meta property=\"og:locale\" content=\"fr_FR\" \/>\n<meta property=\"og:type\" content=\"article\" \/>\n<meta property=\"og:title\" content=\"La Correspondance d&#039;Euler avec Bernoulli - EFMU: The Euler-Franeker Memorial University and Institute\" \/>\n<meta property=\"og:description\" content=\"Leonhard Euler (1667-1748) \u00e9tait un math\u00e9maticien suisse. Avec son fr\u00e8re Jacob (avec lequel il entretenait une f\u00e9roce rivalit\u00e9 c\u00e9l\u00e8bre encore aujourd&#8217;hui), Johann Bernoulli a fond\u00e9 la dynastie Bernoulli, une famille impressionnante de math\u00e9maticiens et de scientifiques qui allaient accomplir des travaux importants \u00e0 travers l&#8217;Europe pendant des g\u00e9n\u00e9rations. C&#8217;est Johann Bernoulli qui fut le pr\u00e9cepteur [&hellip;]\" \/>\n<meta property=\"og:url\" content=\"https:\/\/euler.euclid.int\/la-correspondance-deuler-avec-bernoulli\/\" \/>\n<meta property=\"og:site_name\" content=\"EFMU: The Euler-Franeker Memorial University and Institute\" \/>\n<meta name=\"twitter:card\" content=\"summary_large_image\" \/>\n<meta name=\"twitter:label1\" content=\"Dur\u00e9e de lecture estim\u00e9e\" \/>\n\t<meta name=\"twitter:data1\" content=\"2 minutes\" \/>\n<script type=\"application\/ld+json\" class=\"yoast-schema-graph\">{\"@context\":\"https:\\\/\\\/schema.org\",\"@graph\":[{\"@type\":\"WebPage\",\"@id\":\"https:\\\/\\\/euler.euclid.int\\\/la-correspondance-deuler-avec-bernoulli\\\/\",\"url\":\"https:\\\/\\\/euler.euclid.int\\\/la-correspondance-deuler-avec-bernoulli\\\/\",\"name\":\"La Correspondance d'Euler avec Bernoulli - EFMU: The Euler-Franeker Memorial University and Institute\",\"isPartOf\":{\"@id\":\"https:\\\/\\\/euler.euclid.int\\\/#website\"},\"datePublished\":\"2023-01-06T04:33:25+00:00\",\"breadcrumb\":{\"@id\":\"https:\\\/\\\/euler.euclid.int\\\/la-correspondance-deuler-avec-bernoulli\\\/#breadcrumb\"},\"inLanguage\":\"fr-FR\",\"potentialAction\":[{\"@type\":\"ReadAction\",\"target\":[\"https:\\\/\\\/euler.euclid.int\\\/la-correspondance-deuler-avec-bernoulli\\\/\"]}]},{\"@type\":\"BreadcrumbList\",\"@id\":\"https:\\\/\\\/euler.euclid.int\\\/la-correspondance-deuler-avec-bernoulli\\\/#breadcrumb\",\"itemListElement\":[{\"@type\":\"ListItem\",\"position\":1,\"name\":\"Home\",\"item\":\"https:\\\/\\\/euler.euclid.int\\\/\"},{\"@type\":\"ListItem\",\"position\":2,\"name\":\"La Correspondance d&#8217;Euler avec Bernoulli\"}]},{\"@type\":\"WebSite\",\"@id\":\"https:\\\/\\\/euler.euclid.int\\\/#website\",\"url\":\"https:\\\/\\\/euler.euclid.int\\\/\",\"name\":\"EFMU: The Euler-Franeker Memorial University and Institute\",\"description\":\"Academic and Research Excellence inspired by the Legacy of L. Euler and the University of Franeker\",\"potentialAction\":[{\"@type\":\"SearchAction\",\"target\":{\"@type\":\"EntryPoint\",\"urlTemplate\":\"https:\\\/\\\/euler.euclid.int\\\/?s={search_term_string}\"},\"query-input\":{\"@type\":\"PropertyValueSpecification\",\"valueRequired\":true,\"valueName\":\"search_term_string\"}}],\"inLanguage\":\"fr-FR\"}]}<\/script>\n<!-- \/ Yoast SEO plugin. -->","yoast_head_json":{"title":"La Correspondance d'Euler avec Bernoulli - EFMU: The Euler-Franeker Memorial University and Institute","robots":{"index":"index","follow":"follow","max-snippet":"max-snippet:-1","max-image-preview":"max-image-preview:large","max-video-preview":"max-video-preview:-1"},"canonical":"https:\/\/euler.euclid.int\/la-correspondance-deuler-avec-bernoulli\/","og_locale":"fr_FR","og_type":"article","og_title":"La Correspondance d'Euler avec Bernoulli - EFMU: The Euler-Franeker Memorial University and Institute","og_description":"Leonhard Euler (1667-1748) \u00e9tait un math\u00e9maticien suisse. Avec son fr\u00e8re Jacob (avec lequel il entretenait une f\u00e9roce rivalit\u00e9 c\u00e9l\u00e8bre encore aujourd&#8217;hui), Johann Bernoulli a fond\u00e9 la dynastie Bernoulli, une famille impressionnante de math\u00e9maticiens et de scientifiques qui allaient accomplir des travaux importants \u00e0 travers l&#8217;Europe pendant des g\u00e9n\u00e9rations. C&#8217;est Johann Bernoulli qui fut le pr\u00e9cepteur [&hellip;]","og_url":"https:\/\/euler.euclid.int\/la-correspondance-deuler-avec-bernoulli\/","og_site_name":"EFMU: The Euler-Franeker Memorial University and Institute","twitter_card":"summary_large_image","twitter_misc":{"Dur\u00e9e de lecture estim\u00e9e":"2 minutes"},"schema":{"@context":"https:\/\/schema.org","@graph":[{"@type":"WebPage","@id":"https:\/\/euler.euclid.int\/la-correspondance-deuler-avec-bernoulli\/","url":"https:\/\/euler.euclid.int\/la-correspondance-deuler-avec-bernoulli\/","name":"La Correspondance d'Euler avec Bernoulli - EFMU: The Euler-Franeker Memorial University and Institute","isPartOf":{"@id":"https:\/\/euler.euclid.int\/#website"},"datePublished":"2023-01-06T04:33:25+00:00","breadcrumb":{"@id":"https:\/\/euler.euclid.int\/la-correspondance-deuler-avec-bernoulli\/#breadcrumb"},"inLanguage":"fr-FR","potentialAction":[{"@type":"ReadAction","target":["https:\/\/euler.euclid.int\/la-correspondance-deuler-avec-bernoulli\/"]}]},{"@type":"BreadcrumbList","@id":"https:\/\/euler.euclid.int\/la-correspondance-deuler-avec-bernoulli\/#breadcrumb","itemListElement":[{"@type":"ListItem","position":1,"name":"Home","item":"https:\/\/euler.euclid.int\/"},{"@type":"ListItem","position":2,"name":"La Correspondance d&#8217;Euler avec Bernoulli"}]},{"@type":"WebSite","@id":"https:\/\/euler.euclid.int\/#website","url":"https:\/\/euler.euclid.int\/","name":"EFMU: The Euler-Franeker Memorial University and Institute","description":"Academic and Research Excellence inspired by the Legacy of L. Euler and the University of Franeker","potentialAction":[{"@type":"SearchAction","target":{"@type":"EntryPoint","urlTemplate":"https:\/\/euler.euclid.int\/?s={search_term_string}"},"query-input":{"@type":"PropertyValueSpecification","valueRequired":true,"valueName":"search_term_string"}}],"inLanguage":"fr-FR"}]}},"_links":{"self":[{"href":"https:\/\/euler.euclid.int\/fr\/wp-json\/wp\/v2\/pages\/59836","targetHints":{"allow":["GET"]}}],"collection":[{"href":"https:\/\/euler.euclid.int\/fr\/wp-json\/wp\/v2\/pages"}],"about":[{"href":"https:\/\/euler.euclid.int\/fr\/wp-json\/wp\/v2\/types\/page"}],"author":[{"embeddable":true,"href":"https:\/\/euler.euclid.int\/fr\/wp-json\/wp\/v2\/users\/1"}],"replies":[{"embeddable":true,"href":"https:\/\/euler.euclid.int\/fr\/wp-json\/wp\/v2\/comments?post=59836"}],"version-history":[{"count":0,"href":"https:\/\/euler.euclid.int\/fr\/wp-json\/wp\/v2\/pages\/59836\/revisions"}],"wp:attachment":[{"href":"https:\/\/euler.euclid.int\/fr\/wp-json\/wp\/v2\/media?parent=59836"}],"curies":[{"name":"wp","href":"https:\/\/api.w.org\/{rel}","templated":true}]}}