{"id":60295,"date":"2020-01-15T02:08:46","date_gmt":"2020-01-15T02:08:46","guid":{"rendered":"https:\/\/euler.euclid.int\/accreditation\/"},"modified":"2025-07-16T18:49:31","modified_gmt":"2025-07-16T18:49:31","slug":"accreditation","status":"publish","type":"page","link":"https:\/\/euler.euclid.int\/fr\/accreditation\/","title":{"rendered":"Accr\u00e9ditation"},"content":{"rendered":"\t\t<div data-elementor-type=\"wp-page\" data-elementor-id=\"60295\" class=\"elementor elementor-60295 elementor-6413\" data-elementor-post-type=\"page\">\n\t\t\t\t\t\t<section data-particle_enable=\"false\" data-particle-mobile-disabled=\"false\" class=\"elementor-section elementor-top-section elementor-element elementor-element-5b8bace elementor-section-boxed elementor-section-height-default elementor-section-height-default\" data-id=\"5b8bace\" data-element_type=\"section\" data-e-type=\"section\">\n\t\t\t\t\t\t<div class=\"elementor-container elementor-column-gap-default\">\n\t\t\t\t\t<div class=\"elementor-column elementor-col-100 elementor-top-column elementor-element elementor-element-5f00bd7\" data-id=\"5f00bd7\" data-element_type=\"column\" data-e-type=\"column\">\n\t\t\t<div class=\"elementor-widget-wrap elementor-element-populated\">\n\t\t\t\t\t\t<div class=\"elementor-element elementor-element-9f80429 elementor-widget elementor-widget-text-editor\" data-id=\"9f80429\" data-element_type=\"widget\" data-e-type=\"widget\" data-widget_type=\"text-editor.default\">\n\t\t\t\t<div class=\"elementor-widget-container\">\n\t\t\t\t\t\t\t\t\t<p>Tous les programmes de dipl\u00f4mes offerts par EULER permettent aux \u00e9tudiants de recevoir, \u00e0 l&#8217;ach\u00e8vement du programme, un dipl\u00f4me d\u00fbment reconnu et accr\u00e9dit\u00e9, avec la possibilit\u00e9 d&#8217;une double diplomation conf\u00e9r\u00e9e par EUCLID (Universit\u00e9 Euclide), une institution intergouvernementale sous le Recueil des Trait\u00e9s des Nations Unies.<\/p>\t\t\t\t\t\t\t\t<\/div>\n\t\t\t\t<\/div>\n\t\t\t\t<div class=\"elementor-element elementor-element-b6e9ab9 elementor-widget-divider--view-line elementor-widget elementor-widget-divider\" data-id=\"b6e9ab9\" data-element_type=\"widget\" data-e-type=\"widget\" data-widget_type=\"divider.default\">\n\t\t\t\t<div class=\"elementor-widget-container\">\n\t\t\t\t\t\t\t<div class=\"elementor-divider\">\n\t\t\t<span class=\"elementor-divider-separator\">\n\t\t\t\t\t\t<\/span>\n\t\t<\/div>\n\t\t\t\t\t\t<\/div>\n\t\t\t\t<\/div>\n\t\t\t\t<section data-particle_enable=\"false\" data-particle-mobile-disabled=\"false\" class=\"elementor-section elementor-inner-section elementor-element elementor-element-2979d05 elementor-section-boxed elementor-section-height-default elementor-section-height-default\" data-id=\"2979d05\" data-element_type=\"section\" data-e-type=\"section\">\n\t\t\t\t\t\t<div class=\"elementor-container elementor-column-gap-default\">\n\t\t\t\t\t<div class=\"elementor-column elementor-col-50 elementor-inner-column elementor-element elementor-element-858611e\" data-id=\"858611e\" data-element_type=\"column\" data-e-type=\"column\">\n\t\t\t<div class=\"elementor-widget-wrap elementor-element-populated\">\n\t\t\t\t\t\t<div class=\"elementor-element elementor-element-1909d19 elementor-widget elementor-widget-text-editor\" data-id=\"1909d19\" data-element_type=\"widget\" data-e-type=\"widget\" data-widget_type=\"text-editor.default\">\n\t\t\t\t<div class=\"elementor-widget-container\">\n\t\t\t\t\t\t\t\t\t<p>EULER (Universit\u00e9 Comm\u00e9morative Euler-Franeker) est pleinement autoris\u00e9e (agr\u00e9\u00e9e) et accr\u00e9dit\u00e9e \u00e0 conf\u00e9rer des dipl\u00f4mes en son propre nom sous les lois du <a href=\"https:\/\/www.government.nl\/topics\/caribbean-parts-of-the-kingdom\/question-and-answer\/what-are-the-different-parts-of-the-kingdom-of-the-netherlands\">Royaume des Pays-Bas<\/a>. En plus de son agr\u00e9ment universitaire, EULER d\u00e9tient une accr\u00e9ditation institutionnelle de l&#8217;<a href=\"https:\/\/www.aac.cw\/\">agence AAC<\/a> (\u00e9tant l&#8217;agence nationalement reconnue). <\/p>\n<p>Les \u00e9tudiants d&#8217;EULER sont \u00e9galement &#8211; et c&#8217;est une opportunit\u00e9 rare &#8211; \u00e9ligibles \u00e0 recevoir deux dipl\u00f4mes : un d&#8217;EULER (Universit\u00e9 Comm\u00e9morative Euler-Franeker) et un autre d&#8217;<a href=\"https:\/\/www.euclid.int\/\">EUCLID (Universit\u00e9 Euclide)<\/a> (intergouvernementale).<\/p>\n<p>Actuellement, cette option de double dipl\u00f4me s&#8217;applique aux dipl\u00f4mes de master et de doctorat, et non aux dipl\u00f4mes de licence.&nbsp;<\/p><p>Gr\u00e2ce \u00e0 l&#8217;accord de partenariat actuellement en vigueur, les programmes EULER peuvent \u00e9galement conduire \u00e0 la d\u00e9livrance d&#8217;un double dipl\u00f4me d\u00e9livr\u00e9 par EUCLID (Euclid University \/ P\u00f4le Universitaire Euclide), une universit\u00e9 intergouvernementale pleinement reconnue et accr\u00e9dit\u00e9e (selon le <a href=\"https:\/\/treaties.un.org\/pages\/UNTSOnline.aspx?id=2&amp;clang=_en\">Recueil des Trait\u00e9s des Nations Unies<\/a>).<\/p>\n<p>Pour plus d&#8217;informations sur EUCLID, son statut l\u00e9gal et son accr\u00e9ditation, veuillez visiter : <a href=\"https:\/\/www.euclid.int\">https:\/\/www.euclid.int<\/a><\/p>\t\t\t\t\t\t\t\t<\/div>\n\t\t\t\t<\/div>\n\t\t\t\t<div class=\"elementor-element elementor-element-2cf7827 elementor-widget elementor-widget-image\" data-id=\"2cf7827\" data-element_type=\"widget\" data-e-type=\"widget\" data-widget_type=\"image.default\">\n\t\t\t\t<div class=\"elementor-widget-container\">\n\t\t\t\t\t\t\t\t\t\t\t\t\t\t\t\t<a href=\"https:\/\/www.aac.cw\/\" target=\"_blank\">\n\t\t\t\t\t\t\t<img decoding=\"async\" width=\"150\" height=\"150\" src=\"https:\/\/euler.euclid.int\/wp-content\/uploads\/2025\/07\/Accreditation-Agency-Curacao-150x150.png\" class=\"attachment-thumbnail size-thumbnail wp-image-60733\" alt=\"\" \/>\t\t\t\t\t\t\t\t<\/a>\n\t\t\t\t\t\t\t\t\t\t\t\t\t\t\t<\/div>\n\t\t\t\t<\/div>\n\t\t\t\t<div class=\"elementor-element elementor-element-359accb elementor-widget elementor-widget-button\" data-id=\"359accb\" data-element_type=\"widget\" data-e-type=\"widget\" data-widget_type=\"button.default\">\n\t\t\t\t<div class=\"elementor-widget-container\">\n\t\t\t\t\t\t\t\t\t<div class=\"elementor-button-wrapper\">\n\t\t\t\t\t<a class=\"elementor-button elementor-button-link elementor-size-sm\" href=\"https:\/\/m.euclid.int\/accreditation-and-recognition\/\" target=\"_blank\">\n\t\t\t\t\t\t<span class=\"elementor-button-content-wrapper\">\n\t\t\t\t\t\t\t\t\t<span class=\"elementor-button-text\">Accr\u00e9ditation EUCLID<\/span>\n\t\t\t\t\t<\/span>\n\t\t\t\t\t<\/a>\n\t\t\t\t<\/div>\n\t\t\t\t\t\t\t\t<\/div>\n\t\t\t\t<\/div>\n\t\t\t\t\t<\/div>\n\t\t<\/div>\n\t\t\t\t<div class=\"elementor-column elementor-col-50 elementor-inner-column elementor-element elementor-element-24efa91\" data-id=\"24efa91\" data-element_type=\"column\" data-e-type=\"column\">\n\t\t\t<div class=\"elementor-widget-wrap elementor-element-populated\">\n\t\t\t\t\t\t<div class=\"elementor-element elementor-element-a567de2 elementor-widget elementor-widget-image\" data-id=\"a567de2\" data-element_type=\"widget\" data-e-type=\"widget\" data-widget_type=\"image.default\">\n\t\t\t\t<div class=\"elementor-widget-container\">\n\t\t\t\t\t\t\t\t\t\t\t\t\t\t\t<img decoding=\"async\" src=\"https:\/\/euler.euclid.int\/wp-content\/uploads\/elementor\/thumbs\/2000px-Coat_of_arms_of_Cura\u00e7ao.svg1_-ojojyovbtbuxvns5gv9mx3ud4hmnqscd1j3c9hodo0.png\" title=\"2000px-Coat_of_arms_of_Cura\u00e7ao.svg[1]\" alt=\"2000px-Coat_of_arms_of_Cura\u00e7ao.svg[1]\" loading=\"lazy\" \/>\t\t\t\t\t\t\t\t\t\t\t\t\t\t\t<\/div>\n\t\t\t\t<\/div>\n\t\t\t\t<div class=\"elementor-element elementor-element-2d1093b elementor-widget elementor-widget-image\" data-id=\"2d1093b\" data-element_type=\"widget\" data-e-type=\"widget\" data-widget_type=\"image.default\">\n\t\t\t\t<div class=\"elementor-widget-container\">\n\t\t\t\t\t\t\t\t\t\t\t\t\t\t\t<img fetchpriority=\"high\" decoding=\"async\" width=\"975\" height=\"960\" src=\"https:\/\/euler.euclid.int\/wp-content\/uploads\/2023\/01\/SEAL-EUCLIDINT.png\" class=\"attachment-full size-full wp-image-58357\" alt=\"\" srcset=\"https:\/\/euler.euclid.int\/wp-content\/uploads\/2023\/01\/SEAL-EUCLIDINT.png 975w, https:\/\/euler.euclid.int\/wp-content\/uploads\/2023\/01\/SEAL-EUCLIDINT-300x295.png 300w, https:\/\/euler.euclid.int\/wp-content\/uploads\/2023\/01\/SEAL-EUCLIDINT-768x756.png 768w\" sizes=\"(max-width: 975px) 100vw, 975px\" \/>\t\t\t\t\t\t\t\t\t\t\t\t\t\t\t<\/div>\n\t\t\t\t<\/div>\n\t\t\t\t\t<\/div>\n\t\t<\/div>\n\t\t\t\t\t<\/div>\n\t\t<\/section>\n\t\t\t\t<div class=\"elementor-element elementor-element-22dc54f elementor-widget-divider--view-line elementor-widget elementor-widget-divider\" data-id=\"22dc54f\" data-element_type=\"widget\" data-e-type=\"widget\" data-widget_type=\"divider.default\">\n\t\t\t\t<div class=\"elementor-widget-container\">\n\t\t\t\t\t\t\t<div class=\"elementor-divider\">\n\t\t\t<span class=\"elementor-divider-separator\">\n\t\t\t\t\t\t<\/span>\n\t\t<\/div>\n\t\t\t\t\t\t<\/div>\n\t\t\t\t<\/div>\n\t\t\t\t<div class=\"elementor-element elementor-element-34ff42e elementor-widget elementor-widget-text-editor\" data-id=\"34ff42e\" data-element_type=\"widget\" data-e-type=\"widget\" data-widget_type=\"text-editor.default\">\n\t\t\t\t<div class=\"elementor-widget-container\">\n\t\t\t\t\t\t\t\t\t<p>Below: EULER degree (sample only. EULER degrees can also be issued in Dutch and English, and alternatively in landscape format).<\/p>\t\t\t\t\t\t\t\t<\/div>\n\t\t\t\t<\/div>\n\t\t\t\t<div class=\"elementor-element elementor-element-7b8c40d elementor-widget elementor-widget-image\" data-id=\"7b8c40d\" data-element_type=\"widget\" data-e-type=\"widget\" data-widget_type=\"image.default\">\n\t\t\t\t<div class=\"elementor-widget-container\">\n\t\t\t\t\t\t\t\t\t\t\t\t\t\t\t<img decoding=\"async\" width=\"721\" height=\"1024\" src=\"https:\/\/euler.euclid.int\/wp-content\/uploads\/2025\/07\/EULER-DEGREE-2025-721x1024.jpg\" class=\"attachment-large size-large wp-image-60994\" alt=\"\" srcset=\"https:\/\/euler.euclid.int\/wp-content\/uploads\/2025\/07\/EULER-DEGREE-2025-721x1024.jpg 721w, https:\/\/euler.euclid.int\/wp-content\/uploads\/2025\/07\/EULER-DEGREE-2025-211x300.jpg 211w, https:\/\/euler.euclid.int\/wp-content\/uploads\/2025\/07\/EULER-DEGREE-2025-768x1091.jpg 768w, https:\/\/euler.euclid.int\/wp-content\/uploads\/2025\/07\/EULER-DEGREE-2025-1081x1536.jpg 1081w, https:\/\/euler.euclid.int\/wp-content\/uploads\/2025\/07\/EULER-DEGREE-2025-1442x2048.jpg 1442w, https:\/\/euler.euclid.int\/wp-content\/uploads\/2025\/07\/EULER-DEGREE-2025.jpg 1820w\" sizes=\"(max-width: 721px) 100vw, 721px\" \/>\t\t\t\t\t\t\t\t\t\t\t\t\t\t\t<\/div>\n\t\t\t\t<\/div>\n\t\t\t\t<div class=\"elementor-element elementor-element-7466cc1 elementor-widget-divider--view-line elementor-widget elementor-widget-divider\" data-id=\"7466cc1\" data-element_type=\"widget\" data-e-type=\"widget\" data-widget_type=\"divider.default\">\n\t\t\t\t<div class=\"elementor-widget-container\">\n\t\t\t\t\t\t\t<div class=\"elementor-divider\">\n\t\t\t<span class=\"elementor-divider-separator\">\n\t\t\t\t\t\t<\/span>\n\t\t<\/div>\n\t\t\t\t\t\t<\/div>\n\t\t\t\t<\/div>\n\t\t\t\t<div class=\"elementor-element elementor-element-fbb93f0 elementor-widget elementor-widget-text-editor\" data-id=\"fbb93f0\" data-element_type=\"widget\" data-e-type=\"widget\" data-widget_type=\"text-editor.default\">\n\t\t\t\t<div class=\"elementor-widget-container\">\n\t\t\t\t\t\t\t\t\t<p>Below: EULER Institute degree (EUCLID as degree-granting institution)<\/p>\t\t\t\t\t\t\t\t<\/div>\n\t\t\t\t<\/div>\n\t\t\t\t<div class=\"elementor-element elementor-element-bdbf44c elementor-widget elementor-widget-image\" data-id=\"bdbf44c\" data-element_type=\"widget\" data-e-type=\"widget\" data-widget_type=\"image.default\">\n\t\t\t\t<div class=\"elementor-widget-container\">\n\t\t\t\t\t\t\t\t\t\t\t\t\t\t\t<img loading=\"lazy\" decoding=\"async\" width=\"800\" height=\"566\" src=\"https:\/\/euler.euclid.int\/wp-content\/uploads\/2023\/01\/Sample-EUCLID-EULER-Degree-2023-1024x724.jpg\" class=\"attachment-large size-large wp-image-58366\" alt=\"\" srcset=\"https:\/\/euler.euclid.int\/wp-content\/uploads\/2023\/01\/Sample-EUCLID-EULER-Degree-2023-1024x724.jpg 1024w, https:\/\/euler.euclid.int\/wp-content\/uploads\/2023\/01\/Sample-EUCLID-EULER-Degree-2023-300x212.jpg 300w, https:\/\/euler.euclid.int\/wp-content\/uploads\/2023\/01\/Sample-EUCLID-EULER-Degree-2023-768x543.jpg 768w, https:\/\/euler.euclid.int\/wp-content\/uploads\/2023\/01\/Sample-EUCLID-EULER-Degree-2023-1536x1086.jpg 1536w, https:\/\/euler.euclid.int\/wp-content\/uploads\/2023\/01\/Sample-EUCLID-EULER-Degree-2023-2048x1448.jpg 2048w\" sizes=\"(max-width: 800px) 100vw, 800px\" \/>\t\t\t\t\t\t\t\t\t\t\t\t\t\t\t<\/div>\n\t\t\t\t<\/div>\n\t\t\t\t<div class=\"elementor-element elementor-element-5487462 elementor-widget elementor-widget-button\" data-id=\"5487462\" data-element_type=\"widget\" data-e-type=\"widget\" data-widget_type=\"button.default\">\n\t\t\t\t<div class=\"elementor-widget-container\">\n\t\t\t\t\t\t\t\t\t<div class=\"elementor-button-wrapper\">\n\t\t\t\t\t<a class=\"elementor-button elementor-button-link elementor-size-sm\" href=\"https:\/\/euclid.egnyte.com\/dl\/jKySzgJqoE\">\n\t\t\t\t\t\t<span class=\"elementor-button-content-wrapper\">\n\t\t\t\t\t\t\t\t\t<span class=\"elementor-button-text\">Charte EULER<\/span>\n\t\t\t\t\t<\/span>\n\t\t\t\t\t<\/a>\n\t\t\t\t<\/div>\n\t\t\t\t\t\t\t\t<\/div>\n\t\t\t\t<\/div>\n\t\t\t\t\t<\/div>\n\t\t<\/div>\n\t\t\t\t\t<\/div>\n\t\t<\/section>\n\t\t\t\t<section data-particle_enable=\"false\" data-particle-mobile-disabled=\"false\" class=\"elementor-section elementor-top-section elementor-element elementor-element-1f54803 elementor-section-boxed elementor-section-height-default elementor-section-height-default\" data-id=\"1f54803\" data-element_type=\"section\" data-e-type=\"section\">\n\t\t\t\t\t\t<div class=\"elementor-container elementor-column-gap-default\">\n\t\t\t\t\t<div class=\"elementor-column elementor-col-100 elementor-top-column elementor-element elementor-element-085920f\" data-id=\"085920f\" data-element_type=\"column\" data-e-type=\"column\">\n\t\t\t<div class=\"elementor-widget-wrap elementor-element-populated\">\n\t\t\t\t\t\t<div class=\"elementor-element elementor-element-06ec930 elementor-widget-divider--view-line elementor-widget elementor-widget-divider\" data-id=\"06ec930\" data-element_type=\"widget\" data-e-type=\"widget\" data-widget_type=\"divider.default\">\n\t\t\t\t<div class=\"elementor-widget-container\">\n\t\t\t\t\t\t\t<div class=\"elementor-divider\">\n\t\t\t<span class=\"elementor-divider-separator\">\n\t\t\t\t\t\t<\/span>\n\t\t<\/div>\n\t\t\t\t\t\t<\/div>\n\t\t\t\t<\/div>\n\t\t\t\t\t<\/div>\n\t\t<\/div>\n\t\t\t\t\t<\/div>\n\t\t<\/section>\n\t\t\t\t<section data-particle_enable=\"false\" data-particle-mobile-disabled=\"false\" class=\"elementor-section elementor-top-section elementor-element elementor-element-b5184b4 elementor-section-boxed elementor-section-height-default elementor-section-height-default\" data-id=\"b5184b4\" data-element_type=\"section\" data-e-type=\"section\">\n\t\t\t\t\t\t<div class=\"elementor-container elementor-column-gap-default\">\n\t\t\t\t\t<div class=\"elementor-column elementor-col-100 elementor-top-column elementor-element elementor-element-7753604\" data-id=\"7753604\" data-element_type=\"column\" data-e-type=\"column\">\n\t\t\t<div class=\"elementor-widget-wrap\">\n\t\t\t\t\t\t\t<\/div>\n\t\t<\/div>\n\t\t\t\t\t<\/div>\n\t\t<\/section>\n\t\t\t\t<\/div>\n\t\t","protected":false},"excerpt":{"rendered":"<p>Tous les programmes de dipl\u00f4mes offerts par EULER permettent aux \u00e9tudiants de recevoir, \u00e0 l&#8217;ach\u00e8vement du programme, un dipl\u00f4me d\u00fbment reconnu et accr\u00e9dit\u00e9, avec la possibilit\u00e9 d&#8217;une double diplomation conf\u00e9r\u00e9e par EUCLID (Universit\u00e9 Euclide), une institution intergouvernementale sous le Recueil des Trait\u00e9s des Nations Unies. EULER (Universit\u00e9 Comm\u00e9morative Euler-Franeker) est pleinement autoris\u00e9e (agr\u00e9\u00e9e) et accr\u00e9dit\u00e9e [&hellip;]<\/p>\n","protected":false},"author":1,"featured_media":0,"parent":0,"menu_order":0,"comment_status":"closed","ping_status":"closed","template":"","meta":{"footnotes":""},"class_list":["post-60295","page","type-page","status-publish","hentry"],"yoast_head":"<!-- This site is optimized with the Yoast SEO plugin v27.3 - https:\/\/yoast.com\/product\/yoast-seo-wordpress\/ -->\n<title>Accr\u00e9ditation - EFMU: The Euler-Franeker Memorial University and Institute<\/title>\n<meta name=\"robots\" content=\"index, follow, max-snippet:-1, max-image-preview:large, max-video-preview:-1\" \/>\n<link rel=\"canonical\" href=\"https:\/\/euler.euclid.int\/accreditation\/\" \/>\n<meta property=\"og:locale\" content=\"fr_FR\" \/>\n<meta property=\"og:type\" content=\"article\" \/>\n<meta property=\"og:title\" content=\"Accr\u00e9ditation - EFMU: The Euler-Franeker Memorial University and Institute\" \/>\n<meta property=\"og:description\" content=\"Tous les programmes de dipl\u00f4mes offerts par EULER permettent aux \u00e9tudiants de recevoir, \u00e0 l&#8217;ach\u00e8vement du programme, un dipl\u00f4me d\u00fbment reconnu et accr\u00e9dit\u00e9, avec la possibilit\u00e9 d&#8217;une double diplomation conf\u00e9r\u00e9e par EUCLID (Universit\u00e9 Euclide), une institution intergouvernementale sous le Recueil des Trait\u00e9s des Nations Unies. EULER (Universit\u00e9 Comm\u00e9morative Euler-Franeker) est pleinement autoris\u00e9e (agr\u00e9\u00e9e) et accr\u00e9dit\u00e9e [&hellip;]\" \/>\n<meta property=\"og:url\" content=\"https:\/\/euler.euclid.int\/accreditation\/\" \/>\n<meta property=\"og:site_name\" content=\"EFMU: The Euler-Franeker Memorial University and Institute\" \/>\n<meta property=\"article:modified_time\" content=\"2025-07-16T18:49:31+00:00\" \/>\n<meta property=\"og:image\" content=\"https:\/\/euler.euclid.int\/wp-content\/uploads\/2025\/07\/Accreditation-Agency-Curacao.webp\" \/>\n\t<meta property=\"og:image:width\" content=\"320\" \/>\n\t<meta property=\"og:image:height\" content=\"301\" \/>\n\t<meta property=\"og:image:type\" content=\"image\/webp\" \/>\n<meta name=\"twitter:card\" content=\"summary_large_image\" \/>\n<meta name=\"twitter:label1\" content=\"Dur\u00e9e de lecture estim\u00e9e\" \/>\n\t<meta name=\"twitter:data1\" content=\"1 minute\" \/>\n<script type=\"application\/ld+json\" class=\"yoast-schema-graph\">{\"@context\":\"https:\\\/\\\/schema.org\",\"@graph\":[{\"@type\":\"WebPage\",\"@id\":\"https:\\\/\\\/euler.euclid.int\\\/accreditation\\\/\",\"url\":\"https:\\\/\\\/euler.euclid.int\\\/accreditation\\\/\",\"name\":\"Accr\u00e9ditation - EFMU: The Euler-Franeker Memorial University and Institute\",\"isPartOf\":{\"@id\":\"https:\\\/\\\/euler.euclid.int\\\/#website\"},\"primaryImageOfPage\":{\"@id\":\"https:\\\/\\\/euler.euclid.int\\\/accreditation\\\/#primaryimage\"},\"image\":{\"@id\":\"https:\\\/\\\/euler.euclid.int\\\/accreditation\\\/#primaryimage\"},\"thumbnailUrl\":\"https:\\\/\\\/euler.euclid.int\\\/wp-content\\\/uploads\\\/2025\\\/07\\\/Accreditation-Agency-Curacao-150x150.png\",\"datePublished\":\"2020-01-15T02:08:46+00:00\",\"dateModified\":\"2025-07-16T18:49:31+00:00\",\"breadcrumb\":{\"@id\":\"https:\\\/\\\/euler.euclid.int\\\/accreditation\\\/#breadcrumb\"},\"inLanguage\":\"fr-FR\",\"potentialAction\":[{\"@type\":\"ReadAction\",\"target\":[\"https:\\\/\\\/euler.euclid.int\\\/accreditation\\\/\"]}]},{\"@type\":\"ImageObject\",\"inLanguage\":\"fr-FR\",\"@id\":\"https:\\\/\\\/euler.euclid.int\\\/accreditation\\\/#primaryimage\",\"url\":\"https:\\\/\\\/euler.euclid.int\\\/wp-content\\\/uploads\\\/2025\\\/07\\\/Accreditation-Agency-Curacao-150x150.png\",\"contentUrl\":\"https:\\\/\\\/euler.euclid.int\\\/wp-content\\\/uploads\\\/2025\\\/07\\\/Accreditation-Agency-Curacao-150x150.png\"},{\"@type\":\"BreadcrumbList\",\"@id\":\"https:\\\/\\\/euler.euclid.int\\\/accreditation\\\/#breadcrumb\",\"itemListElement\":[{\"@type\":\"ListItem\",\"position\":1,\"name\":\"Home\",\"item\":\"https:\\\/\\\/euler.euclid.int\\\/\"},{\"@type\":\"ListItem\",\"position\":2,\"name\":\"Accr\u00e9ditation\"}]},{\"@type\":\"WebSite\",\"@id\":\"https:\\\/\\\/euler.euclid.int\\\/#website\",\"url\":\"https:\\\/\\\/euler.euclid.int\\\/\",\"name\":\"EFMU: The Euler-Franeker Memorial University and Institute\",\"description\":\"Academic and Research Excellence inspired by the Legacy of L. Euler and the University of Franeker\",\"potentialAction\":[{\"@type\":\"SearchAction\",\"target\":{\"@type\":\"EntryPoint\",\"urlTemplate\":\"https:\\\/\\\/euler.euclid.int\\\/?s={search_term_string}\"},\"query-input\":{\"@type\":\"PropertyValueSpecification\",\"valueRequired\":true,\"valueName\":\"search_term_string\"}}],\"inLanguage\":\"fr-FR\"}]}<\/script>\n<!-- \/ Yoast SEO plugin. -->","yoast_head_json":{"title":"Accr\u00e9ditation - EFMU: The Euler-Franeker Memorial University and Institute","robots":{"index":"index","follow":"follow","max-snippet":"max-snippet:-1","max-image-preview":"max-image-preview:large","max-video-preview":"max-video-preview:-1"},"canonical":"https:\/\/euler.euclid.int\/accreditation\/","og_locale":"fr_FR","og_type":"article","og_title":"Accr\u00e9ditation - EFMU: The Euler-Franeker Memorial University and Institute","og_description":"Tous les programmes de dipl\u00f4mes offerts par EULER permettent aux \u00e9tudiants de recevoir, \u00e0 l&#8217;ach\u00e8vement du programme, un dipl\u00f4me d\u00fbment reconnu et accr\u00e9dit\u00e9, avec la possibilit\u00e9 d&#8217;une double diplomation conf\u00e9r\u00e9e par EUCLID (Universit\u00e9 Euclide), une institution intergouvernementale sous le Recueil des Trait\u00e9s des Nations Unies. EULER (Universit\u00e9 Comm\u00e9morative Euler-Franeker) est pleinement autoris\u00e9e (agr\u00e9\u00e9e) et accr\u00e9dit\u00e9e [&hellip;]","og_url":"https:\/\/euler.euclid.int\/accreditation\/","og_site_name":"EFMU: The Euler-Franeker Memorial University and Institute","article_modified_time":"2025-07-16T18:49:31+00:00","og_image":[{"width":320,"height":301,"url":"https:\/\/euler.euclid.int\/wp-content\/uploads\/2025\/07\/Accreditation-Agency-Curacao.webp","type":"image\/webp"}],"twitter_card":"summary_large_image","twitter_misc":{"Dur\u00e9e de lecture estim\u00e9e":"1 minute"},"schema":{"@context":"https:\/\/schema.org","@graph":[{"@type":"WebPage","@id":"https:\/\/euler.euclid.int\/accreditation\/","url":"https:\/\/euler.euclid.int\/accreditation\/","name":"Accr\u00e9ditation - EFMU: The Euler-Franeker Memorial University and Institute","isPartOf":{"@id":"https:\/\/euler.euclid.int\/#website"},"primaryImageOfPage":{"@id":"https:\/\/euler.euclid.int\/accreditation\/#primaryimage"},"image":{"@id":"https:\/\/euler.euclid.int\/accreditation\/#primaryimage"},"thumbnailUrl":"https:\/\/euler.euclid.int\/wp-content\/uploads\/2025\/07\/Accreditation-Agency-Curacao-150x150.png","datePublished":"2020-01-15T02:08:46+00:00","dateModified":"2025-07-16T18:49:31+00:00","breadcrumb":{"@id":"https:\/\/euler.euclid.int\/accreditation\/#breadcrumb"},"inLanguage":"fr-FR","potentialAction":[{"@type":"ReadAction","target":["https:\/\/euler.euclid.int\/accreditation\/"]}]},{"@type":"ImageObject","inLanguage":"fr-FR","@id":"https:\/\/euler.euclid.int\/accreditation\/#primaryimage","url":"https:\/\/euler.euclid.int\/wp-content\/uploads\/2025\/07\/Accreditation-Agency-Curacao-150x150.png","contentUrl":"https:\/\/euler.euclid.int\/wp-content\/uploads\/2025\/07\/Accreditation-Agency-Curacao-150x150.png"},{"@type":"BreadcrumbList","@id":"https:\/\/euler.euclid.int\/accreditation\/#breadcrumb","itemListElement":[{"@type":"ListItem","position":1,"name":"Home","item":"https:\/\/euler.euclid.int\/"},{"@type":"ListItem","position":2,"name":"Accr\u00e9ditation"}]},{"@type":"WebSite","@id":"https:\/\/euler.euclid.int\/#website","url":"https:\/\/euler.euclid.int\/","name":"EFMU: The Euler-Franeker Memorial University and Institute","description":"Academic and Research Excellence inspired by the Legacy of L. Euler and the University of Franeker","potentialAction":[{"@type":"SearchAction","target":{"@type":"EntryPoint","urlTemplate":"https:\/\/euler.euclid.int\/?s={search_term_string}"},"query-input":{"@type":"PropertyValueSpecification","valueRequired":true,"valueName":"search_term_string"}}],"inLanguage":"fr-FR"}]}},"_links":{"self":[{"href":"https:\/\/euler.euclid.int\/fr\/wp-json\/wp\/v2\/pages\/60295","targetHints":{"allow":["GET"]}}],"collection":[{"href":"https:\/\/euler.euclid.int\/fr\/wp-json\/wp\/v2\/pages"}],"about":[{"href":"https:\/\/euler.euclid.int\/fr\/wp-json\/wp\/v2\/types\/page"}],"author":[{"embeddable":true,"href":"https:\/\/euler.euclid.int\/fr\/wp-json\/wp\/v2\/users\/1"}],"replies":[{"embeddable":true,"href":"https:\/\/euler.euclid.int\/fr\/wp-json\/wp\/v2\/comments?post=60295"}],"version-history":[{"count":5,"href":"https:\/\/euler.euclid.int\/fr\/wp-json\/wp\/v2\/pages\/60295\/revisions"}],"predecessor-version":[{"id":61012,"href":"https:\/\/euler.euclid.int\/fr\/wp-json\/wp\/v2\/pages\/60295\/revisions\/61012"}],"wp:attachment":[{"href":"https:\/\/euler.euclid.int\/fr\/wp-json\/wp\/v2\/media?parent=60295"}],"curies":[{"name":"wp","href":"https:\/\/api.w.org\/{rel}","templated":true}]}}