{"id":60340,"date":"2020-01-15T01:46:34","date_gmt":"2020-01-15T01:46:34","guid":{"rendered":"https:\/\/euler.euclid.int\/post-doctorat\/"},"modified":"2020-01-15T01:46:34","modified_gmt":"2020-01-15T01:46:34","slug":"post-doctorat","status":"publish","type":"page","link":"https:\/\/euler.euclid.int\/fr\/post-doctorat\/","title":{"rendered":"Post-doctorat"},"content":{"rendered":"<div class=\"WaaZC Zh8Myb\">\n<div class=\"rPeykc PZPZlf\" data-attrid=\"SGEParagraphFeedback\" data-hveid=\"CAAQAA\" data-ved=\"2ahUKEwjpt9jyzKaCAxVpJUQIHT5qDNcQo_EKegQIABAA\">Un post-doctorant, ou chercheur postdoctoral, est <strong class=\"QVRyCf\">une personne qui m\u00e8ne des recherches professionnellement apr\u00e8s avoir achev\u00e9 ses \u00e9tudes doctorales<\/strong>. Les postes de post-doctorat sont g\u00e9n\u00e9ralement des nominations acad\u00e9miques temporaires qui servent de tremplin entre l&#8217;exp\u00e9rience estudiantine et l&#8217;exp\u00e9rience professionnelle \u00e0 temps plein. <span class=\"UV3uM\"> <\/span><\/p>\n<div class=\"NPrrbc\" data-cid=\"_aEJEZenjOunKkPIPvtSxuA0_3\" data-bt=\"1\">\n<div class=\"BMebGe k0Jjg fCrZyc LwdV0e FR7ZSc OJeuxf PrjL8c\" tabindex=\"0\" role=\"button\" aria-label=\"Expand\" data-hveid=\"CAEQAA\" data-ved=\"2ahUKEwjpt9jyzKaCAxVpJUQIHT5qDNcQ3fYKegQIARAA\">\n<div class=\"niO4u VDgVie SlP8xc iCQO5d\">\n<div class=\"kHtcsd\"><\/div>\n<\/div>\n<\/div>\n<\/div>\n<\/div>\n<\/div>\n<div class=\"WaaZC Zh8Myb\">\n<div class=\"rPeykc PZPZlf\" data-attrid=\"SGEParagraphFeedback\" data-hveid=\"CAIQAA\" data-ved=\"2ahUKEwjpt9jyzKaCAxVpJUQIHT5qDNcQo_EKegQIAhAA\">Les post-doctorants se trouvent g\u00e9n\u00e9ralement dans des universit\u00e9s ou dans l&#8217;industrie, mais il existe \u00e9galement des postes de post-doctorat dans des organisations \u00e0 but non lucratif et au sein du gouvernement. Les post-doctorats peuvent \u00eatre utilis\u00e9s pour acqu\u00e9rir des comp\u00e9tences et une formation suppl\u00e9mentaires pour d&#8217;autres carri\u00e8res, pas uniquement dans le milieu universitaire. <span class=\"UV3uM\"> <\/span><\/p>\n<div class=\"NPrrbc\" data-cid=\"_aEJEZenjOunKkPIPvtSxuA0_8\" data-bt=\"1\">\n<div class=\"BMebGe k0Jjg fCrZyc LwdV0e FR7ZSc OJeuxf PrjL8c\" tabindex=\"0\" role=\"button\" aria-label=\"Expand\" data-hveid=\"CAMQAA\" data-ved=\"2ahUKEwjpt9jyzKaCAxVpJUQIHT5qDNcQ3fYKegQIAxAA\">\n<div class=\"niO4u VDgVie SlP8xc iCQO5d\">\n<div class=\"kHtcsd\"><\/div>\n<\/div>\n<\/div>\n<\/div>\n<\/div>\n<\/div>\n<div class=\"WaaZC Zh8Myb\">\n<div class=\"rPeykc uP58nb eUu65e PZPZlf\" data-attrid=\"SGEParagraphFeedback\" data-hveid=\"CAgQCg\" data-ved=\"2ahUKEwjpt9jyzKaCAxVpJUQIHT5qDNcQo_EKegQICBAK\">Les post-doctorants peuvent :<span class=\"UV3uM\"> <\/span><\/div>\n<\/div>\n<div class=\"WaaZC Zh8Myb\">\n<ul data-hveid=\"CAgQCw\" data-ved=\"2ahUKEwjpt9jyzKaCAxVpJUQIHT5qDNcQm_YKegQICBAL\">\n<li class=\"PZPZlf\" data-attrid=\"SGEListItem\">Poursuivre leur formation en tant que chercheur<\/li>\n<li class=\"PZPZlf\" data-attrid=\"SGEListItem\">Acqu\u00e9rir des comp\u00e9tences et de l&#8217;exp\u00e9rience qui les pr\u00e9pareront \u00e0 leur carri\u00e8re acad\u00e9mique<\/li>\n<li class=\"PZPZlf\" data-attrid=\"SGEListItem\">D\u00e9velopper leur autonomie<\/li>\n<li class=\"PZPZlf\" data-attrid=\"SGEListItem\">Perfectionner leurs comp\u00e9tences techniques<\/li>\n<li class=\"PZPZlf\" data-attrid=\"SGEListItem\">Affiner leurs int\u00e9r\u00eats de recherche<\/li>\n<li class=\"PZPZlf\" data-attrid=\"SGEListItem\">Contribuer au corpus de connaissances de leur domaine<\/li>\n<\/ul>\n<\/div>\n<div class=\"WaaZC Zh8Myb\">\n<div class=\"rPeykc PZPZlf\" data-attrid=\"SGEParagraphFeedback\" data-hveid=\"CAUQAA\" data-ved=\"2ahUKEwjpt9jyzKaCAxVpJUQIHT5qDNcQo_EKegQIBRAA\">Les postes de post-doctorat peuvent \u00eatre renouvel\u00e9s annuellement sur une base d&#8217;ann\u00e9e fiscale pour une dur\u00e9e maximale de quatre ans.<\/div>\n<\/div>\n","protected":false},"excerpt":{"rendered":"<p>Un post-doctorant, ou chercheur postdoctoral, est une personne qui m\u00e8ne des recherches professionnellement apr\u00e8s avoir achev\u00e9 ses \u00e9tudes doctorales. Les postes de post-doctorat sont g\u00e9n\u00e9ralement des nominations acad\u00e9miques temporaires qui servent de tremplin entre l&#8217;exp\u00e9rience estudiantine et l&#8217;exp\u00e9rience professionnelle \u00e0 temps plein. Les post-doctorants se trouvent g\u00e9n\u00e9ralement dans des universit\u00e9s ou dans l&#8217;industrie, mais il [&hellip;]<\/p>\n","protected":false},"author":1,"featured_media":0,"parent":0,"menu_order":0,"comment_status":"closed","ping_status":"closed","template":"","meta":{"footnotes":""},"class_list":["post-60340","page","type-page","status-publish","hentry"],"yoast_head":"<!-- This site is optimized with the Yoast SEO plugin v27.4 - https:\/\/yoast.com\/product\/yoast-seo-wordpress\/ -->\n<title>Post-doctorat - EFMU: The Euler-Franeker Memorial University and Institute<\/title>\n<meta name=\"robots\" content=\"index, follow, max-snippet:-1, max-image-preview:large, max-video-preview:-1\" \/>\n<link rel=\"canonical\" href=\"https:\/\/euler.euclid.int\/post-doctorat\/\" \/>\n<meta property=\"og:locale\" content=\"fr_FR\" \/>\n<meta property=\"og:type\" content=\"article\" \/>\n<meta property=\"og:title\" content=\"Post-doctorat - EFMU: The Euler-Franeker Memorial University and Institute\" \/>\n<meta property=\"og:description\" content=\"Un post-doctorant, ou chercheur postdoctoral, est une personne qui m\u00e8ne des recherches professionnellement apr\u00e8s avoir achev\u00e9 ses \u00e9tudes doctorales. Les postes de post-doctorat sont g\u00e9n\u00e9ralement des nominations acad\u00e9miques temporaires qui servent de tremplin entre l&#8217;exp\u00e9rience estudiantine et l&#8217;exp\u00e9rience professionnelle \u00e0 temps plein. Les post-doctorants se trouvent g\u00e9n\u00e9ralement dans des universit\u00e9s ou dans l&#8217;industrie, mais il [&hellip;]\" \/>\n<meta property=\"og:url\" content=\"https:\/\/euler.euclid.int\/post-doctorat\/\" \/>\n<meta property=\"og:site_name\" content=\"EFMU: The Euler-Franeker Memorial University and Institute\" \/>\n<meta name=\"twitter:card\" content=\"summary_large_image\" \/>\n<meta name=\"twitter:label1\" content=\"Dur\u00e9e de lecture estim\u00e9e\" \/>\n\t<meta name=\"twitter:data1\" content=\"1 minute\" \/>\n<script type=\"application\/ld+json\" class=\"yoast-schema-graph\">{\"@context\":\"https:\\\/\\\/schema.org\",\"@graph\":[{\"@type\":\"WebPage\",\"@id\":\"https:\\\/\\\/euler.euclid.int\\\/post-doctorat\\\/\",\"url\":\"https:\\\/\\\/euler.euclid.int\\\/post-doctorat\\\/\",\"name\":\"Post-doctorat - EFMU: The Euler-Franeker Memorial University and Institute\",\"isPartOf\":{\"@id\":\"https:\\\/\\\/euler.euclid.int\\\/#website\"},\"datePublished\":\"2020-01-15T01:46:34+00:00\",\"breadcrumb\":{\"@id\":\"https:\\\/\\\/euler.euclid.int\\\/post-doctorat\\\/#breadcrumb\"},\"inLanguage\":\"fr-FR\",\"potentialAction\":[{\"@type\":\"ReadAction\",\"target\":[\"https:\\\/\\\/euler.euclid.int\\\/post-doctorat\\\/\"]}]},{\"@type\":\"BreadcrumbList\",\"@id\":\"https:\\\/\\\/euler.euclid.int\\\/post-doctorat\\\/#breadcrumb\",\"itemListElement\":[{\"@type\":\"ListItem\",\"position\":1,\"name\":\"Home\",\"item\":\"https:\\\/\\\/euler.euclid.int\\\/\"},{\"@type\":\"ListItem\",\"position\":2,\"name\":\"Post-doctorat\"}]},{\"@type\":\"WebSite\",\"@id\":\"https:\\\/\\\/euler.euclid.int\\\/#website\",\"url\":\"https:\\\/\\\/euler.euclid.int\\\/\",\"name\":\"EFMU: The Euler-Franeker Memorial University and Institute\",\"description\":\"Academic and Research Excellence inspired by the Legacy of L. Euler and the University of Franeker\",\"potentialAction\":[{\"@type\":\"SearchAction\",\"target\":{\"@type\":\"EntryPoint\",\"urlTemplate\":\"https:\\\/\\\/euler.euclid.int\\\/?s={search_term_string}\"},\"query-input\":{\"@type\":\"PropertyValueSpecification\",\"valueRequired\":true,\"valueName\":\"search_term_string\"}}],\"inLanguage\":\"fr-FR\"}]}<\/script>\n<!-- \/ Yoast SEO plugin. -->","yoast_head_json":{"title":"Post-doctorat - EFMU: The Euler-Franeker Memorial University and Institute","robots":{"index":"index","follow":"follow","max-snippet":"max-snippet:-1","max-image-preview":"max-image-preview:large","max-video-preview":"max-video-preview:-1"},"canonical":"https:\/\/euler.euclid.int\/post-doctorat\/","og_locale":"fr_FR","og_type":"article","og_title":"Post-doctorat - EFMU: The Euler-Franeker Memorial University and Institute","og_description":"Un post-doctorant, ou chercheur postdoctoral, est une personne qui m\u00e8ne des recherches professionnellement apr\u00e8s avoir achev\u00e9 ses \u00e9tudes doctorales. Les postes de post-doctorat sont g\u00e9n\u00e9ralement des nominations acad\u00e9miques temporaires qui servent de tremplin entre l&#8217;exp\u00e9rience estudiantine et l&#8217;exp\u00e9rience professionnelle \u00e0 temps plein. Les post-doctorants se trouvent g\u00e9n\u00e9ralement dans des universit\u00e9s ou dans l&#8217;industrie, mais il [&hellip;]","og_url":"https:\/\/euler.euclid.int\/post-doctorat\/","og_site_name":"EFMU: The Euler-Franeker Memorial University and Institute","twitter_card":"summary_large_image","twitter_misc":{"Dur\u00e9e de lecture estim\u00e9e":"1 minute"},"schema":{"@context":"https:\/\/schema.org","@graph":[{"@type":"WebPage","@id":"https:\/\/euler.euclid.int\/post-doctorat\/","url":"https:\/\/euler.euclid.int\/post-doctorat\/","name":"Post-doctorat - EFMU: The Euler-Franeker Memorial University and Institute","isPartOf":{"@id":"https:\/\/euler.euclid.int\/#website"},"datePublished":"2020-01-15T01:46:34+00:00","breadcrumb":{"@id":"https:\/\/euler.euclid.int\/post-doctorat\/#breadcrumb"},"inLanguage":"fr-FR","potentialAction":[{"@type":"ReadAction","target":["https:\/\/euler.euclid.int\/post-doctorat\/"]}]},{"@type":"BreadcrumbList","@id":"https:\/\/euler.euclid.int\/post-doctorat\/#breadcrumb","itemListElement":[{"@type":"ListItem","position":1,"name":"Home","item":"https:\/\/euler.euclid.int\/"},{"@type":"ListItem","position":2,"name":"Post-doctorat"}]},{"@type":"WebSite","@id":"https:\/\/euler.euclid.int\/#website","url":"https:\/\/euler.euclid.int\/","name":"EFMU: The Euler-Franeker Memorial University and Institute","description":"Academic and Research Excellence inspired by the Legacy of L. Euler and the University of Franeker","potentialAction":[{"@type":"SearchAction","target":{"@type":"EntryPoint","urlTemplate":"https:\/\/euler.euclid.int\/?s={search_term_string}"},"query-input":{"@type":"PropertyValueSpecification","valueRequired":true,"valueName":"search_term_string"}}],"inLanguage":"fr-FR"}]}},"_links":{"self":[{"href":"https:\/\/euler.euclid.int\/fr\/wp-json\/wp\/v2\/pages\/60340","targetHints":{"allow":["GET"]}}],"collection":[{"href":"https:\/\/euler.euclid.int\/fr\/wp-json\/wp\/v2\/pages"}],"about":[{"href":"https:\/\/euler.euclid.int\/fr\/wp-json\/wp\/v2\/types\/page"}],"author":[{"embeddable":true,"href":"https:\/\/euler.euclid.int\/fr\/wp-json\/wp\/v2\/users\/1"}],"replies":[{"embeddable":true,"href":"https:\/\/euler.euclid.int\/fr\/wp-json\/wp\/v2\/comments?post=60340"}],"version-history":[{"count":0,"href":"https:\/\/euler.euclid.int\/fr\/wp-json\/wp\/v2\/pages\/60340\/revisions"}],"wp:attachment":[{"href":"https:\/\/euler.euclid.int\/fr\/wp-json\/wp\/v2\/media?parent=60340"}],"curies":[{"name":"wp","href":"https:\/\/api.w.org\/{rel}","templated":true}]}}