{"id":60799,"date":"2025-07-11T21:38:07","date_gmt":"2025-07-11T21:38:07","guid":{"rendered":"https:\/\/euler.euclid.int\/valeurs-ects\/"},"modified":"2025-07-11T21:52:52","modified_gmt":"2025-07-11T21:52:52","slug":"valeurs-ects","status":"publish","type":"page","link":"https:\/\/euler.euclid.int\/fr\/valeurs-ects\/","title":{"rendered":"Valeurs ECTS"},"content":{"rendered":"<h3>Comprendre les ECTS&nbsp;: la pierre angulaire de la mobilit\u00e9 dans l\u2019enseignement sup\u00e9rieur europ\u00e9en<\/h3>\n<p>Le syst\u00e8me europ\u00e9en de transfert et d\u2019accumulation de cr\u00e9dits (ECTS) joue un r\u00f4le essentiel dans l\u2019harmonisation de l\u2019enseignement sup\u00e9rieur \u00e0 travers l\u2019Europe, permettant aux \u00e9tudiants de poursuivre leurs \u00e9tudes en toute transparence au-del\u00e0 des fronti\u00e8res. Cet article explore l\u2019importance g\u00e9n\u00e9rale des ECTS au sein de l\u2019Espace europ\u00e9en de l\u2019enseignement sup\u00e9rieur (EEES), en mettant particuli\u00e8rement l\u2019accent sur sa mise en \u0153uvre aux Pays-Bas. De plus, il se penche sur les estimations pratiques des cr\u00e9dits ECTS pour les activit\u00e9s acad\u00e9miques courantes telles que la lecture de manuels, la r\u00e9daction de travaux et le visionnage de conf\u00e9rences vid\u00e9o, en se basant sur les directives de charge de travail typiques.  <\/p>\n<h2>Que sont les ECTS et quel est leur r\u00f4le dans l\u2019EEES&nbsp;?<\/h2>\n<p>Les ECTS sont un syst\u00e8me de cr\u00e9dits ax\u00e9 sur l\u2019apprenant, con\u00e7u pour rendre les qualifications de l\u2019enseignement sup\u00e9rieur plus transparentes et comparables entre les pays europ\u00e9ens. Introduit dans le cadre du processus de Bologne, il facilite la mobilit\u00e9 des \u00e9tudiants en permettant le transfert et l\u2019accumulation de cr\u00e9dits obtenus dans diff\u00e9rents \u00e9tablissements ou pays. \u00c0 la base, les ECTS quantifient la charge de travail requise pour atteindre des r\u00e9sultats d\u2019apprentissage sp\u00e9cifiques, plut\u00f4t que simplement les heures pass\u00e9es en classe.  <\/p>\n<p>Dans l\u2019EEES, qui englobe 49&nbsp;pays engag\u00e9s \u00e0 cr\u00e9er un espace unifi\u00e9 de l\u2019enseignement sup\u00e9rieur, les ECTS garantissent que les dipl\u00f4mes et les cours sont reconnaissables et transf\u00e9rables. Une ann\u00e9e acad\u00e9mique standard \u00e0 temps plein \u00e9quivaut \u00e0 60&nbsp;cr\u00e9dits ECTS, ce qui repr\u00e9sente une charge de travail totale pour l\u2019\u00e9tudiant de 1&nbsp;500 \u00e0 1&nbsp;800&nbsp;heures. Chaque cr\u00e9dit ECTS correspond g\u00e9n\u00e9ralement \u00e0 25 \u00e0 30&nbsp;heures de travail, y compris les cours magistraux, les s\u00e9minaires, les \u00e9tudes ind\u00e9pendantes, les travaux pratiques et les \u00e9valuations. Cette approche bas\u00e9e sur la charge de travail met l\u2019accent non seulement sur les heures de contact, mais aussi sur le temps total qu\u2019un \u00e9tudiant investit pour atteindre les objectifs d\u2019apprentissage, tels que la lecture, la recherche et la pr\u00e9paration aux examens.   <\/p>\n<p>Le syst\u00e8me favorise l\u2019inclusion et la flexibilit\u00e9, soutenant l\u2019apprentissage tout au long de la vie, les \u00e9tudes \u00e0 temps partiel et la reconnaissance des acquis. Par exemple, un baccalaur\u00e9at n\u00e9cessite g\u00e9n\u00e9ralement de 180 \u00e0 240&nbsp;cr\u00e9dits ECTS, tandis qu\u2019une ma\u00eetrise varie de 60 \u00e0 120&nbsp;cr\u00e9dits, selon la structure du programme. En standardisant les cr\u00e9dits, les ECTS r\u00e9duisent les obstacles pour les \u00e9tudiants internationaux et am\u00e9liorent l\u2019employabilit\u00e9 gr\u00e2ce \u00e0 des cadres de qualification plus clairs.  <\/p>\n<h2>Les ECTS aux Pays-Bas&nbsp;: une perspective nationale<\/h2>\n<p>Aux Pays-Bas, les ECTS sont pleinement int\u00e9gr\u00e9s au syst\u00e8me d\u2019enseignement sup\u00e9rieur, s\u2019alignant sur les lois nationales et la structure binaire des universit\u00e9s professionnelles (HBO) et ax\u00e9es sur la recherche (WO).<\/p>\n<p><strong>La plupart des \u00e9tablissements n\u00e9erlandais adh\u00e8rent aux normes de l\u2019EEES, mais pr\u00e9cisent une charge de travail plus pr\u00e9cise&nbsp;: un cr\u00e9dit ECTS \u00e9quivaut \u00e0 28&nbsp;heures d\u2019effort \u00e9tudiant, ce qui porte une ann\u00e9e acad\u00e9mique compl\u00e8te (60&nbsp;cr\u00e9dits) \u00e0 un total de 1&nbsp;680&nbsp;heures. Ceci est officialis\u00e9 dans les r\u00e8glements p\u00e9dagogiques pour assurer la coh\u00e9rence. <\/strong><\/p>\n<p>Les programmes de baccalaur\u00e9at dans les universit\u00e9s de recherche (WO) durent g\u00e9n\u00e9ralement trois ans et attribuent 180&nbsp;cr\u00e9dits ECTS, en mettant l\u2019accent sur la profondeur th\u00e9orique. En revanche, les dipl\u00f4mes de baccalaur\u00e9at de l\u2019enseignement sup\u00e9rieur professionnel (HBO) durent quatre ans et rapportent 240&nbsp;cr\u00e9dits ECTS, en mettant l\u2019accent sur les comp\u00e9tences pratiques et en incluant des stages. Les programmes de ma\u00eetrise durent g\u00e9n\u00e9ralement un ou deux ans (60 \u00e0 120&nbsp;ECTS), certains domaines sp\u00e9cialis\u00e9s comme l\u2019ing\u00e9nierie ou la m\u00e9decine \u00e9tant plus longs.  <\/p>\n<p>Le syst\u00e8me n\u00e9erlandais met fortement l\u2019accent sur l\u2019assurance qualit\u00e9 par le biais d\u2019organismes comme l\u2019Organisation d\u2019accr\u00e9ditation des Pays-Bas et de la Flandre (NVAO) et l\u2019AAC (Agence d\u2019accr\u00e9ditation de Cura\u00e7ao), qui v\u00e9rifient que les allocations d\u2019ECTS refl\u00e8tent les charges de travail r\u00e9elles. Les \u00e9tudiants b\u00e9n\u00e9ficient d\u2019outils comme le suppl\u00e9ment au dipl\u00f4me, qui d\u00e9taille les cr\u00e9dits ECTS et les r\u00e9sultats d\u2019apprentissage, ce qui facilite la reconnaissance internationale. En pratique, les cours valent souvent de 5 \u00e0 15&nbsp;ECTS, les charges de travail \u00e9tant r\u00e9parties entre les cours magistraux (p.&nbsp;ex., 6 \u00e0 12&nbsp;ECTS par module semestriel) et l\u2019auto-apprentissage. Cette configuration soutient une forte mobilit\u00e9 \u00e9tudiante, avec des programmes comme Erasmus+ permettant des \u00e9changes tout en assurant le transfert de cr\u00e9dits.   <\/p>\n<h2>Les ECTS pour des activit\u00e9s acad\u00e9miques sp\u00e9cifiques<\/h2>\n<p>Les cr\u00e9dits ECTS ne sont pas attribu\u00e9s en fonction de mesures fixes comme le nombre de pages ou la longueur des mots, mais en fonction du temps estim\u00e9 pour atteindre les r\u00e9sultats d\u2019apprentissage. Cependant, les lignes directrices des bo\u00eetes \u00e0 outils p\u00e9dagogiques et des politiques universitaires fournissent des points de r\u00e9f\u00e9rence pour les activit\u00e9s courantes. Ces estimations supposent un \u00e9tudiant \u00ab moyen \u00bb et comprennent le temps n\u00e9cessaire \u00e0 la compr\u00e9hension, \u00e0 la prise de notes, \u00e0 la r\u00e9flexion et aux t\u00e2ches connexes. Des variations se produisent en raison de la complexit\u00e9 du mat\u00e9riel, des comp\u00e9tences de l\u2019\u00e9tudiant et des normes institutionnelles.   <\/p>\n<p>Les sections suivantes d\u00e9crivent les valeurs ECTS possibles, en utilisant la fourchette g\u00e9n\u00e9rale de l\u2019EEES (25 \u00e0 30&nbsp;heures par ECTS) et les sp\u00e9cificit\u00e9s des Pays-Bas (28&nbsp;heures par ECTS). Les calculs sont tir\u00e9s des taux de charge de travail dans les lignes directrices acad\u00e9miques, comme les vitesses de lecture de 3 \u00e0 5&nbsp;pages par heure pour les textes denses et les efforts d\u2019\u00e9criture de 10&nbsp;heures pour un essai de 1&nbsp;500&nbsp;mots. <\/p>\n<h3>Lecture de manuels (en fonction du nombre de pages)<\/h3>\n<p>La lecture acad\u00e9mique implique le traitement de mat\u00e9riel complexe, souvent \u00e0 raison de 3 \u00e0 5&nbsp;pages par heure pour les articles ou les chapitres de livres. Pour les manuels, un taux de 5&nbsp;pages par heure est courant, ce qui tient compte de l\u2019annotation et de la compr\u00e9hension. <\/p>\n<table>\n<thead>\n<tr>\n<th>Pages lues<\/th>\n<th>Heures estim\u00e9es (\u00e0 5&nbsp;pages\/heure)<\/th>\n<th>ECTS (EEES&nbsp;: 25-30&nbsp;heures\/cr\u00e9dit)<\/th>\n<th>ECTS (Pays-Bas&nbsp;: 28&nbsp;heures\/cr\u00e9dit)<\/th>\n<\/tr>\n<\/thead>\n<tbody>\n<tr>\n<td>100<\/td>\n<td>20<\/td>\n<td>0,67-0,8<\/td>\n<td>0,71<\/td>\n<\/tr>\n<tr>\n<td>250<\/td>\n<td>50<\/td>\n<td>1,67-2<\/td>\n<td>1,79<\/td>\n<\/tr>\n<tr>\n<td>500<\/td>\n<td>100<\/td>\n<td>3,33-4<\/td>\n<td>3,57<\/td>\n<\/tr>\n<tr>\n<td>1&nbsp;000<\/td>\n<td>200<\/td>\n<td>6,67-8<\/td>\n<td>7,14<\/td>\n<\/tr>\n<\/tbody>\n<\/table>\n<p>Ces chiffres supposent une charge de travail de lecture pure&nbsp;; dans les cours, la lecture est souvent combin\u00e9e avec des discussions ou des devoirs, ce qui augmente le temps.<\/p>\n<p><em>Un cours EULER typique (5&nbsp;p\u00e9riodes de lecture) couvre 600 \u00e0 900&nbsp;pages, soit environ 4,5 \u00e0 5&nbsp;ECTS.<\/em><\/p>\n<h3>R\u00e9daction de travaux universitaires (en fonction du nombre de mots)<\/h3>\n<p>La r\u00e9daction comprend la recherche, la r\u00e9daction, la r\u00e9vision et la r\u00e9f\u00e9renciation. Un point de r\u00e9f\u00e9rence est de 10&nbsp;heures pour un essai de 1&nbsp;500&nbsp;mots (environ 150&nbsp;mots par heure, taux effectif). Pour les travaux plus longs, le temps \u00e9volue de fa\u00e7on non lin\u00e9aire en raison d\u2019une recherche plus approfondie.  <\/p>\n<table>\n<thead>\n<tr>\n<th>Nombre de mots<\/th>\n<th>Heures estim\u00e9es (pr\u00e9paration incluse)<\/th>\n<th>ECTS (EEES&nbsp;: 25-30&nbsp;heures\/cr\u00e9dit)<\/th>\n<th>ECTS (Pays-Bas&nbsp;: 28&nbsp;heures\/cr\u00e9dit)<\/th>\n<\/tr>\n<\/thead>\n<tbody>\n<tr>\n<td>1&nbsp;000<\/td>\n<td>7<\/td>\n<td>0,23-0,28<\/td>\n<td>0,25<\/td>\n<\/tr>\n<tr>\n<td>2&nbsp;500<\/td>\n<td>17<\/td>\n<td>0,57-0,68<\/td>\n<td>0,61<\/td>\n<\/tr>\n<tr>\n<td>5&nbsp;000<\/td>\n<td>33<\/td>\n<td>1,1-1,32<\/td>\n<td>1,18<\/td>\n<\/tr>\n<tr>\n<td>10&nbsp;000<\/td>\n<td>67<\/td>\n<td>2,23-2,68<\/td>\n<td>2,39<\/td>\n<\/tr>\n<\/tbody>\n<\/table>\n<p>Pour les th\u00e8ses ou les m\u00e9moires, les charges de travail peuvent atteindre 100 \u00e0 300&nbsp;heures (3,3 \u00e0 12&nbsp;ECTS), selon la port\u00e9e. Les lignes directrices sugg\u00e8rent des limites sup\u00e9rieures comme 5&nbsp;000&nbsp;mots pour l\u2019\u00e9valuation compl\u00e8te d\u2019un module de 10&nbsp;ECTS. <\/p>\n<p><em>Un cours EULER typique (5&nbsp;RP + 1&nbsp;quiz + 1&nbsp;MP) implique environ 10&nbsp;mots, soit environ 2&nbsp;ECTS.<\/em><\/p>\n<h3>Visionnage de conf\u00e9rences vid\u00e9o<\/h3>\n<p>Les conf\u00e9rences vid\u00e9o se rapprochent des heures de contact, la charge de travail comprenant le temps de visionnage plus la prise de notes ou la r\u00e9flexion (souvent 1,5 \u00e0 2&nbsp;fois la dur\u00e9e de la vid\u00e9o). Pour une vid\u00e9o d\u2019une heure, supposez un effort total de 1,5&nbsp;heure. <\/p>\n<table>\n<thead>\n<tr>\n<th>Dur\u00e9e de la vid\u00e9o (heures)<\/th>\n<th>Heures de charge de travail estim\u00e9es<\/th>\n<th>ECTS (EEES&nbsp;: 25-30&nbsp;heures\/cr\u00e9dit)<\/th>\n<th>ECTS (Pays-Bas&nbsp;: 28&nbsp;heures\/cr\u00e9dit)<\/th>\n<\/tr>\n<\/thead>\n<tbody>\n<tr>\n<td>5<\/td>\n<td>7,5<\/td>\n<td>0,25-0,3<\/td>\n<td>0,27<\/td>\n<\/tr>\n<tr>\n<td>10<\/td>\n<td>15<\/td>\n<td>0,5-0,6<\/td>\n<td>0,54<\/td>\n<\/tr>\n<tr>\n<td>20<\/td>\n<td>30<\/td>\n<td>1-1,2<\/td>\n<td>1,07<\/td>\n<\/tr>\n<tr>\n<td>50<\/td>\n<td>75<\/td>\n<td>2,5-3<\/td>\n<td>2,68<\/td>\n<\/tr>\n<\/tbody>\n<\/table>\n<p>Dans les cours en ligne, les vid\u00e9os font souvent partie de modules plus larges&nbsp;; par exemple, un film de 2&nbsp;heures peut compter comme 2&nbsp;heures dans les calculs de charge de travail.<\/p>\n<p><em>Un cours EULER typique (5&nbsp;p\u00e9riodes avec des vid\u00e9os assign\u00e9es) implique environ 2 \u00e0 4&nbsp;heures, soit environ 0,5&nbsp;ECTS.<\/em><\/p>\n<h2>Conclusion<\/h2>\n<p>Les ECTS sont essentiels pour favoriser un paysage europ\u00e9en de l\u2019enseignement sup\u00e9rieur coh\u00e9rent, avec sa conception ax\u00e9e sur la charge de travail favorisant l\u2019\u00e9quit\u00e9 et la mobilit\u00e9. Aux Pays-Bas, la pr\u00e9cision du syst\u00e8me (28&nbsp;heures par cr\u00e9dit) illustre les adaptations nationales qui maintiennent la compatibilit\u00e9 avec l\u2019EEES. Lors de l\u2019estimation des cr\u00e9dits pour des activit\u00e9s comme la lecture, l\u2019\u00e9criture ou le visionnage de vid\u00e9os, les \u00e9tablissements s\u2019appuient sur des lignes directrices empiriques, mais les allocations r\u00e9elles doivent \u00eatre valid\u00e9es par les commentaires des \u00e9tudiants pour garantir l\u2019exactitude. Cette flexibilit\u00e9 fait des ECTS un outil dynamique pour l\u2019\u00e9ducation moderne.   <\/p>\n","protected":false},"excerpt":{"rendered":"<p>Comprendre les ECTS&nbsp;: la pierre angulaire de la mobilit\u00e9 dans l\u2019enseignement sup\u00e9rieur europ\u00e9en Le syst\u00e8me europ\u00e9en de transfert et d\u2019accumulation de cr\u00e9dits (ECTS) joue un r\u00f4le essentiel dans l\u2019harmonisation de l\u2019enseignement sup\u00e9rieur \u00e0 travers l\u2019Europe, permettant aux \u00e9tudiants de poursuivre leurs \u00e9tudes en toute transparence au-del\u00e0 des fronti\u00e8res. Cet article explore l\u2019importance g\u00e9n\u00e9rale des ECTS [&hellip;]<\/p>\n","protected":false},"author":1,"featured_media":0,"parent":0,"menu_order":0,"comment_status":"closed","ping_status":"closed","template":"","meta":{"footnotes":""},"class_list":["post-60799","page","type-page","status-publish","hentry"],"yoast_head":"<!-- This site is optimized with the Yoast SEO plugin v27.4 - https:\/\/yoast.com\/product\/yoast-seo-wordpress\/ -->\n<title>Valeurs ECTS - EFMU: The Euler-Franeker Memorial University and Institute<\/title>\n<meta name=\"robots\" content=\"index, follow, max-snippet:-1, max-image-preview:large, max-video-preview:-1\" \/>\n<link rel=\"canonical\" href=\"https:\/\/euler.euclid.int\/fr\/valeurs-ects\/\" \/>\n<meta property=\"og:locale\" content=\"fr_FR\" \/>\n<meta property=\"og:type\" content=\"article\" \/>\n<meta property=\"og:title\" content=\"Valeurs ECTS - EFMU: The Euler-Franeker Memorial University and Institute\" \/>\n<meta property=\"og:description\" content=\"Comprendre les ECTS&nbsp;: la pierre angulaire de la mobilit\u00e9 dans l\u2019enseignement sup\u00e9rieur europ\u00e9en Le syst\u00e8me europ\u00e9en de transfert et d\u2019accumulation de cr\u00e9dits (ECTS) joue un r\u00f4le essentiel dans l\u2019harmonisation de l\u2019enseignement sup\u00e9rieur \u00e0 travers l\u2019Europe, permettant aux \u00e9tudiants de poursuivre leurs \u00e9tudes en toute transparence au-del\u00e0 des fronti\u00e8res. Cet article explore l\u2019importance g\u00e9n\u00e9rale des ECTS [&hellip;]\" \/>\n<meta property=\"og:url\" content=\"https:\/\/euler.euclid.int\/fr\/valeurs-ects\/\" \/>\n<meta property=\"og:site_name\" content=\"EFMU: The Euler-Franeker Memorial University and Institute\" \/>\n<meta property=\"article:modified_time\" content=\"2025-07-11T21:52:52+00:00\" \/>\n<meta name=\"twitter:card\" content=\"summary_large_image\" \/>\n<meta name=\"twitter:label1\" content=\"Dur\u00e9e de lecture estim\u00e9e\" \/>\n\t<meta name=\"twitter:data1\" content=\"8 minutes\" \/>\n<script type=\"application\/ld+json\" class=\"yoast-schema-graph\">{\"@context\":\"https:\\\/\\\/schema.org\",\"@graph\":[{\"@type\":\"WebPage\",\"@id\":\"https:\\\/\\\/euler.euclid.int\\\/fr\\\/valeurs-ects\\\/\",\"url\":\"https:\\\/\\\/euler.euclid.int\\\/fr\\\/valeurs-ects\\\/\",\"name\":\"Valeurs ECTS - EFMU: The Euler-Franeker Memorial University and Institute\",\"isPartOf\":{\"@id\":\"https:\\\/\\\/euler.euclid.int\\\/#website\"},\"datePublished\":\"2025-07-11T21:38:07+00:00\",\"dateModified\":\"2025-07-11T21:52:52+00:00\",\"breadcrumb\":{\"@id\":\"https:\\\/\\\/euler.euclid.int\\\/fr\\\/valeurs-ects\\\/#breadcrumb\"},\"inLanguage\":\"fr-FR\",\"potentialAction\":[{\"@type\":\"ReadAction\",\"target\":[\"https:\\\/\\\/euler.euclid.int\\\/fr\\\/valeurs-ects\\\/\"]}]},{\"@type\":\"BreadcrumbList\",\"@id\":\"https:\\\/\\\/euler.euclid.int\\\/fr\\\/valeurs-ects\\\/#breadcrumb\",\"itemListElement\":[{\"@type\":\"ListItem\",\"position\":1,\"name\":\"Home\",\"item\":\"https:\\\/\\\/euler.euclid.int\\\/\"},{\"@type\":\"ListItem\",\"position\":2,\"name\":\"Valeurs ECTS\"}]},{\"@type\":\"WebSite\",\"@id\":\"https:\\\/\\\/euler.euclid.int\\\/#website\",\"url\":\"https:\\\/\\\/euler.euclid.int\\\/\",\"name\":\"EFMU: The Euler-Franeker Memorial University and Institute\",\"description\":\"Academic and Research Excellence inspired by the Legacy of L. Euler and the University of Franeker\",\"potentialAction\":[{\"@type\":\"SearchAction\",\"target\":{\"@type\":\"EntryPoint\",\"urlTemplate\":\"https:\\\/\\\/euler.euclid.int\\\/?s={search_term_string}\"},\"query-input\":{\"@type\":\"PropertyValueSpecification\",\"valueRequired\":true,\"valueName\":\"search_term_string\"}}],\"inLanguage\":\"fr-FR\"}]}<\/script>\n<!-- \/ Yoast SEO plugin. -->","yoast_head_json":{"title":"Valeurs ECTS - EFMU: The Euler-Franeker Memorial University and Institute","robots":{"index":"index","follow":"follow","max-snippet":"max-snippet:-1","max-image-preview":"max-image-preview:large","max-video-preview":"max-video-preview:-1"},"canonical":"https:\/\/euler.euclid.int\/fr\/valeurs-ects\/","og_locale":"fr_FR","og_type":"article","og_title":"Valeurs ECTS - EFMU: The Euler-Franeker Memorial University and Institute","og_description":"Comprendre les ECTS&nbsp;: la pierre angulaire de la mobilit\u00e9 dans l\u2019enseignement sup\u00e9rieur europ\u00e9en Le syst\u00e8me europ\u00e9en de transfert et d\u2019accumulation de cr\u00e9dits (ECTS) joue un r\u00f4le essentiel dans l\u2019harmonisation de l\u2019enseignement sup\u00e9rieur \u00e0 travers l\u2019Europe, permettant aux \u00e9tudiants de poursuivre leurs \u00e9tudes en toute transparence au-del\u00e0 des fronti\u00e8res. Cet article explore l\u2019importance g\u00e9n\u00e9rale des ECTS [&hellip;]","og_url":"https:\/\/euler.euclid.int\/fr\/valeurs-ects\/","og_site_name":"EFMU: The Euler-Franeker Memorial University and Institute","article_modified_time":"2025-07-11T21:52:52+00:00","twitter_card":"summary_large_image","twitter_misc":{"Dur\u00e9e de lecture estim\u00e9e":"8 minutes"},"schema":{"@context":"https:\/\/schema.org","@graph":[{"@type":"WebPage","@id":"https:\/\/euler.euclid.int\/fr\/valeurs-ects\/","url":"https:\/\/euler.euclid.int\/fr\/valeurs-ects\/","name":"Valeurs ECTS - EFMU: The Euler-Franeker Memorial University and Institute","isPartOf":{"@id":"https:\/\/euler.euclid.int\/#website"},"datePublished":"2025-07-11T21:38:07+00:00","dateModified":"2025-07-11T21:52:52+00:00","breadcrumb":{"@id":"https:\/\/euler.euclid.int\/fr\/valeurs-ects\/#breadcrumb"},"inLanguage":"fr-FR","potentialAction":[{"@type":"ReadAction","target":["https:\/\/euler.euclid.int\/fr\/valeurs-ects\/"]}]},{"@type":"BreadcrumbList","@id":"https:\/\/euler.euclid.int\/fr\/valeurs-ects\/#breadcrumb","itemListElement":[{"@type":"ListItem","position":1,"name":"Home","item":"https:\/\/euler.euclid.int\/"},{"@type":"ListItem","position":2,"name":"Valeurs ECTS"}]},{"@type":"WebSite","@id":"https:\/\/euler.euclid.int\/#website","url":"https:\/\/euler.euclid.int\/","name":"EFMU: The Euler-Franeker Memorial University and Institute","description":"Academic and Research Excellence inspired by the Legacy of L. Euler and the University of Franeker","potentialAction":[{"@type":"SearchAction","target":{"@type":"EntryPoint","urlTemplate":"https:\/\/euler.euclid.int\/?s={search_term_string}"},"query-input":{"@type":"PropertyValueSpecification","valueRequired":true,"valueName":"search_term_string"}}],"inLanguage":"fr-FR"}]}},"_links":{"self":[{"href":"https:\/\/euler.euclid.int\/fr\/wp-json\/wp\/v2\/pages\/60799","targetHints":{"allow":["GET"]}}],"collection":[{"href":"https:\/\/euler.euclid.int\/fr\/wp-json\/wp\/v2\/pages"}],"about":[{"href":"https:\/\/euler.euclid.int\/fr\/wp-json\/wp\/v2\/types\/page"}],"author":[{"embeddable":true,"href":"https:\/\/euler.euclid.int\/fr\/wp-json\/wp\/v2\/users\/1"}],"replies":[{"embeddable":true,"href":"https:\/\/euler.euclid.int\/fr\/wp-json\/wp\/v2\/comments?post=60799"}],"version-history":[{"count":1,"href":"https:\/\/euler.euclid.int\/fr\/wp-json\/wp\/v2\/pages\/60799\/revisions"}],"predecessor-version":[{"id":60811,"href":"https:\/\/euler.euclid.int\/fr\/wp-json\/wp\/v2\/pages\/60799\/revisions\/60811"}],"wp:attachment":[{"href":"https:\/\/euler.euclid.int\/fr\/wp-json\/wp\/v2\/media?parent=60799"}],"curies":[{"name":"wp","href":"https:\/\/api.w.org\/{rel}","templated":true}]}}