{"id":61288,"date":"2025-07-26T20:25:51","date_gmt":"2025-07-26T20:25:51","guid":{"rendered":"https:\/\/euler.euclid.int\/pourquoi-choisir-euler\/"},"modified":"2025-07-26T20:25:51","modified_gmt":"2025-07-26T20:25:51","slug":"pourquoi-choisir-euler","status":"publish","type":"page","link":"https:\/\/euler.euclid.int\/fr\/pourquoi-choisir-euler\/","title":{"rendered":"Pourquoi choisir EULER ?"},"content":{"rendered":"<p>Il existe des raisons convaincantes de choisir l&#8217;Universit\u00e9 comm\u00e9morative Euler-Franeker (EULER) en raison de ses caract\u00e9ristiques et offres uniques :<\/p>\n<h3>1. Int\u00e9gration de l&#8217;intelligence artificielle (IA) :<\/h3>\n<p>EULER int\u00e8gre profond\u00e9ment l&#8217;IA dans son programme d&#8217;\u00e9tudes et ses m\u00e9thodes d&#8217;enseignement, utilisant des syst\u00e8mes de tutorat intelligents et l&#8217;apprentissage automatique pour personnaliser les parcours d&#8217;apprentissage. Cela pr\u00e9pare les \u00e9tudiants aux industries ax\u00e9es sur la technologie avec des comp\u00e9tences en IA dans des domaines tels que la bio\u00e9thique, l&#8217;\u00e9pid\u00e9miologie et la politique \u00e9nerg\u00e9tique. <\/p>\n<h3>2. Partenariat avec EUCLID :<\/h3>\n<p>La collaboration d&#8217;EULER avec EUCLID, une institution intergouvernementale bas\u00e9e sur un trait\u00e9 inscrit dans la S\u00e9rie des trait\u00e9s des Nations Unies, offre des options de double dipl\u00f4me pour les programmes de master et de doctorat, am\u00e9liorant la reconnaissance mondiale et les opportunit\u00e9s de r\u00e9seautage.<\/p>\n<h3>3. H\u00e9ritage acad\u00e9mique n\u00e9erlandais :<\/h3>\n<p>Agr\u00e9\u00e9e dans le Royaume des Pays-Bas, EULER fait revivre l&#8217;h\u00e9ritage de l&#8217;Universit\u00e9 de Franeker (1585-1811), respectant les normes rigoureuses de l&#8217;enseignement sup\u00e9rieur n\u00e9erlandais, reconnu pour son leadership mondial et son innovation.<\/p>\n<h3>4. Accessibilit\u00e9 financi\u00e8re et frais de scolarit\u00e9 bas :<\/h3>\n<p>EULER privil\u00e9gie l&#8217;accessibilit\u00e9 financi\u00e8re avec une \u00e9chelle de frais de scolarit\u00e9 variable bas\u00e9e sur le pays d&#8217;origine et le niveau de revenu de l&#8217;\u00e9tudiant, minimisant l&#8217;endettement \u00e9tudiant et offrant des bourses pour rendre l&#8217;\u00e9ducation accessible.<\/p>\n<h3>5. Corps enseignant de classe mondiale :<\/h3>\n<p>Le corps enseignant d&#8217;EULER comprend des professeurs affili\u00e9s \u00e0 des institutions prestigieuses comme Yale, Oxford et UCLA, offrant un mentorat personnalis\u00e9 \u00e0 travers des interactions Zoom en face \u00e0 face et un syst\u00e8me de gestion de l&#8217;apprentissage (LMS) robuste.<\/p>\n<h3>6. Programmes en ligne flexibles :<\/h3>\n<p>En tant qu&#8217;institution enti\u00e8rement en ligne, EULER propose un apprentissage asynchrone avec des d\u00e9lais flexibles, permettant aux \u00e9tudiants d&#8217;obtenir des masters en aussi peu que 14 mois ou des doctorats en environ 3,5 ans, tout en s&#8217;adaptant \u00e0 des emplois du temps vari\u00e9s.<\/p>\n<h3>7. Reconnaissance mondiale et accr\u00e9ditation :<\/h3>\n<p>EULER d\u00e9tient une charte universitaire compl\u00e8te du Royaume des Pays-Bas et une accr\u00e9ditation institutionnelle de l&#8217;agence AAC, garantissant que les dipl\u00f4mes sont reconnus internationalement, avec des options de double dipl\u00f4me via EUCLID.<\/p>\n<h3>8. Programmes sp\u00e9cialis\u00e9s et interdisciplinaires :<\/h3>\n<p>EULER propose des programmes dans des domaines tels que la sant\u00e9 mondiale, la diplomatie et le d\u00e9veloppement durable, combinant des connaissances g\u00e9n\u00e9rales avec des comp\u00e9tences sp\u00e9cialis\u00e9es et conscientes de l&#8217;IA pour pr\u00e9parer les dipl\u00f4m\u00e9s \u00e0 des environnements mondiaux comp\u00e9titifs.<\/p>\n<h3>9. Exp\u00e9rience d&#8217;apprentissage personnalis\u00e9e :<\/h3>\n<p>Gr\u00e2ce \u00e0 son LMS propri\u00e9taire am\u00e9lior\u00e9 par l&#8217;IA, EULER adapte les cours aux styles d&#8217;apprentissage individuels et aux objectifs de carri\u00e8re, utilisant un format de cours \u00e9prouv\u00e9 pour am\u00e9liorer l&#8217;engagement et la compr\u00e9hension.<\/p>\n<h3>10. Engagement envers une \u00e9ducation enracin\u00e9e, \u00e9thique et durable :<\/h3>\n<p>EULER met l&#8217;accent sur l&#8217;utilisation \u00e9thique de l&#8217;IA, la confidentialit\u00e9 des donn\u00e9es et les pratiques durables, favorisant la pens\u00e9e critique et la conscience mondiale enracin\u00e9es dans l&#8217;engagement socio-spirituel des universit\u00e9s europ\u00e9ennes traditionnelles, y compris l&#8217;Universit\u00e9 de Franeker dont elle a h\u00e9rit\u00e9 le legs dans sa charte.<\/p>\n","protected":false},"excerpt":{"rendered":"<p>Il existe des raisons convaincantes de choisir l&#8217;Universit\u00e9 comm\u00e9morative Euler-Franeker (EULER) en raison de ses caract\u00e9ristiques et offres uniques : 1. Int\u00e9gration de l&#8217;intelligence artificielle (IA) : EULER int\u00e8gre profond\u00e9ment l&#8217;IA dans son programme d&#8217;\u00e9tudes et ses m\u00e9thodes d&#8217;enseignement, utilisant des syst\u00e8mes de tutorat intelligents et l&#8217;apprentissage automatique pour personnaliser les parcours d&#8217;apprentissage. Cela pr\u00e9pare [&hellip;]<\/p>\n","protected":false},"author":1,"featured_media":0,"parent":0,"menu_order":0,"comment_status":"closed","ping_status":"closed","template":"","meta":{"footnotes":""},"class_list":["post-61288","page","type-page","status-publish","hentry"],"yoast_head":"<!-- This site is optimized with the Yoast SEO plugin v27.3 - https:\/\/yoast.com\/product\/yoast-seo-wordpress\/ -->\n<title>Pourquoi choisir EULER ? - EFMU: The Euler-Franeker Memorial University and Institute<\/title>\n<meta name=\"robots\" content=\"index, follow, max-snippet:-1, max-image-preview:large, max-video-preview:-1\" \/>\n<link rel=\"canonical\" href=\"https:\/\/euler.euclid.int\/pourquoi-choisir-euler\/\" \/>\n<meta property=\"og:locale\" content=\"fr_FR\" \/>\n<meta property=\"og:type\" content=\"article\" \/>\n<meta property=\"og:title\" content=\"Pourquoi choisir EULER ? - EFMU: The Euler-Franeker Memorial University and Institute\" \/>\n<meta property=\"og:description\" content=\"Il existe des raisons convaincantes de choisir l&#8217;Universit\u00e9 comm\u00e9morative Euler-Franeker (EULER) en raison de ses caract\u00e9ristiques et offres uniques : 1. Int\u00e9gration de l&#8217;intelligence artificielle (IA) : EULER int\u00e8gre profond\u00e9ment l&#8217;IA dans son programme d&#8217;\u00e9tudes et ses m\u00e9thodes d&#8217;enseignement, utilisant des syst\u00e8mes de tutorat intelligents et l&#8217;apprentissage automatique pour personnaliser les parcours d&#8217;apprentissage. Cela pr\u00e9pare [&hellip;]\" \/>\n<meta property=\"og:url\" content=\"https:\/\/euler.euclid.int\/pourquoi-choisir-euler\/\" \/>\n<meta property=\"og:site_name\" content=\"EFMU: The Euler-Franeker Memorial University and Institute\" \/>\n<meta name=\"twitter:card\" content=\"summary_large_image\" \/>\n<meta name=\"twitter:label1\" content=\"Dur\u00e9e de lecture estim\u00e9e\" \/>\n\t<meta name=\"twitter:data1\" content=\"3 minutes\" \/>\n<script type=\"application\/ld+json\" class=\"yoast-schema-graph\">{\"@context\":\"https:\\\/\\\/schema.org\",\"@graph\":[{\"@type\":\"WebPage\",\"@id\":\"https:\\\/\\\/euler.euclid.int\\\/pourquoi-choisir-euler\\\/\",\"url\":\"https:\\\/\\\/euler.euclid.int\\\/pourquoi-choisir-euler\\\/\",\"name\":\"Pourquoi choisir EULER ? - EFMU: The Euler-Franeker Memorial University and Institute\",\"isPartOf\":{\"@id\":\"https:\\\/\\\/euler.euclid.int\\\/#website\"},\"datePublished\":\"2025-07-26T20:25:51+00:00\",\"breadcrumb\":{\"@id\":\"https:\\\/\\\/euler.euclid.int\\\/pourquoi-choisir-euler\\\/#breadcrumb\"},\"inLanguage\":\"fr-FR\",\"potentialAction\":[{\"@type\":\"ReadAction\",\"target\":[\"https:\\\/\\\/euler.euclid.int\\\/pourquoi-choisir-euler\\\/\"]}]},{\"@type\":\"BreadcrumbList\",\"@id\":\"https:\\\/\\\/euler.euclid.int\\\/pourquoi-choisir-euler\\\/#breadcrumb\",\"itemListElement\":[{\"@type\":\"ListItem\",\"position\":1,\"name\":\"Home\",\"item\":\"https:\\\/\\\/euler.euclid.int\\\/\"},{\"@type\":\"ListItem\",\"position\":2,\"name\":\"Pourquoi choisir EULER ?\"}]},{\"@type\":\"WebSite\",\"@id\":\"https:\\\/\\\/euler.euclid.int\\\/#website\",\"url\":\"https:\\\/\\\/euler.euclid.int\\\/\",\"name\":\"EFMU: The Euler-Franeker Memorial University and Institute\",\"description\":\"Academic and Research Excellence inspired by the Legacy of L. Euler and the University of Franeker\",\"potentialAction\":[{\"@type\":\"SearchAction\",\"target\":{\"@type\":\"EntryPoint\",\"urlTemplate\":\"https:\\\/\\\/euler.euclid.int\\\/?s={search_term_string}\"},\"query-input\":{\"@type\":\"PropertyValueSpecification\",\"valueRequired\":true,\"valueName\":\"search_term_string\"}}],\"inLanguage\":\"fr-FR\"}]}<\/script>\n<!-- \/ Yoast SEO plugin. -->","yoast_head_json":{"title":"Pourquoi choisir EULER ? - EFMU: The Euler-Franeker Memorial University and Institute","robots":{"index":"index","follow":"follow","max-snippet":"max-snippet:-1","max-image-preview":"max-image-preview:large","max-video-preview":"max-video-preview:-1"},"canonical":"https:\/\/euler.euclid.int\/pourquoi-choisir-euler\/","og_locale":"fr_FR","og_type":"article","og_title":"Pourquoi choisir EULER ? - EFMU: The Euler-Franeker Memorial University and Institute","og_description":"Il existe des raisons convaincantes de choisir l&#8217;Universit\u00e9 comm\u00e9morative Euler-Franeker (EULER) en raison de ses caract\u00e9ristiques et offres uniques : 1. Int\u00e9gration de l&#8217;intelligence artificielle (IA) : EULER int\u00e8gre profond\u00e9ment l&#8217;IA dans son programme d&#8217;\u00e9tudes et ses m\u00e9thodes d&#8217;enseignement, utilisant des syst\u00e8mes de tutorat intelligents et l&#8217;apprentissage automatique pour personnaliser les parcours d&#8217;apprentissage. Cela pr\u00e9pare [&hellip;]","og_url":"https:\/\/euler.euclid.int\/pourquoi-choisir-euler\/","og_site_name":"EFMU: The Euler-Franeker Memorial University and Institute","twitter_card":"summary_large_image","twitter_misc":{"Dur\u00e9e de lecture estim\u00e9e":"3 minutes"},"schema":{"@context":"https:\/\/schema.org","@graph":[{"@type":"WebPage","@id":"https:\/\/euler.euclid.int\/pourquoi-choisir-euler\/","url":"https:\/\/euler.euclid.int\/pourquoi-choisir-euler\/","name":"Pourquoi choisir EULER ? - EFMU: The Euler-Franeker Memorial University and Institute","isPartOf":{"@id":"https:\/\/euler.euclid.int\/#website"},"datePublished":"2025-07-26T20:25:51+00:00","breadcrumb":{"@id":"https:\/\/euler.euclid.int\/pourquoi-choisir-euler\/#breadcrumb"},"inLanguage":"fr-FR","potentialAction":[{"@type":"ReadAction","target":["https:\/\/euler.euclid.int\/pourquoi-choisir-euler\/"]}]},{"@type":"BreadcrumbList","@id":"https:\/\/euler.euclid.int\/pourquoi-choisir-euler\/#breadcrumb","itemListElement":[{"@type":"ListItem","position":1,"name":"Home","item":"https:\/\/euler.euclid.int\/"},{"@type":"ListItem","position":2,"name":"Pourquoi choisir EULER ?"}]},{"@type":"WebSite","@id":"https:\/\/euler.euclid.int\/#website","url":"https:\/\/euler.euclid.int\/","name":"EFMU: The Euler-Franeker Memorial University and Institute","description":"Academic and Research Excellence inspired by the Legacy of L. Euler and the University of Franeker","potentialAction":[{"@type":"SearchAction","target":{"@type":"EntryPoint","urlTemplate":"https:\/\/euler.euclid.int\/?s={search_term_string}"},"query-input":{"@type":"PropertyValueSpecification","valueRequired":true,"valueName":"search_term_string"}}],"inLanguage":"fr-FR"}]}},"_links":{"self":[{"href":"https:\/\/euler.euclid.int\/fr\/wp-json\/wp\/v2\/pages\/61288","targetHints":{"allow":["GET"]}}],"collection":[{"href":"https:\/\/euler.euclid.int\/fr\/wp-json\/wp\/v2\/pages"}],"about":[{"href":"https:\/\/euler.euclid.int\/fr\/wp-json\/wp\/v2\/types\/page"}],"author":[{"embeddable":true,"href":"https:\/\/euler.euclid.int\/fr\/wp-json\/wp\/v2\/users\/1"}],"replies":[{"embeddable":true,"href":"https:\/\/euler.euclid.int\/fr\/wp-json\/wp\/v2\/comments?post=61288"}],"version-history":[{"count":0,"href":"https:\/\/euler.euclid.int\/fr\/wp-json\/wp\/v2\/pages\/61288\/revisions"}],"wp:attachment":[{"href":"https:\/\/euler.euclid.int\/fr\/wp-json\/wp\/v2\/media?parent=61288"}],"curies":[{"name":"wp","href":"https:\/\/api.w.org\/{rel}","templated":true}]}}