{"id":59749,"date":"2023-01-06T04:33:25","date_gmt":"2023-01-06T04:33:25","guid":{"rendered":"https:\/\/euler.euclid.int\/eulers-correspondentie-met-bernoulli\/"},"modified":"2023-01-06T04:33:25","modified_gmt":"2023-01-06T04:33:25","slug":"eulers-correspondentie-met-bernoulli","status":"publish","type":"page","link":"https:\/\/euler.euclid.int\/nl\/eulers-correspondentie-met-bernoulli\/","title":{"rendered":"Eulers correspondentie met Bernoulli"},"content":{"rendered":"<p>Leonhard Euler (1667-1748) was een Zwitserse wiskundige.<\/p>\n<p>Samen met zijn broer Jacob (met wie hij een felle rivaliteit had die tot op de dag van vandaag beroemd is), stichtte Johann Bernoulli de Bernoulli-dynastie, een indrukwekkende familie van wiskundigen en wetenschappers die generaties lang belangrijk werk zouden doen in heel Europa.<\/p>\n<p>Het was Johann Bernoulli die Euler onderwees in wiskunde toen hij jong was, en die Euler op weg hielp naar wetenschappelijke grootheid.<\/p>\n<p><b>Publicatie-informatie:<\/b><\/p>\n<ul>\n<li>PH Fuss publiceerde 14 brieven van J. Bernoulli aan Euler in zijn <i>Correspondance math\u00e9matique et physique de quelques c\u00e9l\u00e8bres g\u00e9om\u00e8tres du XVIII\u00e8me si\u00e8cle<\/i>.<\/li>\n<\/ul>\n<p>De 14 brieven van Johann Bernoulli aan Euler uit de Fuss-correspondentie zijn hier beschikbaar. Het Euler-archief zal ze binnenkort scheiden in individuele brieven, maar tot dan worden ze hier gepresenteerd: <\/p>\n<ul>\n<li><a href=\"http:\/\/eulerarchive.maa.org\/correspondence\/fuss\/johannbernoulli.pdf\">Brieven van Bernoulli aan Euler<\/a><\/li>\n<\/ul>\n<p><b>Lijst van alle bekende correspondentie<\/b> (38 brieven in totaal):<\/p>\n<table>\n<tbody>\n<tr>\n<td width=\"90\">OO190<\/td>\n<p><cx id=\"gid_1\"><\/cx><\/p>\n<td width=\"150\">Euler aan Bernoulli<\/td>\n<p><cx id=\"gid_3\"><\/cx><\/p>\n<td align=\"right\">5 november 1727<\/td>\n<\/tr>\n<tr>\n<td width=\"90\">OO191<\/td>\n<p><cx id=\"gid_1\"><\/cx><\/p>\n<td width=\"150\">Bernoulli aan Euler<\/td>\n<p><cx id=\"gid_3\"><\/cx><\/p>\n<td align=\"right\">9 januari 1728<\/td>\n<p><cx id=\"gid_5\"><\/cx><\/p>\n<td align=\"center\" width=\"150\"><a href=\"http:\/\/eulerarchive.maa.org\/correspondence\/letters\/OO0191.pdf\">Kopie van OO191<\/a><\/td>\n<\/tr>\n<tr>\n<td width=\"90\">OO192<\/td>\n<p><cx id=\"gid_1\"><\/cx><\/p>\n<td width=\"150\">Euler aan Bernoulli<\/td>\n<p><cx id=\"gid_3\"><\/cx><\/p>\n<td align=\"right\">10 december 1728<\/td>\n<\/tr>\n<tr>\n<td width=\"90\">OO193<\/td>\n<p><cx id=\"gid_1\"><\/cx><\/p>\n<td width=\"150\">Euler aan Bernoulli<\/td>\n<p><cx id=\"gid_3\"><\/cx><\/p>\n<td align=\"right\">18 februari 1729<\/td>\n<\/tr>\n<tr>\n<td width=\"90\">OO194<\/td>\n<p><cx id=\"gid_1\"><\/cx><\/p>\n<td width=\"150\">Bernoulli aan Euler<\/td>\n<p><cx id=\"gid_3\"><\/cx><\/p>\n<td align=\"right\">18 april 1729<\/td>\n<\/tr>\n<tr>\n<td width=\"90\">OO195<\/td>\n<p><cx id=\"gid_1\"><\/cx><\/p>\n<td width=\"150\">Euler aan Bernoulli<\/td>\n<p><cx id=\"gid_3\"><\/cx><\/p>\n<td align=\"right\">16 mei 1729<\/td>\n<\/tr>\n<tr>\n<td width=\"90\">OO196<\/td>\n<p><cx id=\"gid_1\"><\/cx><\/p>\n<td width=\"150\">Euler aan Bernoulli<\/td>\n<p><cx id=\"gid_3\"><\/cx><\/p>\n<td align=\"right\">21 oktober 1729<\/td>\n<\/tr>\n<tr>\n<td width=\"90\">OO197<\/td>\n<p><cx id=\"gid_1\"><\/cx><\/p>\n<td width=\"150\">Bernoulli aan Euler<\/td>\n<p><cx id=\"gid_3\"><\/cx><\/p>\n<td align=\"right\">17 december 1729<\/td>\n<\/tr>\n<tr>\n<td width=\"90\">OO198<\/td>\n<p><cx id=\"gid_1\"><\/cx><\/p>\n<td width=\"150\">Euler aan Bernoulli<\/td>\n<p><cx id=\"gid_3\"><\/cx><\/p>\n<td align=\"right\">22 juli 1730<\/td>\n<\/tr>\n<tr>\n<td width=\"90\">OO199<\/td>\n<p><cx id=\"gid_1\"><\/cx><\/p>\n<td width=\"150\">Euler aan Bernoulli<\/td>\n<p><cx id=\"gid_3\"><\/cx><\/p>\n<td align=\"right\">25 mei 1731<\/td>\n<\/tr>\n<tr>\n<td width=\"90\">OO200<\/td>\n<p><cx id=\"gid_1\"><\/cx><\/p>\n<td width=\"150\">Bernoulli aan Euler<\/td>\n<p><cx id=\"gid_3\"><\/cx><\/p>\n<td align=\"right\">11 augustus 1731<\/td>\n<p><cx id=\"gid_5\"><\/cx><\/p>\n<td align=\"center\" width=\"150\"><a href=\"http:\/\/eulerarchive.maa.org\/correspondence\/letters\/OO0200.pdf\">Kopie van OO200<\/a><\/td>\n<\/tr>\n<tr>\n<td width=\"90\">OO201<\/td>\n<p><cx id=\"gid_1\"><\/cx><\/p>\n<td width=\"150\">Bernoulli aan Euler<\/td>\n<p><cx id=\"gid_3\"><\/cx><\/p>\n<td align=\"right\">2 april 1737<\/td>\n<p><cx id=\"gid_5\"><\/cx><\/p>\n<td align=\"center\" width=\"150\"><a href=\"http:\/\/eulerarchive.maa.org\/correspondence\/letters\/OO0201.pdf\">Kopie van OO201<\/a><\/td>\n<\/tr>\n<tr>\n<td width=\"90\">OO202<\/td>\n<p><cx id=\"gid_1\"><\/cx><\/p>\n<td width=\"150\">Euler aan Bernoulli<\/td>\n<p><cx id=\"gid_3\"><\/cx><\/p>\n<td align=\"right\">27 augustus 1737<\/td>\n<\/tr>\n<tr>\n<td width=\"90\">OO203<\/td>\n<p><cx id=\"gid_1\"><\/cx><\/p>\n<td width=\"150\">Bernoulli aan Euler<\/td>\n<p><cx id=\"gid_3\"><\/cx><\/p>\n<td align=\"right\">6 november 1737<\/td>\n<\/tr>\n<tr>\n<td width=\"90\">OO204<\/td>\n<p><cx id=\"gid_1\"><\/cx><\/p>\n<td width=\"150\">Euler aan Bernoulli<\/td>\n<p><cx id=\"gid_3\"><\/cx><\/p>\n<td align=\"right\">10 december 1737<\/td>\n<\/tr>\n<tr>\n<td width=\"90\">OO205<\/td>\n<p><cx id=\"gid_1\"><\/cx><\/p>\n<td width=\"150\">Bernoulli aan Euler<\/td>\n<p><cx id=\"gid_3\"><\/cx><\/p>\n<td align=\"right\">26 maart 1738<\/td>\n<\/tr>\n<tr>\n<td width=\"90\">OO206<\/td>\n<p><cx id=\"gid_1\"><\/cx><\/p>\n<td width=\"150\">Euler aan Bernoulli<\/td>\n<p><cx id=\"gid_3\"><\/cx><\/p>\n<td align=\"right\">26 april 1738<\/td>\n<\/tr>\n<tr>\n<td width=\"90\">OO207<\/td>\n<p><cx id=\"gid_1\"><\/cx><\/p>\n<td width=\"150\">Bernoulli aan Euler<\/td>\n<p><cx id=\"gid_3\"><\/cx><\/p>\n<td align=\"right\">12 juli 1738<\/td>\n<\/tr>\n<tr>\n<td width=\"90\">OO208<\/td>\n<p><cx id=\"gid_1\"><\/cx><\/p>\n<td width=\"150\">Euler aan Bernoulli<\/td>\n<p><cx id=\"gid_3\"><\/cx><\/p>\n<td align=\"right\">30 juli 1738<\/td>\n<\/tr>\n<tr>\n<td width=\"90\">OO209<\/td>\n<p><cx id=\"gid_1\"><\/cx><\/p>\n<td width=\"150\">Bernoulli aan Euler<\/td>\n<p><cx id=\"gid_3\"><\/cx><\/p>\n<td align=\"right\">11 oktober 1738<\/td>\n<\/tr>\n<tr>\n<td width=\"90\">OO210<\/td>\n<p><cx id=\"gid_1\"><\/cx><\/p>\n<td width=\"150\">Euler aan Bernoulli<\/td>\n<p><cx id=\"gid_3\"><\/cx><\/p>\n<td align=\"right\">20 december 1738<\/td>\n<\/tr>\n<tr>\n<td width=\"90\">OO211<\/td>\n<p><cx id=\"gid_1\"><\/cx><\/p>\n<td width=\"150\">Bernoulli aan Euler<\/td>\n<p><cx id=\"gid_3\"><\/cx><\/p>\n<td align=\"right\">7 maart 1739<\/td>\n<p><cx id=\"gid_5\"><\/cx><\/p>\n<td align=\"center\" width=\"150\"><a href=\"http:\/\/eulerarchive.maa.org\/correspondence\/letters\/OO0211.pdf\">Kopie van OO211<\/a><\/td>\n<\/tr>\n<tr>\n<td width=\"90\">OO212<\/td>\n<p><cx id=\"gid_1\"><\/cx><\/p>\n<td width=\"150\">Euler aan Bernoulli<\/td>\n<p><cx id=\"gid_3\"><\/cx><\/p>\n<td align=\"right\">5 mei 1739<\/td>\n<\/tr>\n<tr>\n<td width=\"90\">OO213<\/td>\n<p><cx id=\"gid_1\"><\/cx><\/p>\n<td width=\"150\">Euler aan Bernoulli<\/td>\n<p><cx id=\"gid_3\"><\/cx><\/p>\n<td align=\"right\">15 september 1739<\/td>\n<\/tr>\n<tr>\n<td width=\"90\">OO214<\/td>\n<p><cx id=\"gid_1\"><\/cx><\/p>\n<td width=\"150\">Bernoulli aan Euler<\/td>\n<p><cx id=\"gid_3\"><\/cx><\/p>\n<td align=\"right\">9 december 1739<\/td>\n<p><cx id=\"gid_5\"><\/cx><\/p>\n<td align=\"center\" width=\"150\"><a href=\"http:\/\/eulerarchive.maa.org\/correspondence\/letters\/OO0214.pdf\">Kopie van OO214<\/a><\/td>\n<\/tr>\n<tr>\n<td width=\"90\">OO215<\/td>\n<p><cx id=\"gid_1\"><\/cx><\/p>\n<td width=\"150\">Euler aan Bernoulli<\/td>\n<p><cx id=\"gid_3\"><\/cx><\/p>\n<td align=\"right\">19 januari 1740<\/td>\n<\/tr>\n<tr>\n<td width=\"90\">OO216<\/td>\n<p><cx id=\"gid_1\"><\/cx><\/p>\n<td width=\"150\">Bernoulli aan Euler<\/td>\n<p><cx id=\"gid_3\"><\/cx><\/p>\n<td align=\"right\">16 april 1740<\/td>\n<p><cx id=\"gid_5\"><\/cx><\/p>\n<td align=\"center\" width=\"150\"><a href=\"http:\/\/eulerarchive.maa.org\/correspondence\/letters\/OO0216.pdf\">Kopie van OO216<\/a><\/td>\n<\/tr>\n<tr>\n<td width=\"90\">OO217<\/td>\n<p><cx id=\"gid_1\"><\/cx><\/p>\n<td width=\"150\">Euler aan Bernoulli<\/td>\n<p><cx id=\"gid_3\"><\/cx><\/p>\n<td align=\"right\">20 juni 1740<\/td>\n<\/tr>\n<tr>\n<td width=\"90\">OO218<\/td>\n<p><cx id=\"gid_1\"><\/cx><\/p>\n<td width=\"150\">Bernoulli aan Euler<\/td>\n<p><cx id=\"gid_3\"><\/cx><\/p>\n<td align=\"right\">31 augustus 1740<\/td>\n<p><cx id=\"gid_5\"><\/cx><\/p>\n<td align=\"center\" width=\"150\"><a href=\"http:\/\/eulerarchive.maa.org\/correspondence\/letters\/OO0218.pdf\">Kopie van OO218<\/a><\/td>\n<\/tr>\n<tr>\n<td width=\"90\">OO219<\/td>\n<td width=\"150\">Euler aan Bernoulli<\/td>\n<td align=\"right\">18 oktober 1740<\/td>\n<\/tr>\n<tr>\n<td width=\"90\">OO220<\/td>\n<td width=\"150\">Bernoulli aan Euler<\/td>\n<td align=\"right\">18 februari 1741<\/td>\n<\/tr>\n<tr>\n<td width=\"90\">OO221<\/td>\n<td width=\"150\">Bernoulli aan Euler<\/td>\n<td align=\"right\">28 oktober 1741<\/td>\n<td align=\"center\" width=\"150\"><a href=\"http:\/\/eulerarchive.maa.org\/correspondence\/letters\/OO0221.pdf\">Kopie van OO221<\/a><\/td>\n<\/tr>\n<tr>\n<td width=\"90\">OO222<\/td>\n<td width=\"150\">Bernoulli aan Euler<\/td>\n<td align=\"right\">15 maart 1742<\/td>\n<td align=\"center\" width=\"150\"><a href=\"http:\/\/eulerarchive.maa.org\/correspondence\/letters\/OO0222.pdf\">Kopie van OO222<\/a><\/td>\n<\/tr>\n<tr>\n<td width=\"90\">OO223<\/td>\n<td width=\"150\">Bernoulli aan Euler<\/td>\n<td align=\"right\">27 augustus 1742<\/td>\n<td align=\"center\" width=\"150\"><a href=\"http:\/\/eulerarchive.maa.org\/correspondence\/letters\/OO0223.pdf\">Kopie van OO223<\/a><\/td>\n<\/tr>\n<tr>\n<td width=\"90\">OO224<\/td>\n<td width=\"150\">Bernoulli aan Euler<\/td>\n<td align=\"right\">31 maart 1743<\/td>\n<td align=\"center\" width=\"150\"><a href=\"http:\/\/eulerarchive.maa.org\/correspondence\/letters\/OO0224.pdf\">Kopie van OO224<\/a><\/td>\n<\/tr>\n<tr>\n<td width=\"90\">OO225<\/td>\n<td width=\"150\">Bernoulli aan Euler<\/td>\n<td align=\"right\">april 1744<\/td>\n<\/tr>\n<tr>\n<td width=\"90\">OO226<\/td>\n<td width=\"150\">Bernoulli aan Euler<\/td>\n<td align=\"right\">23 september 1745<\/td>\n<td align=\"center\" width=\"150\"><a href=\"http:\/\/eulerarchive.maa.org\/correspondence\/letters\/OO0226.pdf\">Kopie van OO226<\/a><\/td>\n<\/tr>\n<tr>\n<td width=\"90\">onbekende classificatie<\/td>\n<td width=\"150\">Bernoulli aan Euler<\/td>\n<td align=\"right\">24 mei 1746<\/td>\n<td align=\"center\" width=\"150\"><a href=\"http:\/\/eulerarchive.maa.org\/correspondence\/letters\/JBunknown1.pdf\">Kopie van brief<\/a><\/td>\n<\/tr>\n<tr>\n<td width=\"90\">onbekende classificatie<\/td>\n<td width=\"150\">Bernoulli aan Euler<\/td>\n<td align=\"right\">1 september 1741<\/td>\n<td align=\"center\" width=\"150\"><a href=\"http:\/\/eulerarchive.maa.org\/correspondence\/letters\/JBunknown2.pdf\">Kopie van brief<\/a><\/td>\n<\/tr>\n<\/tbody>\n<\/table>\n<p>&nbsp;<\/p>\n","protected":false},"excerpt":{"rendered":"<p>Leonhard Euler (1667-1748) was een Zwitserse wiskundige. Samen met zijn broer Jacob (met wie hij een felle rivaliteit had die tot op de dag van vandaag beroemd is), stichtte Johann Bernoulli de Bernoulli-dynastie, een indrukwekkende familie van wiskundigen en wetenschappers die generaties lang belangrijk werk zouden doen in heel Europa. Het was Johann Bernoulli die [&hellip;]<\/p>\n","protected":false},"author":1,"featured_media":0,"parent":0,"menu_order":0,"comment_status":"closed","ping_status":"closed","template":"","meta":{"footnotes":""},"class_list":["post-59749","page","type-page","status-publish","hentry"],"yoast_head":"<!-- This site is optimized with the Yoast SEO plugin v27.4 - https:\/\/yoast.com\/product\/yoast-seo-wordpress\/ -->\n<title>Eulers correspondentie met Bernoulli - EFMU: The Euler-Franeker Memorial University and Institute<\/title>\n<meta name=\"robots\" content=\"index, follow, max-snippet:-1, max-image-preview:large, max-video-preview:-1\" \/>\n<link rel=\"canonical\" href=\"https:\/\/euler.euclid.int\/eulers-correspondentie-met-bernoulli\/\" \/>\n<meta property=\"og:locale\" content=\"nl_NL\" \/>\n<meta property=\"og:type\" content=\"article\" \/>\n<meta property=\"og:title\" content=\"Eulers correspondentie met Bernoulli - EFMU: The Euler-Franeker Memorial University and Institute\" \/>\n<meta property=\"og:description\" content=\"Leonhard Euler (1667-1748) was een Zwitserse wiskundige. Samen met zijn broer Jacob (met wie hij een felle rivaliteit had die tot op de dag van vandaag beroemd is), stichtte Johann Bernoulli de Bernoulli-dynastie, een indrukwekkende familie van wiskundigen en wetenschappers die generaties lang belangrijk werk zouden doen in heel Europa. Het was Johann Bernoulli die [&hellip;]\" \/>\n<meta property=\"og:url\" content=\"https:\/\/euler.euclid.int\/eulers-correspondentie-met-bernoulli\/\" \/>\n<meta property=\"og:site_name\" content=\"EFMU: The Euler-Franeker Memorial University and Institute\" \/>\n<meta name=\"twitter:card\" content=\"summary_large_image\" \/>\n<meta name=\"twitter:label1\" content=\"Geschatte leestijd\" \/>\n\t<meta name=\"twitter:data1\" content=\"2 minuten\" \/>\n<script type=\"application\/ld+json\" class=\"yoast-schema-graph\">{\"@context\":\"https:\\\/\\\/schema.org\",\"@graph\":[{\"@type\":\"WebPage\",\"@id\":\"https:\\\/\\\/euler.euclid.int\\\/eulers-correspondentie-met-bernoulli\\\/\",\"url\":\"https:\\\/\\\/euler.euclid.int\\\/eulers-correspondentie-met-bernoulli\\\/\",\"name\":\"Eulers correspondentie met Bernoulli - EFMU: The Euler-Franeker Memorial University and Institute\",\"isPartOf\":{\"@id\":\"https:\\\/\\\/euler.euclid.int\\\/#website\"},\"datePublished\":\"2023-01-06T04:33:25+00:00\",\"breadcrumb\":{\"@id\":\"https:\\\/\\\/euler.euclid.int\\\/eulers-correspondentie-met-bernoulli\\\/#breadcrumb\"},\"inLanguage\":\"nl-NL\",\"potentialAction\":[{\"@type\":\"ReadAction\",\"target\":[\"https:\\\/\\\/euler.euclid.int\\\/eulers-correspondentie-met-bernoulli\\\/\"]}]},{\"@type\":\"BreadcrumbList\",\"@id\":\"https:\\\/\\\/euler.euclid.int\\\/eulers-correspondentie-met-bernoulli\\\/#breadcrumb\",\"itemListElement\":[{\"@type\":\"ListItem\",\"position\":1,\"name\":\"Home\",\"item\":\"https:\\\/\\\/euler.euclid.int\\\/\"},{\"@type\":\"ListItem\",\"position\":2,\"name\":\"Eulers correspondentie met Bernoulli\"}]},{\"@type\":\"WebSite\",\"@id\":\"https:\\\/\\\/euler.euclid.int\\\/#website\",\"url\":\"https:\\\/\\\/euler.euclid.int\\\/\",\"name\":\"EFMU: The Euler-Franeker Memorial University and Institute\",\"description\":\"Academic and Research Excellence inspired by the Legacy of L. Euler and the University of Franeker\",\"potentialAction\":[{\"@type\":\"SearchAction\",\"target\":{\"@type\":\"EntryPoint\",\"urlTemplate\":\"https:\\\/\\\/euler.euclid.int\\\/?s={search_term_string}\"},\"query-input\":{\"@type\":\"PropertyValueSpecification\",\"valueRequired\":true,\"valueName\":\"search_term_string\"}}],\"inLanguage\":\"nl-NL\"}]}<\/script>\n<!-- \/ Yoast SEO plugin. -->","yoast_head_json":{"title":"Eulers correspondentie met Bernoulli - EFMU: The Euler-Franeker Memorial University and Institute","robots":{"index":"index","follow":"follow","max-snippet":"max-snippet:-1","max-image-preview":"max-image-preview:large","max-video-preview":"max-video-preview:-1"},"canonical":"https:\/\/euler.euclid.int\/eulers-correspondentie-met-bernoulli\/","og_locale":"nl_NL","og_type":"article","og_title":"Eulers correspondentie met Bernoulli - EFMU: The Euler-Franeker Memorial University and Institute","og_description":"Leonhard Euler (1667-1748) was een Zwitserse wiskundige. Samen met zijn broer Jacob (met wie hij een felle rivaliteit had die tot op de dag van vandaag beroemd is), stichtte Johann Bernoulli de Bernoulli-dynastie, een indrukwekkende familie van wiskundigen en wetenschappers die generaties lang belangrijk werk zouden doen in heel Europa. Het was Johann Bernoulli die [&hellip;]","og_url":"https:\/\/euler.euclid.int\/eulers-correspondentie-met-bernoulli\/","og_site_name":"EFMU: The Euler-Franeker Memorial University and Institute","twitter_card":"summary_large_image","twitter_misc":{"Geschatte leestijd":"2 minuten"},"schema":{"@context":"https:\/\/schema.org","@graph":[{"@type":"WebPage","@id":"https:\/\/euler.euclid.int\/eulers-correspondentie-met-bernoulli\/","url":"https:\/\/euler.euclid.int\/eulers-correspondentie-met-bernoulli\/","name":"Eulers correspondentie met Bernoulli - EFMU: The Euler-Franeker Memorial University and Institute","isPartOf":{"@id":"https:\/\/euler.euclid.int\/#website"},"datePublished":"2023-01-06T04:33:25+00:00","breadcrumb":{"@id":"https:\/\/euler.euclid.int\/eulers-correspondentie-met-bernoulli\/#breadcrumb"},"inLanguage":"nl-NL","potentialAction":[{"@type":"ReadAction","target":["https:\/\/euler.euclid.int\/eulers-correspondentie-met-bernoulli\/"]}]},{"@type":"BreadcrumbList","@id":"https:\/\/euler.euclid.int\/eulers-correspondentie-met-bernoulli\/#breadcrumb","itemListElement":[{"@type":"ListItem","position":1,"name":"Home","item":"https:\/\/euler.euclid.int\/"},{"@type":"ListItem","position":2,"name":"Eulers correspondentie met Bernoulli"}]},{"@type":"WebSite","@id":"https:\/\/euler.euclid.int\/#website","url":"https:\/\/euler.euclid.int\/","name":"EFMU: The Euler-Franeker Memorial University and Institute","description":"Academic and Research Excellence inspired by the Legacy of L. Euler and the University of Franeker","potentialAction":[{"@type":"SearchAction","target":{"@type":"EntryPoint","urlTemplate":"https:\/\/euler.euclid.int\/?s={search_term_string}"},"query-input":{"@type":"PropertyValueSpecification","valueRequired":true,"valueName":"search_term_string"}}],"inLanguage":"nl-NL"}]}},"_links":{"self":[{"href":"https:\/\/euler.euclid.int\/nl\/wp-json\/wp\/v2\/pages\/59749","targetHints":{"allow":["GET"]}}],"collection":[{"href":"https:\/\/euler.euclid.int\/nl\/wp-json\/wp\/v2\/pages"}],"about":[{"href":"https:\/\/euler.euclid.int\/nl\/wp-json\/wp\/v2\/types\/page"}],"author":[{"embeddable":true,"href":"https:\/\/euler.euclid.int\/nl\/wp-json\/wp\/v2\/users\/1"}],"replies":[{"embeddable":true,"href":"https:\/\/euler.euclid.int\/nl\/wp-json\/wp\/v2\/comments?post=59749"}],"version-history":[{"count":0,"href":"https:\/\/euler.euclid.int\/nl\/wp-json\/wp\/v2\/pages\/59749\/revisions"}],"wp:attachment":[{"href":"https:\/\/euler.euclid.int\/nl\/wp-json\/wp\/v2\/media?parent=59749"}],"curies":[{"name":"wp","href":"https:\/\/api.w.org\/{rel}","templated":true}]}}